{"id":2909,"date":"2018-07-24T19:56:19","date_gmt":"2018-07-24T19:56:19","guid":{"rendered":"http:\/\/ffyh.unc.edu.ar\/biblioteca\/?page_id=2909"},"modified":"2018-07-24T19:56:19","modified_gmt":"2018-07-24T19:56:19","slug":"derechos-de-autor","status":"publish","type":"page","link":"https:\/\/ffyh.unc.edu.ar\/biblioteca\/derechos-de-autor\/","title":{"rendered":"DERECHOS DE AUTOR"},"content":{"rendered":"<p style=\"text-align: justify\">Marco legal (<a href=\"http:\/\/servicios.infoleg.gob.ar\/infolegInternet\/anexos\/40000-44999\/42755\/texact.htm\" target=\"_blank\" rel=\"noopener\">Ley Argentina de Propiedad Intelectual 11.723<\/a>) que reconoce el\u00a0<em>derecho exclusivo<\/em> que tiene el <em>autor<\/em> de \u00a0disponer y hacer uso de su obra creada.<\/p>\n<p style=\"text-align: justify\">La ley hace referencia a toda creaci\u00f3n intelectual de car\u00e1cter literario, t\u00e9cnico, cient\u00edfico siempre y cuando tal obra haya sido <em>formalmente materializada<\/em>. Tener presente que las <em>ideas<\/em>\u00a0no tienen derecho de autor hasta que se convierten en <em>obras<\/em>.<\/p>\n<p>\u00bfQu\u00e9 tipo de derechos reconoce la ley a favor de los autores sobre sus obras?<\/p>\n<p style=\"text-align: justify\">a) Derechos morales<strong>:\u00a0<\/strong>*Derechos de car\u00e1cter personal que corresponden en exclusiva al autor de una obra. *Son personales e intransferibles *Reconocimiento de la paternidad e integridad de la obra.<\/p>\n<p style=\"text-align: justify\">b) Derechos patrimoniales:*Derechos econ\u00f3micos transferibles y de duraci\u00f3n limitada en el tiempo. * No \u00a0pueden ser utilizados sin el consentimiento del titular. *Abarcan derechos de reproducci\u00f3n, distribuci\u00f3n, transformaci\u00f3n y comunicaci\u00f3n p\u00fablica.<\/p>\n<p style=\"text-align: justify\">A partir de la entrada en vigencia de la Ley Nacional N\u00b0 26.899, los investigadores de la Universidad Nacional de C\u00f3rdoba tienen el compromiso y la responsabilidad de poner en acceso abierto los resultados de sus producciones cient\u00edfico-tecnol\u00f3gicas.<\/p>\n<p style=\"text-align: justify\">El Acceso Abierto no se opone a que los autores ejerzan sus derechos sobre la producci\u00f3n cient\u00edfico-tecnol\u00f3gica que generan. En este contexto, se promueve que los mismos conserven sus derechos de autor y otorguen licencias no exclusivas de publicaci\u00f3n.<\/p>\n","protected":false},"excerpt":{"rendered":"<div class=\"entry-summary\">\nMarco legal (Ley Argentina de Propiedad Intelectual 11.723) que reconoce el\u00a0derecho exclusivo que tiene el autor de \u00a0disponer y hacer&hellip;\n<\/div>\n<div class=\"link-more\"><a href=\"https:\/\/ffyh.unc.edu.ar\/biblioteca\/derechos-de-autor\/\" class=\"more-link\">Continuar leyendo<span class=\"screen-reader-text\"> &ldquo;DERECHOS DE AUTOR&rdquo;<\/span>&hellip;<\/a><\/div>\n","protected":false},"author":7,"featured_media":0,"parent":0,"menu_order":0,"comment_status":"closed","ping_status":"closed","template":"","meta":{"_acf_changed":false,"jetpack_post_was_ever_published":false,"footnotes":""},"class_list":["post-2909","page","type-page","status-publish","hentry","entry"],"acf":[],"jetpack_shortlink":"https:\/\/wp.me\/P9UJM9-KV","jetpack-related-posts":[],"jetpack_sharing_enabled":true,"_links":{"self":[{"href":"https:\/\/ffyh.unc.edu.ar\/biblioteca\/wp-json\/wp\/v2\/pages\/2909","targetHints":{"allow":["GET"]}}],"collection":[{"href":"https:\/\/ffyh.unc.edu.ar\/biblioteca\/wp-json\/wp\/v2\/pages"}],"about":[{"href":"https:\/\/ffyh.unc.edu.ar\/biblioteca\/wp-json\/wp\/v2\/types\/page"}],"author":[{"embeddable":true,"href":"https:\/\/ffyh.unc.edu.ar\/biblioteca\/wp-json\/wp\/v2\/users\/7"}],"replies":[{"embeddable":true,"href":"https:\/\/ffyh.unc.edu.ar\/biblioteca\/wp-json\/wp\/v2\/comments?post=2909"}],"version-history":[{"count":1,"href":"https:\/\/ffyh.unc.edu.ar\/biblioteca\/wp-json\/wp\/v2\/pages\/2909\/revisions"}],"predecessor-version":[{"id":2910,"href":"https:\/\/ffyh.unc.edu.ar\/biblioteca\/wp-json\/wp\/v2\/pages\/2909\/revisions\/2910"}],"wp:attachment":[{"href":"https:\/\/ffyh.unc.edu.ar\/biblioteca\/wp-json\/wp\/v2\/media?parent=2909"}],"curies":[{"name":"wp","href":"https:\/\/api.w.org\/{rel}","templated":true}]}}