{"id":2911,"date":"2018-07-24T20:01:05","date_gmt":"2018-07-24T20:01:05","guid":{"rendered":"http:\/\/ffyh.unc.edu.ar\/biblioteca\/?page_id=2911"},"modified":"2018-07-24T20:01:05","modified_gmt":"2018-07-24T20:01:05","slug":"acceso-abierto-2","status":"publish","type":"page","link":"https:\/\/ffyh.unc.edu.ar\/biblioteca\/acceso-abierto-2\/","title":{"rendered":"ACCESO ABIERTO"},"content":{"rendered":"<p style=\"text-align: justify\">El modelo de Acceso Abierto (AA) implica \u201cdisponer en forma gratuita a trav\u00e9s de la Internet p\u00fablica, permitiendo a cualquier usuario leer, descargar, copiar, distribuir, imprimir, buscar, enlazar los textos completos de estos art\u00edculos, analizarlos para su indexaci\u00f3n, o utilizarlos para cualquier otro prop\u00f3sito legal, sin barreras financieras, legales o t\u00e9cnicas distintas de las b\u00e1sicas de la conexi\u00f3n a Internet\u201d.<\/p>\n<p style=\"text-align: justify\">Para el modelo de AA es obligatorio \u201cotorgar a los autores el control sobre la integridad de su trabajo y el derecho a ser reconocido y citado correctamente.<\/p>\n<p style=\"text-align: justify\">El Repositorio Digital Universitario es una visible expresi\u00f3n del Movimiento de Acceso Abierto, \u00e9ste refiere a las iniciativas y proyectos que favorezcan y promuevan el acceso libre\u00a0 y sin restricciones a los trabajos\u00a0 publicados por la comunidad cient\u00edfica y acad\u00e9mica. Por Acceso abierto\u00a0 queremos decir\u00a0 la disponibilidad gratuita en Internet p\u00fablico, permitiendo a cualquier usuario leer, descargar, copiar distribuir, imprimir, buscar o usar la producci\u00f3n\u00a0 sin ninguna barrera financiera, legal o t\u00e9cnica.<\/p>\n","protected":false},"excerpt":{"rendered":"<div class=\"entry-summary\">\nEl modelo de Acceso Abierto (AA) implica \u201cdisponer en forma gratuita a trav\u00e9s de la Internet p\u00fablica, permitiendo a cualquier&hellip;\n<\/div>\n<div class=\"link-more\"><a href=\"https:\/\/ffyh.unc.edu.ar\/biblioteca\/acceso-abierto-2\/\" class=\"more-link\">Continuar leyendo<span class=\"screen-reader-text\"> &ldquo;ACCESO ABIERTO&rdquo;<\/span>&hellip;<\/a><\/div>\n","protected":false},"author":7,"featured_media":0,"parent":0,"menu_order":0,"comment_status":"closed","ping_status":"closed","template":"","meta":{"_acf_changed":false,"jetpack_post_was_ever_published":false,"footnotes":""},"class_list":["post-2911","page","type-page","status-publish","hentry","entry"],"acf":[],"jetpack_shortlink":"https:\/\/wp.me\/P9UJM9-KX","jetpack-related-posts":[],"jetpack_sharing_enabled":true,"_links":{"self":[{"href":"https:\/\/ffyh.unc.edu.ar\/biblioteca\/wp-json\/wp\/v2\/pages\/2911","targetHints":{"allow":["GET"]}}],"collection":[{"href":"https:\/\/ffyh.unc.edu.ar\/biblioteca\/wp-json\/wp\/v2\/pages"}],"about":[{"href":"https:\/\/ffyh.unc.edu.ar\/biblioteca\/wp-json\/wp\/v2\/types\/page"}],"author":[{"embeddable":true,"href":"https:\/\/ffyh.unc.edu.ar\/biblioteca\/wp-json\/wp\/v2\/users\/7"}],"replies":[{"embeddable":true,"href":"https:\/\/ffyh.unc.edu.ar\/biblioteca\/wp-json\/wp\/v2\/comments?post=2911"}],"version-history":[{"count":1,"href":"https:\/\/ffyh.unc.edu.ar\/biblioteca\/wp-json\/wp\/v2\/pages\/2911\/revisions"}],"predecessor-version":[{"id":2912,"href":"https:\/\/ffyh.unc.edu.ar\/biblioteca\/wp-json\/wp\/v2\/pages\/2911\/revisions\/2912"}],"wp:attachment":[{"href":"https:\/\/ffyh.unc.edu.ar\/biblioteca\/wp-json\/wp\/v2\/media?parent=2911"}],"curies":[{"name":"wp","href":"https:\/\/api.w.org\/{rel}","templated":true}]}}