{"id":2913,"date":"2018-07-24T20:02:56","date_gmt":"2018-07-24T20:02:56","guid":{"rendered":"http:\/\/ffyh.unc.edu.ar\/biblioteca\/?page_id=2913"},"modified":"2019-10-08T19:08:41","modified_gmt":"2019-10-08T19:08:41","slug":"nodos-oca","status":"publish","type":"page","link":"https:\/\/ffyh.unc.edu.ar\/biblioteca\/nodos-oca\/","title":{"rendered":"NODOS OCA"},"content":{"rendered":"<p style=\"text-align: justify\">La Oficina de Conocimiento Abierto es la responsable de gestionar el Repositorio Digital Universitario (RDU), el cual se basa en un sistema distribuido de trabajo mediante Nodos. La mayor parte de ellos, se localizan en las Bibliotecas de las diferentes unidades acad\u00e9micas, algunos de ellos pertenecen a centros CONICET con dependencia UNC. A partir de la entrada en vigencia de la presente resoluci\u00f3n, las autoridades correspondientes a cada unidad acad\u00e9mica ser\u00e1n los responsables de ratificar que el actual Nodo se har\u00e1 cargo de las funciones que a continuaci\u00f3n se describen.<\/p>\n<p style=\"text-align: justify\">En nuestra Biblioteca los nodos OCA son Nora Fern\u00e1ndez (norafernandez@ffyh.unc.edu.ar)\u00a0 y Javier Gonz\u00e1lez (javiergonzalez@ffyh.unc.edu.ar), ambos son responsables de la producci\u00f3n intelectual de las Facultades de Filosof\u00eda y Humanidades y de la producci\u00f3n de la Facultad de Psicolog\u00eda, respectivamente.<\/p>\n<p style=\"text-align: justify\">Ambos nodos son responsables de las comunidades de las Facultades de Filosof\u00eda y Humanidades y de Psicolog\u00eda.<\/p>\n<p><strong>Funciones y responsabilidades de los Nodos<\/strong><\/p>\n<p style=\"text-align: justify\">Los Nodos conforman una red de trabajo, y se definen desde los siguientes perfiles:<\/p>\n<ul>\n<li style=\"list-style-type: none\">\n<ul>\n<li>\n<p style=\"text-align: justify\">El Agente Promotor: contribuye con el cumplimiento de la Ley N\u00b0 26.899 Y participa en reuniones con las autoridades en su unidad acad\u00e9mica, a fin de llevar a cabo un plan de acci\u00f3n para fortalecer una cultura de acceso abierto y capacitar a su comunidad acerca de derecho de autor, licencias libres, entre otros temas.<\/p>\n<\/li>\n<li>\n<p style=\"text-align: justify\">El Curador de datos: su funci\u00f3n es t\u00e9cnica &#8211; profesional (Bibliotec\u00f3logo y\/o<br \/>\nLicenciado en Bibliotecologia y Documentaci\u00f3n), es el responsable del Servicio de<br \/>\nArchivado Delegado (SAD), cuyo objetivo es depositar en el Repositorio Digital<br \/>\nUniversitario la producci\u00f3n cientffico- tecnol\u00f3gica, realizando la descripci\u00f3n de los<br \/>\nobjetos digitales mediante el uso de los metadatos estandarizados (Directrices de<br \/>\nSNRD) y la aplicaci\u00f3n de las licencias Creative Commons.<\/p>\n<\/li>\n<\/ul>\n<\/li>\n<\/ul>\n<p style=\"text-align: justify\">La Oficina de Conocimiento Abierto, es la responsable de suministrar los permisos con el rol de Administradores de Comunidades a los Nodos o representantes de una unidad acad\u00e9mica y\/o de investigaci\u00f3n para realizar los dep\u00f3sitos propios del centro. S\u00f3lo la OCA puede cargar registros en todas las subcomunidades (centros e institutos de la UNC) y en todas las colecciones del RDU.<\/p>\n<p style=\"text-align: justify\">El autor entrega su obra al Nodo responsable de su comunidad para realizar la incorporaci\u00f3n de la misma a la colecci\u00f3n correspondiente a la RDU o la obra ser\u00e1 cosechada y curada desde SIGEVA-UNC, utilizando para ello el Modulo de Administraci\u00f3n de Repositorio Institucional (MARI), que implica la unificaci\u00f3n, normalizaci\u00f3n de metadatos, control de versi\u00f3n del archivo a subir y licencia CC correspondiente.<\/p>\n<ul>\n<li>\n<p style=\"text-align: justify\">Todo objeto digital depositado en el RDU \u00b7deber\u00e1 contar con una licencia abierta estilo CC (Creative Commons) que permita su libre acceso y su distribuci\u00f3n. La misma deber\u00e1 estar incorporada en el mismo objeto digital.<\/p>\n<\/li>\n<\/ul>\n","protected":false},"excerpt":{"rendered":"<div class=\"entry-summary\">\nLa Oficina de Conocimiento Abierto es la responsable de gestionar el Repositorio Digital Universitario (RDU), el cual se basa en&hellip;\n<\/div>\n<div class=\"link-more\"><a href=\"https:\/\/ffyh.unc.edu.ar\/biblioteca\/nodos-oca\/\" class=\"more-link\">Continuar leyendo<span class=\"screen-reader-text\"> &ldquo;NODOS OCA&rdquo;<\/span>&hellip;<\/a><\/div>\n","protected":false},"author":7,"featured_media":0,"parent":0,"menu_order":0,"comment_status":"closed","ping_status":"closed","template":"","meta":{"_acf_changed":false,"jetpack_post_was_ever_published":false,"footnotes":""},"class_list":["post-2913","page","type-page","status-publish","hentry","entry"],"acf":[],"jetpack_shortlink":"https:\/\/wp.me\/P9UJM9-KZ","jetpack-related-posts":[],"jetpack_sharing_enabled":true,"_links":{"self":[{"href":"https:\/\/ffyh.unc.edu.ar\/biblioteca\/wp-json\/wp\/v2\/pages\/2913","targetHints":{"allow":["GET"]}}],"collection":[{"href":"https:\/\/ffyh.unc.edu.ar\/biblioteca\/wp-json\/wp\/v2\/pages"}],"about":[{"href":"https:\/\/ffyh.unc.edu.ar\/biblioteca\/wp-json\/wp\/v2\/types\/page"}],"author":[{"embeddable":true,"href":"https:\/\/ffyh.unc.edu.ar\/biblioteca\/wp-json\/wp\/v2\/users\/7"}],"replies":[{"embeddable":true,"href":"https:\/\/ffyh.unc.edu.ar\/biblioteca\/wp-json\/wp\/v2\/comments?post=2913"}],"version-history":[{"count":3,"href":"https:\/\/ffyh.unc.edu.ar\/biblioteca\/wp-json\/wp\/v2\/pages\/2913\/revisions"}],"predecessor-version":[{"id":3840,"href":"https:\/\/ffyh.unc.edu.ar\/biblioteca\/wp-json\/wp\/v2\/pages\/2913\/revisions\/3840"}],"wp:attachment":[{"href":"https:\/\/ffyh.unc.edu.ar\/biblioteca\/wp-json\/wp\/v2\/media?parent=2913"}],"curies":[{"name":"wp","href":"https:\/\/api.w.org\/{rel}","templated":true}]}}