{"id":2993,"date":"2018-08-09T19:11:24","date_gmt":"2018-08-09T19:11:24","guid":{"rendered":"http:\/\/ffyh.unc.edu.ar\/biblioteca\/?page_id=2993"},"modified":"2022-12-14T19:18:03","modified_gmt":"2022-12-14T19:18:03","slug":"pautas-y-procedimientos-recomendados","status":"publish","type":"page","link":"https:\/\/ffyh.unc.edu.ar\/biblioteca\/pautas-y-procedimientos-recomendados\/","title":{"rendered":"PAUTAS Y PROCEDIMIENTOS RECOMENDADOS"},"content":{"rendered":"<header class=\"entry-header\"><\/header>\n<div class=\"entry-content\">\n<p>La consulta de los documentos de la Colecci\u00f3n \u201cMonse\u00f1or Pablo Cabrera\u201d se realiza \u00fanicamente a trav\u00e9s de los microfilms; estos se pueden leer directamente en el\u00a0<strong>Archivo del Arzobispado de C\u00f3rdoba<\/strong>, de lunes a viernes en el horario de 8:00 hs. a 12:00 hs.<\/p>\n<p><strong><a name=\"archivo\"><\/a>ARCHIVO EL ARZOBISPADO DE C\u00d3RDOBA\u00a0<\/strong>(La visita debe acordarse directamente con el archivo. En este caso no necesita llenar ninguna solicitud)<\/p>\n<p>&nbsp;<\/p>\n<p><strong>Directora del Archivo :<\/strong>\u00a0Celina Audisio<\/p>\n<p>&nbsp;<\/p>\n<p><strong>Direcci\u00f3n:<\/strong>\u00a0Obispo Trejo Esq. Hip\u00f3lito Irigoyen<\/p>\n<p><strong>Email:<\/strong>\u00a0direarchivocba@hotmail.com<\/p>\n<p><strong>Arzobispado de C\u00f3rdoba:<\/strong>\u00a0Tel. 4221015 interno 115<\/p>\n<p><strong>Horario de atenci\u00f3n:<\/strong>\u00a0Lunes a viernes de 8:30 a 12:30 hs.<\/p>\n<p><strong>Investigadores:\u00a0<\/strong>Lunes, mi\u00e9rcoles y viernes de 9 a 12<\/p>\n<p>&nbsp;<\/p>\n<p><strong>Tel\u00e9fono :<\/strong>\u00a0laboral 4221015 y 4238942\u00a0 int.114<\/p>\n<p><strong>Horario:<\/strong>\u00a08:00 a 12:00 hs.<\/p>\n<p><strong>Encargada :<\/strong>\u00a0Mar\u00eda Celina Audisio<\/p>\n<h4><strong>Consulta de Cat\u00e1logos de la Colecci\u00f3n Documental<\/strong><\/h4>\n<p>Se sugiere a los\/as\u00a0 usuarios\/as concurrir al Dpto. <strong>\u201cEstudios Americanistas\u2013 Antropolog\u00eda\u201d<\/strong>,\u00a0<strong>de lunes a viernes de 10.00 a 19.00\u00a0<\/strong>para acceder al cat\u00e1logo de la colecci\u00f3n y ubicar en \u00e9l los documentos pertinentes.<\/p>\n<p>Los usuarios\u00a0podr\u00e1n consultar:<\/p>\n<p>1) Base de datos del Cat\u00e1logo de la Colecci\u00f3n Documental \u201cMonse\u00f1or Dr. Pablo Cabrera\u201d siglos XVI-XX del Dr. Silvano Benito Moya, en la Secci\u00f3n Estudios Americanistas-Antropolog\u00eda.<\/p>\n<p>2) Fichero manual cronol\u00f3gico ordenado por a\u00f1o desde s. XVI al XX en la Secci\u00f3n Estudios Americanistas-Antropolog\u00eda<\/p>\n<p>3) Base de datos convertida en archivo.txt del Cat\u00e1logo de la Colecci\u00f3n Documental \u201cMonse\u00f1or Dr. Pablo Cabrera\u201d siglos XVI-XX del Dr. Silvano Benito Moya (para ser enviado por correo electr\u00f3nico).<\/p>\n<p>En todos los casos, los\/as usuarios\/as cuentan con el asesoramiento y ayuda del personal bibliotecario.<\/p>\n<\/div>\n","protected":false},"excerpt":{"rendered":"<div class=\"entry-summary\">\nLa consulta de los documentos de la Colecci\u00f3n \u201cMonse\u00f1or Pablo Cabrera\u201d se realiza \u00fanicamente a trav\u00e9s de los microfilms; estos&hellip;\n<\/div>\n<div class=\"link-more\"><a href=\"https:\/\/ffyh.unc.edu.ar\/biblioteca\/pautas-y-procedimientos-recomendados\/\" class=\"more-link\">Continuar leyendo<span class=\"screen-reader-text\"> &ldquo;PAUTAS Y PROCEDIMIENTOS RECOMENDADOS&rdquo;<\/span>&hellip;<\/a><\/div>\n","protected":false},"author":7,"featured_media":0,"parent":0,"menu_order":0,"comment_status":"closed","ping_status":"closed","template":"","meta":{"_acf_changed":false,"jetpack_post_was_ever_published":false,"footnotes":""},"class_list":["post-2993","page","type-page","status-publish","hentry","entry"],"acf":[],"jetpack_shortlink":"https:\/\/wp.me\/P9UJM9-Mh","jetpack-related-posts":[],"jetpack_sharing_enabled":true,"_links":{"self":[{"href":"https:\/\/ffyh.unc.edu.ar\/biblioteca\/wp-json\/wp\/v2\/pages\/2993","targetHints":{"allow":["GET"]}}],"collection":[{"href":"https:\/\/ffyh.unc.edu.ar\/biblioteca\/wp-json\/wp\/v2\/pages"}],"about":[{"href":"https:\/\/ffyh.unc.edu.ar\/biblioteca\/wp-json\/wp\/v2\/types\/page"}],"author":[{"embeddable":true,"href":"https:\/\/ffyh.unc.edu.ar\/biblioteca\/wp-json\/wp\/v2\/users\/7"}],"replies":[{"embeddable":true,"href":"https:\/\/ffyh.unc.edu.ar\/biblioteca\/wp-json\/wp\/v2\/comments?post=2993"}],"version-history":[{"count":3,"href":"https:\/\/ffyh.unc.edu.ar\/biblioteca\/wp-json\/wp\/v2\/pages\/2993\/revisions"}],"predecessor-version":[{"id":5182,"href":"https:\/\/ffyh.unc.edu.ar\/biblioteca\/wp-json\/wp\/v2\/pages\/2993\/revisions\/5182"}],"wp:attachment":[{"href":"https:\/\/ffyh.unc.edu.ar\/biblioteca\/wp-json\/wp\/v2\/media?parent=2993"}],"curies":[{"name":"wp","href":"https:\/\/api.w.org\/{rel}","templated":true}]}}