{"id":2999,"date":"2018-08-09T19:19:55","date_gmt":"2018-08-09T19:19:55","guid":{"rendered":"http:\/\/ffyh.unc.edu.ar\/biblioteca\/?page_id=2999"},"modified":"2022-12-14T19:13:32","modified_gmt":"2022-12-14T19:13:32","slug":"procedimientos-para-la-consulta-de-documentos-digitalizados-2","status":"publish","type":"page","link":"https:\/\/ffyh.unc.edu.ar\/biblioteca\/procedimientos-para-la-consulta-de-documentos-digitalizados-2\/","title":{"rendered":"Procedimientos para la consulta de documentos digitalizados"},"content":{"rendered":"<p style=\"text-align: justify\"><span style=\"font-size: 14pt\">Enviar listado con los n\u00fameros de documentos (signatura archiv\u00edstica):<\/span><\/p>\n<ul style=\"text-align: justify\">\n<li><span style=\"font-size: 14pt\">Completar formulario web<\/span><\/li>\n<li><span style=\"font-size: 14pt\">Correo electr\u00f3nico a las direcciones:<\/span><\/li>\n<li><a href=\"mailto:estudiosamericanistas@ffyh.unc.edu.ar\">estudiosamericanistas@ffyh.unc.edu.ar<\/a><\/li>\n<li><span style=\"font-size: 14pt\"><a href=\"mailto:javiergonzalez@ffyh.unc.edu.ar\">javiergonzalez@ffyh.unc.edu.ar<\/a><\/span><\/li>\n<li><span style=\"font-size: 14pt\">Formulario en papel (a completar in situ)<\/span><\/li>\n<\/ul>\n<p style=\"text-align: justify\"><span style=\"font-size: 14pt\"><strong>Compromiso de parte del usuario, citar el documento.<\/strong><\/span><\/p>\n<p style=\"text-align: justify\"><span style=\"font-size: 14pt\">Ejemplo de cita:<\/span><\/p>\n<p style=\"text-align: justify\"><span style=\"font-size: 14pt\"><em>Documento 11256. Fondo Documental Monse\u00f1or Pablo Cabrera. Secci\u00f3n de Estudios Americanistas y Antropolog\u00eda. Biblioteca Elma K. de Estrabou. Facultad de Filosof\u00eda y Humanidades-Psicolog\u00eda. UNC.<\/em><\/span><\/p>\n<p style=\"text-align: justify\">\n<div class=\"wpcf7 no-js\" id=\"wpcf7-f2996-o1\" lang=\"es-ES\" dir=\"ltr\" data-wpcf7-id=\"2996\">\n<div class=\"screen-reader-response\"><p role=\"status\" aria-live=\"polite\" aria-atomic=\"true\"><\/p> <ul><\/ul><\/div>\n<form action=\"\/biblioteca\/wp-json\/wp\/v2\/pages\/2999#wpcf7-f2996-o1\" method=\"post\" class=\"wpcf7-form init\" aria-label=\"Formulario de contacto\" enctype=\"multipart\/form-data\" novalidate=\"novalidate\" data-status=\"init\">\n<fieldset class=\"hidden-fields-container\"><input type=\"hidden\" name=\"_wpcf7\" value=\"2996\" \/><input type=\"hidden\" name=\"_wpcf7_version\" value=\"6.1.5\" \/><input type=\"hidden\" name=\"_wpcf7_locale\" value=\"es_ES\" \/><input type=\"hidden\" name=\"_wpcf7_unit_tag\" value=\"wpcf7-f2996-o1\" \/><input type=\"hidden\" name=\"_wpcf7_container_post\" value=\"0\" \/><input type=\"hidden\" name=\"_wpcf7_posted_data_hash\" value=\"\" \/><input type=\"hidden\" name=\"_wpcf7_recaptcha_response\" value=\"\" \/>\n<\/fieldset>\n<p>Consignar los siguientes datos:<br \/>\n<label> Signatura archiv\u00edstica del documento<br \/>\n<span class=\"wpcf7-form-control-wrap\" data-name=\"your-signatura\"><input size=\"40\" maxlength=\"400\" class=\"wpcf7-form-control wpcf7-text wpcf7-validates-as-required\" aria-required=\"true\" aria-invalid=\"false\" value=\"\" type=\"text\" name=\"your-signatura\" \/><\/span> <\/label>\n<\/p>\n<p><label> Nombre y apellido<br \/>\n<span class=\"wpcf7-form-control-wrap\" data-name=\"your-name\"><input size=\"40\" maxlength=\"400\" class=\"wpcf7-form-control wpcf7-text wpcf7-validates-as-required\" aria-required=\"true\" aria-invalid=\"false\" value=\"\" type=\"text\" name=\"your-name\" \/><\/span> <\/label>\n<\/p>\n<p><label> Instituci\u00f3n de pertenencia<br \/>\n<span class=\"wpcf7-form-control-wrap\" data-name=\"your-institucion\"><input size=\"40\" maxlength=\"400\" class=\"wpcf7-form-control wpcf7-text wpcf7-validates-as-required\" aria-required=\"true\" aria-invalid=\"false\" value=\"\" type=\"text\" name=\"your-institucion\" \/><\/span> <\/label>\n<\/p>\n<p><label> Proyecto: T\u00edtulo y radicaci\u00f3n<br \/>\n<span class=\"wpcf7-form-control-wrap\" data-name=\"your-proyecto\"><input size=\"40\" maxlength=\"400\" class=\"wpcf7-form-control wpcf7-text wpcf7-validates-as-required\" aria-required=\"true\" aria-invalid=\"false\" value=\"\" type=\"text\" name=\"your-proyecto\" \/><\/span> <\/label>\n<\/p>\n<p><label> Director del proyecto<br \/>\n<span class=\"wpcf7-form-control-wrap\" data-name=\"your-director\"><input size=\"40\" maxlength=\"400\" class=\"wpcf7-form-control wpcf7-text wpcf7-validates-as-required\" aria-required=\"true\" aria-invalid=\"false\" value=\"\" type=\"text\" name=\"your-director\" \/><\/span> <\/label>\n<\/p>\n<p><label> Direcci\u00f3n de Correo electr\u00f3nico<br \/>\n<span class=\"wpcf7-form-control-wrap\" data-name=\"your-email\"><input size=\"40\" maxlength=\"400\" class=\"wpcf7-form-control wpcf7-email wpcf7-validates-as-required wpcf7-text wpcf7-validates-as-email\" aria-required=\"true\" aria-invalid=\"false\" value=\"\" type=\"email\" name=\"your-email\" \/><\/span> <\/label>\n<\/p>\n<p><label> Tel\u00e9fono<br \/>\n<span class=\"wpcf7-form-control-wrap\" data-name=\"your-tel\"><input class=\"wpcf7-form-control wpcf7-number wpcf7-validates-as-required wpcf7-validates-as-number\" aria-required=\"true\" aria-invalid=\"false\" value=\"\" type=\"number\" name=\"your-tel\" \/><\/span> <\/label>\n<\/p>\n<p><label> Archivo adjunto (opcional)<br \/>\n<span class=\"wpcf7-form-control-wrap\" data-name=\"your-file\"><input size=\"40\" class=\"wpcf7-form-control wpcf7-file\" accept=\".txt,.doc,.docx,.pdf\" aria-invalid=\"false\" type=\"file\" name=\"your-file\" \/><\/span> <\/label>\n<\/p>\n<p><input class=\"wpcf7-form-control wpcf7-submit has-spinner\" type=\"submit\" value=\"Enviar\" \/>\n<\/p><p style=\"display: none !important;\" class=\"akismet-fields-container\" data-prefix=\"_wpcf7_ak_\"><label>&#916;<textarea name=\"_wpcf7_ak_hp_textarea\" cols=\"45\" rows=\"8\" maxlength=\"100\"><\/textarea><\/label><input type=\"hidden\" id=\"ak_js_1\" name=\"_wpcf7_ak_js\" value=\"138\"\/><script>document.getElementById( \"ak_js_1\" ).setAttribute( \"value\", ( new Date() ).getTime() );<\/script><\/p><div class=\"wpcf7-response-output\" aria-hidden=\"true\"><\/div>\n<\/form>\n<\/div>\n<\/p>\n","protected":false},"excerpt":{"rendered":"<div class=\"entry-summary\">\nEnviar listado con los n\u00fameros de documentos (signatura archiv\u00edstica): Completar formulario web Correo electr\u00f3nico a las direcciones: estudiosamericanistas@ffyh.unc.edu.ar javiergonzalez@ffyh.unc.edu.ar Formulario&hellip;\n<\/div>\n<div class=\"link-more\"><a href=\"https:\/\/ffyh.unc.edu.ar\/biblioteca\/procedimientos-para-la-consulta-de-documentos-digitalizados-2\/\" class=\"more-link\">Continuar leyendo<span class=\"screen-reader-text\"> &ldquo;Procedimientos para la consulta de documentos digitalizados&rdquo;<\/span>&hellip;<\/a><\/div>\n","protected":false},"author":7,"featured_media":0,"parent":0,"menu_order":0,"comment_status":"closed","ping_status":"closed","template":"","meta":{"_acf_changed":false,"saved_in_kubio":false,"jetpack_post_was_ever_published":false,"footnotes":""},"class_list":["post-2999","page","type-page","status-publish","hentry","entry"],"acf":[],"kubio_ai_page_context":{"short_desc":"","purpose":"general"},"jetpack_shortlink":"https:\/\/wp.me\/P9UJM9-Mn","jetpack-related-posts":[],"jetpack_sharing_enabled":true,"_links":{"self":[{"href":"https:\/\/ffyh.unc.edu.ar\/biblioteca\/wp-json\/wp\/v2\/pages\/2999","targetHints":{"allow":["GET"]}}],"collection":[{"href":"https:\/\/ffyh.unc.edu.ar\/biblioteca\/wp-json\/wp\/v2\/pages"}],"about":[{"href":"https:\/\/ffyh.unc.edu.ar\/biblioteca\/wp-json\/wp\/v2\/types\/page"}],"author":[{"embeddable":true,"href":"https:\/\/ffyh.unc.edu.ar\/biblioteca\/wp-json\/wp\/v2\/users\/7"}],"replies":[{"embeddable":true,"href":"https:\/\/ffyh.unc.edu.ar\/biblioteca\/wp-json\/wp\/v2\/comments?post=2999"}],"version-history":[{"count":5,"href":"https:\/\/ffyh.unc.edu.ar\/biblioteca\/wp-json\/wp\/v2\/pages\/2999\/revisions"}],"predecessor-version":[{"id":5179,"href":"https:\/\/ffyh.unc.edu.ar\/biblioteca\/wp-json\/wp\/v2\/pages\/2999\/revisions\/5179"}],"wp:attachment":[{"href":"https:\/\/ffyh.unc.edu.ar\/biblioteca\/wp-json\/wp\/v2\/media?parent=2999"}],"curies":[{"name":"wp","href":"https:\/\/api.w.org\/{rel}","templated":true}]}}