{"id":3224,"date":"2019-05-09T15:57:21","date_gmt":"2019-05-09T15:57:21","guid":{"rendered":"http:\/\/ffyh.unc.edu.ar\/biblioteca\/?page_id=3224"},"modified":"2020-11-30T15:41:40","modified_gmt":"2020-11-30T15:41:40","slug":"abalos-jorge-walter","status":"publish","type":"page","link":"https:\/\/ffyh.unc.edu.ar\/biblioteca\/escritores-de-cordoba\/abalos-jorge-walter\/","title":{"rendered":"Abalos, Jorge Washington"},"content":{"rendered":"<p style=\"text-align: left\"><span style=\"color: #000000\">Naci\u00f3 en La Plata, el 20 de septiembre de 1915 en La Plata, Argentina; de familia <\/span><span style=\"color: #000000\">oriunda de La Banda, Santiago del Estero. Falleci\u00f3 el 28 de septiembre de 1979 en C\u00f3rdoba. Su infancia transcurri\u00f3 en la provincia familiar, donde se recibi\u00f3 de maestro en 1933 y donde ejerci\u00f3 en las escuelas rurales del bosque chaque\u00f1o. All\u00ed, comienza a estudiar el medio natural y los insectos y anfibios peligrosos de la regi\u00f3n chaque\u00f1a, motivo por el cual, gana el apodo de \u201cMaestro bichero\u201d. Colabora con el m\u00e9dico Salvador Mazza y m\u00e1s tarde, con Bernardo Houssay. Casado con Leoni Albaca, tuvo tres hijos. Luego de una beca de estudios en R\u00edo de Janeiro (Brasil), se radica en C\u00f3rdoba desde 1966 al ser convocado como docente de la Facultad de Ciencias Exactas, F\u00edsicas y Naturales. Fund\u00f3 el Serpentario en C\u00f3rdoba y el Instituto de Animales Venenosos en Santiago del Estero.<\/span><\/p>\n<p style=\"text-align: left\"><span style=\"color: #000000\">Como escritor, su obra tuvo una difusi\u00f3n masiva de gran reconocimiento. Escribi\u00f3 relatos con la constante del escenario: el desierto santiague\u00f1o. Su objetivo fue dar a conocer esa regi\u00f3n del noroeste argentino y la cultura espec\u00edfica de sus habitantes, hablantes del quechua. Adem\u00e1s de la literatura, Abalos produjo muchos escritos cient\u00edficos y de divulgaci\u00f3n sobre su especialidad. Su lucha contra el ofidismo, el mal de Chagas, la ara\u00f1a de los rastrojos, etc., le da prestigio internacional y reconocimientos. Fue miembro titular de la Academia Nacional de Ciencias, galardones en la Universidad de Harvard (Cambridge, EE.UU.) y los t\u00edtulos de \u00abDoctor Honoris Causa\u00bb otorgados por las Universidades de Tucum\u00e1n y Santiago del Estero.<\/span><\/p>\n<h3><span style=\"color: #000000\">Publicaciones<\/span><\/h3>\n<ul>\n<li><span style=\"color: #000000\"><a href=\"https:\/\/catalogo.biblio.unc.edu.ar\/Search\/Results?lookfor=Cuentos+con+y+sin+v%C3%ADboras+Terciopelo%2C+la+cazadora+negra&amp;type=AllFields&amp;limit=20&amp;sort=relevance\"><em>Cuentos con y sin v\u00edboras<\/em><\/a>, 1942<\/span><\/li>\n<li><span style=\"color: #000000\"><a href=\"https:\/\/catalogo.biblio.unc.edu.ar\/Search\/Results?lookfor=Shunko&amp;type=AllFields&amp;limit=20&amp;sort=relevance\"><em>Shunko<\/em><\/a>, 1949<\/span><\/li>\n<li><span style=\"color: #000000\"><a href=\"https:\/\/catalogo.biblio.unc.edu.ar\/Search\/Results?lookfor=Animales%2C+leyendas+y+coplas&amp;type=AllFields&amp;limit=20&amp;sort=relevance\"><em>Animales, Leyendas y Coplas<\/em><\/a>, 1953<\/span><\/li>\n<li><span style=\"color: #000000\"><a href=\"https:\/\/catalogo.biblio.unc.edu.ar\/Search\/Results?lookfor=Norte+pencoso&amp;type=AllFields&amp;limit=20&amp;sort=relevance\"><em>Norte Pencoso<\/em><\/a>, 1964<\/span><\/li>\n<li><span style=\"color: #000000\"><em><a href=\"https:\/\/catalogo.biblio.unc.edu.ar\/Search\/Results?lookfor=Cuentos+con+y+sin+v%C3%ADboras+Terciopelo%2C+la+cazadora+negra&amp;type=AllFields&amp;limit=20&amp;sort=relevance\">Terciopelo, la cazadora negra<\/a>,<\/em> 1971<\/span><\/li>\n<li><span style=\"color: #000000\"><a href=\"https:\/\/catalogo.biblio.unc.edu.ar\/Search\/Results?lookfor=Coplero+popular&amp;type=AllFields&amp;limit=20&amp;sort=relevance\"><em>Coplero popular<\/em><\/a>, 1973<\/span><\/li>\n<li><span style=\"color: #000000\"><a href=\"https:\/\/catalogo.biblio.unc.edu.ar\/Search\/Results?lookfor=Don+Agamen%C3%B3n+y+don+Velmiro&amp;type=AllFields&amp;limit=20&amp;sort=relevance\"><em>Don Agamen\u00f3n y don Velmiro<\/em><\/a>, 1973<\/span><\/li>\n<li><span style=\"color: #000000\"><em><a href=\"https:\/\/catalogo.biblio.unc.edu.ar\/Search\/Results?lookfor=Shalacos&amp;type=AllFields&amp;limit=20&amp;sort=relevance\">Shalacos<\/a>,<\/em> 1975<\/span><\/li>\n<li><span style=\"color: #000000\"><a href=\"https:\/\/catalogo.biblio.unc.edu.ar\/Search\/Results?lookfor=La+viuda+negra&amp;type=AllFields&amp;filter%5B%5D=topic_facet%3A%22Literatura+Argentina%22\"><em>La viuda negra<\/em><\/a>, 1978<\/span><\/li>\n<li><span style=\"color: #000000\"><em><a href=\"https:\/\/catalogo.biblio.unc.edu.ar\/Search\/Results?lookfor=Iv%C3%A1n+Recik+y+otros+cuentos&amp;type=AllFields&amp;filter%5B%5D=topic_facet%3A%22Literatura+Argentina%22&amp;limit=20&amp;sort=relevance\">Iv\u00e1n Recik y otros cuentos<\/a>,<\/em> 1978<\/span><\/li>\n<li><span style=\"color: #000000\"><a href=\"https:\/\/catalogo.biblio.unc.edu.ar\/Search\/Results?lookfor=Iv%C3%A1n+Recik+y+otros+cuentos&amp;type=AllFields&amp;filter%5B%5D=topic_facet%3A%22Literatura+Argentina%22&amp;limit=20&amp;sort=relevance\"><em>Andanzas de Jabut\u00ed, la tortuguita<\/em><\/a>, 1980. Edici\u00f3n p\u00f3stuma.<\/span><\/li>\n<\/ul>\n<p><span style=\"color: #000000\">Nota: Solo se mencionan las publicaciones de car\u00e1cter literario.<\/span><\/p>\n<p><span style=\"color: #000000\">El Canal Encuentro hace un homenaje a esta figura en la serie \u201cSantiague\u00f1os\u201d.<\/span><\/p>\n<p><span style=\"color: #000000\"><em>Shunko<\/em> fue traducida a varios idiomas, llevada al cine por el director Lautaro Mur\u00faa (1959) y al radioteatro. Tambi\u00e9n, fue premiada por la UNESCO como patrimonio de la cultura universal.<\/span><\/p>\n<p style=\"text-align: right\"><a href=\"http:\/\/ffyh.unc.edu.ar\/biblioteca\/escritores-de-cordoba\/\">volver<\/a><\/p>\n","protected":false},"excerpt":{"rendered":"<div class=\"entry-summary\">\nNaci\u00f3 en La Plata, el 20 de septiembre de 1915 en La Plata, Argentina; de familia oriunda de La Banda,&hellip;\n<\/div>\n<div class=\"link-more\"><a href=\"https:\/\/ffyh.unc.edu.ar\/biblioteca\/escritores-de-cordoba\/abalos-jorge-walter\/\" class=\"more-link\">Continuar leyendo<span class=\"screen-reader-text\"> &ldquo;Abalos, Jorge Washington&rdquo;<\/span>&hellip;<\/a><\/div>\n","protected":false},"author":7,"featured_media":0,"parent":3221,"menu_order":0,"comment_status":"closed","ping_status":"closed","template":"","meta":{"_acf_changed":false,"jetpack_post_was_ever_published":false,"footnotes":""},"class_list":["post-3224","page","type-page","status-publish","hentry","entry"],"acf":[],"jetpack_shortlink":"https:\/\/wp.me\/P9UJM9-Q0","jetpack-related-posts":[],"jetpack_sharing_enabled":true,"_links":{"self":[{"href":"https:\/\/ffyh.unc.edu.ar\/biblioteca\/wp-json\/wp\/v2\/pages\/3224","targetHints":{"allow":["GET"]}}],"collection":[{"href":"https:\/\/ffyh.unc.edu.ar\/biblioteca\/wp-json\/wp\/v2\/pages"}],"about":[{"href":"https:\/\/ffyh.unc.edu.ar\/biblioteca\/wp-json\/wp\/v2\/types\/page"}],"author":[{"embeddable":true,"href":"https:\/\/ffyh.unc.edu.ar\/biblioteca\/wp-json\/wp\/v2\/users\/7"}],"replies":[{"embeddable":true,"href":"https:\/\/ffyh.unc.edu.ar\/biblioteca\/wp-json\/wp\/v2\/comments?post=3224"}],"version-history":[{"count":9,"href":"https:\/\/ffyh.unc.edu.ar\/biblioteca\/wp-json\/wp\/v2\/pages\/3224\/revisions"}],"predecessor-version":[{"id":4358,"href":"https:\/\/ffyh.unc.edu.ar\/biblioteca\/wp-json\/wp\/v2\/pages\/3224\/revisions\/4358"}],"up":[{"embeddable":true,"href":"https:\/\/ffyh.unc.edu.ar\/biblioteca\/wp-json\/wp\/v2\/pages\/3221"}],"wp:attachment":[{"href":"https:\/\/ffyh.unc.edu.ar\/biblioteca\/wp-json\/wp\/v2\/media?parent=3224"}],"curies":[{"name":"wp","href":"https:\/\/api.w.org\/{rel}","templated":true}]}}