{"id":3244,"date":"2019-05-13T16:26:55","date_gmt":"2019-05-13T16:26:55","guid":{"rendered":"http:\/\/ffyh.unc.edu.ar\/biblioteca\/?page_id=3244"},"modified":"2019-10-28T17:13:42","modified_gmt":"2019-10-28T17:13:42","slug":"ahumada-juan-antonio","status":"publish","type":"page","link":"https:\/\/ffyh.unc.edu.ar\/biblioteca\/escritores-de-cordoba\/ahumada-juan-antonio\/","title":{"rendered":"Ahumada, Juan Antonio"},"content":{"rendered":"<p><span style=\"color: #000000\">Naci\u00f3 en C\u00f3rdoba en el a\u00f1o 1900. Hizo la carrera de Filosof\u00eda. Ejerci\u00f3 como profesor del Colegio Monserrat y de la Facultad de Filosof\u00eda y Humanidades, UNCba.<\/span><\/p>\n<p><span style=\"color: #000000\">En 1970 recibi\u00f3 un premio por su creaci\u00f3n, reconocimiento de la Municipalidad de C\u00f3rdoba, y la medalla de oro en los Juegos Florales organizados por la Universidad Nacional de C\u00f3rdoba. Fue invitado por la Universidad de Salamanca a difundir su obra en 1954. Se desempe\u00f1\u00f3 tambi\u00e9n como docente por concurso en la c\u00e1tedra de Est\u00e9tica en la Escuela de Filosof\u00eda, de la Fac. de Filosof\u00eda y Humanidades (UNCba.), desde 1948.<\/span><\/p>\n<h3><span style=\"color: #000000\">Publicaciones<\/span><\/h3>\n<ul>\n<li><span style=\"color: #000000\"><em>Canci\u00f3n del amor serrano<\/em>, 1933<\/span><\/li>\n<li><span style=\"color: #000000\"><em>Psicopolis, poemas<\/em>. 1938<\/span><\/li>\n<li><span style=\"color: #000000\"><em>La anunciaci\u00f3n<\/em>, 1944<\/span><\/li>\n<li><span style=\"color: #000000\"><em>Torcaz morena,<\/em> 1950<\/span><\/li>\n<li><span style=\"color: #000000\"><em>El hombre de los ojos nuevos<\/em>, 1952, 1969, 1974<\/span><\/li>\n<li><span style=\"color: #000000\"><em>Leyenda del cresp\u00edn<\/em>, 1955, 1963<\/span><\/li>\n<li><span style=\"color: #000000\"><em>Sideralias<\/em>, 1965<\/span><\/li>\n<li><span style=\"color: #000000\"><em>Mar\u00eda evanescencia,<\/em> 1969<\/span><\/li>\n<li><span style=\"color: #000000\"><em>Estado para un alba en s\u00ed<\/em>, 1969<\/span><\/li>\n<li><span style=\"color: #000000\"><em>Fervor, <\/em>1980<\/span><\/li>\n<\/ul>\n<h4><span style=\"color: #000000\">Otros textos<\/span><\/h4>\n<ul>\n<li><span style=\"color: #000000\"><em>Apuntes de composici\u00f3n<\/em>, 1935<\/span><\/li>\n<li><span style=\"color: #000000\"><em>Iniciaci\u00f3n literaria<\/em>, 1939, 1942<\/span><\/li>\n<li><span style=\"color: #000000\"><em>El hombre, medida de las cosas<\/em>, 1948<\/span><\/li>\n<li><span style=\"color: #000000\"><em>El arte de escribir<\/em>, 1957<\/span><\/li>\n<li><span style=\"color: #000000\"><em>Literatura preceptiva y nociones de est\u00e9tica<\/em>, 1960<\/span><\/li>\n<li><span style=\"color: #000000\"><em>Est\u00e9tica<\/em>, 1961<\/span><\/li>\n<li><span style=\"color: #000000\"><em>Mensaje de amor sanmartiniano a la juventud<\/em>, 1978<\/span><\/li>\n<li><span style=\"color: #000000\"><em>F\u00fatbol: mundo nuevo, mundo antiguo: hombros que se hermanan y manos que se estrechan<\/em>, 1978<\/span><\/li>\n<\/ul>\n<h3><span style=\"color: #000000\">Bibliograf\u00eda<\/span><\/h3>\n<ul>\n<li><span style=\"color: #000000\">Mattoni, Silvio: \u201cPromesas olvidadas\u201d, en \u201cRevista Deodoro. Gaceta de cr\u00edtica y cultura\u201d Nro. 12, setiembre 2011. Pag9.<\/span><\/li>\n<li><span style=\"color: #000000\">Nores Mart\u00ednez, Enrique: <em>Poetas de C\u00f3rdoba<\/em>. C\u00f3rdoba, Gobierno de la Provincia, 1978.<\/span><\/li>\n<\/ul>\n<p style=\"text-align: right\"><a href=\"http:\/\/ffyh.unc.edu.ar\/biblioteca\/escritores-de-cordoba\/\">volver<\/a><\/p>\n","protected":false},"excerpt":{"rendered":"<div class=\"entry-summary\">\nNaci\u00f3 en C\u00f3rdoba en el a\u00f1o 1900. Hizo la carrera de Filosof\u00eda. Ejerci\u00f3 como profesor del Colegio Monserrat y de&hellip;\n<\/div>\n<div class=\"link-more\"><a href=\"https:\/\/ffyh.unc.edu.ar\/biblioteca\/escritores-de-cordoba\/ahumada-juan-antonio\/\" class=\"more-link\">Continuar leyendo<span class=\"screen-reader-text\"> &ldquo;Ahumada, Juan Antonio&rdquo;<\/span>&hellip;<\/a><\/div>\n","protected":false},"author":7,"featured_media":0,"parent":3221,"menu_order":0,"comment_status":"closed","ping_status":"closed","template":"","meta":{"_acf_changed":false,"jetpack_post_was_ever_published":false,"footnotes":""},"class_list":["post-3244","page","type-page","status-publish","hentry","entry"],"acf":[],"jetpack_shortlink":"https:\/\/wp.me\/P9UJM9-Qk","jetpack-related-posts":[],"jetpack_sharing_enabled":true,"_links":{"self":[{"href":"https:\/\/ffyh.unc.edu.ar\/biblioteca\/wp-json\/wp\/v2\/pages\/3244","targetHints":{"allow":["GET"]}}],"collection":[{"href":"https:\/\/ffyh.unc.edu.ar\/biblioteca\/wp-json\/wp\/v2\/pages"}],"about":[{"href":"https:\/\/ffyh.unc.edu.ar\/biblioteca\/wp-json\/wp\/v2\/types\/page"}],"author":[{"embeddable":true,"href":"https:\/\/ffyh.unc.edu.ar\/biblioteca\/wp-json\/wp\/v2\/users\/7"}],"replies":[{"embeddable":true,"href":"https:\/\/ffyh.unc.edu.ar\/biblioteca\/wp-json\/wp\/v2\/comments?post=3244"}],"version-history":[{"count":3,"href":"https:\/\/ffyh.unc.edu.ar\/biblioteca\/wp-json\/wp\/v2\/pages\/3244\/revisions"}],"predecessor-version":[{"id":3247,"href":"https:\/\/ffyh.unc.edu.ar\/biblioteca\/wp-json\/wp\/v2\/pages\/3244\/revisions\/3247"}],"up":[{"embeddable":true,"href":"https:\/\/ffyh.unc.edu.ar\/biblioteca\/wp-json\/wp\/v2\/pages\/3221"}],"wp:attachment":[{"href":"https:\/\/ffyh.unc.edu.ar\/biblioteca\/wp-json\/wp\/v2\/media?parent=3244"}],"curies":[{"name":"wp","href":"https:\/\/api.w.org\/{rel}","templated":true}]}}