{"id":3248,"date":"2019-05-13T16:30:04","date_gmt":"2019-05-13T16:30:04","guid":{"rendered":"http:\/\/ffyh.unc.edu.ar\/biblioteca\/?page_id=3248"},"modified":"2021-02-02T18:16:22","modified_gmt":"2021-02-02T18:16:22","slug":"alonso-ortiz-ruben","status":"publish","type":"page","link":"https:\/\/ffyh.unc.edu.ar\/biblioteca\/escritores-de-cordoba\/alonso-ortiz-ruben\/","title":{"rendered":"Alonso Ort\u00edz, Rub\u00e9n"},"content":{"rendered":"<p><span style=\"color: #000000\">Naci\u00f3 el 4 de diciembre de 1937 en San Antonio, Paraguay. Curs\u00f3 los estudios primarios en Formosa (Argentina) ya que por motivos pol\u00edticos, la familia emigr\u00f3 del pa\u00eds natal del autor. Regres\u00f3 al Paraguay para hacer los estudios secundarios en el Colegio Alem\u00e1n. Retorn\u00f3 a la Argentina para cursar la universidad en C\u00f3rdoba, donde hizo la carrera de Licenciatura y Profesorado en Letras Modernas en la Facultad de Filosof\u00eda y Humanidades de la Universidad Nacional. Permaneci\u00f3 en C\u00f3rdoba desde entonces. Ha ejercido la docencia a nivel secundario, y se desempe\u00f1\u00f3 como director de institutos terciarios en la provincia.<\/span><\/p>\n<p><span style=\"color: #000000\">Obtuvo el premio literario \u00abLeopoldo Lugones\u00bb en dos oportunidades. Sus textos fueron publicados individualmente, y tambi\u00e9n, han integrado antolog\u00edas.<\/span><\/p>\n<p><span style=\"color: #000000\">Falleci\u00f3 el 2 de junio de 2017.<\/span><\/p>\n<h3><span style=\"color: #000000\">Publicaciones<\/span><\/h3>\n<ul>\n<li><span style=\"color: #000000\"><a href=\"https:\/\/catalogo.biblio.unc.edu.ar\/Search\/Results?lookfor=Alonso+Ortiz%2C+Rub%C3%A9n+cuentos+1986&amp;type=AllFields&amp;filter%5B%5D=format%3A%22Book%22\"><em>Tres cuentos<\/em><\/a>, 1971, 1996)<\/span><\/li>\n<li><span style=\"color: #000000\"><em>Con la fuerza de la noche y otros cuentos<\/em>, 2004<\/span><\/li>\n<li><span style=\"color: #000000\"><em>El otro asunto<\/em>, 2008<\/span><\/li>\n<li><span style=\"color: #000000\"><em>La muerte y sus alrededores<\/em>, 2002, con Alejandro Gonz\u00e1lez Foerster y Abel D\u00edaz<\/span><\/li>\n<li><a href=\"http:\/\/ffyh.biblio.unc.edu.ar\/\/cgi-bin\/koha\/opac-detail.pl?biblionumber=84907\"><em>El vigor de las ciudades<\/em><\/a>, 1980. En colaboraci\u00f3n con H\u00e9ctor Pedicino y Juan Croce.<\/li>\n<\/ul>\n<p>&nbsp;<\/p>\n<h3>Bibliograf\u00eda<\/h3>\n<p>Ar\u00e1n, Pampa y Barei, Silvia:<em>\u00a0 <a href=\"http:\/\/ffyh.biblio.unc.edu.ar\/\/cgi-bin\/koha\/opac-detail.pl?biblionumber=81723\">Las provincias y su literatura: C\u00f3rdoba. Antolog\u00eda<\/a><\/em>, 1985. En colaboraci\u00f3n con Silvia Barei.<\/p>\n<p>&nbsp;<\/p>\n<p style=\"text-align: right\"><a href=\"http:\/\/ffyh.unc.edu.ar\/biblioteca\/escritores-de-cordoba\/\">volver<\/a><\/p>\n","protected":false},"excerpt":{"rendered":"<div class=\"entry-summary\">\nNaci\u00f3 el 4 de diciembre de 1937 en San Antonio, Paraguay. Curs\u00f3 los estudios primarios en Formosa (Argentina) ya que&hellip;\n<\/div>\n<div class=\"link-more\"><a href=\"https:\/\/ffyh.unc.edu.ar\/biblioteca\/escritores-de-cordoba\/alonso-ortiz-ruben\/\" class=\"more-link\">Continuar leyendo<span class=\"screen-reader-text\"> &ldquo;Alonso Ort\u00edz, Rub\u00e9n&rdquo;<\/span>&hellip;<\/a><\/div>\n","protected":false},"author":7,"featured_media":0,"parent":3221,"menu_order":0,"comment_status":"closed","ping_status":"closed","template":"","meta":{"_acf_changed":false,"jetpack_post_was_ever_published":false,"footnotes":""},"class_list":["post-3248","page","type-page","status-publish","hentry","entry"],"acf":[],"jetpack_shortlink":"https:\/\/wp.me\/P9UJM9-Qo","jetpack-related-posts":[],"jetpack_sharing_enabled":true,"_links":{"self":[{"href":"https:\/\/ffyh.unc.edu.ar\/biblioteca\/wp-json\/wp\/v2\/pages\/3248","targetHints":{"allow":["GET"]}}],"collection":[{"href":"https:\/\/ffyh.unc.edu.ar\/biblioteca\/wp-json\/wp\/v2\/pages"}],"about":[{"href":"https:\/\/ffyh.unc.edu.ar\/biblioteca\/wp-json\/wp\/v2\/types\/page"}],"author":[{"embeddable":true,"href":"https:\/\/ffyh.unc.edu.ar\/biblioteca\/wp-json\/wp\/v2\/users\/7"}],"replies":[{"embeddable":true,"href":"https:\/\/ffyh.unc.edu.ar\/biblioteca\/wp-json\/wp\/v2\/comments?post=3248"}],"version-history":[{"count":5,"href":"https:\/\/ffyh.unc.edu.ar\/biblioteca\/wp-json\/wp\/v2\/pages\/3248\/revisions"}],"predecessor-version":[{"id":4495,"href":"https:\/\/ffyh.unc.edu.ar\/biblioteca\/wp-json\/wp\/v2\/pages\/3248\/revisions\/4495"}],"up":[{"embeddable":true,"href":"https:\/\/ffyh.unc.edu.ar\/biblioteca\/wp-json\/wp\/v2\/pages\/3221"}],"wp:attachment":[{"href":"https:\/\/ffyh.unc.edu.ar\/biblioteca\/wp-json\/wp\/v2\/media?parent=3248"}],"curies":[{"name":"wp","href":"https:\/\/api.w.org\/{rel}","templated":true}]}}