{"id":3254,"date":"2019-05-13T16:36:28","date_gmt":"2019-05-13T16:36:28","guid":{"rendered":"http:\/\/ffyh.unc.edu.ar\/biblioteca\/?page_id=3254"},"modified":"2019-10-28T17:19:46","modified_gmt":"2019-10-28T17:19:46","slug":"altamirano-mario-edgardo","status":"publish","type":"page","link":"https:\/\/ffyh.unc.edu.ar\/biblioteca\/escritores-de-cordoba\/altamirano-mario-edgardo\/","title":{"rendered":"Altamirano, Mario Edgardo"},"content":{"rendered":"<p><span style=\"color: #000000\">Naci\u00f3 en Las Flores (Buenos Aires) el 15 de setiembre de 1943. A los 29 a\u00f1os llega a Luyaba (Dpto. San Javier), lugar de origen de su padre, y se radica definitivamente all\u00ed, donde toma contacto con el grupo de las \u201cTardes de la Biblioteca Sarmiento\u201d y con Oscar Gui\u00f1az\u00fa \u00c1lvarez, a quien apoyar\u00e1 en la organizaci\u00f3n de los Encuentros anuales de poes\u00eda. Ejerce la funci\u00f3n \u00b4p\u00fablica. Se integra a la SADE local. Algunos de sus textos fueron publicados en diarios de Buenos Aires, Mar del Plata y Villa Dolores. Recibi\u00f3 reconocimientos y premios (provinciales y nacionales) por su obra.<\/span><\/p>\n<p>&nbsp;<\/p>\n<h3><span style=\"color: #000000\">Publicaciones<\/span><\/h3>\n<ul>\n<li><span style=\"color: #000000\"><em>El tr\u00e1nsito y los fuegos<\/em>, 1973<\/span><\/li>\n<li><span style=\"color: #000000\"><em>Intemperie<\/em>, 1977<\/span><\/li>\n<li><span style=\"color: #000000\"><em>Canto a Luyaba<\/em>, 1980<\/span><\/li>\n<li><span style=\"color: #000000\"><em>Aldean\u00edas,<\/em> 2016<\/span><\/li>\n<\/ul>\n<p>&nbsp;<\/p>\n<h3><span style=\"color: #000000\">Bibliograf\u00eda<\/span><\/h3>\n<ul>\n<li><span style=\"color: #000000\">Del Corro, Gaspar P\u00edo: <em>Bibliograf\u00eda cr\u00edtica de la literatura de C\u00f3rdoba. Villa Dolores<\/em>.. Nro. 2. C\u00f3rdoba, Instituto de Literatura Argentina e Iberoamericana, 1981.<\/span><\/li>\n<\/ul>\n<p style=\"text-align: right\"><span style=\"color: #000000\"><a style=\"color: #000000\" href=\"http:\/\/ffyh.unc.edu.ar\/biblioteca\/escritores-de-cordoba\/\">volver<\/a><\/span><\/p>\n","protected":false},"excerpt":{"rendered":"<div class=\"entry-summary\">\nNaci\u00f3 en Las Flores (Buenos Aires) el 15 de setiembre de 1943. A los 29 a\u00f1os llega a Luyaba (Dpto.&hellip;\n<\/div>\n<div class=\"link-more\"><a href=\"https:\/\/ffyh.unc.edu.ar\/biblioteca\/escritores-de-cordoba\/altamirano-mario-edgardo\/\" class=\"more-link\">Continuar leyendo<span class=\"screen-reader-text\"> &ldquo;Altamirano, Mario Edgardo&rdquo;<\/span>&hellip;<\/a><\/div>\n","protected":false},"author":7,"featured_media":0,"parent":3221,"menu_order":0,"comment_status":"closed","ping_status":"closed","template":"","meta":{"_acf_changed":false,"jetpack_post_was_ever_published":false,"footnotes":""},"class_list":["post-3254","page","type-page","status-publish","hentry","entry"],"acf":[],"jetpack_shortlink":"https:\/\/wp.me\/P9UJM9-Qu","jetpack-related-posts":[],"jetpack_sharing_enabled":true,"_links":{"self":[{"href":"https:\/\/ffyh.unc.edu.ar\/biblioteca\/wp-json\/wp\/v2\/pages\/3254","targetHints":{"allow":["GET"]}}],"collection":[{"href":"https:\/\/ffyh.unc.edu.ar\/biblioteca\/wp-json\/wp\/v2\/pages"}],"about":[{"href":"https:\/\/ffyh.unc.edu.ar\/biblioteca\/wp-json\/wp\/v2\/types\/page"}],"author":[{"embeddable":true,"href":"https:\/\/ffyh.unc.edu.ar\/biblioteca\/wp-json\/wp\/v2\/users\/7"}],"replies":[{"embeddable":true,"href":"https:\/\/ffyh.unc.edu.ar\/biblioteca\/wp-json\/wp\/v2\/comments?post=3254"}],"version-history":[{"count":1,"href":"https:\/\/ffyh.unc.edu.ar\/biblioteca\/wp-json\/wp\/v2\/pages\/3254\/revisions"}],"predecessor-version":[{"id":3255,"href":"https:\/\/ffyh.unc.edu.ar\/biblioteca\/wp-json\/wp\/v2\/pages\/3254\/revisions\/3255"}],"up":[{"embeddable":true,"href":"https:\/\/ffyh.unc.edu.ar\/biblioteca\/wp-json\/wp\/v2\/pages\/3221"}],"wp:attachment":[{"href":"https:\/\/ffyh.unc.edu.ar\/biblioteca\/wp-json\/wp\/v2\/media?parent=3254"}],"curies":[{"name":"wp","href":"https:\/\/api.w.org\/{rel}","templated":true}]}}