{"id":3256,"date":"2019-05-13T16:55:31","date_gmt":"2019-05-13T16:55:31","guid":{"rendered":"http:\/\/ffyh.unc.edu.ar\/biblioteca\/?page_id=3256"},"modified":"2019-10-28T17:20:25","modified_gmt":"2019-10-28T17:20:25","slug":"altamirano-rafael-mario","status":"publish","type":"page","link":"https:\/\/ffyh.unc.edu.ar\/biblioteca\/escritores-de-cordoba\/altamirano-rafael-mario\/","title":{"rendered":"Altamirano, Rafael Mario"},"content":{"rendered":"<p><span style=\"color: #000000\">Naci\u00f3 en C\u00f3rdoba el 22 de julio de 1934, y a los tres a\u00f1os, se traslada a Ninalqu\u00edn (Dpto., Minas). Autodidacta. Tuvo una experiencia de trabajo muy variada: fue pe\u00f3n de minas, trabaj\u00f3 en establecimientos le\u00f1eros, de regreso a su casa, volvi\u00f3 a las tareas rurales. Comienza a escribir, conoce a Oscar Gui\u00f1az\u00fa \u00c1lvarez, y se radica en Villa Dolores. Hace contacto y participa del grupo de las \u201cTardes de la Biblioteca Sarmiento\u201d y de los Encuentros de Poetas, en cuyas antolog\u00edas y publicaciones est\u00e1n algunos de sus textos. En 1967 inicia una publicaci\u00f3n que \u00e9l mismo edita y distribuye: la revista mimeogr\u00e1fica \u201cProvincia\u201d, donde concede espacio privilegiado a lo literario (espec\u00edficamente, la poes\u00eda). La publicaci\u00f3n contin\u00faa en la actualidad, en m\u00e9rito de lo cual, ha recibido reconocimientos en M\u00e9xico y Jap\u00f3n. Ha colaborado en revistas nacionales y extranjeras, y diarios y revistas de C\u00f3rdoba, Villa Dolores, De\u00e1n Funes, Cruz del Eje, Buenos Aires, Per\u00fa, M\u00e9xico y Uruguay han publicado sus poemas. Recientemente -2015- ha sido reconocido como \u201cCiudadano Ilustre de Villa Dolores\u201d.<\/span><\/p>\n<h3><span style=\"color: #000000\">Publicaciones<\/span><\/h3>\n<ul>\n<li><span style=\"color: #000000\"><em>Tierra baya, poes\u00eda<\/em>. 1964<\/span><\/li>\n<li><span style=\"color: #000000\"><em>Sabor vern\u00e1culo,<\/em> 1966<\/span><\/li>\n<li><span style=\"color: #000000\"><em>Hamor con H,<\/em> 1974<\/span><\/li>\n<li><span style=\"color: #000000\"><em>Aves de silencio,<\/em> 1983<\/span><\/li>\n<li><span style=\"color: #000000\"><em>Anhelos desvelados,<\/em> 1987<\/span><\/li>\n<li><span style=\"color: #000000\"><em>Desangelado tiempo<\/em>, 1997<\/span><\/li>\n<li><span style=\"color: #000000\"><em>Variantes de mi duende<\/em>, 1997<\/span><\/li>\n<\/ul>\n<h3><span style=\"color: #000000\">Bibliograf\u00eda<\/span><\/h3>\n<ul>\n<li><span style=\"color: #000000\">Del Corro, Gaspar P\u00edo: <em>Bibliograf\u00eda cr\u00edtica de la literatura de C\u00f3rdoba. Villa Dolores<\/em>.. Nro. 2. C\u00f3rdoba, Instituto de Literatura Argentina e Iberoamericana, 1981.<\/span><\/li>\n<\/ul>\n<p style=\"text-align: right\"><a href=\"http:\/\/ffyh.unc.edu.ar\/biblioteca\/escritores-de-cordoba\/\">volver<\/a><\/p>\n","protected":false},"excerpt":{"rendered":"<div class=\"entry-summary\">\nNaci\u00f3 en C\u00f3rdoba el 22 de julio de 1934, y a los tres a\u00f1os, se traslada a Ninalqu\u00edn (Dpto., Minas).&hellip;\n<\/div>\n<div class=\"link-more\"><a href=\"https:\/\/ffyh.unc.edu.ar\/biblioteca\/escritores-de-cordoba\/altamirano-rafael-mario\/\" class=\"more-link\">Continuar leyendo<span class=\"screen-reader-text\"> &ldquo;Altamirano, Rafael Mario&rdquo;<\/span>&hellip;<\/a><\/div>\n","protected":false},"author":7,"featured_media":0,"parent":3221,"menu_order":0,"comment_status":"closed","ping_status":"closed","template":"","meta":{"_acf_changed":false,"jetpack_post_was_ever_published":false,"footnotes":""},"class_list":["post-3256","page","type-page","status-publish","hentry","entry"],"acf":[],"jetpack_shortlink":"https:\/\/wp.me\/P9UJM9-Qw","jetpack-related-posts":[],"jetpack_sharing_enabled":true,"_links":{"self":[{"href":"https:\/\/ffyh.unc.edu.ar\/biblioteca\/wp-json\/wp\/v2\/pages\/3256","targetHints":{"allow":["GET"]}}],"collection":[{"href":"https:\/\/ffyh.unc.edu.ar\/biblioteca\/wp-json\/wp\/v2\/pages"}],"about":[{"href":"https:\/\/ffyh.unc.edu.ar\/biblioteca\/wp-json\/wp\/v2\/types\/page"}],"author":[{"embeddable":true,"href":"https:\/\/ffyh.unc.edu.ar\/biblioteca\/wp-json\/wp\/v2\/users\/7"}],"replies":[{"embeddable":true,"href":"https:\/\/ffyh.unc.edu.ar\/biblioteca\/wp-json\/wp\/v2\/comments?post=3256"}],"version-history":[{"count":2,"href":"https:\/\/ffyh.unc.edu.ar\/biblioteca\/wp-json\/wp\/v2\/pages\/3256\/revisions"}],"predecessor-version":[{"id":3258,"href":"https:\/\/ffyh.unc.edu.ar\/biblioteca\/wp-json\/wp\/v2\/pages\/3256\/revisions\/3258"}],"up":[{"embeddable":true,"href":"https:\/\/ffyh.unc.edu.ar\/biblioteca\/wp-json\/wp\/v2\/pages\/3221"}],"wp:attachment":[{"href":"https:\/\/ffyh.unc.edu.ar\/biblioteca\/wp-json\/wp\/v2\/media?parent=3256"}],"curies":[{"name":"wp","href":"https:\/\/api.w.org\/{rel}","templated":true}]}}