{"id":3281,"date":"2019-05-20T16:04:34","date_gmt":"2019-05-20T16:04:34","guid":{"rendered":"http:\/\/ffyh.unc.edu.ar\/biblioteca\/?page_id=3281"},"modified":"2019-10-28T17:21:51","modified_gmt":"2019-10-28T17:21:51","slug":"allende-de-buffo-leonor","status":"publish","type":"page","link":"https:\/\/ffyh.unc.edu.ar\/biblioteca\/escritores-de-cordoba\/allende-de-buffo-leonor\/","title":{"rendered":"Allende de Buffo, Leonor"},"content":{"rendered":"<p><span style=\"color: #000000\">Naci\u00f3 el 11 de Abril de 1883 en C\u00f3rdoba, hija de Pedro Allende y Delfina Tocaimasa.<\/span><\/p>\n<p><span style=\"color: #000000\">Fue una de las primeras mujeres en ejercer como periodista profesional en la ciudad de C\u00f3rdoba. En 1914 se casa con Guido Buffo \u2013italiano de Trevisso, radicado en C\u00f3rdoba desde 1910-. El artista ilustra las historias que Leonor crea. Vivir\u00e1n en Rosario y Buenos Aires hasta la compra del terreno en Los Quebrachitos (Unquillo)<\/span><\/p>\n<p><span style=\"color: #000000\">Hizo colaboraciones en las revistas \u201cPlus Ultra\u201d, \u201cCaras y Caretas\u201d, \u201cRiel y Fomento\u201d de Buenos Aires, y el diario \u201cLa voz del Interior\u201d de C\u00f3rdoba.<\/span><\/p>\n<p><span style=\"color: #000000\">Fallece a los 47 a\u00f1os de edad, v\u00edctima de tuberculosis, el 24 de Marzo de 1931.<\/span><\/p>\n<p><span style=\"color: #000000\">Est\u00e1n a\u00fan in\u00e9ditas sus obras <em>El nobil\u00edsimo Se\u00f1or de Olllantaytambo pr\u00edncipe de Chim\u00fa y su amo<\/em>r; de 1916; y <em>La llama<\/em>, de 1923.<\/span><\/p>\n<h3><span style=\"color: #000000\">Publicaciones<\/span><\/h3>\n<ul>\n<li><span style=\"color: #000000\"><em>Flavio Solari, <\/em>1907<\/span><\/li>\n<li><span style=\"color: #000000\"><em>Don Juan Zeballos<\/em>, 1912<\/span><\/li>\n<li><span style=\"color: #000000\"><em>Arquitectura maya<\/em>, 1914<\/span><\/li>\n<li><span style=\"color: #000000\"><em>El libro de los cielos,<\/em> 1942 \u2013edici\u00f3n p\u00f3stuma-<\/span><\/li>\n<li><span style=\"color: #000000\"><em>El misterio de Ur. Novela fant\u00e1stica<\/em>, 1947 \u2013edici\u00f3n p\u00f3stuma-<\/span><\/li>\n<\/ul>\n<p style=\"text-align: right\"><a href=\"http:\/\/ffyh.unc.edu.ar\/biblioteca\/escritores-de-cordoba\/\">volver<\/a><\/p>\n","protected":false},"excerpt":{"rendered":"<div class=\"entry-summary\">\nNaci\u00f3 el 11 de Abril de 1883 en C\u00f3rdoba, hija de Pedro Allende y Delfina Tocaimasa. Fue una de las&hellip;\n<\/div>\n<div class=\"link-more\"><a href=\"https:\/\/ffyh.unc.edu.ar\/biblioteca\/escritores-de-cordoba\/allende-de-buffo-leonor\/\" class=\"more-link\">Continuar leyendo<span class=\"screen-reader-text\"> &ldquo;Allende de Buffo, Leonor&rdquo;<\/span>&hellip;<\/a><\/div>\n","protected":false},"author":7,"featured_media":0,"parent":3221,"menu_order":0,"comment_status":"closed","ping_status":"closed","template":"","meta":{"_acf_changed":false,"jetpack_post_was_ever_published":false,"footnotes":""},"class_list":["post-3281","page","type-page","status-publish","hentry","entry"],"acf":[],"jetpack_shortlink":"https:\/\/wp.me\/P9UJM9-QV","jetpack-related-posts":[],"jetpack_sharing_enabled":true,"_links":{"self":[{"href":"https:\/\/ffyh.unc.edu.ar\/biblioteca\/wp-json\/wp\/v2\/pages\/3281","targetHints":{"allow":["GET"]}}],"collection":[{"href":"https:\/\/ffyh.unc.edu.ar\/biblioteca\/wp-json\/wp\/v2\/pages"}],"about":[{"href":"https:\/\/ffyh.unc.edu.ar\/biblioteca\/wp-json\/wp\/v2\/types\/page"}],"author":[{"embeddable":true,"href":"https:\/\/ffyh.unc.edu.ar\/biblioteca\/wp-json\/wp\/v2\/users\/7"}],"replies":[{"embeddable":true,"href":"https:\/\/ffyh.unc.edu.ar\/biblioteca\/wp-json\/wp\/v2\/comments?post=3281"}],"version-history":[{"count":2,"href":"https:\/\/ffyh.unc.edu.ar\/biblioteca\/wp-json\/wp\/v2\/pages\/3281\/revisions"}],"predecessor-version":[{"id":3283,"href":"https:\/\/ffyh.unc.edu.ar\/biblioteca\/wp-json\/wp\/v2\/pages\/3281\/revisions\/3283"}],"up":[{"embeddable":true,"href":"https:\/\/ffyh.unc.edu.ar\/biblioteca\/wp-json\/wp\/v2\/pages\/3221"}],"wp:attachment":[{"href":"https:\/\/ffyh.unc.edu.ar\/biblioteca\/wp-json\/wp\/v2\/media?parent=3281"}],"curies":[{"name":"wp","href":"https:\/\/api.w.org\/{rel}","templated":true}]}}