{"id":3289,"date":"2019-05-20T16:16:37","date_gmt":"2019-05-20T16:16:37","guid":{"rendered":"http:\/\/ffyh.unc.edu.ar\/biblioteca\/?page_id=3289"},"modified":"2021-02-02T18:52:08","modified_gmt":"2021-02-02T18:52:08","slug":"aran-pampa","status":"publish","type":"page","link":"https:\/\/ffyh.unc.edu.ar\/biblioteca\/escritores-de-cordoba\/aran-pampa\/","title":{"rendered":"Ar\u00e1n, Pampa"},"content":{"rendered":"<p><span style=\"color: #000000\">Naci\u00f3 en C\u00f3rdoba a comienzos de los 40. Creci\u00f3 en la provincia de Santa Fe, donde se recibi\u00f3 de maestra normal. Sus padres, militantes socialistas de vida austera y compromiso social, le transmitieron desde su infancia esa pasi\u00f3n por la lectura y la pol\u00edtica. Ejerce como maestra a los 17 a\u00f1os en Rosario. Inici\u00f3 sus estudios universitarios, y se form\u00f3 con importantes docentes e \u00a0intelectuales que la llevaron a asumir una perspectiva sociocr\u00edtica en el an\u00e1lisis de la literatura. A los 25 a\u00f1os lleg\u00f3 a C\u00f3rdoba y trabaj\u00f3 en escuelas rurales y urbanas, tanto en el nivel medio como en el profesorado. Se cas\u00f3 y tuvo dos hijos. En la d\u00e9cada de 1980 ingres\u00f3 a la escuela Agust\u00edn Garz\u00f3n Agulla \u2013de barrio General Paz- y, con el paso del tiempo, lleg\u00f3 a formar parte del cuerpo directivo.<\/span><\/p>\n<p><span style=\"color: #000000\">En 1972 rindi\u00f3 un concurso y se incorpor\u00f3 a la c\u00e1tedra de Literatura Argentina de la Escuela de Letras de la Facultad de Filosof\u00eda y Humanidades (UNCba). M\u00e1s tarde, asume el dictado de un seminario de an\u00e1lisis literario, donde comenz\u00f3 a abordar la literatura desde una perspectiva sociocr\u00edtica y pol\u00edtica en materias vinculadas con la semi\u00f3tica. Es doctora en Letras Modernas y profesora em\u00e9rita por la Universidad Nacional de C\u00f3rdoba. Dicta seminarios de metodolog\u00eda de investigaci\u00f3n en el Centro de Estudios Avanzados (CEA), en la Facultad de Filosof\u00eda y Humanidades y en otras unidades acad\u00e9micas del pa\u00eds. Ha escrito y publicado muchos art\u00edculos cient\u00edficos que aparecieron en revistas, actas y ediciones especializadas; y sus intereses giran en torno a la ficci\u00f3n narrativa como creaci\u00f3n y forma de conocimiento.<\/span><\/p>\n<p><span style=\"color: #000000\">Aun cuando no haya publicado textos literarios, se la incluye en este cuerpo de escritores locales porque le ha interesado integrar en su mirada, lo local, con investigaciones visionarias y adelantadas en su tipo.<\/span><\/p>\n<p><span style=\"color: #000000\">El foco hacia la literatura de C\u00f3rdoba, desde la antolog\u00eda que public\u00f3 en el a\u00f1o 1985 junto con Silvia Barei, resulta la primera propuesta integral para sistematizar el campo de las letras de la provincia, con identidad, historia, perfil y caracter\u00edsticas. Ese trabajo tiene como antecedente, una investigaci\u00f3n individual de la autora con la cual, en 1981, gan\u00f3 el Premio \u201cLeopoldo Lugones\u201d, y que a\u00fan permanece in\u00e9dita.<\/span><\/p>\n<h3><span style=\"color: #000000\">Publicaciones<\/span><\/h3>\n<h4><span style=\"color: #000000\">De literatura y autores de C\u00f3rdoba<\/span><\/h4>\n<ul>\n<li><span style=\"color: #000000\"><a href=\"http:\/\/ffyh.biblio.unc.edu.ar\/\/cgi-bin\/koha\/opac-detail.pl?biblionumber=81723\"><em>Las provincias y su literatura: C\u00f3rdoba. Antolog\u00eda<\/em><\/a>, 1985. En colaboraci\u00f3n con Silvia Barei.<\/span><\/li>\n<li><span style=\"color: #000000\"><a href=\"https:\/\/catalogo.biblio.unc.edu.ar\/Search\/Results?lookfor=Leopoldo+Lugones%2C+cuento%2C+poes%C3%ADa+y+ensayo%3A+antolog%C3%ADa&amp;type=AllFields&amp;filter%5B%5D=format%3A%22Book%22&amp;limit=20&amp;sort=relevance\"><em>Leopoldo Lugones, cuento, poes\u00eda y ensayo: antolog\u00eda<\/em>, 1989<\/a>. En colaboraci\u00f3n con Silvia Barei.<\/span><\/li>\n<li><span style=\"color: #000000\"><em><a href=\"https:\/\/catalogo.biblio.unc.edu.ar\/Search\/Results?lookfor=Umbrales+y+cat%C3%A1strofes%3A+literatura+argentina+&amp;type=AllFields&amp;filter%5B%5D=format%3A%22Book%22&amp;limit=20&amp;sort=relevance\">Umbrales y cat\u00e1strofes: literatura argentina de los &#8217;90<\/a>,<\/em> 2003. En colaboraci\u00f3n con Susana Romano Sued y otros.<\/span><\/li>\n<li><span style=\"color: #000000\"><em>Los &#8217;90: otras indagaciones<\/em>, 2005. En colaboraci\u00f3n con Susana Romano Sued.<\/span><\/li>\n<li><span style=\"color: #000000\"><em>I<a href=\"https:\/\/catalogo.biblio.unc.edu.ar\/Search\/Results?lookfor=ar%C3%A1n%2C+pampa+interpelaciones&amp;type=AllFields&amp;filter%5B%5D=format%3A%22Book%22&amp;limit=20&amp;sort=relevance\">nterpelaciones: hacia una teor\u00eda critica de las escrituras sobre dictadura y memoria<\/a><\/em>, 2010. Coordinaci\u00f3n general.<\/span><\/li>\n<li><span style=\"color: #000000\"><em>\u00a0<\/em><\/span><\/li>\n<\/ul>\n<h4><span style=\"color: #000000\">Otras propuestas<\/span><\/h4>\n<ul>\n<li><span style=\"color: #000000\"><a href=\"https:\/\/catalogo.biblio.unc.edu.ar\/Search\/Results?lookfor=ar%C3%A1n%2C+pampa+Voces+e+ideolog%C3%ADas%3A+estudios+bajtinianos&amp;type=AllFields&amp;filter%5B%5D=format%3A%22Book%22&amp;limit=20&amp;sort=relevance\"><em>Voces e ideolog\u00edas: estudios bajtinianos<\/em><\/a>, 1996. En colaboraci\u00f3n con Ana Beatriz Flores.<\/span><\/li>\n<li><span style=\"color: #000000\"><a href=\"https:\/\/catalogo.biblio.unc.edu.ar\/Search\/Results?lookfor=ar%C3%A1n%2C+pampa+Diccionario+le%CC%81xico+de+la+teori%CC%81a+de+Mijail+M.+Bajtin&amp;type=AllFields&amp;filter%5B%5D=format%3A%22Book%22&amp;limit=20&amp;sort=relevance\"><em>Diccionario l\u00e9xico de la teor\u00eda de Mijail M. Bajtin<\/em><\/a>, 1996<\/span><\/li>\n<li><span style=\"color: #000000\"><a href=\"http:\/\/ffyh.biblio.unc.edu.ar\/\/cgi-bin\/koha\/opac-detail.pl?biblionumber=46446\"><em>La estil\u00edstica de la novela en M.M. Bajtin: teor\u00eda y aplicaci\u00f3n<\/em><\/a>, 1998. En colaboraci\u00f3n con Mar\u00eda Marengo.<\/span><\/li>\n<li><span style=\"color: #000000\"><em><a href=\"https:\/\/catalogo.biblio.unc.edu.ar\/Search\/Results?lookfor=ar%C3%A1n%2C+pampa+El+fant%C3%A1stico+literario%3A+aportes+te%C3%B3ricos&amp;type=AllFields&amp;filter%5B%5D=format%3A%22Book%22&amp;limit=20&amp;sort=relevance\">El fant\u00e1stico literario: aportes te\u00f3ricos<\/a>,<\/em> 1999<\/span><\/li>\n<li><span style=\"color: #000000\"><em><a href=\"https:\/\/catalogo.biblio.unc.edu.ar\/Search\/Results?lookfor=ar%C3%A1n%2C+pampa+Apuntes+sobre+g%C3%A9neros+literarios&amp;type=AllFields&amp;filter%5B%5D=format%3A%22Book%22&amp;limit=20&amp;sort=relevance\">Apuntes sobre g\u00e9neros literarios<\/a>,<\/em> 2001<\/span><\/li>\n<li><em><a href=\"http:\/\/cea.biblio.unc.edu.ar\/\/cgi-bin\/koha\/opac-detail.pl?biblionumber=2166\">De la Argentina y sus fantasmas<\/a>, <\/em>2002<\/li>\n<li><a href=\"https:\/\/catalogo.biblio.unc.edu.ar\/Search\/Results?lookfor=ar%C3%A1n%2C+pampa+Texto%2C+memoria%2C+cultura%3A+el+pensamiento+de+Iuri+Lotman&amp;type=AllFields&amp;filter%5B%5D=format%3A%22Book%22&amp;limit=20&amp;sort=relevance\"><em>Texto, memoria, cultura: el pensamiento de Iuri Lotman<\/em><\/a><span style=\"color: #000000\">, 2006. En colaboraci\u00f3n con Silvia Barei<\/span><\/li>\n<li><span style=\"color: #000000\"><a href=\"https:\/\/catalogo.biblio.unc.edu.ar\/Search\/Results?lookfor=ar%C3%A1n%2C+pampa+Nuevo+diccionario+de+la+teor%C3%ADa+de+Mija%C3%ADl+Bajt%C3%ADn&amp;type=AllFields&amp;filter%5B%5D=format%3A%22Book%22&amp;limit=20&amp;sort=relevance\"><em>Nuevo diccionario de la teor\u00eda de Mija\u00edl Bajt\u00edn<\/em><\/a>, 2006<\/span><\/li>\n<li><span style=\"color: #000000\"><a href=\"https:\/\/catalogo.biblio.unc.edu.ar\/Search\/Results?lookfor=ar%C3%A1n%2C+pampa+La+semi%C3%B3tica+de+los+60%2F70%3A+sus+proyecciones+en+la+actualidad&amp;type=AllFields&amp;filter%5B%5D=format%3A%22Book%22&amp;limit=20&amp;sort=relevance\"><em>La semi\u00f3tica de los 60\/70: sus proyecciones en la actualidad<\/em><\/a>, 2008. En colaboraci\u00f3n con Mar\u00eda Teresa Dalmasso.<\/span><\/li>\n<li><span style=\"color: #000000\"><em>Lo fant\u00e1stico en Hispanoam\u00e9rica<\/em>, 2011. En colaboraci\u00f3n con Elton Honores.<\/span><\/li>\n<li><a href=\"https:\/\/catalogo.biblio.unc.edu.ar\/Search\/Results?lookfor=ar%C3%A1n%2C+pampa+G%C3%A9nero%2C+texto%2C+discurso+encrucijadas+y+caminos&amp;type=AllFields&amp;filter%5B%5D=format%3A%22Book%22&amp;limit=20&amp;sort=relevance\"><em>G\u00e9nero, texto, discurso encrucijadas y caminos<\/em><\/a>, 2009. En colaboraci\u00f3n con Silvia Barei.<\/li>\n<li><a href=\"http:\/\/lenguas.biblio.unc.edu.ar\/\/cgi-bin\/koha\/opac-detail.pl?biblionumber=23266\"><em>Iuri Lotmann, in memorian<\/em><\/a>; 2014 (en colaboraci\u00f3n)<\/li>\n<li><em>Lo fanta\u0301stico en Hispanoame\u0301rica<\/em>, 2011. En colaboraci\u00f3n con Elton Honores.<\/li>\n<li><span style=\"color: #000000\"><em>L<a href=\"https:\/\/catalogo.biblio.unc.edu.ar\/Search\/Results?lookfor=ar%C3%A1n%2C+pampa+La+herencia+de+Bajt%C3%ADn.+Reflexiones+y+migraciones&amp;type=AllFields&amp;filter%5B%5D=format%3A%22Book%22&amp;limit=20&amp;sort=relevance\">a herencia de Bajt\u00edn<\/a>. Reflexiones y migraciones<\/em>, 2016<\/span><\/li>\n<\/ul>\n<h3><span style=\"color: #000000\">Bibliograf\u00eda<\/span><\/h3>\n<p><span style=\"color: #000000\">Eguia, Bibiana: \u201cClaves de acceso a la Literatura de C\u00f3rdoba durante la transici\u00f3n democr\u00e1tica (1982-1989)\u201d en\u00a0 En Barcellona, M; Curetti, Sandra: <em>Memoria, Literatura y Pol\u00edtica en C\u00f3rdoba durante la transici\u00f3n democr\u00e1tica<\/em>. C\u00f3rdoba, Eduvim, 2011, p\u00e1g. 33-62.<\/span><\/p>\n<p style=\"text-align: right\"><a href=\"http:\/\/ffyh.unc.edu.ar\/biblioteca\/escritores-de-cordoba\/\">volver<\/a><\/p>\n","protected":false},"excerpt":{"rendered":"<div class=\"entry-summary\">\nNaci\u00f3 en C\u00f3rdoba a comienzos de los 40. Creci\u00f3 en la provincia de Santa Fe, donde se recibi\u00f3 de maestra&hellip;\n<\/div>\n<div class=\"link-more\"><a href=\"https:\/\/ffyh.unc.edu.ar\/biblioteca\/escritores-de-cordoba\/aran-pampa\/\" class=\"more-link\">Continuar leyendo<span class=\"screen-reader-text\"> &ldquo;Ar\u00e1n, Pampa&rdquo;<\/span>&hellip;<\/a><\/div>\n","protected":false},"author":7,"featured_media":0,"parent":3221,"menu_order":0,"comment_status":"closed","ping_status":"closed","template":"","meta":{"_acf_changed":false,"saved_in_kubio":false,"jetpack_post_was_ever_published":false,"footnotes":""},"class_list":["post-3289","page","type-page","status-publish","hentry","entry"],"acf":[],"kubio_ai_page_context":{"short_desc":"","purpose":"general"},"jetpack_shortlink":"https:\/\/wp.me\/P9UJM9-R3","jetpack-related-posts":[],"jetpack_sharing_enabled":true,"_links":{"self":[{"href":"https:\/\/ffyh.unc.edu.ar\/biblioteca\/wp-json\/wp\/v2\/pages\/3289","targetHints":{"allow":["GET"]}}],"collection":[{"href":"https:\/\/ffyh.unc.edu.ar\/biblioteca\/wp-json\/wp\/v2\/pages"}],"about":[{"href":"https:\/\/ffyh.unc.edu.ar\/biblioteca\/wp-json\/wp\/v2\/types\/page"}],"author":[{"embeddable":true,"href":"https:\/\/ffyh.unc.edu.ar\/biblioteca\/wp-json\/wp\/v2\/users\/7"}],"replies":[{"embeddable":true,"href":"https:\/\/ffyh.unc.edu.ar\/biblioteca\/wp-json\/wp\/v2\/comments?post=3289"}],"version-history":[{"count":4,"href":"https:\/\/ffyh.unc.edu.ar\/biblioteca\/wp-json\/wp\/v2\/pages\/3289\/revisions"}],"predecessor-version":[{"id":4499,"href":"https:\/\/ffyh.unc.edu.ar\/biblioteca\/wp-json\/wp\/v2\/pages\/3289\/revisions\/4499"}],"up":[{"embeddable":true,"href":"https:\/\/ffyh.unc.edu.ar\/biblioteca\/wp-json\/wp\/v2\/pages\/3221"}],"wp:attachment":[{"href":"https:\/\/ffyh.unc.edu.ar\/biblioteca\/wp-json\/wp\/v2\/media?parent=3289"}],"curies":[{"name":"wp","href":"https:\/\/api.w.org\/{rel}","templated":true}]}}