{"id":3307,"date":"2019-05-23T16:14:23","date_gmt":"2019-05-23T16:14:23","guid":{"rendered":"http:\/\/ffyh.unc.edu.ar\/biblioteca\/?page_id=3307"},"modified":"2019-10-28T17:34:53","modified_gmt":"2019-10-28T17:34:53","slug":"astrada-etelvina","status":"publish","type":"page","link":"https:\/\/ffyh.unc.edu.ar\/biblioteca\/escritores-de-cordoba\/astrada-etelvina\/","title":{"rendered":"Astrada, Etelvina"},"content":{"rendered":"<p class=\"western\" lang=\"es-ES\"><span style=\"color: #000000\">Naci\u00f3 el 17 de julio de 1930 en Alemania, pa\u00eds de origen de su madre, Catalina \u201cIne\u201d Heindrich, durante una beca de estudios de su padre, Carlos Astrada, en aquel pa\u00eds. Perteneci\u00f3 a una familia destacada de C\u00f3rdoba. Lleva el nombre de su abuela materna, y de una t\u00eda paterna. Residi\u00f3 en C\u00f3rdoba, Argentina desde 1931. Estudi\u00f3 Bibliotecolog\u00eda (egres\u00f3 en 1973) en la Universidad Nacional de C\u00f3rdoba. Su hermano Rainer fue el primer traductor de Rilke en Argentina. Su primer esposo \u2013fallecido a edad muy temprana-, fue Oscar Eligio Cocca (1923-1959), docente universitario y prestigioso abogado del medio cordob\u00e9s con quien tuvo dos hijos, uno de ellos, Ernesto, desaparecido pol\u00edtico, v\u00edctima de la Triple A. Su segundo esposo fue Emilio Terzaga (\u201cel Moro\u201d), fil\u00f3sofo, uno de los fundadores del Centro de Acci\u00f3n Nacional Latinoamericana (CANLA) primer nucleamiento ideol\u00f3gico del pensamiento de izquierda organizado en C\u00f3rdoba en 1958, con proyecciones al continente europeo, con su sede en Madrid. A mediados de los 70, el matrimonio decide salir del pa\u00eds y se traslada a la capital espa\u00f1ola, donde contin\u00faa su compromiso pol\u00edtico con la causa latinoamericana junto a otros exiliados. All\u00ed nace una hija del matrimonio. Muere en 1999.<\/span><\/p>\n<h3 class=\"western\"><span style=\"color: #000000\">Publicaciones<\/span><\/h3>\n<ul>\n<li class=\"western\"><span style=\"color: #000000\"><i>Poes\u00eda pol\u00edtica y combativa argentina, (antolog\u00eda), <\/i>1978<\/span><\/li>\n<li class=\"western\"><span style=\"color: #000000\"><i>Autobiograf\u00eda con gatillo, <\/i>1980<\/span><\/li>\n<li class=\"western\"><span style=\"color: #000000\"><i>La muerte arrebatada, <\/i>1981<\/span><\/li>\n<li class=\"western\"><span style=\"color: #000000\"><i>Las penas capitales, <\/i>1986<\/span><\/li>\n<li class=\"western\"><span style=\"color: #000000\"><i>Libro de mal amor, <\/i>1993<\/span><\/li>\n<li class=\"western\"><span style=\"color: #000000\"><i>Atizando la lumbre, <\/i>1996<\/span><\/li>\n<\/ul>\n<h3 class=\"western\"><span style=\"color: #000000\">Bibliograf\u00eda<\/span><\/h3>\n<ul>\n<li class=\"western\"><span style=\"color: #000000\">Egu\u00eda, Bibiana: \u201c<a href=\"https:\/\/revistes.uab.cat\/mitologias\/article\/view\/v15-eguia\">Etelvina Astrada: Estar en Espa\u00f1a para estar en Argentina. La ideolog\u00eda en apertura de una poeta coherente<\/a>\u201d en Revista \u201c<i>Mitolog\u00edas, hoy. Revista de pensamiento, cr\u00edtica y estudios literarios latinoamericanos\u201d <\/i>Nro. 5 A\u00f1o 2017 p163-179.<\/span><span lang=\"en-US\" style=\"color: #000000\"><br \/>\n<\/span><\/li>\n<\/ul>\n<p style=\"text-align: right\"><a href=\"http:\/\/ffyh.unc.edu.ar\/biblioteca\/escritores-de-cordoba\/\">volver<\/a><\/p>\n","protected":false},"excerpt":{"rendered":"<div class=\"entry-summary\">\nNaci\u00f3 el 17 de julio de 1930 en Alemania, pa\u00eds de origen de su madre, Catalina \u201cIne\u201d Heindrich, durante una&hellip;\n<\/div>\n<div class=\"link-more\"><a href=\"https:\/\/ffyh.unc.edu.ar\/biblioteca\/escritores-de-cordoba\/astrada-etelvina\/\" class=\"more-link\">Continuar leyendo<span class=\"screen-reader-text\"> &ldquo;Astrada, Etelvina&rdquo;<\/span>&hellip;<\/a><\/div>\n","protected":false},"author":7,"featured_media":0,"parent":3221,"menu_order":0,"comment_status":"closed","ping_status":"closed","template":"","meta":{"_acf_changed":false,"jetpack_post_was_ever_published":false,"footnotes":""},"class_list":["post-3307","page","type-page","status-publish","hentry","entry"],"acf":[],"jetpack_shortlink":"https:\/\/wp.me\/P9UJM9-Rl","jetpack-related-posts":[],"jetpack_sharing_enabled":true,"_links":{"self":[{"href":"https:\/\/ffyh.unc.edu.ar\/biblioteca\/wp-json\/wp\/v2\/pages\/3307","targetHints":{"allow":["GET"]}}],"collection":[{"href":"https:\/\/ffyh.unc.edu.ar\/biblioteca\/wp-json\/wp\/v2\/pages"}],"about":[{"href":"https:\/\/ffyh.unc.edu.ar\/biblioteca\/wp-json\/wp\/v2\/types\/page"}],"author":[{"embeddable":true,"href":"https:\/\/ffyh.unc.edu.ar\/biblioteca\/wp-json\/wp\/v2\/users\/7"}],"replies":[{"embeddable":true,"href":"https:\/\/ffyh.unc.edu.ar\/biblioteca\/wp-json\/wp\/v2\/comments?post=3307"}],"version-history":[{"count":2,"href":"https:\/\/ffyh.unc.edu.ar\/biblioteca\/wp-json\/wp\/v2\/pages\/3307\/revisions"}],"predecessor-version":[{"id":3309,"href":"https:\/\/ffyh.unc.edu.ar\/biblioteca\/wp-json\/wp\/v2\/pages\/3307\/revisions\/3309"}],"up":[{"embeddable":true,"href":"https:\/\/ffyh.unc.edu.ar\/biblioteca\/wp-json\/wp\/v2\/pages\/3221"}],"wp:attachment":[{"href":"https:\/\/ffyh.unc.edu.ar\/biblioteca\/wp-json\/wp\/v2\/media?parent=3307"}],"curies":[{"name":"wp","href":"https:\/\/api.w.org\/{rel}","templated":true}]}}