{"id":3318,"date":"2019-05-27T14:37:02","date_gmt":"2019-05-27T14:37:02","guid":{"rendered":"http:\/\/ffyh.unc.edu.ar\/biblioteca\/?page_id=3318"},"modified":"2022-05-16T17:24:57","modified_gmt":"2022-05-16T17:24:57","slug":"baldovin-glauce","status":"publish","type":"page","link":"https:\/\/ffyh.unc.edu.ar\/biblioteca\/escritores-de-cordoba\/baldovin-glauce\/","title":{"rendered":"Baldovin, Glauce"},"content":{"rendered":"<p><span style=\"color: #000000\">La poeta naci\u00f3 en R\u00edo IV en noviembre de 1928. Integr\u00f3 el consejo de la revista<\/span><br \/>\n<span style=\"color: #000000\">\u201cMediterr\u00e1nea\u201d, publicada en C\u00f3rdoba entre 1952 y 1958. Tambi\u00e9n fue<\/span><br \/>\n<span style=\"color: #000000\">codirectora de la revista \u201cVertical\u201d entre 1951 y 1957. Tuvo una gran amistad con<\/span><br \/>\n<span style=\"color: #000000\">Romilio Ribero. Dirigi\u00f3 talleres literarios y coordin\u00f3 grupos de escritores, como<\/span><br \/>\n<span style=\"color: #000000\">\u201cRa\u00edz y Palabra\u201d. Tuvo dos hijos y se separ\u00f3 de su marido. Sergio, el menor, fue<\/span><br \/>\n<span style=\"color: #000000\">desaparecido mientras hac\u00eda el servicio militar. Sus textos reci\u00e9n comienzan a<\/span><br \/>\n<span style=\"color: #000000\">publicarse luego del retorno a la democracia, durante los 80. Escritora l\u00facida y<\/span><br \/>\n<span style=\"color: #000000\">muy inteligente, de posici\u00f3n ideol\u00f3gica muy firme y sostenida, fue una comunista<\/span><br \/>\n<span style=\"color: #000000\">heterodoxa. Posee una vasta obra de casi treinta libros recientemente compilados<\/span><br \/>\n<span style=\"color: #000000\">y publicados bajo el t\u00edtulo de\u00a0Mi signo es fuego. Falleci\u00f3 en 1997.<\/span><\/p>\n<h3><span style=\"color: #000000\">Publicaciones<\/span><\/h3>\n<ul>\n<li><span style=\"color: #000000\"><em>Poemas<\/em>\u00a0 (1988)<\/span><\/li>\n<li><span style=\"color: #000000\"><em>Libro de la soledad<\/em>, 1987<\/span><\/li>\n<li><span style=\"color: #000000\"><em>Nuestra casa en el tercer mundo<\/em>, 1989<\/span><\/li>\n<li><span style=\"color: #000000\"><a href=\"http:\/\/eci.biblio.unc.edu.ar\/\/cgi-bin\/koha\/opac-detail.pl?biblionumber=1787\"><em>De los poetas<\/em><\/a>, 1991<\/span><\/li>\n<li><span style=\"color: #000000\"><em><a href=\"http:\/\/bmayor.biblio.unc.edu.ar\/\/cgi-bin\/koha\/opac-detail.pl?biblionumber=31742\">Libro del amor<\/a>, <\/em>1993<\/span><\/li>\n<li><span style=\"color: #000000\"><a href=\"https:\/\/catalogo.biblio.unc.edu.ar\/Search\/Results?lookfor=baldovin+glauce+Con+los+gatos%2C+el+silencio&amp;type=AllFields&amp;filter%5B%5D=format%3A%22Book%22&amp;limit=20&amp;sort=relevance\"><em>Con los gatos, el silencio<\/em><\/a>, 1994<\/span><\/li>\n<li><span style=\"color: #000000\"><em>Libro de la soledad\/ Nuestra casa en el tercer mundo<\/em>, 1995<\/span><\/li>\n<li><span style=\"color: #000000\"><em><a href=\"http:\/\/bmayor.biblio.unc.edu.ar\/\/cgi-bin\/koha\/opac-detail.pl?biblionumber=31743\">Libro de Isidro<\/a> \/ Libro de Mar\u00eda<\/em>, 1997<\/span><\/li>\n<li><span style=\"color: #000000\"><em>Poemas crueles<\/em>, 1996<\/span><\/li>\n<li><span style=\"color: #000000\"><a href=\"http:\/\/bmayor.biblio.unc.edu.ar\/\/cgi-bin\/koha\/opac-detail.pl?biblionumber=31743\"><em>Yo, Seclaud<\/em><\/a>, 2001<\/span><\/li>\n<li><span style=\"color: #000000\"><em>Con el rostro en la mano<\/em>, 2006<\/span><\/li>\n<li><span style=\"color: #000000\"><em>Promesa postergada\/ Hu\u00e9sped en su laberinto<\/em>, 2009<\/span><\/li>\n<li><span style=\"color: #000000\"><em>Antolog\u00eda po\u00e9tica<\/em>, 2010<\/span><\/li>\n<li><span style=\"color: #000000\"><em>Poes\u00eda in\u00e9dita reunida,<\/em> 2011<\/span><\/li>\n<li><span style=\"color: #000000\"><em>Mi signo es fuego,<\/em> 2018<\/span><\/li>\n<\/ul>\n<h3><span style=\"color: #000000\">Bibliograf\u00eda<\/span><\/h3>\n<ul>\n<li><span style=\"color: #000000\">Astrada, Etelvina: <em>Poes\u00eda combativa argentina<\/em>. Bilbao, Editorial Zero ZyX, 1978.<\/span><\/li>\n<li><span style=\"color: #000000\">Bonnet, Marcela; Sosa, Cristina P.: \u201cLa invenci\u00f3n de identidades en la po\u00e9tica de Glauce Baldov\u00edn\u201d en Milanesio, A., Mart\u00ednez, M.V.; Novo, M.; C\u00fartolo, M. y Berrutti, E. (compiladoras): Escrituras de mujer. R\u00edo Cuarto, Uni-r\u00edo, 2016, p.107-116.<\/span><\/li>\n<li><span style=\"color: #000000\"><a href=\"https:\/\/www.youtube.com\/watch?v=PVTM__qyFK0\">Baldovin, Glauce en Videoteca de autores cordobeses<\/a>. Duraci\u00f3n: 19 minutos<\/span><\/li>\n<li><span style=\"color: #000000\">Castellanos, Julio: Pr\u00f3logo del libro <em>Mi signo es fuego<\/em>. C\u00f3rdoba, Caballo Negro Editora, 2018<\/span><\/li>\n<li><span style=\"color: #000000\">Egu\u00eda, Bibiana: Glauce Baldovin, poeta: <a href=\"https:\/\/catalogo.biblio.unc.edu.ar\/Search\/Results?lookfor=las+nuestras+mujeres+que+hicieron+historia+en+cordoba&amp;type=AllFields&amp;limit=20&amp;sort=relevance\">Una madre y su revoluci\u00f3n en clave l\u00edrica<\/a>\u201d en <em>Las nuestras. Mujeres que hicieron historia en C\u00f3rdoba<\/em>, C\u00f3rdoba, Las nuestras, 2011<\/span><\/li>\n<li><span style=\"color: #000000\">Parfeniuk, Aldo: <a href=\"https:\/\/catalogo.biblio.unc.edu.ar\/Search\/Results?lookfor=Conversaciones+notas+sobre+po%C3%A9ticas+y+poetas+argentinos&amp;type=Title&amp;limit=20&amp;sort=relevance\"><em>Conversaciones: notas sobre po\u00e9ticas y poetas argentinos<\/em><\/a>. C\u00f3rdoba, Argos, 1994.<\/span><\/li>\n<li><span style=\"color: #000000\">Perr\u00e9n, Lila: <a href=\"https:\/\/catalogo.biblio.unc.edu.ar\/Search\/Results?lookfor=Parici%C3%B3n+de+nombrad%C3%ADa&amp;type=Title&amp;limit=20&amp;sort=relevance\"><em>Parici\u00f3n de nombrad\u00eda. Mujeres poetas de C\u00f3rdoba<\/em><\/a>. C\u00f3rdoba, Argos, 1994<\/span><\/li>\n<li><span style=\"color: #000000\">Rennella, Patricia: \u201c<a href=\"http:\/\/cea.biblio.unc.edu.ar\/\/cgi-bin\/koha\/opac-detail.pl?biblionumber=2780\">G\u00e9nero y cotidianidad en Glauce Baldovin<\/a>\u201d en Dalmasso, Mar\u00eda Teresa y Boria, Adriana (coord.): <em>Discurso social y construcci\u00f3n de identidades: Mujer y g\u00e9nero 2005<\/em>. C\u00f3rdoba, CEA\/UNC, 2006, p\u00b4175-184.<\/span><\/li>\n<li><span style=\"color: #000000\">Ruiz Moreno, Luisa: <em>Tr\u00edptico en tono menor. Estudio semi\u00f3tico<\/em>. M\u00e9xico, Edici\u00f3n del autor, 2014.<\/span><\/li>\n<li><span style=\"color: #000000\">Teatro por la identidad: <em>La pisada del unicornio. Literatura y m\u00fasica en la C\u00f3rdoba de los 80<\/em>.<\/span><\/li>\n<\/ul>\n<p style=\"text-align: right\"><a href=\"http:\/\/ffyh.unc.edu.ar\/biblioteca\/escritores-de-cordoba\/\">volver<\/a><\/p>\n","protected":false},"excerpt":{"rendered":"<div class=\"entry-summary\">\nLa poeta naci\u00f3 en R\u00edo IV en noviembre de 1928. Integr\u00f3 el consejo de la revista \u201cMediterr\u00e1nea\u201d, publicada en C\u00f3rdoba&hellip;\n<\/div>\n<div class=\"link-more\"><a href=\"https:\/\/ffyh.unc.edu.ar\/biblioteca\/escritores-de-cordoba\/baldovin-glauce\/\" class=\"more-link\">Continuar leyendo<span class=\"screen-reader-text\"> &ldquo;Baldovin, Glauce&rdquo;<\/span>&hellip;<\/a><\/div>\n","protected":false},"author":7,"featured_media":0,"parent":3221,"menu_order":0,"comment_status":"closed","ping_status":"closed","template":"","meta":{"_acf_changed":false,"saved_in_kubio":false,"jetpack_post_was_ever_published":false,"footnotes":""},"class_list":["post-3318","page","type-page","status-publish","hentry","entry"],"acf":[],"kubio_ai_page_context":{"short_desc":"","purpose":"general"},"jetpack_shortlink":"https:\/\/wp.me\/P9UJM9-Rw","jetpack-related-posts":[],"jetpack_sharing_enabled":true,"_links":{"self":[{"href":"https:\/\/ffyh.unc.edu.ar\/biblioteca\/wp-json\/wp\/v2\/pages\/3318","targetHints":{"allow":["GET"]}}],"collection":[{"href":"https:\/\/ffyh.unc.edu.ar\/biblioteca\/wp-json\/wp\/v2\/pages"}],"about":[{"href":"https:\/\/ffyh.unc.edu.ar\/biblioteca\/wp-json\/wp\/v2\/types\/page"}],"author":[{"embeddable":true,"href":"https:\/\/ffyh.unc.edu.ar\/biblioteca\/wp-json\/wp\/v2\/users\/7"}],"replies":[{"embeddable":true,"href":"https:\/\/ffyh.unc.edu.ar\/biblioteca\/wp-json\/wp\/v2\/comments?post=3318"}],"version-history":[{"count":7,"href":"https:\/\/ffyh.unc.edu.ar\/biblioteca\/wp-json\/wp\/v2\/pages\/3318\/revisions"}],"predecessor-version":[{"id":4947,"href":"https:\/\/ffyh.unc.edu.ar\/biblioteca\/wp-json\/wp\/v2\/pages\/3318\/revisions\/4947"}],"up":[{"embeddable":true,"href":"https:\/\/ffyh.unc.edu.ar\/biblioteca\/wp-json\/wp\/v2\/pages\/3221"}],"wp:attachment":[{"href":"https:\/\/ffyh.unc.edu.ar\/biblioteca\/wp-json\/wp\/v2\/media?parent=3318"}],"curies":[{"name":"wp","href":"https:\/\/api.w.org\/{rel}","templated":true}]}}