{"id":3322,"date":"2019-05-27T14:38:54","date_gmt":"2019-05-27T14:38:54","guid":{"rendered":"http:\/\/ffyh.unc.edu.ar\/biblioteca\/?page_id=3322"},"modified":"2025-04-16T20:00:48","modified_gmt":"2025-04-16T20:00:48","slug":"escritores-de-cordoba-barei-silvia","status":"publish","type":"page","link":"https:\/\/ffyh.unc.edu.ar\/biblioteca\/escritores-de-cordoba-barei-silvia\/","title":{"rendered":"Barei, Silvia"},"content":{"rendered":"<p><span style=\"color: #000000\">Naci\u00f3 en San Francisco (C\u00f3rdoba), el 20 de enero de 1950. Lleg\u00f3 a la capital para cursar los estudios universitarios de Licenciada y Profesora en Literaturas Modernas (1971 y 1972). En 1997, obtiene el grado de Doctora en Letras Modernas. Ejerci\u00f3 la docencia universitaria en la Facultad de Filosof\u00eda y Humanidades, la Escuela de Ciencias de la Informaci\u00f3n (Fac. de Derecho); y la Facultad de Lenguas. Fue elegida Vice-Rectora de la UNCba, para la gesti\u00f3n del Dr. Francisco Tamarit. Sus textos han sido publicados en antolog\u00edas y revistas literarias. Ha recibido distinciones y reconocimiento en m\u00e9rito a sus trabajos y trayectoria, tanto a nivel local como en el exterior, entre los cuales se destacan: una 1\u00ba Menci\u00f3n Premio \u00abLeopoldo Lugones\u00bb categor\u00eda Ensayo a\u00f1o 1981 por el ensayo literario \u201cAproximaciones a la literatura de C\u00f3rdoba\u201d, el 1\u00ba Premio \u00abFondo Nacional de las Artes\u00bb categor\u00eda Ensayo a\u00f1o 1986; una Distinci\u00f3n del Istituto Italiano di Cultura (C\u00f3rdoba, 1994) y el Premio Universidad Nacional de C\u00f3rdoba a la Trayectoria Acad\u00e9mica (C\u00f3rdoba, 1995). Tiene varias publicaciones en coautor\u00eda con Pampa Ar\u00e1n, sobre la tem\u00e1tica de C\u00f3rdoba.<\/span><\/p>\n<h3><span style=\"color: #000000\">Publicaciones<\/span><\/h3>\n<h4><span style=\"color: #000000\">Ensayo<\/span><\/h4>\n<ul>\n<li><span style=\"color: #000000\"><em>Las provincias y su literatura: C\u00f3rdoba<\/em>; 1982. En coautor\u00eda con Pampa Ar\u00e1n<\/span><\/li>\n<li><span style=\"color: #000000\"><em>Literatura e Industria Cultural: del follet\u00edn al best-seller, <\/em>1988<\/span><\/li>\n<li><span style=\"color: #000000\"><em>De la escritura y sus fronteras,<\/em> 1991. En coautor\u00eda con Beatriz Amman<\/span><\/li>\n<li><span style=\"color: #000000\"><em>El sentido de la fiesta en la cultura popular<\/em>, 1993<\/span><\/li>\n<li><span style=\"color: #000000\"><em>Cuestiones ret\u00f3ricas: cr\u00edtica y argumentaci\u00f3n<\/em>, 1996. En coautor\u00eda con Nilda Rinaldi<\/span><\/li>\n<li><span style=\"color: #000000\"><em>Teor\u00eda de la cr\u00edtica,<\/em> 1998<\/span><\/li>\n<li><span style=\"color: #000000\"><em>Borges y la cr\u00edtica literaria,<\/em> 1999<\/span><\/li>\n<li><span style=\"color: #000000\"><em>Texto y discurso: recorridos te\u00f3ricos<\/em>, 2001<\/span><\/li>\n<li><span style=\"color: #000000\"><em>Texto\/ memoria\/ cultura. El pensamiento de Iuri Lotman,<\/em> 2002. En coautor\u00eda con Pampa Ar\u00e1n.<\/span><\/li>\n<li><span style=\"color: #000000\"><em>Reversos de la palabra. Poes\u00eda y vida cotidiana<\/em>, 2005.<\/span><\/li>\n<li><span style=\"color: #000000\"><em>Cultura y orden metaf\u00f3rico<\/em>, 2012<\/span><\/li>\n<\/ul>\n<p>&nbsp;<\/p>\n<h4><span style=\"color: #000000\">Poes\u00eda<\/span><\/h4>\n<ul>\n<li><span style=\"color: #000000\"><em>Que no quiebre el conjuro la palabra<\/em>, 1992<\/span><\/li>\n<li><span style=\"color: #000000\"><em>De humana condici\u00f3n<\/em>, 1996<\/span><\/li>\n<li><span style=\"color: #000000\"><em>Cuerpos de agua,<\/em> 2004<\/span><\/li>\n<li><span style=\"color: #000000\"><em>Mujeres, artes y oficios<\/em>, 2008. En coautor\u00eda con Mar\u00eda Teresa Andruetto<\/span><\/li>\n<li><span style=\"color: #000000\"><em>La casa en el desierto,<\/em> 2008<\/span><\/li>\n<\/ul>\n<p style=\"text-align: right\"><a href=\"https:\/\/ffyh.unc.edu.ar\/escritores-de-cordoba\/guia-de-autores-cordobeses\/b\/\"><span style=\"color: #000000\">volver<\/span><\/a><\/p>\n","protected":false},"excerpt":{"rendered":"<div class=\"entry-summary\">\nNaci\u00f3 en San Francisco (C\u00f3rdoba), el 20 de enero de 1950. Lleg\u00f3 a la capital para cursar los estudios universitarios&hellip;\n<\/div>\n<div class=\"link-more\"><a href=\"https:\/\/ffyh.unc.edu.ar\/biblioteca\/escritores-de-cordoba-barei-silvia\/\" class=\"more-link\">Continuar leyendo<span class=\"screen-reader-text\"> &ldquo;Barei, Silvia&rdquo;<\/span>&hellip;<\/a><\/div>\n","protected":false},"author":7,"featured_media":0,"parent":0,"menu_order":0,"comment_status":"closed","ping_status":"closed","template":"","meta":{"_acf_changed":false,"saved_in_kubio":false,"jetpack_post_was_ever_published":false,"footnotes":""},"class_list":["post-3322","page","type-page","status-publish","hentry","entry"],"acf":[],"kubio_ai_page_context":{"short_desc":"","purpose":"general"},"jetpack_shortlink":"https:\/\/wp.me\/P9UJM9-RA","jetpack-related-posts":[],"jetpack_sharing_enabled":true,"_links":{"self":[{"href":"https:\/\/ffyh.unc.edu.ar\/biblioteca\/wp-json\/wp\/v2\/pages\/3322","targetHints":{"allow":["GET"]}}],"collection":[{"href":"https:\/\/ffyh.unc.edu.ar\/biblioteca\/wp-json\/wp\/v2\/pages"}],"about":[{"href":"https:\/\/ffyh.unc.edu.ar\/biblioteca\/wp-json\/wp\/v2\/types\/page"}],"author":[{"embeddable":true,"href":"https:\/\/ffyh.unc.edu.ar\/biblioteca\/wp-json\/wp\/v2\/users\/7"}],"replies":[{"embeddable":true,"href":"https:\/\/ffyh.unc.edu.ar\/biblioteca\/wp-json\/wp\/v2\/comments?post=3322"}],"version-history":[{"count":4,"href":"https:\/\/ffyh.unc.edu.ar\/biblioteca\/wp-json\/wp\/v2\/pages\/3322\/revisions"}],"predecessor-version":[{"id":20597,"href":"https:\/\/ffyh.unc.edu.ar\/biblioteca\/wp-json\/wp\/v2\/pages\/3322\/revisions\/20597"}],"wp:attachment":[{"href":"https:\/\/ffyh.unc.edu.ar\/biblioteca\/wp-json\/wp\/v2\/media?parent=3322"}],"curies":[{"name":"wp","href":"https:\/\/api.w.org\/{rel}","templated":true}]}}