{"id":3386,"date":"2019-06-03T16:33:17","date_gmt":"2019-06-03T16:33:17","guid":{"rendered":"http:\/\/ffyh.unc.edu.ar\/biblioteca\/?page_id=3386"},"modified":"2020-12-23T19:48:36","modified_gmt":"2020-12-23T19:48:36","slug":"cabuchi-susana","status":"publish","type":"page","link":"https:\/\/ffyh.unc.edu.ar\/biblioteca\/escritores-de-cordoba\/cabuchi-susana\/","title":{"rendered":"Cabuchi, Susana"},"content":{"rendered":"<p><span style=\"color: #000000\">Naci\u00f3 en Jes\u00fas Mar\u00eda (Dpto. Col\u00f3n) en 1948. Curs\u00f3 la carrera de Letras Modernas. La formaci\u00f3n escrituraria se inicia marcada desde el v\u00ednculo de Alfredo Mart\u00ednez Howard, su maestro de escritura entre 1963 y 1967 (a\u00f1o en que fallece el poeta). Particip\u00f3 en el grupo del \u201cTaller del Escritor\u201d, a principios de la d\u00e9cada del 70, junto a Francisco Colombo, Juan Croce, Eduardo Curuchet, Daniel Vera, Julio Castellanos, Susana Aguad y Daniel Moyano. Se desempe\u00f1\u00f3 como Directora del Departamento de Letras, Teatro e Historia (de la provincia) hasta 1993, instituci\u00f3n de Jes\u00fas Mar\u00eda que la tiene como fundadora. Dirige talleres literarios y cl\u00ednicas de escritura. Ha obtenido distinciones en cert\u00e1menes literarios a nivel nacional e internacional. Sus poemas han sido traducidos al italiano, al franc\u00e9s, al \u00e1rabe y al portugu\u00e9s por escritores poetas y traductores cordobeses. Ha integrado jurados de concursos literarios de poes\u00eda y narrativa de la provincia, del pa\u00eds y del exterior. Actualmente colabora en diarios y revistas especializadas y brinda asesoramiento en instituciones p\u00fablicas y privadas sobre temas de su especialidad. Dict\u00f3 cursos, seminarios y talleres de escritura, de literatura y de lectura para docentes, ni\u00f1os, j\u00f3venes y adultos en diversas provincias de la Argentina y en pa\u00edses lim\u00edtrofes. Ha participado como panelista y conferencista en Congresos, Encuentros, y Jornadas en su pa\u00eds y en el extranjero.<\/span><\/p>\n<h3><span style=\"color: #000000\">Publicaciones<\/span><\/h3>\n<ul>\n<li><span style=\"color: #000000\"><em><a href=\"https:\/\/catalogo.biblio.unc.edu.ar\/Search\/Results?lookfor=Cabuchi%2C+Susana+El+Coraz%C3%B3n+de+las+Manzanas&amp;type=AllFields&amp;filter%5B%5D=format%3A%22Book%22&amp;limit=20&amp;sort=relevance\">El Coraz\u00f3n de las Manzanas<\/a>, <\/em>1978<\/span><\/li>\n<li><span style=\"color: #000000\"><em>Patio Solo,<\/em> 1986<\/span><\/li>\n<li><span style=\"color: #000000\"><a href=\"http:\/\/ffyh.biblio.unc.edu.ar\/\/cgi-bin\/koha\/opac-detail.pl?biblionumber=82651\"><em>\u00c1lbum Familiar<\/em><\/a>, 2000<\/span><\/li>\n<li><span style=\"color: #000000\"><em>El Dulce Pa\u00eds y otros poemas<\/em>, 2004<\/span><\/li>\n<li><span style=\"color: #000000\"><em>Detr\u00e1s de las m\u00e1scaras,<\/em> 2008<\/span><\/li>\n<\/ul>\n<h3><span style=\"color: #000000\">Bibliograf\u00eda<\/span><\/h3>\n<ul>\n<li><span style=\"color: #000000\"><a href=\"https:\/\/www.youtube.com\/watch?v=EGDnzP7SemI\">Cabuchi, Susana en Videoteca de autores cordobeses<\/a>. Duraci\u00f3n: 13 minutos.<\/span><\/li>\n<li><span style=\"color: #000000\">Flores, F\u00e9lix Gabriel: <a href=\"https:\/\/catalogo.biblio.unc.edu.ar\/Search\/Results?lookfor=Poetas+de+C%C3%B3rdoba+Siglo+XX.&amp;type=Title&amp;filter%5B%5D=author_facet%3A%22Flores%2C+F%C3%A9lix+Gabriel%22\"><em>Poetas de C\u00f3rdoba Siglo XX<\/em>.<\/a> C\u00f3rdoba, Direcci\u00f3n Gral, de Publicaciones, UNCba, 1986<\/span><\/li>\n<li><span style=\"color: #000000\">Parfeniuk, Aldo: <a href=\"https:\/\/catalogo.biblio.unc.edu.ar\/Search\/Results?lookfor=Conversaciones+notas+sobre+po%C3%A9ticas+y+poetas+argentinos&amp;type=Title&amp;limit=20&amp;sort=relevance\"><em>Conversaciones: notas sobre po\u00e9ticas y poetas argentinos<\/em><\/a>. C\u00f3rdoba, Argos, 1994.<\/span><\/li>\n<li><span style=\"color: #000000\">Rennella, Patricia y Egu\u00eda, Bibiana: \u201c<a href=\"https:\/\/catalogo.biblio.unc.edu.ar\/Search\/Results?lookfor=confines+de+la+mirada.Un+espacio+para+la+literatura+de+C%C3%B3rdoba&amp;type=Title&amp;limit=20&amp;sort=year+asc\">\u00c1mbitos \u00edntimos. Met\u00e1foras y espacios en la poes\u00eda cordobesa contempor\u00e1nea<\/a>\u201d en \u201cConfines de la mirada. Un espacio para la literatura de C\u00f3rdoba\u201d. Nro. 2, 2003, p.17-27<\/span><\/li>\n<\/ul>\n<p style=\"text-align: right\"><a href=\"http:\/\/ffyh.unc.edu.ar\/biblioteca\/escritores-de-cordoba\/\">volver<\/a><\/p>\n","protected":false},"excerpt":{"rendered":"<div class=\"entry-summary\">\nNaci\u00f3 en Jes\u00fas Mar\u00eda (Dpto. Col\u00f3n) en 1948. Curs\u00f3 la carrera de Letras Modernas. La formaci\u00f3n escrituraria se inicia marcada&hellip;\n<\/div>\n<div class=\"link-more\"><a href=\"https:\/\/ffyh.unc.edu.ar\/biblioteca\/escritores-de-cordoba\/cabuchi-susana\/\" class=\"more-link\">Continuar leyendo<span class=\"screen-reader-text\"> &ldquo;Cabuchi, Susana&rdquo;<\/span>&hellip;<\/a><\/div>\n","protected":false},"author":7,"featured_media":0,"parent":3221,"menu_order":0,"comment_status":"closed","ping_status":"closed","template":"","meta":{"_acf_changed":false,"saved_in_kubio":false,"jetpack_post_was_ever_published":false,"footnotes":""},"class_list":["post-3386","page","type-page","status-publish","hentry","entry"],"acf":[],"kubio_ai_page_context":{"short_desc":"","purpose":"general"},"jetpack_shortlink":"https:\/\/wp.me\/P9UJM9-SC","jetpack-related-posts":[],"jetpack_sharing_enabled":true,"_links":{"self":[{"href":"https:\/\/ffyh.unc.edu.ar\/biblioteca\/wp-json\/wp\/v2\/pages\/3386","targetHints":{"allow":["GET"]}}],"collection":[{"href":"https:\/\/ffyh.unc.edu.ar\/biblioteca\/wp-json\/wp\/v2\/pages"}],"about":[{"href":"https:\/\/ffyh.unc.edu.ar\/biblioteca\/wp-json\/wp\/v2\/types\/page"}],"author":[{"embeddable":true,"href":"https:\/\/ffyh.unc.edu.ar\/biblioteca\/wp-json\/wp\/v2\/users\/7"}],"replies":[{"embeddable":true,"href":"https:\/\/ffyh.unc.edu.ar\/biblioteca\/wp-json\/wp\/v2\/comments?post=3386"}],"version-history":[{"count":4,"href":"https:\/\/ffyh.unc.edu.ar\/biblioteca\/wp-json\/wp\/v2\/pages\/3386\/revisions"}],"predecessor-version":[{"id":4439,"href":"https:\/\/ffyh.unc.edu.ar\/biblioteca\/wp-json\/wp\/v2\/pages\/3386\/revisions\/4439"}],"up":[{"embeddable":true,"href":"https:\/\/ffyh.unc.edu.ar\/biblioteca\/wp-json\/wp\/v2\/pages\/3221"}],"wp:attachment":[{"href":"https:\/\/ffyh.unc.edu.ar\/biblioteca\/wp-json\/wp\/v2\/media?parent=3386"}],"curies":[{"name":"wp","href":"https:\/\/api.w.org\/{rel}","templated":true}]}}