{"id":3392,"date":"2019-06-03T16:37:17","date_gmt":"2019-06-03T16:37:17","guid":{"rendered":"http:\/\/ffyh.unc.edu.ar\/biblioteca\/?page_id=3392"},"modified":"2020-12-23T19:59:32","modified_gmt":"2020-12-23T19:59:32","slug":"campra-rosalba","status":"publish","type":"page","link":"https:\/\/ffyh.unc.edu.ar\/biblioteca\/escritores-de-cordoba\/campra-rosalba\/","title":{"rendered":"Campra, Rosalba"},"content":{"rendered":"<p><span style=\"color: #000000\">Naci\u00f3 en Jes\u00fas Mar\u00eda (Dpto. Col\u00f3n), el 9 de setiembre de 1940. Estudi\u00f3 Letras Modernas en la Facultad de Filosof\u00eda y Humanidades. Hacia mediados de la d\u00e9cada del 70, viaja a Italia, y se radica en Roma, donde logra su doctorado y un cargo como docente en la Universidad de <em>La Sapienza<\/em>. Sus textos, tanto de ficci\u00f3n como de cr\u00edtica o investigaci\u00f3n, est\u00e1n en espa\u00f1ol y en italiano.<\/span><\/p>\n<h3><span style=\"color: #000000\">Publicaciones<\/span><\/h3>\n<ul>\n<li><span style=\"color: #000000\"><em>I racconti di Malos Aires<\/em> 1993<\/span><\/li>\n<li><span style=\"color: #000000\"><a href=\"https:\/\/catalogo.biblio.unc.edu.ar\/Search\/Results?lookfor=Campra%2C+Rosalba++Formas+de+la+memoria&amp;type=AllFields&amp;filter%5B%5D=format%3A%22Book%22\"><em>Formas de la memoria<\/em><\/a>, 1998<\/span><\/li>\n<li><span style=\"color: #000000\"><em><a href=\"http:\/\/ffyh.biblio.unc.edu.ar\/\/cgi-bin\/koha\/opac-detail.pl?biblionumber=73777\">Los a\u00f1os del arc\u00e1ngel<\/a>, <\/em>1998<\/span><\/li>\n<li><span style=\"color: #000000\"><em>Herencias,<\/em> 2002<\/span><\/li>\n<li><span style=\"color: #000000\"><em>Ciudades para errantes,<\/em> 2007<\/span><\/li>\n<li><span style=\"color: #000000\"><em>Gli anni dell&#8217;arcangelo<\/em>, 2012,<\/span><\/li>\n<li><span style=\"color: #000000\"><em>Le porte di Cassiopea<\/em>, 2016<\/span><\/li>\n<li><span style=\"color: #000000\"><em>Il sogno della tigre e altri racconti<\/em>, 2014,<\/span><\/li>\n<\/ul>\n<h4><span style=\"color: #000000\">Cr\u00edtica e investigaci\u00f3n<\/span><\/h4>\n<ul>\n<li><span style=\"color: #000000\"><em>La realt\u00e0 e il suo anagramma: il modello narrativo nei racconti di Julio Cort\u00e1zar<\/em>, 1979<\/span><\/li>\n<li><span style=\"color: #000000\"><em>Am\u00e9rica latina, l&#8217;identit\u00e0 e la maschera<\/em>, 1982, 1987, 2006, 2013<\/span><\/li>\n<li><span style=\"color: #000000\"><em>Fant\u00e1stico y sintaxis narrativa<\/em>, 1985<\/span><\/li>\n<li><span style=\"color: #000000\"><em>La Selva en el damero: espacio literario y espacio urbano en Am\u00e9rica Latina<\/em>, 1989,<\/span><\/li>\n<li><span style=\"color: #000000\"><em>Como con bronca y junando&#8211; la ret\u00f3rica del tango,<\/em> 1996<\/span><\/li>\n<li><span style=\"color: #000000\"><em>Escrituras del yo: Espa\u00f1a e Hispanoam\u00e9rica<\/em>, 1999<\/span><\/li>\n<li><span style=\"color: #000000\"><em>Il genere dei sogni,<\/em> 2005<\/span><\/li>\n<li><span style=\"color: #000000\"><em>Cort\u00e1zar para c\u00f3mplices<\/em>, 2009<\/span><\/li>\n<li><span style=\"color: #000000\"><em>Cort\u00e1zar, Letture complici<\/em>, 2014,<\/span><\/li>\n<li><span style=\"color: #000000\"><em>Traves\u00edas de la literatura gauchesca: de Concolocorvo a Fontanarrosa,<\/em> 2013<\/span><\/li>\n<li><span style=\"color: #000000\"><em>Itinerarios en la cr\u00edtica hispanoamericana<\/em>, 2014, 2018,<\/span><\/li>\n<li><span style=\"color: #000000\"><em>Territorios de la ficci\u00f3n: Lo fant\u00e1stico,<\/em> 2014,<\/span><\/li>\n<li><span style=\"color: #000000\"><em>Ficciones desmedidas, <\/em>2015,<\/span><\/li>\n<li><span style=\"color: #000000\"><em>Los que nacimos en Tl\u00f6n: Borges o los juegos del humor y del azar,<\/em> 2016,<\/span><\/li>\n<li><span style=\"color: #000000\"><em>Para recorrer Macondo (y encontrar la salida),<\/em> 2017<\/span><\/li>\n<\/ul>\n<p style=\"text-align: right\"><a href=\"http:\/\/ffyh.unc.edu.ar\/biblioteca\/escritores-de-cordoba\/\">volver<\/a><\/p>\n","protected":false},"excerpt":{"rendered":"<div class=\"entry-summary\">\nNaci\u00f3 en Jes\u00fas Mar\u00eda (Dpto. Col\u00f3n), el 9 de setiembre de 1940. Estudi\u00f3 Letras Modernas en la Facultad de Filosof\u00eda&hellip;\n<\/div>\n<div class=\"link-more\"><a href=\"https:\/\/ffyh.unc.edu.ar\/biblioteca\/escritores-de-cordoba\/campra-rosalba\/\" class=\"more-link\">Continuar leyendo<span class=\"screen-reader-text\"> &ldquo;Campra, Rosalba&rdquo;<\/span>&hellip;<\/a><\/div>\n","protected":false},"author":7,"featured_media":0,"parent":3221,"menu_order":0,"comment_status":"closed","ping_status":"closed","template":"","meta":{"_acf_changed":false,"jetpack_post_was_ever_published":false,"footnotes":""},"class_list":["post-3392","page","type-page","status-publish","hentry","entry"],"acf":[],"jetpack_shortlink":"https:\/\/wp.me\/P9UJM9-SI","jetpack-related-posts":[],"jetpack_sharing_enabled":true,"_links":{"self":[{"href":"https:\/\/ffyh.unc.edu.ar\/biblioteca\/wp-json\/wp\/v2\/pages\/3392","targetHints":{"allow":["GET"]}}],"collection":[{"href":"https:\/\/ffyh.unc.edu.ar\/biblioteca\/wp-json\/wp\/v2\/pages"}],"about":[{"href":"https:\/\/ffyh.unc.edu.ar\/biblioteca\/wp-json\/wp\/v2\/types\/page"}],"author":[{"embeddable":true,"href":"https:\/\/ffyh.unc.edu.ar\/biblioteca\/wp-json\/wp\/v2\/users\/7"}],"replies":[{"embeddable":true,"href":"https:\/\/ffyh.unc.edu.ar\/biblioteca\/wp-json\/wp\/v2\/comments?post=3392"}],"version-history":[{"count":3,"href":"https:\/\/ffyh.unc.edu.ar\/biblioteca\/wp-json\/wp\/v2\/pages\/3392\/revisions"}],"predecessor-version":[{"id":4443,"href":"https:\/\/ffyh.unc.edu.ar\/biblioteca\/wp-json\/wp\/v2\/pages\/3392\/revisions\/4443"}],"up":[{"embeddable":true,"href":"https:\/\/ffyh.unc.edu.ar\/biblioteca\/wp-json\/wp\/v2\/pages\/3221"}],"wp:attachment":[{"href":"https:\/\/ffyh.unc.edu.ar\/biblioteca\/wp-json\/wp\/v2\/media?parent=3392"}],"curies":[{"name":"wp","href":"https:\/\/api.w.org\/{rel}","templated":true}]}}