{"id":3435,"date":"2019-06-24T14:39:51","date_gmt":"2019-06-24T14:39:51","guid":{"rendered":"http:\/\/ffyh.unc.edu.ar\/biblioteca\/?page_id=3435"},"modified":"2022-05-16T17:34:06","modified_gmt":"2022-05-16T17:34:06","slug":"coletti-juan","status":"publish","type":"page","link":"https:\/\/ffyh.unc.edu.ar\/biblioteca\/escritores-de-cordoba\/coletti-juan\/","title":{"rendered":"Coletti, Juan"},"content":{"rendered":"<p><span style=\"color: #000000\">Naci\u00f3 en Cachingo (Maip\u00fa, Mendoza) el 27 de julio de 1932 en el seno de una<\/span><br \/>\n<span style=\"color: #000000\">familia de once hijos, y mucha estrechez econ\u00f3mica. Joven, trabaja en Maip\u00fa, y<\/span><br \/>\n<span style=\"color: #000000\">es sindicalista. Publica su primer poemario. En 1968 se traslada a C\u00f3rdoba,<\/span><br \/>\n<span style=\"color: #000000\">donde se radica. Particip\u00f3 como integrante del grupo \u00abLa Ca\u00f1ada\u00bb, apareciendo sus narraciones en las antolog\u00edas del grupo, aunque tambi\u00e9n en otras. Obtuvo en 1978 el Premio Emec\u00e9 de Narrativa. Su obra, de m\u00faltiples intereses y de g\u00e9nero literario variado, tiene un lector tambi\u00e9n m\u00faltiple: ni\u00f1os, adolescentes y adultos.\u00a0 \u00a0 \u00a0 \u00a0 \u00a0 \u00a0 Falleci\u00f3 en C\u00f3rdoba, en abril de 2022.<\/span><\/p>\n<h3><span style=\"color: #000000\">Publicaciones<\/span><\/h3>\n<ul>\n<li><span style=\"color: #000000\"><em>Canto labriego, <\/em>1955, 1989<\/span><\/li>\n<li><span style=\"color: #000000\"><em><a href=\"http:\/\/ffyh.biblio.unc.edu.ar\/\/cgi-bin\/koha\/opac-detail.pl?biblionumber=13632\">Poemas para el hombre sin sombra<\/a>,<\/em> 1969<\/span><\/li>\n<li><span style=\"color: #000000\"><em>El Jard\u00edn de las Flores Invisibles<\/em>, 1979, 1998<\/span><\/li>\n<li><span style=\"color: #000000\"><em><a href=\"http:\/\/ffyh.biblio.unc.edu.ar\/\/cgi-bin\/koha\/opac-detail.pl?biblionumber=72509\">La Granja del Abuelo Mat\u00edas<\/a>,<\/em> 1981<\/span><\/li>\n<li><span style=\"color: #000000\"><a href=\"https:\/\/catalogo.biblio.unc.edu.ar\/Search\/Results?lookfor=la+ni%C3%B1a+que+no+quer%C3%ADa+ser+bruja&amp;type=Title&amp;limit=20&amp;sort=year+asc\"><em>La Ni\u00f1a que no quer\u00eda ser bruja<\/em><\/a>, 1985<\/span><\/li>\n<li><span style=\"color: #000000\"><em><a href=\"http:\/\/ffyh.biblio.unc.edu.ar\/\/cgi-bin\/koha\/opac-detail.pl?biblionumber=73492\">La Abejita Perezosa<\/a>,<\/em> 1982<\/span><\/li>\n<li><span style=\"color: #000000\"><em>Manuscrito ad\u00e1mico,<\/em> 1991<\/span><\/li>\n<li><span style=\"color: #000000\"><em>Detr\u00e1s de la ventana,<\/em> 1991<\/span><\/li>\n<li><span style=\"color: #000000\"><em><a href=\"http:\/\/ffyh.biblio.unc.edu.ar\/\/cgi-bin\/koha\/opac-detail.pl?biblionumber=83270\">Aguanieve<\/a>,<\/em> 1993<\/span><\/li>\n<li><span style=\"color: #000000\"><em><a href=\"http:\/\/eci.biblio.unc.edu.ar\/\/cgi-bin\/koha\/opac-detail.pl?biblionumber=1933\">La memoria del polvo<\/a>,<\/em> 1993<\/span><\/li>\n<li><span style=\"color: #000000\"><em>\u00a1Ah\u00ed vienen las gitanas!, <\/em>1995<\/span><\/li>\n<li><span style=\"color: #000000\"><em><a href=\"http:\/\/ffyh.biblio.unc.edu.ar\/\/cgi-bin\/koha\/opac-detail.pl?biblionumber=75284\">Di\u00e1logos<\/a>, <\/em>1995<\/span><\/li>\n<li><span style=\"color: #000000\"><em><a href=\"http:\/\/ffyh.biblio.unc.edu.ar\/\/cgi-bin\/koha\/opac-detail.pl?biblionumber=80557\">Ensalada de frutas<\/a>,<\/em> 1995<\/span><\/li>\n<li><span style=\"color: #000000\"><a href=\"http:\/\/bmayor.biblio.unc.edu.ar\/\/cgi-bin\/koha\/opac-detail.pl?biblionumber=17667\"><em>El campesino ilustrado<\/em><\/a>, 1997<\/span><\/li>\n<li><span style=\"color: #000000\"><a href=\"http:\/\/bmayor.biblio.unc.edu.ar\/\/cgi-bin\/koha\/opac-detail.pl?biblionumber=64883\"><em>El misterio de la fosa de los leones<\/em><\/a>, 1997<\/span><\/li>\n<li><span style=\"color: #000000\"><em>El callej\u00f3n de los cerezos<\/em>, 2005<\/span><\/li>\n<li><span style=\"color: #000000\"><em>Tanka<\/em>, 2007<\/span><\/li>\n<li><span style=\"color: #000000\"><a href=\"http:\/\/ffyh.biblio.unc.edu.ar\/\/cgi-bin\/koha\/opac-detail.pl?biblionumber=93031\">La \u00faltima estaci\u00f3n<\/a>, 2014<\/span><\/li>\n<\/ul>\n<h3><span style=\"color: #000000\">Bibliograf\u00eda<\/span><\/h3>\n<ul>\n<li><span style=\"color: #000000\"><a href=\"http:\/\/ffyh.biblio.unc.edu.ar\/\/cgi-bin\/koha\/opac-detail.pl?biblionumber=81723\">Ar\u00e1n, P. y Barei, Silvia. Las Provincias y su literatura: C\u00f3rdoba<\/a>. Buenos Aires, Colihue, 1987.<\/span><\/li>\n<li><span style=\"color: #000000\">Barei, Silvia y Ar\u00e1n, Pampa: \u201cJuan Coletti, entre la fantas\u00eda y la profec\u00eda\u201d en el blog del autor.<\/span><\/li>\n<li><span style=\"color: #000000\">Gili, Carlos: <em>Breve historia del grupo \u201cLa Ca\u00f1ada\u201d.<\/em> C\u00f3rdoba, Edici\u00f3n del autor, 2012.<\/span><\/li>\n<\/ul>\n<p><span style=\"color: #000000\"><a href=\"http:\/\/juancoletti.blogspot.com\/p\/biografia.html\">Blog del autor<\/a><\/span><\/p>\n<p style=\"text-align: right\"><a href=\"http:\/\/ffyh.unc.edu.ar\/biblioteca\/escritores-de-cordoba\/\">volver<\/a><\/p>\n","protected":false},"excerpt":{"rendered":"<div class=\"entry-summary\">\nNaci\u00f3 en Cachingo (Maip\u00fa, Mendoza) el 27 de julio de 1932 en el seno de una familia de once hijos,&hellip;\n<\/div>\n<div class=\"link-more\"><a href=\"https:\/\/ffyh.unc.edu.ar\/biblioteca\/escritores-de-cordoba\/coletti-juan\/\" class=\"more-link\">Continuar leyendo<span class=\"screen-reader-text\"> &ldquo;Coletti, Juan&rdquo;<\/span>&hellip;<\/a><\/div>\n","protected":false},"author":7,"featured_media":0,"parent":3221,"menu_order":0,"comment_status":"closed","ping_status":"closed","template":"","meta":{"_acf_changed":false,"saved_in_kubio":false,"jetpack_post_was_ever_published":false,"footnotes":""},"class_list":["post-3435","page","type-page","status-publish","hentry","entry"],"acf":[],"kubio_ai_page_context":{"short_desc":"","purpose":"general"},"jetpack_shortlink":"https:\/\/wp.me\/P9UJM9-Tp","jetpack-related-posts":[],"jetpack_sharing_enabled":true,"_links":{"self":[{"href":"https:\/\/ffyh.unc.edu.ar\/biblioteca\/wp-json\/wp\/v2\/pages\/3435","targetHints":{"allow":["GET"]}}],"collection":[{"href":"https:\/\/ffyh.unc.edu.ar\/biblioteca\/wp-json\/wp\/v2\/pages"}],"about":[{"href":"https:\/\/ffyh.unc.edu.ar\/biblioteca\/wp-json\/wp\/v2\/types\/page"}],"author":[{"embeddable":true,"href":"https:\/\/ffyh.unc.edu.ar\/biblioteca\/wp-json\/wp\/v2\/users\/7"}],"replies":[{"embeddable":true,"href":"https:\/\/ffyh.unc.edu.ar\/biblioteca\/wp-json\/wp\/v2\/comments?post=3435"}],"version-history":[{"count":7,"href":"https:\/\/ffyh.unc.edu.ar\/biblioteca\/wp-json\/wp\/v2\/pages\/3435\/revisions"}],"predecessor-version":[{"id":4955,"href":"https:\/\/ffyh.unc.edu.ar\/biblioteca\/wp-json\/wp\/v2\/pages\/3435\/revisions\/4955"}],"up":[{"embeddable":true,"href":"https:\/\/ffyh.unc.edu.ar\/biblioteca\/wp-json\/wp\/v2\/pages\/3221"}],"wp:attachment":[{"href":"https:\/\/ffyh.unc.edu.ar\/biblioteca\/wp-json\/wp\/v2\/media?parent=3435"}],"curies":[{"name":"wp","href":"https:\/\/api.w.org\/{rel}","templated":true}]}}