{"id":3462,"date":"2019-07-01T14:23:47","date_gmt":"2019-07-01T14:23:47","guid":{"rendered":"http:\/\/ffyh.unc.edu.ar\/biblioteca\/?page_id=3462"},"modified":"2022-05-16T17:43:04","modified_gmt":"2022-05-16T17:43:04","slug":"del-corro-gaspar-pio","status":"publish","type":"page","link":"https:\/\/ffyh.unc.edu.ar\/biblioteca\/escritores-de-cordoba\/del-corro-gaspar-pio\/","title":{"rendered":"Del Corro, Gaspar P\u00edo"},"content":{"rendered":"<p><span style=\"color: #000000\">Naci\u00f3 en Buenos Aires el 5 de mayo de 1926. Es Licenciado en Letras y Doctor<\/span><br \/>\n<span style=\"color: #000000\">en Humanidades. Se dedic\u00f3 a la docencia y a la investigaci\u00f3n universitaria en la<\/span><br \/>\n<span style=\"color: #000000\">Escuela de Letras (Fac. Fil. y Humanidades, UNCba.), donde desarroll\u00f3 \u2013hasta<\/span><br \/>\n<span style=\"color: #000000\">su jubilaci\u00f3n- una importante obra como cr\u00edtico literario. Ejerci\u00f3 como funcionario<\/span><br \/>\n<span style=\"color: #000000\">en la direcci\u00f3n de instituciones p\u00fablicas, para la promoci\u00f3n de la cultura y la<\/span><br \/>\n<span style=\"color: #000000\">literatura. Fue docente de Literatura Argentina en la carrera de Letras de la<\/span><br \/>\n<span style=\"color: #000000\">Universidad Cat\u00f3lica de C\u00f3rdoba. Escribi\u00f3 numerosos art\u00edculos publicados en<\/span><br \/>\n<span style=\"color: #000000\">diarios y revistas especializadas a nivel nacional e internacional. Gran estudioso<\/span><br \/>\n<span style=\"color: #000000\">de la Literatura de C\u00f3rdoba, en ese campo realiz\u00f3 la investigaci\u00f3n de su<\/span><br \/>\n<span style=\"color: #000000\">doctorado: \u201cLa visi\u00f3n de la realidad en la poes\u00eda de C\u00f3rdoba contempor\u00e1nea\u201d<\/span><br \/>\n<span style=\"color: #000000\">\u2013a\u00fan in\u00e9dito-(1969). Obtuvo como poeta, el Primer Premio por su Misa del Alba.<\/span><br \/>\n<span style=\"color: #000000\">Fue Director General de Cultura de la Provincia de C\u00f3rdoba y Presidente del<\/span><br \/>\n<span style=\"color: #000000\">Consejo General de Educaci\u00f3n y tuvo a su cargo la Direcci\u00f3n General de<\/span><br \/>\n<span style=\"color: #000000\">Ense\u00f1anza Secundaria, Normal, Especial y Superior. Personalidad cultural<\/span><br \/>\n<span style=\"color: #000000\">destacada y respetada, dirigi\u00f3 la revista \u00abLugones\u00bb.<\/span><br \/>\n<span style=\"color: #000000\">Con su direcci\u00f3n en el Instituto de Literaturas Argentina e Iberoamericana salieron<\/span><br \/>\n<span style=\"color: #000000\">publicados por la Facultad, los tres libros de Bibliograf\u00eda Cr\u00edtica de la Literatura de<\/span><br \/>\n<span style=\"color: #000000\">C\u00f3rdoba. Nro 1: El grupo \u201cLaurel\u201d, Nro. 2: Luis de Tejeda; Nro. 3 Villa Dolores,\u00a0realizado en un equipo integrado por las profesoras Mar\u00eda Elena Legaz, Graciela Frega, Roxana Pati\u00f1o y Patricia Rennella.<\/span><br \/>\n<span style=\"color: #000000\">Falleci\u00f3 en Carlos Paz (Dpto. Punilla) en julio de 2020.<\/span><\/p>\n<h3><span style=\"color: #000000\">Publicaciones:<\/span><\/h3>\n<h4><span style=\"color: #000000\">Poemas<\/span><\/h4>\n<ul>\n<li><span style=\"color: #000000\"><a href=\"http:\/\/ffyh.biblio.unc.edu.ar\/\/cgi-bin\/koha\/opac-detail.pl?biblionumber=86725\"><em>Misa del Alba (poemas)<\/em><\/a>, 1953<\/span><\/li>\n<li><span style=\"color: #000000\"><em><a href=\"http:\/\/ffyh.biblio.unc.edu.ar\/\/cgi-bin\/koha\/opac-detail.pl?biblionumber=14117\">El dolor de la patria<\/a>,<\/em> 1985<\/span><\/li>\n<li><span style=\"color: #000000\"><a href=\"http:\/\/ffyh.biblio.unc.edu.ar\/\/cgi-bin\/koha\/opac-detail.pl?biblionumber=82759\"><em>Antes que el silencio<\/em><\/a>, 1992<\/span><\/li>\n<li><span style=\"color: #000000\"><a href=\"http:\/\/ffyh.biblio.unc.edu.ar\/\/cgi-bin\/koha\/opac-detail.pl?biblionumber=66924\"><em>C<\/em><em>antata de cielo y tierra<\/em><\/a>, 2001<\/span><\/li>\n<li><span style=\"color: #000000\"><em><a href=\"http:\/\/ffyh.biblio.unc.edu.ar\/\/cgi-bin\/koha\/opac-detail.pl?biblionumber=86724\">Mis horas, en tus manos<\/a>, <\/em>2011<\/span><\/li>\n<li><span style=\"color: #000000\"><em><a href=\"http:\/\/ffyh.biblio.unc.edu.ar\/\/cgi-bin\/koha\/opac-detail.pl?biblionumber=86727\">Sonetos demolidos<\/a>, <\/em>2014<\/span><\/li>\n<li><span style=\"color: #000000\"><em><a href=\"http:\/\/ffyh.biblio.unc.edu.ar\/\/cgi-bin\/koha\/opac-detail.pl?biblionumber=86728\">Esperanza de un recuerdo. Mis versos a Mabel<\/a>, <\/em>2015<\/span><\/li>\n<li><span style=\"color: #000000\"><em>Esa mujer, <\/em>2018<\/span><\/li>\n<\/ul>\n<h4><span style=\"color: #000000\"><em>\u00a0<\/em><\/span><span style=\"color: #000000\">Cr\u00edtica e investigaci\u00f3n literaria<\/span><\/h4>\n<ul>\n<li><span style=\"color: #000000\"><a href=\"https:\/\/catalogo.biblio.unc.edu.ar\/Search\/Results?lookfor=del+corro+el+mundo+fant%C3%A1stico+de+lugones&amp;type=AllFields&amp;limit=20&amp;sort=year+asc\"><em>El mundo fant\u00e1stico de Lugones<\/em><\/a>, 1971<\/span><\/li>\n<li><span style=\"color: #000000\"><a href=\"https:\/\/catalogo.biblio.unc.edu.ar\/Search\/Results?lookfor=del+corro+la+zona+novelistica&amp;type=AllFields&amp;limit=20&amp;sort=year+asc\"><em>La zona novel\u00edstica de Roberto Arlt<\/em><\/a>, 1971<\/span><\/li>\n<li><span style=\"color: #000000\"><em>Oliverio Girondo, los l\u00edmites del signo<\/em>, 1976<\/span><\/li>\n<li><span style=\"color: #000000\"><a href=\"https:\/\/catalogo.biblio.unc.edu.ar\/Search\/Results?lookfor=del+corro+la+proscripci%C3%B3n+de+los+h%C3%A9roes&amp;type=AllFields&amp;limit=20&amp;sort=year+asc\"><em>Facundo y Fierro. La proscripci\u00f3n de los h\u00e9roes<\/em><\/a>, 1977<\/span><\/li>\n<li><span style=\"color: #000000\"><em><a href=\"https:\/\/catalogo.biblio.unc.edu.ar\/Search\/Results?lookfor=Del+Corro%2C+Gaspar+P%C3%ADo+la+m%C3%ADmesis+de+Paul+Ricoeur&amp;type=AllFields&amp;limit=20&amp;sort=year+asc\">La mimesis de Paul Ricoeur, la met\u00e1fora viva<\/a>,<\/em>\u00a01990<\/span><\/li>\n<li><span style=\"color: #000000\"><a href=\"https:\/\/catalogo.biblio.unc.edu.ar\/Search\/Results?lookfor=Del+Corro%2C+Gaspar+P%C3%ADo+Zama+zona+de+contacto&amp;type=AllFields&amp;limit=20&amp;sort=year+asc\"><em>Zama. Zona de contacto<\/em><\/a>, 1992<\/span><\/li>\n<li><span style=\"color: #000000\"><em><a href=\"http:\/\/ffyh.biblio.unc.edu.ar\/\/cgi-bin\/koha\/opac-detail.pl?biblionumber=56373\">Lugones<\/a>,<\/em> 2005<\/span><\/li>\n<li><span style=\"color: #000000\"><a href=\"http:\/\/ffyh.biblio.unc.edu.ar\/\/cgi-bin\/koha\/opac-detail.pl?biblionumber=59403\"><em>Leopoldo Marechal. Un dolor, un viento, una guerra<\/em><\/a>; 2006<\/span><\/li>\n<li><span style=\"color: #000000\"><a href=\"http:\/\/ffyh.biblio.unc.edu.ar\/\/cgi-bin\/koha\/opac-detail.pl?biblionumber=86726\"><em>Borges, Lugones. El otro\u2026el mismo<\/em><\/a>; 2008<\/span><\/li>\n<li><span style=\"color: #000000\"><em><a href=\"https:\/\/catalogo.biblio.unc.edu.ar\/Search\/Results?lookfor=Del+Corro%2C+Gaspar+P%C3%ADo+C%C3%B3mplice&amp;type=AllFields&amp;limit=20&amp;sort=year+asc\">Em\u00e9rito en la democracia, c\u00f3mplice de la dictadura<\/a>,<\/em> 2014<\/span><\/li>\n<\/ul>\n<h3><span style=\"color: #000000\">Bibliograf\u00eda<\/span><\/h3>\n<ul>\n<li><span style=\"color: #000000\">Mart\u00ednez M\u00e1rquez, Miguel y Guevara, Osvaldo: <a href=\"http:\/\/eci.biblio.unc.edu.ar\/\/cgi-bin\/koha\/opac-detail.pl?biblionumber=6252\"><em>Conversando con Gaspar P\u00edo del Corro<\/em><\/a>. C\u00f3rdoba, SADE, 2000.<\/span><\/li>\n<li><span style=\"color: #000000\">Nores Mart\u00ednez, Enrique: <a href=\"https:\/\/catalogo.biblio.unc.edu.ar\/Search\/Results?lookfor=nores+mart%C3%ADnez%2C+enrique&amp;type=AllFields&amp;limit=20&amp;sort=relevance\"><em>Poetas de C\u00f3rdoba<\/em><\/a>. C\u00f3rdoba : Gobierno de la Provincia, 1978<\/span><\/li>\n<\/ul>\n<p style=\"text-align: right\"><a href=\"http:\/\/ffyh.unc.edu.ar\/biblioteca\/escritores-de-cordoba\/\">volver<\/a><\/p>\n","protected":false},"excerpt":{"rendered":"<div class=\"entry-summary\">\nNaci\u00f3 en Buenos Aires el 5 de mayo de 1926. Es Licenciado en Letras y Doctor en Humanidades. Se dedic\u00f3&hellip;\n<\/div>\n<div class=\"link-more\"><a href=\"https:\/\/ffyh.unc.edu.ar\/biblioteca\/escritores-de-cordoba\/del-corro-gaspar-pio\/\" class=\"more-link\">Continuar leyendo<span class=\"screen-reader-text\"> &ldquo;Del Corro, Gaspar P\u00edo&rdquo;<\/span>&hellip;<\/a><\/div>\n","protected":false},"author":7,"featured_media":0,"parent":3221,"menu_order":0,"comment_status":"closed","ping_status":"closed","template":"","meta":{"_acf_changed":false,"jetpack_post_was_ever_published":false,"footnotes":""},"class_list":["post-3462","page","type-page","status-publish","hentry","entry"],"acf":[],"jetpack_shortlink":"https:\/\/wp.me\/P9UJM9-TQ","jetpack-related-posts":[],"jetpack_sharing_enabled":true,"_links":{"self":[{"href":"https:\/\/ffyh.unc.edu.ar\/biblioteca\/wp-json\/wp\/v2\/pages\/3462","targetHints":{"allow":["GET"]}}],"collection":[{"href":"https:\/\/ffyh.unc.edu.ar\/biblioteca\/wp-json\/wp\/v2\/pages"}],"about":[{"href":"https:\/\/ffyh.unc.edu.ar\/biblioteca\/wp-json\/wp\/v2\/types\/page"}],"author":[{"embeddable":true,"href":"https:\/\/ffyh.unc.edu.ar\/biblioteca\/wp-json\/wp\/v2\/users\/7"}],"replies":[{"embeddable":true,"href":"https:\/\/ffyh.unc.edu.ar\/biblioteca\/wp-json\/wp\/v2\/comments?post=3462"}],"version-history":[{"count":6,"href":"https:\/\/ffyh.unc.edu.ar\/biblioteca\/wp-json\/wp\/v2\/pages\/3462\/revisions"}],"predecessor-version":[{"id":4961,"href":"https:\/\/ffyh.unc.edu.ar\/biblioteca\/wp-json\/wp\/v2\/pages\/3462\/revisions\/4961"}],"up":[{"embeddable":true,"href":"https:\/\/ffyh.unc.edu.ar\/biblioteca\/wp-json\/wp\/v2\/pages\/3221"}],"wp:attachment":[{"href":"https:\/\/ffyh.unc.edu.ar\/biblioteca\/wp-json\/wp\/v2\/media?parent=3462"}],"curies":[{"name":"wp","href":"https:\/\/api.w.org\/{rel}","templated":true}]}}