{"id":3480,"date":"2019-07-01T16:10:28","date_gmt":"2019-07-01T16:10:28","guid":{"rendered":"http:\/\/ffyh.unc.edu.ar\/biblioteca\/?page_id=3480"},"modified":"2019-11-04T16:12:46","modified_gmt":"2019-11-04T16:12:46","slug":"dillon-susana","status":"publish","type":"page","link":"https:\/\/ffyh.unc.edu.ar\/biblioteca\/escritores-de-cordoba\/dillon-susana\/","title":{"rendered":"Dillon, Susana"},"content":{"rendered":"<p><span style=\"color: #000000\">Naci\u00f3 en Pergamino (Buenos Aires) en 1925. Hija de una familia de origen franc\u00e9s que trabajaba el campo. Se traslada a Rosario. En 1963, luego de vivir un per\u00edodo en Rosario, se radica en R\u00edo Cuarto. Su labor de maestra rural da origen a sus primeros textos. La desaparici\u00f3n de su \u00fanica hija, embarazada, y luego la crianza de su nieta, la compromete en la lucha por los derechos humanos. Fue una activa Madre de Plaza de Mayo, reconocida y apreciada en su medio local y provincial.<\/span><\/p>\n<p><span style=\"color: #000000\">En sus relatos muchas veces da cuenta de la recuperaci\u00f3n de historias o leyendas de personajes del lugar.<\/span><\/p>\n<p><span style=\"color: #000000\">Falleci\u00f3 el 22 de setiembre de 2012.<\/span><\/p>\n<h3><span style=\"color: #000000\">Publicaciones<\/span><\/h3>\n<ul>\n<li><span style=\"color: #000000\"><a href=\"https:\/\/catalogo.biblio.unc.edu.ar\/Search\/Results?lookfor=dillon%2C+susana+mujeres+que+hicieron+am%C3%A9rica&amp;type=AllFields&amp;limit=20&amp;sort=year+asc\"><em>Mujeres que hicieron Am\u00e9rica<\/em><\/a>, 1990.<\/span><\/li>\n<li><span style=\"color: #000000\"><a href=\"https:\/\/catalogo.biblio.unc.edu.ar\/Search\/Results?lookfor=dillon%2C+susana+el+oro+de+am%C3%A9rica&amp;type=AllFields&amp;limit=20&amp;sort=year+asc\"><em>El oro de Am\u00e9rica<\/em><\/a>, 1991, 2012<\/span><\/li>\n<li><span style=\"color: #000000\"><em><a href=\"http:\/\/ffyh.biblio.unc.edu.ar\/\/cgi-bin\/koha\/opac-detail.pl?biblionumber=83299\">La hora de la sabandija<\/a>,<\/em> 1993.<\/span><\/li>\n<li><span style=\"color: #000000\"><a href=\"https:\/\/catalogo.biblio.unc.edu.ar\/Search\/Results?lookfor=dillon%2C+susana+brujas+locas+y+rebeldes&amp;type=AllFields&amp;limit=20&amp;sort=year+asc\"><em>Brujas, locas y rebeldes<\/em><\/a>, 1994<\/span><\/li>\n<li><span style=\"color: #000000\"><a href=\"https:\/\/catalogo.biblio.unc.edu.ar\/Search\/Results?lookfor=dillon%2C+susana+encantos+y+espantos&amp;type=AllFields&amp;limit=20&amp;sort=year+asc\"><em>Encantos y espantos de la Trapalanda<\/em><\/a>, 1995<\/span><\/li>\n<li><span style=\"color: #000000\"><a href=\"http:\/\/ffyh.biblio.unc.edu.ar\/\/cgi-bin\/koha\/opac-detail.pl?biblionumber=60860\"><em>Las huacas del silencio<\/em><\/a>, 1995<\/span><\/li>\n<li><span style=\"color: #000000\"><a href=\"http:\/\/ffyh.biblio.unc.edu.ar\/\/cgi-bin\/koha\/opac-detail.pl?biblionumber=80744\"><em>F\u00e1bulas cimarronas<\/em><\/a>, 1996<\/span><\/li>\n<li><span style=\"color: #000000\"><a href=\"https:\/\/catalogo.biblio.unc.edu.ar\/Search\/Results?lookfor=dillon%2C+susana+tia+maggie&amp;type=AllFields&amp;limit=20&amp;sort=year+asc\"><em>Los viejos cuentos de la t\u00eda Maggie<\/em><\/a>, 1997<\/span><\/li>\n<li><span style=\"color: #000000\"><a href=\"http:\/\/ffyh.biblio.unc.edu.ar\/\/cgi-bin\/koha\/opac-detail.pl?biblionumber=81183\"><em>Tiempo de agua<\/em><\/a>, 1997. En colaboraci\u00f3n con Elda Dur\u00e1n.<\/span><\/li>\n<li><span style=\"color: #000000\"><em>Los pasajeros del viento<\/em>, 1997. En colaboraci\u00f3n con Miguel A. Guti\u00e9rrez.<\/span><\/li>\n<li><span style=\"color: #000000\"><em>Educando en derechos humanos<\/em>, 2001.<\/span><\/li>\n<li><span style=\"color: #000000\"><em>Huellas de ranqueles<\/em>, 2002<\/span><\/li>\n<li><span style=\"color: #000000\"><em>Rastros de comechingones<\/em>, 2004<\/span><\/li>\n<li><span style=\"color: #000000\"><em>Maestras eran las de antes<\/em>, 2004<\/span><\/li>\n<li><span style=\"color: #000000\"><em>Las locas del camino<\/em>, 2005<\/span><\/li>\n<li><span style=\"color: #000000\"><em>Los saberes del habla,<\/em> 2006. En colaboraci\u00f3n con Miguel A. Guti\u00e9rrez.<\/span><\/li>\n<li><span style=\"color: #000000\"><em><a href=\"http:\/\/ffyh.biblio.unc.edu.ar\/\/cgi-bin\/koha\/opac-detail.pl?biblionumber=77675\">Ranquelito<\/a>,<\/em> 2006<\/span><\/li>\n<li><span style=\"color: #000000\"><em>Mujeres reveladas<\/em>, 2008<\/span><\/li>\n<li><span style=\"color: #000000\"><a href=\"http:\/\/bmayor.biblio.unc.edu.ar\/\/cgi-bin\/koha\/opac-detail.pl?biblionumber=64785\"><em>La marquesa del Papa: la mujer m\u00e1s rica de la Argentina del siglo XX<\/em><\/a>, 2009<\/span><\/li>\n<li><span style=\"color: #000000\">\u201c<em>El Virrey que huy\u00f3 con el tesoro <\/em>\u00ab, 2011<\/span><\/li>\n<\/ul>\n<h3><span style=\"color: #000000\">Bibliograf\u00eda<\/span><\/h3>\n<ul>\n<li><span style=\"color: #000000\">Teatro por la identidad: \u201c<a href=\"http:\/\/emttfv.biz\/downloadFile\/2docupdf_pdf\">La pisada del unicornio. Literatura y m\u00fasica en la C\u00f3rdoba de los 80<\/a>.\u201d\u00a0<\/span><\/li>\n<\/ul>\n<p style=\"text-align: right\"><a href=\"http:\/\/ffyh.unc.edu.ar\/biblioteca\/escritores-de-cordoba\/\">volver<\/a><\/p>\n","protected":false},"excerpt":{"rendered":"<div class=\"entry-summary\">\nNaci\u00f3 en Pergamino (Buenos Aires) en 1925. Hija de una familia de origen franc\u00e9s que trabajaba el campo. Se traslada&hellip;\n<\/div>\n<div class=\"link-more\"><a href=\"https:\/\/ffyh.unc.edu.ar\/biblioteca\/escritores-de-cordoba\/dillon-susana\/\" class=\"more-link\">Continuar leyendo<span class=\"screen-reader-text\"> &ldquo;Dillon, Susana&rdquo;<\/span>&hellip;<\/a><\/div>\n","protected":false},"author":7,"featured_media":0,"parent":3221,"menu_order":0,"comment_status":"closed","ping_status":"closed","template":"","meta":{"_acf_changed":false,"jetpack_post_was_ever_published":false,"footnotes":""},"class_list":["post-3480","page","type-page","status-publish","hentry","entry"],"acf":[],"jetpack_shortlink":"https:\/\/wp.me\/P9UJM9-U8","jetpack-related-posts":[],"jetpack_sharing_enabled":true,"_links":{"self":[{"href":"https:\/\/ffyh.unc.edu.ar\/biblioteca\/wp-json\/wp\/v2\/pages\/3480","targetHints":{"allow":["GET"]}}],"collection":[{"href":"https:\/\/ffyh.unc.edu.ar\/biblioteca\/wp-json\/wp\/v2\/pages"}],"about":[{"href":"https:\/\/ffyh.unc.edu.ar\/biblioteca\/wp-json\/wp\/v2\/types\/page"}],"author":[{"embeddable":true,"href":"https:\/\/ffyh.unc.edu.ar\/biblioteca\/wp-json\/wp\/v2\/users\/7"}],"replies":[{"embeddable":true,"href":"https:\/\/ffyh.unc.edu.ar\/biblioteca\/wp-json\/wp\/v2\/comments?post=3480"}],"version-history":[{"count":2,"href":"https:\/\/ffyh.unc.edu.ar\/biblioteca\/wp-json\/wp\/v2\/pages\/3480\/revisions"}],"predecessor-version":[{"id":3482,"href":"https:\/\/ffyh.unc.edu.ar\/biblioteca\/wp-json\/wp\/v2\/pages\/3480\/revisions\/3482"}],"up":[{"embeddable":true,"href":"https:\/\/ffyh.unc.edu.ar\/biblioteca\/wp-json\/wp\/v2\/pages\/3221"}],"wp:attachment":[{"href":"https:\/\/ffyh.unc.edu.ar\/biblioteca\/wp-json\/wp\/v2\/media?parent=3480"}],"curies":[{"name":"wp","href":"https:\/\/api.w.org\/{rel}","templated":true}]}}