{"id":3485,"date":"2019-07-01T16:19:10","date_gmt":"2019-07-01T16:19:10","guid":{"rendered":"http:\/\/ffyh.unc.edu.ar\/biblioteca\/?page_id=3485"},"modified":"2022-05-16T17:46:27","modified_gmt":"2022-05-16T17:46:27","slug":"dorra-raul","status":"publish","type":"page","link":"https:\/\/ffyh.unc.edu.ar\/biblioteca\/escritores-de-cordoba\/dorra-raul\/","title":{"rendered":"Dorra, Ra\u00fal"},"content":{"rendered":"<p><span style=\"color: #000000\">Nace en San Pedro (Jujuy) el 5 de setiembre de 1937. Llega a C\u00f3rdoba para<\/span><br \/>\n<span style=\"color: #000000\">cursar sus estudios universitarios (Licenciatura en Letras) en 1957. Docente de<\/span><br \/>\n<span style=\"color: #000000\">Literatura Espa\u00f1ola I de la Fac de Filosof\u00eda y Humanidades, UNCba. Aqu\u00ed reside<\/span><br \/>\n<span style=\"color: #000000\">hasta 1976, cuando por razones pol\u00edticas, se ve obligado a vivir en M\u00e9xico.<\/span><br \/>\n<span style=\"color: #000000\">Actualmente, trabaja en la Universidad Aut\u00f3noma de Puebla como docente y<\/span><br \/>\n<span style=\"color: #000000\">doctor en Letras en la Universidad Aut\u00f3noma. Narrador, ensayista, te\u00f3rico de la<\/span><br \/>\n<span style=\"color: #000000\">literatura, su inter\u00e9s se funda y nace con el estudio de la poes\u00eda oral y popular<\/span><br \/>\n<span style=\"color: #000000\">espa\u00f1ola, como docente de la c\u00e1tedra de Literatura Espa\u00f1ola I de la Escuela de<\/span><br \/>\n<span style=\"color: #000000\">Letras (FFyH, UNCba.). En M\u00e9xico inicia sus investigaciones en semi\u00f3tica. La<\/span><br \/>\n<span style=\"color: #000000\">Academia Mexicana de Ciencias lo nombr\u00f3 Miembro Regular en 2001 y la<\/span><br \/>\n<span style=\"color: #000000\">Academia Mexicana de la Lengua lo distingui\u00f3 con el nombramiento de Miembro<\/span><br \/>\n<span style=\"color: #000000\">Correspondiente por Puebla en 2011. Fue fundador e investigador en el Centro<\/span><br \/>\n<span style=\"color: #000000\">de Ciencias del Lenguaje; fundador y coordinador de la maestr\u00eda en Ciencias del<\/span><br \/>\n<span style=\"color: #000000\">Lenguaje de la Universidad Aut\u00f3noma de Puebla. Integra la Academia Mexicana<\/span><br \/>\n<span style=\"color: #000000\">de la Lengua desde 2011.<\/span><br \/>\n<span style=\"color: #000000\">Falleci\u00f3 en Puebla (M\u00e9xico) en setiembre de 2021.<\/span><\/p>\n<h3><span style=\"color: #000000\">Publicaciones<\/span><\/h3>\n<h4><span style=\"color: #000000\">Literarias<\/span><\/h4>\n<ul>\n<li><span style=\"color: #000000\"><em><a href=\"http:\/\/ffyh.biblio.unc.edu.ar\/\/cgi-bin\/koha\/opac-detail.pl?biblionumber=14446\">Aqu\u00ed en este destierro<\/a>. Cuentos<\/em>, 1967<\/span><\/li>\n<li><span style=\"color: #000000\"><em>Serm\u00f3n sobre la muerte<\/em>, 1977<\/span><\/li>\n<li><span style=\"color: #000000\"><a href=\"http:\/\/ffyh.biblio.unc.edu.ar\/\/cgi-bin\/koha\/opac-detail.pl?biblionumber=89473\"><em>La pasi\u00f3n, los trabajos y las horas de Dami\u00e1n<\/em><\/a>, 1979<\/span><\/li>\n<li><span style=\"color: #000000\"><em><a href=\"http:\/\/ffyh.biblio.unc.edu.ar\/\/cgi-bin\/koha\/opac-detail.pl?biblionumber=84927\">La canci\u00f3n de Eleonora<\/a>, <\/em>1981, 2002<\/span><\/li>\n<li><span style=\"color: #000000\"><em>Donde am\u00e1bamos tanto<\/em>, 1994 (luego incluido en <em>Ofelia desvar\u00eda<\/em>)<\/span><\/li>\n<li><span style=\"color: #000000\"><em>Profeta sin honra<\/em>, 1995<\/span><\/li>\n<li><span style=\"color: #000000\"><em>El serm\u00f3n de las siete palabras<\/em>, 1995<\/span><\/li>\n<li><span style=\"color: #000000\"><a href=\"http:\/\/ffyh.biblio.unc.edu.ar\/\/cgi-bin\/koha\/opac-detail.pl?biblionumber=64809\"><em>Ofelia desvar\u00eda<\/em><\/a>, 1999<\/span><\/li>\n<li><span style=\"color: #000000\"><em>Lecturas del cal\u00edgrafo,<\/em> 2011<\/span><\/li>\n<\/ul>\n<h4><span style=\"color: #000000\">De teor\u00eda y cr\u00edtica literaria<\/span><\/h4>\n<ul>\n<li><span style=\"color: #000000\"><a href=\"http:\/\/ffyh.biblio.unc.edu.ar\/\/cgi-bin\/koha\/opac-detail.pl?biblionumber=95372\"><em>El lenguaje, problemas y reflexiones actuales<\/em><\/a>, 1980<\/span><\/li>\n<li><span style=\"color: #000000\"><em><a href=\"http:\/\/ffyh.biblio.unc.edu.ar\/\/cgi-bin\/koha\/opac-detail.pl?biblionumber=97045\">De la lengua escrita<\/a>,<\/em> 1982<\/span><\/li>\n<li><span style=\"color: #000000\"><a href=\"http:\/\/ffyh.biblio.unc.edu.ar\/\/cgi-bin\/koha\/opac-detail.pl?biblionumber=3920\"><em>Los extremos del lenguaje en la poes\u00eda tradicional espa\u00f1ola<\/em><\/a>, 1984<\/span><\/li>\n<li><span style=\"color: #000000\"><a href=\"http:\/\/belgrano.biblio.unc.edu.ar\/\/cgi-bin\/koha\/opac-detail.pl?biblionumber=6235\"><em>Gu\u00eda de procedimientos y recursos para t\u00e9cnicas de investigaci\u00f3n<\/em><\/a>, 1987 \u2013en colaboraci\u00f3n-<\/span><\/li>\n<li><span style=\"color: #000000\"><em>La literatura puesta en juego<\/em>, 1987<\/span><\/li>\n<li><span style=\"color: #000000\"><em>Hablar de literatura,<\/em> 1989<\/span><\/li>\n<li><span style=\"color: #000000\"><em>Entre la voz y la letra,<\/em> 1997<\/span><\/li>\n<li><span style=\"color: #000000\"><a href=\"http:\/\/lenguas.biblio.unc.edu.ar\/\/cgi-bin\/koha\/opac-detail.pl?biblionumber=4520\"><em>Semiosis, estesis, est\u00e9tica<\/em><\/a>, 1999<\/span><\/li>\n<li><span style=\"color: #000000\"><em>La ret\u00f3rica como arte de la mirada,<\/em> 2002<\/span><\/li>\n<li><span style=\"color: #000000\"><a href=\"http:\/\/lenguas.biblio.unc.edu.ar\/\/cgi-bin\/koha\/opac-detail.pl?biblionumber=13721\"><em>Con el af\u00e1n de la p\u00e1gina<\/em><\/a>, 2003<\/span><\/li>\n<li><span style=\"color: #000000\"><em>Materiales sensibles del sentido<\/em>, 2004<\/span><\/li>\n<li><span style=\"color: #000000\"><em>La casa y el caracol (Para una semi\u00f3tica del cuerpo)<\/em>, 2005<\/span><\/li>\n<li><span style=\"color: #000000\">\u00bf<em>Leer est\u00e1 de moda?, <\/em>2014<\/span><\/li>\n<\/ul>\n<p><span style=\"color: #000000\">P\u00e1gina del autor: <a href=\"http:\/\/rauldorra.blogspot.com\">http:\/\/rauldorra.blogspot.com<\/a><\/span><\/p>\n<h3><span style=\"color: #000000\">Bibliograf\u00eda<\/span><\/h3>\n<ul>\n<li><span style=\"color: #000000\">Navarrete Maya, Laura: \u201c<a href=\"http:\/\/www.elem.mx\/autor\/datos\/308\">Ra\u00fal Dorra<\/a>\u201d en Enciclopedia de Literatura en M\u00e9xico.<\/span><\/li>\n<\/ul>\n<p style=\"text-align: right\"><a href=\"http:\/\/ffyh.unc.edu.ar\/biblioteca\/escritores-de-cordoba\/\">volver<\/a><\/p>\n","protected":false},"excerpt":{"rendered":"<div class=\"entry-summary\">\nNace en San Pedro (Jujuy) el 5 de setiembre de 1937. Llega a C\u00f3rdoba para cursar sus estudios universitarios (Licenciatura&hellip;\n<\/div>\n<div class=\"link-more\"><a href=\"https:\/\/ffyh.unc.edu.ar\/biblioteca\/escritores-de-cordoba\/dorra-raul\/\" class=\"more-link\">Continuar leyendo<span class=\"screen-reader-text\"> &ldquo;Dorra, Ra\u00fal&rdquo;<\/span>&hellip;<\/a><\/div>\n","protected":false},"author":7,"featured_media":0,"parent":3221,"menu_order":0,"comment_status":"closed","ping_status":"closed","template":"","meta":{"_acf_changed":false,"jetpack_post_was_ever_published":false,"footnotes":""},"class_list":["post-3485","page","type-page","status-publish","hentry","entry"],"acf":[],"jetpack_shortlink":"https:\/\/wp.me\/P9UJM9-Ud","jetpack-related-posts":[],"jetpack_sharing_enabled":true,"_links":{"self":[{"href":"https:\/\/ffyh.unc.edu.ar\/biblioteca\/wp-json\/wp\/v2\/pages\/3485","targetHints":{"allow":["GET"]}}],"collection":[{"href":"https:\/\/ffyh.unc.edu.ar\/biblioteca\/wp-json\/wp\/v2\/pages"}],"about":[{"href":"https:\/\/ffyh.unc.edu.ar\/biblioteca\/wp-json\/wp\/v2\/types\/page"}],"author":[{"embeddable":true,"href":"https:\/\/ffyh.unc.edu.ar\/biblioteca\/wp-json\/wp\/v2\/users\/7"}],"replies":[{"embeddable":true,"href":"https:\/\/ffyh.unc.edu.ar\/biblioteca\/wp-json\/wp\/v2\/comments?post=3485"}],"version-history":[{"count":5,"href":"https:\/\/ffyh.unc.edu.ar\/biblioteca\/wp-json\/wp\/v2\/pages\/3485\/revisions"}],"predecessor-version":[{"id":4964,"href":"https:\/\/ffyh.unc.edu.ar\/biblioteca\/wp-json\/wp\/v2\/pages\/3485\/revisions\/4964"}],"up":[{"embeddable":true,"href":"https:\/\/ffyh.unc.edu.ar\/biblioteca\/wp-json\/wp\/v2\/pages\/3221"}],"wp:attachment":[{"href":"https:\/\/ffyh.unc.edu.ar\/biblioteca\/wp-json\/wp\/v2\/media?parent=3485"}],"curies":[{"name":"wp","href":"https:\/\/api.w.org\/{rel}","templated":true}]}}