{"id":3545,"date":"2019-07-29T16:35:03","date_gmt":"2019-07-29T16:35:03","guid":{"rendered":"http:\/\/ffyh.unc.edu.ar\/biblioteca\/?page_id=3545"},"modified":"2019-11-04T16:55:56","modified_gmt":"2019-11-04T16:55:56","slug":"guraieb-jose-elias","status":"publish","type":"page","link":"https:\/\/ffyh.unc.edu.ar\/biblioteca\/escritores-de-cordoba\/guraieb-jose-elias\/","title":{"rendered":"Guraieb, Jos\u00e9 El\u00edas"},"content":{"rendered":"<p><span style=\"color: #000000\">Naci\u00f3 en el L\u00edbano (Deir El Kamar), en 1894 y llega a San Miguel de Tucum\u00e1n siendo muy joven, donde comenz\u00f3 a trabajar y a escribir. All\u00ed se cas\u00f3. A mediados de la d\u00e9cada del 40 llega a C\u00f3rdoba y toma contacto con la colectividad de su pa\u00eds. Fue un gran promotor de las letras de su pa\u00eds (Jalil Kibr\u00e1n y Omar Khayam estuvieron entre los autores preferidos para traducir en diversas oportunidades). Crea la c\u00e1tedra de Lengua \u00c1rabe en el Departamento cultural de la entonces Escuela de Lenguas de la UNCba (hoy, Facultad), donde ejerci\u00f3 como profesor. Fue miembro de la SADE filial C\u00f3rdoba, donde tambi\u00e9n ejerci\u00f3 en un per\u00edodo como Presidente. Dej\u00f3 inconcluso un importante diccionario de t\u00e9rminos hispano-\u00e1rabes, que permanece in\u00e9dito. Falleci\u00f3 en C\u00f3rdoba el 8 de setiembre de 1979.<\/span><\/p>\n<h3><span style=\"color: #000000\">Publicaciones<\/span><\/h3>\n<ul>\n<li><span style=\"color: #000000\"><a href=\"http:\/\/ffyh.biblio.unc.edu.ar\/\/cgi-bin\/koha\/opac-detail.pl?biblionumber=19849\"><em>Sabidur\u00eda \u00e1rabe<\/em><\/a>, 1952<\/span><\/li>\n<li><span style=\"color: #000000\"><em><a href=\"http:\/\/bmayor.biblio.unc.edu.ar\/\/cgi-bin\/koha\/opac-detail.pl?biblionumber=12\">El intercambio cultural anglo-ar\u00e1bigo<\/a>, <\/em>1955<\/span><\/li>\n<li><span style=\"color: #000000\"><em>Kalamsof\u00eda (La sabidur\u00eda de la palabra), <\/em>1965<\/span><\/li>\n<li><span style=\"color: #000000\"><a href=\"http:\/\/eci.biblio.unc.edu.ar\/\/cgi-bin\/koha\/opac-detail.pl?biblionumber=6831\"><em>El mensaje de los sue\u00f1os. Filosof\u00eda oneirocr\u00edtica<\/em><\/a>, 1974<\/span><\/li>\n<li><span style=\"color: #000000\"><em>El sufismo en el cristianismo y el islam<\/em>, 1976<\/span><\/li>\n<li><span style=\"color: #000000\"><em>Alquimia mental (Horus mayor) para la iniciaci\u00f3n menor<\/em>, 1978<\/span><\/li>\n<li><span style=\"color: #000000\"><a href=\"http:\/\/lenguas.biblio.unc.edu.ar\/\/cgi-bin\/koha\/opac-detail.pl?biblionumber=6465\"><em>Dunia Zad<\/em>. Vi\u00e1tico espiritual<\/a>. <em>Relatos<\/em> 1978<\/span><\/li>\n<li><span style=\"color: #000000\"><em>Joyas esmeraldinas<\/em>, 1978<\/span><\/li>\n<li><span style=\"color: #000000\"><a href=\"http:\/\/lenguas.biblio.unc.edu.ar\/\/cgi-bin\/koha\/opac-detail.pl?biblionumber=6302\"><em>Pepitas de oro, Proverbios, an\u00e9cdotas y leyendas de sabidur\u00eda oriental<\/em><\/a>, 1978<\/span><\/li>\n<li><span style=\"color: #000000\"><em>Manual de gram\u00e1tica hispano-\u00e1rabe<\/em>, 1982<\/span><\/li>\n<\/ul>\n<h3><span style=\"color: #000000\">Bibliograf\u00eda<\/span><\/h3>\n<ul>\n<li><span style=\"color: #000000\">De Agreda y Burillo, Fernando: <em>Jos\u00e9 El\u00edas Gur\u00e1ieb: recuerdos de un arabista argentino<\/em>. Tucum\u00e1n, Seminario de Estudios \u00c1rabes, Facultad de Filosof\u00eda y Letras, 1997.<\/span><\/li>\n<li><span style=\"color: #000000\">Tambi\u00e9n disponible en: Qurtuba: \u201cEstudios andalus\u00edes\u201d, N\u00ba 2, 1997, p\u00e1gs. 273-281<\/span><\/li>\n<\/ul>\n<p style=\"text-align: right\"><a href=\"http:\/\/ffyh.unc.edu.ar\/biblioteca\/escritores-de-cordoba\/\">volver<\/a><\/p>\n","protected":false},"excerpt":{"rendered":"<div class=\"entry-summary\">\nNaci\u00f3 en el L\u00edbano (Deir El Kamar), en 1894 y llega a San Miguel de Tucum\u00e1n siendo muy joven, donde&hellip;\n<\/div>\n<div class=\"link-more\"><a href=\"https:\/\/ffyh.unc.edu.ar\/biblioteca\/escritores-de-cordoba\/guraieb-jose-elias\/\" class=\"more-link\">Continuar leyendo<span class=\"screen-reader-text\"> &ldquo;Guraieb, Jos\u00e9 El\u00edas&rdquo;<\/span>&hellip;<\/a><\/div>\n","protected":false},"author":7,"featured_media":0,"parent":3221,"menu_order":0,"comment_status":"closed","ping_status":"closed","template":"","meta":{"_acf_changed":false,"jetpack_post_was_ever_published":false,"footnotes":""},"class_list":["post-3545","page","type-page","status-publish","hentry","entry"],"acf":[],"jetpack_shortlink":"https:\/\/wp.me\/P9UJM9-Vb","jetpack-related-posts":[],"jetpack_sharing_enabled":true,"_links":{"self":[{"href":"https:\/\/ffyh.unc.edu.ar\/biblioteca\/wp-json\/wp\/v2\/pages\/3545","targetHints":{"allow":["GET"]}}],"collection":[{"href":"https:\/\/ffyh.unc.edu.ar\/biblioteca\/wp-json\/wp\/v2\/pages"}],"about":[{"href":"https:\/\/ffyh.unc.edu.ar\/biblioteca\/wp-json\/wp\/v2\/types\/page"}],"author":[{"embeddable":true,"href":"https:\/\/ffyh.unc.edu.ar\/biblioteca\/wp-json\/wp\/v2\/users\/7"}],"replies":[{"embeddable":true,"href":"https:\/\/ffyh.unc.edu.ar\/biblioteca\/wp-json\/wp\/v2\/comments?post=3545"}],"version-history":[{"count":2,"href":"https:\/\/ffyh.unc.edu.ar\/biblioteca\/wp-json\/wp\/v2\/pages\/3545\/revisions"}],"predecessor-version":[{"id":3547,"href":"https:\/\/ffyh.unc.edu.ar\/biblioteca\/wp-json\/wp\/v2\/pages\/3545\/revisions\/3547"}],"up":[{"embeddable":true,"href":"https:\/\/ffyh.unc.edu.ar\/biblioteca\/wp-json\/wp\/v2\/pages\/3221"}],"wp:attachment":[{"href":"https:\/\/ffyh.unc.edu.ar\/biblioteca\/wp-json\/wp\/v2\/media?parent=3545"}],"curies":[{"name":"wp","href":"https:\/\/api.w.org\/{rel}","templated":true}]}}