{"id":3555,"date":"2019-07-29T16:54:49","date_gmt":"2019-07-29T16:54:49","guid":{"rendered":"http:\/\/ffyh.unc.edu.ar\/biblioteca\/?page_id=3555"},"modified":"2019-11-04T16:57:17","modified_gmt":"2019-11-04T16:57:17","slug":"herrera-ataliva","status":"publish","type":"page","link":"https:\/\/ffyh.unc.edu.ar\/biblioteca\/escritores-de-cordoba\/herrera-ataliva\/","title":{"rendered":"Herrera, Ataliva"},"content":{"rendered":"<p><span style=\"color: #000000\">Naci\u00f3 el 2 de junio de 1888 en la ciudad de C\u00f3rdoba. Hasta finalizar la escuela primaria, con su familia vive en Cruz del Eje. Egresa del secundario luego de rendir libre en el Colegio Monserrat en 1907. En 1904 y 1906 logra sus primeros reconocimientos literarios por sus poemas.<\/span><\/p>\n<p><span style=\"color: #000000\">Estudi\u00f3 de Humanidades en el Seminario de Loreto, y luego, cursa la carrera de abogado en la Facultad de Derecho y Ciencias Sociales, de la UNCba, que concluy\u00f3 en 1913 y se especializa en Derecho Penal. Se cas\u00f3 con Eva Mar\u00eda Castro Nieva, tuvo dos hijos.<\/span><\/p>\n<p><span style=\"color: #000000\">Fue docente de nivel secundario y universitario. Se desempe\u00f1\u00f3 como magistrado en cargos de importancia. Realiz\u00f3 colaboraciones en diarios: \u201cLos principios\u201d y \u201cLa voz del interior\u201d de C\u00f3rdoba; y \u201cLa Prensa\u201d, \u201cLa Naci\u00f3n\u201d, \u201cLa Raz\u00f3n\u201d y \u201cEl pueblo\u201d, de Buenos Aires. Tambi\u00e9n colabor\u00f3 con revistas, como \u201cCaras y Caretas\u201d, \u201cEl Hogar\u201d, \u201cAtl\u00e1ntida\u201d y \u201cEstudios\u201d de Buenos Aires.<\/span><\/p>\n<p><span style=\"color: #000000\">Fue profesor de Letras en Mendoza, C\u00f3rdoba, Buenos Aires y Adrogu\u00e9 (Buenos Aires), hasta 1946; tambi\u00e9n ejerci\u00f3 como profesor de Derecho Penal en la Facultad de Ciencias Jur\u00eddicas y Sociales de la Universidad Nacional del Litoral, donde fue Decano de la misma hasta 1944. Se desempe\u00f1\u00f3 como funcionario siendo Inspector T\u00e9cnico de Ense\u00f1anza del Ministerio de Educaci\u00f3n de la Naci\u00f3n, desde 1936. Realiz\u00f3 una importante carrera como abogado, juez y jurista.<\/span><\/p>\n<p><span style=\"color: #000000\">Obtuvo el Premio del diario \u201cLa Prensa\u201d por su <em>Poema Nativo<\/em> en 1916 y por <em>Paz Provinciana,<\/em> en 1922. Fue reconocido con el Premio Nacional de Literatura en 1920.<\/span><\/p>\n<p><span style=\"color: #000000\">Falleci\u00f3 en la ciudad de C\u00f3rdoba el 6 de noviembre de 1953.<\/span><\/p>\n<h3><span style=\"color: #000000\">Publicaciones<\/span><\/h3>\n<ul>\n<li><span style=\"color: #000000\"><em>Poema Nativo<\/em>, 1916<\/span><\/li>\n<li><span style=\"color: #000000\"><a href=\"https:\/\/catalogo.biblio.unc.edu.ar\/Search\/Results?lookfor=herrera%2C+ataliva+las+virgenes+del+sol&amp;type=AllFields&amp;limit=20&amp;sort=year+asc\"><em>Las V\u00edrgenes del Sol<\/em><\/a>, 1920<\/span><\/li>\n<li><span style=\"color: #000000\"><em>Paz provinciana<\/em>, 1922<\/span><\/li>\n<li><span style=\"color: #000000\"><a href=\"https:\/\/catalogo.biblio.unc.edu.ar\/Search\/Results?lookfor=herrera%2C+ataliva+bamba&amp;type=AllFields&amp;limit=20&amp;sort=year+asc\"><em>Bamba. Poema de C\u00f3rdoba colonial<\/em><\/a>, 1933<\/span><\/li>\n<li><span style=\"color: #000000\"><em>La Iluminada, <\/em>1934. Primer auto sacramental argentino<\/span><\/li>\n<\/ul>\n<h3><span style=\"color: #000000\">Bibliograf\u00eda<\/span><\/h3>\n<ul>\n<li><span style=\"color: #000000\">Bischoff, Efra\u00edn: V. 6 (1977) \u00bfQui\u00e9n fue Bamba? En \u00abRevista de la Junta Provincial de Historia de C\u00f3rdoba\u00bb \/ Junta Provincia de Historia de C\u00f3rdoba. \/ V. 6 (1977).\u00a0<\/span><\/li>\n<\/ul>\n<p style=\"text-align: right\"><a href=\"http:\/\/ffyh.unc.edu.ar\/biblioteca\/escritores-de-cordoba\/\">volver<\/a><\/p>\n","protected":false},"excerpt":{"rendered":"<div class=\"entry-summary\">\nNaci\u00f3 el 2 de junio de 1888 en la ciudad de C\u00f3rdoba. Hasta finalizar la escuela primaria, con su familia&hellip;\n<\/div>\n<div class=\"link-more\"><a href=\"https:\/\/ffyh.unc.edu.ar\/biblioteca\/escritores-de-cordoba\/herrera-ataliva\/\" class=\"more-link\">Continuar leyendo<span class=\"screen-reader-text\"> &ldquo;Herrera, Ataliva&rdquo;<\/span>&hellip;<\/a><\/div>\n","protected":false},"author":7,"featured_media":0,"parent":3221,"menu_order":0,"comment_status":"closed","ping_status":"closed","template":"","meta":{"_acf_changed":false,"saved_in_kubio":false,"jetpack_post_was_ever_published":false,"footnotes":""},"class_list":["post-3555","page","type-page","status-publish","hentry","entry"],"acf":[],"kubio_ai_page_context":{"short_desc":"","purpose":"general"},"jetpack_shortlink":"https:\/\/wp.me\/P9UJM9-Vl","jetpack-related-posts":[],"jetpack_sharing_enabled":true,"_links":{"self":[{"href":"https:\/\/ffyh.unc.edu.ar\/biblioteca\/wp-json\/wp\/v2\/pages\/3555","targetHints":{"allow":["GET"]}}],"collection":[{"href":"https:\/\/ffyh.unc.edu.ar\/biblioteca\/wp-json\/wp\/v2\/pages"}],"about":[{"href":"https:\/\/ffyh.unc.edu.ar\/biblioteca\/wp-json\/wp\/v2\/types\/page"}],"author":[{"embeddable":true,"href":"https:\/\/ffyh.unc.edu.ar\/biblioteca\/wp-json\/wp\/v2\/users\/7"}],"replies":[{"embeddable":true,"href":"https:\/\/ffyh.unc.edu.ar\/biblioteca\/wp-json\/wp\/v2\/comments?post=3555"}],"version-history":[{"count":2,"href":"https:\/\/ffyh.unc.edu.ar\/biblioteca\/wp-json\/wp\/v2\/pages\/3555\/revisions"}],"predecessor-version":[{"id":3557,"href":"https:\/\/ffyh.unc.edu.ar\/biblioteca\/wp-json\/wp\/v2\/pages\/3555\/revisions\/3557"}],"up":[{"embeddable":true,"href":"https:\/\/ffyh.unc.edu.ar\/biblioteca\/wp-json\/wp\/v2\/pages\/3221"}],"wp:attachment":[{"href":"https:\/\/ffyh.unc.edu.ar\/biblioteca\/wp-json\/wp\/v2\/media?parent=3555"}],"curies":[{"name":"wp","href":"https:\/\/api.w.org\/{rel}","templated":true}]}}