{"id":3576,"date":"2019-08-05T14:15:18","date_gmt":"2019-08-05T14:15:18","guid":{"rendered":"http:\/\/ffyh.unc.edu.ar\/biblioteca\/?page_id=3576"},"modified":"2019-11-04T16:59:41","modified_gmt":"2019-11-04T16:59:41","slug":"larreta-rodriguez-enrique","status":"publish","type":"page","link":"https:\/\/ffyh.unc.edu.ar\/biblioteca\/escritores-de-cordoba\/larreta-rodriguez-enrique\/","title":{"rendered":"Larreta Rodr\u00edguez, Enrique"},"content":{"rendered":"<p><span style=\"color: #000000\">Naci\u00f3 en 1873 y falleci\u00f3 en 1961 en Buenos Aires. Integrante de una familia de prestigio social. Su vida transcurre entre Buenos Aires y Europa, donde desarrolla una intensa tarea como diplom\u00e1tico argentino en Espa\u00f1a y Francia. Tuvo contacto personal con Miguel de Unamuno. Fue miembro de la Academia Argentina de Letras (desde 1946, donde ocupa el sill\u00f3n de Miguel Hern\u00e1ndez), de la Real Academia Espa\u00f1ola de la Lengua y de la Academia Argentina de la Historia, al igual que Arturo Capdevila, de quien fuera contempor\u00e1neo. Fue, tambi\u00e9n, miembro de la Academia Nacional de Bellas Artes desde 1941. En 1918, el escritor compra tierras de lo que fuera la estancia jesu\u00edtica de Alta Gracia, y hace construir una casa que concluye en 1924. Lo que entonces fuera \u201cEl Potrerillo\u201d pasa hoy a ser \u201cEl Potrerillo de Larreta\u201d. All\u00ed, el escritor con su familia pasa largas temporadas y escribe muchas de sus obras, como tambi\u00e9n realiza la pintura de algunos cuadros que se guardan, expuestos entre obras de arte cuzque\u00f1o y espa\u00f1ol. La casa del escritor del barrio de Belgrano de Buenos Aires, es el Museo de Arte Espa\u00f1ol que lleva su nombre. <\/span><\/p>\n<h3><span style=\"color: #000000\">Bibliograf\u00eda <\/span><\/h3>\n<ul>\n<li><span style=\"color: #000000\">Montero, Mar\u00eda Luisa y T\u00f3rtola, Ang\u00e9lica (1964): <a href=\"http:\/\/ffyh.biblio.unc.edu.ar\/\/cgi-bin\/koha\/opac-detail.pl?biblionumber=1990\">Bibliograf\u00eda argentina de artes y letras. Compilaciones especiales: Enrique Larreta<\/a>. Buenos Aires, Fondo Nacional de las Artes. Nro.19.<\/span><\/li>\n<\/ul>\n<p style=\"text-align: right\"><a href=\"http:\/\/ffyh.unc.edu.ar\/biblioteca\/escritores-de-cordoba\/\">volver<\/a><\/p>\n","protected":false},"excerpt":{"rendered":"<div class=\"entry-summary\">\nNaci\u00f3 en 1873 y falleci\u00f3 en 1961 en Buenos Aires. Integrante de una familia de prestigio social. Su vida transcurre&hellip;\n<\/div>\n<div class=\"link-more\"><a href=\"https:\/\/ffyh.unc.edu.ar\/biblioteca\/escritores-de-cordoba\/larreta-rodriguez-enrique\/\" class=\"more-link\">Continuar leyendo<span class=\"screen-reader-text\"> &ldquo;Larreta Rodr\u00edguez, Enrique&rdquo;<\/span>&hellip;<\/a><\/div>\n","protected":false},"author":7,"featured_media":0,"parent":3221,"menu_order":0,"comment_status":"closed","ping_status":"closed","template":"","meta":{"_acf_changed":false,"saved_in_kubio":false,"jetpack_post_was_ever_published":false,"footnotes":""},"class_list":["post-3576","page","type-page","status-publish","hentry","entry"],"acf":[],"kubio_ai_page_context":{"short_desc":"","purpose":"general"},"jetpack_shortlink":"https:\/\/wp.me\/P9UJM9-VG","jetpack-related-posts":[],"jetpack_sharing_enabled":true,"_links":{"self":[{"href":"https:\/\/ffyh.unc.edu.ar\/biblioteca\/wp-json\/wp\/v2\/pages\/3576","targetHints":{"allow":["GET"]}}],"collection":[{"href":"https:\/\/ffyh.unc.edu.ar\/biblioteca\/wp-json\/wp\/v2\/pages"}],"about":[{"href":"https:\/\/ffyh.unc.edu.ar\/biblioteca\/wp-json\/wp\/v2\/types\/page"}],"author":[{"embeddable":true,"href":"https:\/\/ffyh.unc.edu.ar\/biblioteca\/wp-json\/wp\/v2\/users\/7"}],"replies":[{"embeddable":true,"href":"https:\/\/ffyh.unc.edu.ar\/biblioteca\/wp-json\/wp\/v2\/comments?post=3576"}],"version-history":[{"count":3,"href":"https:\/\/ffyh.unc.edu.ar\/biblioteca\/wp-json\/wp\/v2\/pages\/3576\/revisions"}],"predecessor-version":[{"id":3579,"href":"https:\/\/ffyh.unc.edu.ar\/biblioteca\/wp-json\/wp\/v2\/pages\/3576\/revisions\/3579"}],"up":[{"embeddable":true,"href":"https:\/\/ffyh.unc.edu.ar\/biblioteca\/wp-json\/wp\/v2\/pages\/3221"}],"wp:attachment":[{"href":"https:\/\/ffyh.unc.edu.ar\/biblioteca\/wp-json\/wp\/v2\/media?parent=3576"}],"curies":[{"name":"wp","href":"https:\/\/api.w.org\/{rel}","templated":true}]}}