{"id":3580,"date":"2019-08-05T14:29:53","date_gmt":"2019-08-05T14:29:53","guid":{"rendered":"http:\/\/ffyh.unc.edu.ar\/biblioteca\/?page_id=3580"},"modified":"2022-05-16T17:59:50","modified_gmt":"2022-05-16T17:59:50","slug":"larrea-juan","status":"publish","type":"page","link":"https:\/\/ffyh.unc.edu.ar\/biblioteca\/escritores-de-cordoba\/larrea-juan\/","title":{"rendered":"Larrea, Juan"},"content":{"rendered":"<p><span style=\"color: #000000\">Naci\u00f3 en Bilbao, 13 de marzo de 1895 y falleci\u00f3 en C\u00f3rdoba, 9 de julio de 1980.\u00a0 \u00a0 \u00a0 \u00a0 \u00a0 \u00a0<\/span><span style=\"color: #000000\">Su infancia transcurri\u00f3 en varios lugares hasta iniciar la carrera de Filosof\u00eda y Letras en la universidad. Trabaj\u00f3 como archivero y bibliotecario en el Archivo Hist\u00f3rico Nacional de 1921 a 1926, a\u00f1o durante el cual marcha a Par\u00eds.\u00a0 \u00a0 \u00a0 \u00a0 \u00a0 \u00a0 \u00a0 \u00a0 \u00a0 \u00a0 \u00a0 \u00a0 \u00a0 \u00a0 \u00a0 \u00a0 \u00a0 \u00a0 \u00a0 \u00a0 \u00a0 <\/span><span style=\"color: #000000\">All\u00ed tiene contacto con la vanguardia francesa (el dada\u00edsmo y el surrealismo, fundamentalmente) y con una personalidad literaria que marcar\u00e1 profundamente sus motivaciones: el escritor peruano C\u00e9sar Vallejo. Junto a \u00e9l funda una revista que cuenta entre sus colaboradores a Gerardo Diego y Vicente Huidobro \u2013que ser\u00edan sus amigos personales-, Trist\u00e1n Tzar\u00e1 y Juan Gris entre otros destacados. Durante el per\u00edodo, el autor escribe en lengua francesa.\u00a0 \u00a0 \u00a0 \u00a0 \u00a0 \u00a0 \u00a0 \u00a0 \u00a0 \u00a0 \u00a0 \u00a0 \u00a0 \u00a0 \u00a0 \u00a0 \u00a0 \u00a0 \u00a0 \u00a0 \u00a0 \u00a0 \u00a0 \u00a0 \u00a0 \u00a0 \u00a0 \u00a0 \u00a0 <\/span><span style=\"color: #000000\">Contrae matrimonio con Marguerite Aubry en 1929, y la pareja reside en Per\u00fa entre 1930 y 1931. En Par\u00eds en 1932, renuncia a la escritura po\u00e9tica, aunque esa producci\u00f3n va a ser publicada en una antolog\u00eda durante su estancia en C\u00f3rdoba, en 1969.\u00a0 \u00a0 \u00a0 \u00a0 \u00a0 \u00a0 \u00a0 \u00a0 <\/span><span style=\"color: #000000\">Con la llegada del franquismo, el escritor, de profunda ideolog\u00eda republicana, se exili\u00f3 en Am\u00e9rica. Primero se instal\u00f3 en M\u00e9xico \u2013donde colabora en la fundaci\u00f3n de los \u201cCuadernos Americanos\u201d-. En ese momento, se separa de su esposa, luego va a Nueva York (1949-56), becado por la Fundaci\u00f3n Guggenheim y por \u00faltimo, llega a C\u00f3rdoba en 1956, donde residir\u00e1 hasta su muerte. Aqu\u00ed ejerce como investigador en la Facultad de Filosof\u00eda y Humanidades hasta 1978, luego de fundar la publicaci\u00f3n \u201cAula Vallejo\u201d, editada por la misma UNCba., de 1961 a 1974. Fue un gran coleccionista de arte peruano precolombino.\u00a0 \u00a0 \u00a0 \u00a0 \u00a0 \u00a0 \u00a0 \u00a0 \u00a0 \u00a0 \u00a0 \u00a0 \u00a0 \u00a0 \u00a0 \u00a0 \u00a0 \u00a0 \u00a0 \u00a0 \u00a0 \u00a0 \u00a0 \u00a0 \u00a0 \u00a0 \u00a0 \u00a0 \u00a0 \u00a0 \u00a0 \u00a0 \u00a0 \u00a0 \u00a0 \u00a0 \u00a0 \u00a0 \u00a0 \u00a0 \u00a0 \u00a0 \u00a0 \u00a0 \u00a0 \u00a0 \u00a0 <\/span><span style=\"color: #000000\">Durante su exilio en Am\u00e9rica, Larrea se dedica especialmente al ensayo y a la difusi\u00f3n de los diferentes componentes del mundo cultural que vivi\u00f3 en Francia: C\u00e9sar Vallejo, el surrealismo, Vicente Huidobro, el cubismo \u2013sinti\u00f3 enorme admiraci\u00f3n por el \u201cGuernica\u201d de Pablo Picasso-. Otro foco de sus intereses atiende a la difusi\u00f3n de la cosmovisi\u00f3n antigua del Nuevo Mundo que cifra Machu Pichu, y que se valora desde la distancia y la diferencia con la cultura europea.\u00a0 \u00a0 \u00a0 \u00a0 \u00a0 \u00a0 \u00a0 \u00a0 \u00a0 \u00a0 \u00a0 \u00a0 \u00a0 \u00a0 \u00a0 \u00a0 \u00a0 \u00a0 \u00a0 \u00a0 \u00a0 \u00a0 \u00a0 \u00a0 \u00a0 \u00a0 \u00a0 \u00a0 \u00a0 \u00a0<\/span><span style=\"color: #000000\">En 1961, fallecen en un accidente, la hija \u2013Luciana- y su yerno, Gilbert Luy, padres de Vicente Luy, a quien el poeta cuidar\u00e1.<\/span><\/p>\n<h3><span style=\"color: #000000\">Publicaciones<\/span><\/h3>\n<h4><span style=\"color: #000000\">Poes\u00eda<\/span><\/h4>\n<ul>\n<li><span style=\"color: #000000\"><em>Oscuro dominio<\/em>, 1934<\/span><\/li>\n<li><span style=\"color: #000000\"><a href=\"https:\/\/catalogo.biblio.unc.edu.ar\/Search\/Results?lookfor=larrea%2C+juan+versi%C3%B3n+celeste&amp;type=AllFields&amp;limit=20&amp;sort=relevance\"><em>Versi\u00f3n celeste<\/em><\/a>, 1970<\/span><\/li>\n<li><span style=\"color: #000000\"><a href=\"https:\/\/catalogo.biblio.unc.edu.ar\/Search\/Results?lookfor=larrea%2C+juan+intensidad+del+canto+errante&amp;type=AllFields&amp;limit=20&amp;sort=relevance\"><em>Intensidad del Canto Errante<\/em><\/a>, 1970<\/span><\/li>\n<li><span style=\"color: #000000\"><em>Orbe,<\/em> 1990 \u2013edici\u00f3n p\u00f3stuma-<\/span><\/li>\n<\/ul>\n<h4><span style=\"color: #000000\">Ensayo<\/span><\/h4>\n<ul>\n<li><span style=\"color: #000000\"><em>Arte Peruano<\/em>, 1935<\/span><\/li>\n<li><span style=\"color: #000000\"><a href=\"http:\/\/bmayor.biblio.unc.edu.ar\/\/cgi-bin\/koha\/opac-detail.pl?biblionumber=49826\"><em>Rendici\u00f3n de Esp\u00edritu<\/em><\/a>, 1943<\/span><\/li>\n<li><span style=\"color: #000000\"><a href=\"http:\/\/bmayor.biblio.unc.edu.ar\/\/cgi-bin\/koha\/opac-detail.pl?biblionumber=31822\"><em>El Surrealismo entre Viejo y Nuevo mundo<\/em><\/a>, 1944)<\/span><\/li>\n<li><span style=\"color: #000000\"><em>The Vision of the \u00abGuernica<\/em>\u00ab, 1947<\/span><\/li>\n<li><span style=\"color: #000000\"><a href=\"https:\/\/catalogo.biblio.unc.edu.ar\/Search\/Results?lookfor=larrea%2C+juan+la+religi%C3%B3n+del+lenguaje&amp;type=AllFields&amp;limit=20&amp;sort=relevance\"><em>La Religi\u00f3n del Lenguaje Espa\u00f1ol<\/em><\/a>, 1951<\/span><\/li>\n<li><span style=\"color: #000000\"><a href=\"https:\/\/catalogo.biblio.unc.edu.ar\/Search\/Results?lookfor=larrea%2C+juan+la+espada+de+la+paloma&amp;type=AllFields&amp;limit=20&amp;sort=relevance\"><em>La Espada de la Paloma<\/em><\/a>, 1956<\/span><\/li>\n<li><span style=\"color: #000000\"><a href=\"https:\/\/catalogo.biblio.unc.edu.ar\/Search\/Results?lookfor=larrea%2C+juan+razon+de+ser&amp;type=AllFields&amp;limit=20&amp;sort=relevance\"><em>Raz\u00f3n de Ser<\/em><\/a>, 1956<\/span><\/li>\n<li><span style=\"color: #000000\"><a href=\"https:\/\/catalogo.biblio.unc.edu.ar\/Search\/Results?lookfor=larrea%2C+juan+cesar+vallejo+hispanoamerica+o+la+cruz&amp;type=AllFields&amp;limit=20&amp;sort=relevance\"><em>C\u00e9sar Vallejo o Hispanoam\u00e9rica en la Cruz de su Raz\u00f3n<\/em><\/a>, 1958<\/span><\/li>\n<li><span style=\"color: #000000\"><em><a href=\"https:\/\/catalogo.biblio.unc.edu.ar\/Search\/Results?lookfor=larrea%2C+juan+corona+incaica&amp;type=AllFields&amp;limit=20&amp;sort=relevance\">Corona Incaica<\/a>,<\/em><\/span><span style=\"color: #000000\"> 1960<\/span><\/li>\n<li><span style=\"color: #000000\"><a href=\"https:\/\/catalogo.biblio.unc.edu.ar\/Search\/Results?lookfor=larrea%2C+juan+teleologia+de+la+cultura&amp;type=AllFields&amp;limit=20&amp;sort=relevance\"><em>Teleolog\u00eda de la cultura<\/em><\/a>, 1965<\/span><\/li>\n<li><span style=\"color: #000000\"><a href=\"http:\/\/bmayor.biblio.unc.edu.ar\/\/cgi-bin\/koha\/opac-detail.pl?biblionumber=67992\"><em>Del surrealismo a Machu Picchu<\/em><\/a>, 1967<\/span><\/li>\n<li><span style=\"color: #000000\"><em><a href=\"https:\/\/catalogo.biblio.unc.edu.ar\/Search\/Results?lookfor=larrea%2C+juan+respuesta+diferida+sobre+cesar+vallejo&amp;type=AllFields&amp;limit=20&amp;sort=relevance\">Respuesta diferida sobre C\u00e9sar Vallejo y el surrealismo<\/a>, <\/em>1971<\/span><\/li>\n<li><span style=\"color: #000000\"><em><a href=\"https:\/\/catalogo.biblio.unc.edu.ar\/Search\/Results?lookfor=larrea%2C+juan+cesar+vallejo+heroe+y+martir+indo+hispano&amp;type=AllFields&amp;limit=20&amp;sort=relevance\">C\u00e9sar Vallejo h\u00e9roe y m\u00e1rtir indo hispano<\/a>, <\/em>1973<\/span><\/li>\n<li><em style=\"color: #000000\"><a href=\"http:\/\/ffyh.biblio.unc.edu.ar\/\/cgi-bin\/koha\/opac-detail.pl?biblionumber=23596\">C\u00e9sar Vallejo y el surrealismo<\/a>, <\/em><span style=\"color: #000000\">1976<\/span><\/li>\n<li><span style=\"color: #000000\"><a href=\"http:\/\/bmayor.biblio.unc.edu.ar\/\/cgi-bin\/koha\/opac-detail.pl?biblionumber=50792\"><em>Guernica<\/em><\/a>, 1977<\/span><\/li>\n<li><span style=\"color: #000000\"><em>Cara y cruz de la Rep\u00fablica<\/em>, 1980<\/span><\/li>\n<li><span style=\"color: #000000\"><a href=\"https:\/\/catalogo.biblio.unc.edu.ar\/Search\/Results?lookfor=larrea%2C+juan+al+amor+de+vallejo&amp;type=AllFields&amp;limit=20&amp;sort=relevance\"><em>Al amor de Vallejo<\/em><\/a>, 1980<\/span><\/li>\n<li><span style=\"color: #000000\"><em>Rub\u00e9n Dar\u00edo y la Nueva Cultura Americana<\/em>, 1987<\/span><\/li>\n<\/ul>\n<h4><span style=\"color: #000000\">Otras publicaciones<\/span><\/h4>\n<ul>\n<li><span style=\"color: #000000\"><a href=\"https:\/\/catalogo.biblio.unc.edu.ar\/Search\/Results?lookfor=larrea%2C+juan+aula+vallejo&amp;type=AllFields&amp;limit=20&amp;sort=relevance\">Aula Vallejo<\/a>. C\u00f3rdoba, Direcci\u00f3n General de Publicaciones, 1961-1974. Director: Juan Larrea.<\/span><\/li>\n<\/ul>\n<h3><span style=\"color: #000000\">Bibliograf\u00eda<\/span><\/h3>\n<ul>\n<li><span style=\"color: #000000\">Cabral, Eugenia: <em>Vigilia del sue\u00f1o. Apuntes sobre Juan Larrea en C\u00f3rdoba (1956-1980<\/em>) C\u00f3rdoba, Eduvim, 2018.<\/span><\/li>\n<li><span style=\"color: #000000\">Del Pliego, Benito: <em>La obra ensay\u00edstica de Juan Larrea y los fundamentos de la modernidad art\u00edstica.<\/em> M\u00e9xico, Editorial UAM, 2004.<\/span><\/li>\n<li><span style=\"color: #000000\">D\u00edaz de Guere\u00f1u, Juan Manuel. \u201cDel llanto a la quimera: Juan Larrea en la fundaci\u00f3n de cuadernos hispanoamericanos\u201d En Abell\u00e1n, Jos\u00e9 Luis: <em>Los refugiados espa\u00f1oles y la cultura mexicana: actas de las primeras jornadas, celebradas en la Residencia de Estudiantes en noviembre de 1994<\/em>. Madrid, Publicaciones de la Residencia de Estudiantes, 1998<\/span><\/li>\n<li><span style=\"color: #000000\">Escuela de Letras: <a href=\"http:\/\/ffyh.biblio.unc.edu.ar\/\/cgi-bin\/koha\/opac-detail.pl?biblionumber=1223\">\u201cEscribas. Revista de la Escuela de Letras\u201d. Homenaje a Juan Larrea<\/a>. C\u00f3rdoba, Fac. Filosof\u00eda y Humanidades, Nro 1, 2001.<\/span><\/li>\n<\/ul>\n<p style=\"text-align: right\"><a href=\"http:\/\/ffyh.unc.edu.ar\/biblioteca\/escritores-de-cordoba\/\">volver<\/a><\/p>\n","protected":false},"excerpt":{"rendered":"<div class=\"entry-summary\">\nNaci\u00f3 en Bilbao, 13 de marzo de 1895 y falleci\u00f3 en C\u00f3rdoba, 9 de julio de 1980.\u00a0 \u00a0 \u00a0 \u00a0&hellip;\n<\/div>\n<div class=\"link-more\"><a href=\"https:\/\/ffyh.unc.edu.ar\/biblioteca\/escritores-de-cordoba\/larrea-juan\/\" class=\"more-link\">Continuar leyendo<span class=\"screen-reader-text\"> &ldquo;Larrea, Juan&rdquo;<\/span>&hellip;<\/a><\/div>\n","protected":false},"author":7,"featured_media":0,"parent":3221,"menu_order":0,"comment_status":"closed","ping_status":"closed","template":"","meta":{"_acf_changed":false,"jetpack_post_was_ever_published":false,"footnotes":""},"class_list":["post-3580","page","type-page","status-publish","hentry","entry"],"acf":[],"jetpack_shortlink":"https:\/\/wp.me\/P9UJM9-VK","jetpack-related-posts":[],"jetpack_sharing_enabled":true,"_links":{"self":[{"href":"https:\/\/ffyh.unc.edu.ar\/biblioteca\/wp-json\/wp\/v2\/pages\/3580","targetHints":{"allow":["GET"]}}],"collection":[{"href":"https:\/\/ffyh.unc.edu.ar\/biblioteca\/wp-json\/wp\/v2\/pages"}],"about":[{"href":"https:\/\/ffyh.unc.edu.ar\/biblioteca\/wp-json\/wp\/v2\/types\/page"}],"author":[{"embeddable":true,"href":"https:\/\/ffyh.unc.edu.ar\/biblioteca\/wp-json\/wp\/v2\/users\/7"}],"replies":[{"embeddable":true,"href":"https:\/\/ffyh.unc.edu.ar\/biblioteca\/wp-json\/wp\/v2\/comments?post=3580"}],"version-history":[{"count":5,"href":"https:\/\/ffyh.unc.edu.ar\/biblioteca\/wp-json\/wp\/v2\/pages\/3580\/revisions"}],"predecessor-version":[{"id":4972,"href":"https:\/\/ffyh.unc.edu.ar\/biblioteca\/wp-json\/wp\/v2\/pages\/3580\/revisions\/4972"}],"up":[{"embeddable":true,"href":"https:\/\/ffyh.unc.edu.ar\/biblioteca\/wp-json\/wp\/v2\/pages\/3221"}],"wp:attachment":[{"href":"https:\/\/ffyh.unc.edu.ar\/biblioteca\/wp-json\/wp\/v2\/media?parent=3580"}],"curies":[{"name":"wp","href":"https:\/\/api.w.org\/{rel}","templated":true}]}}