{"id":3605,"date":"2019-08-12T16:49:26","date_gmt":"2019-08-12T16:49:26","guid":{"rendered":"http:\/\/ffyh.unc.edu.ar\/biblioteca\/?page_id=3605"},"modified":"2019-11-04T17:02:22","modified_gmt":"2019-11-04T17:02:22","slug":"lopez-rafael-horacio","status":"publish","type":"page","link":"https:\/\/ffyh.unc.edu.ar\/biblioteca\/escritores-de-cordoba\/lopez-rafael-horacio\/","title":{"rendered":"L\u00f3pez, Rafael Horacio"},"content":{"rendered":"<p><span style=\"color: #000000\">Naci\u00f3 el 25 de setiembre de 1931 en Nono (Dpto. San Alberto), donde creci\u00f3. Casado, tuvo tres hijos. Ejerci\u00f3 como maestro, y como director de cursos de perfeccionamiento docente entre 1973 y 1983. Est\u00e1 relacionado con instituciones culturales del pa\u00eds y del extranjero (como por ejemplo, el Centro Cultural y Art\u00edstico de Arangure (Vizcaya, Espa\u00f1a)-y el grupo literario \u201cAntorcha\u201d (Chile). Particip\u00f3 activamente de la SADE.<\/span><\/p>\n<p><span style=\"color: #000000\">Integr\u00f3 el Grupo Literario \u201cTardes de la Biblioteca Sarmiento\u201d desde 1958 siendo socio fundador y organizador activo de los Encuentros Internacionales de Poetas de forma ininterrumpida. Tambi\u00e9n particip\u00f3 en encuentros literarios de car\u00e1cter internacional. Se desempe\u00f1o como jurado en muchos concursos literarios.<\/span><\/p>\n<p><span style=\"color: #000000\">Escribi\u00f3 cuentos y poes\u00eda, y en ambos g\u00e9neros ha recibido distinciones y reconocimientos en el orden provincial, nacional e internacional (concretamente, en Vizcaya, Espa\u00f1a).<\/span><\/p>\n<p><span style=\"color: #000000\">Hizo colaboraciones en diarios del pa\u00eds (\u201cClar\u00edn\u201d), y en peri\u00f3dicos regionales de C\u00f3rdoba (\u201cTribuna\u201d de Laboulaye; \u201cActualidad\u201d de De\u00e1n Funes; \u201cDemocracia\u201d de Villa Dolores), como tambi\u00e9n de otras provincias ( \u201cEl Comercio\u201d de San Rafael, Mendoza; \u201cLar de Crespo\u201d, Entre R\u00edos; \u201cJardinalia\u201d de Santiago del Estero; \u201cEspuelas del \u00c1ngel\u201d de Buenos Aires) y de otros pa\u00edses (\u201cEl Chucaro\u201d y \u201cSauce\u201d de Uruguay; y \u201cGema\u201d de Espa\u00f1a).<\/span><\/p>\n<p><span style=\"color: #000000\">Falleci\u00f3 el 20 de diciembre de 2016.<\/span><\/p>\n<h3><span style=\"color: #000000\">Publicaciones<\/span><\/h3>\n<ul>\n<li><span style=\"color: #000000\"><em>Salutaci\u00f3n,<\/em> 1965<\/span><\/li>\n<li><span style=\"color: #000000\"><em>Tiempo sin poemas<\/em>, 1972<\/span><\/li>\n<li><span style=\"color: #000000\"><em>El otro enigma<\/em>, 1973<\/span><\/li>\n<li><span style=\"color: #000000\"><a href=\"https:\/\/catalogo.biblio.unc.edu.ar\/Search\/Results?lookfor=lopez%2C+rafael+horacio+para+cortar+la+flor&amp;type=AllFields&amp;limit=20&amp;sort=relevance\"><em>Canci\u00f3n para cortar la flor. Poes\u00eda para ni\u00f1os<\/em><\/a>, 1979.<\/span><\/li>\n<li><span style=\"color: #000000\"><a href=\"http:\/\/ffyh.biblio.unc.edu.ar\/\/cgi-bin\/koha\/opac-detail.pl?biblionumber=83224\"><em>Canci\u00f3n para los que no est\u00e1n<\/em><\/a>, 1983<\/span><\/li>\n<li><span style=\"color: #000000\"><a href=\"http:\/\/ffyh.biblio.unc.edu.ar\/\/cgi-bin\/koha\/opac-detail.pl?biblionumber=84529\"><em>Poemas y cuentos de R\u00edo-r\u00edo<\/em><\/a>, 1992<\/span><\/li>\n<li><span style=\"color: #000000\"><em>La sed de la Luz<\/em>, 1997<\/span><\/li>\n<li><span style=\"color: #000000\"><em>Goteritas del alba, Poemas para ni\u00f1os, <\/em>2001<\/span><\/li>\n<li><span style=\"color: #000000\"><em>El coraz\u00f3n de la palabra<\/em>, 2003<\/span><\/li>\n<li><span style=\"color: #000000\"><em>Celebraci\u00f3n de la Copla<\/em>, 2004<\/span><\/li>\n<li><span style=\"color: #000000\"><em>Oda a la Fundaci\u00f3n de Villa Dolores<\/em>, 2007<\/span><\/li>\n<li><span style=\"color: #000000\"><em>Nombrar las cosas<\/em>, 2009<\/span><\/li>\n<\/ul>\n<h4><span style=\"color: #000000\">Ensayo<\/span><\/h4>\n<ul>\n<li><span style=\"color: #000000\"><em>Conversaciones con los maestros en torno a la Literatura Infantil en la escuela<\/em>, 2005<\/span><\/li>\n<li><span style=\"color: #000000\"><em>La Literatura Infantil en la Escuela Primaria<\/em>, 2005<\/span><\/li>\n<li><span style=\"color: #000000\"><em>El Sr Medardo Ulloque: Primer Intendente de Villa Dolores, 2008<\/em><\/span><\/li>\n<\/ul>\n<h3><span style=\"color: #000000\">Bibliograf\u00eda<\/span><\/h3>\n<ul>\n<li><span style=\"color: #000000\">Del Corro, Gaspar P\u00edo (director): <a href=\"http:\/\/ffyh.biblio.unc.edu.ar\/\/cgi-bin\/koha\/opac-detail.pl?biblionumber=363\"><em>Bibliograf\u00eda cr\u00edtica de la literatura de C\u00f3rdoba. Villa Dolores<\/em>&#8230;<\/a> Nro. 2. C\u00f3rdoba, Instituto de Literatura Argentina e Iberoamericana, 1981<\/span><\/li>\n<\/ul>\n<p style=\"text-align: right\"><a href=\"http:\/\/ffyh.unc.edu.ar\/biblioteca\/escritores-de-cordoba\/\">volver<\/a><\/p>\n","protected":false},"excerpt":{"rendered":"<div class=\"entry-summary\">\nNaci\u00f3 el 25 de setiembre de 1931 en Nono (Dpto. San Alberto), donde creci\u00f3. Casado, tuvo tres hijos. Ejerci\u00f3 como&hellip;\n<\/div>\n<div class=\"link-more\"><a href=\"https:\/\/ffyh.unc.edu.ar\/biblioteca\/escritores-de-cordoba\/lopez-rafael-horacio\/\" class=\"more-link\">Continuar leyendo<span class=\"screen-reader-text\"> &ldquo;L\u00f3pez, Rafael Horacio&rdquo;<\/span>&hellip;<\/a><\/div>\n","protected":false},"author":7,"featured_media":0,"parent":3221,"menu_order":0,"comment_status":"closed","ping_status":"closed","template":"","meta":{"_acf_changed":false,"saved_in_kubio":false,"jetpack_post_was_ever_published":false,"footnotes":""},"class_list":["post-3605","page","type-page","status-publish","hentry","entry"],"acf":[],"kubio_ai_page_context":{"short_desc":"","purpose":"general"},"jetpack_shortlink":"https:\/\/wp.me\/P9UJM9-W9","jetpack-related-posts":[],"jetpack_sharing_enabled":true,"_links":{"self":[{"href":"https:\/\/ffyh.unc.edu.ar\/biblioteca\/wp-json\/wp\/v2\/pages\/3605","targetHints":{"allow":["GET"]}}],"collection":[{"href":"https:\/\/ffyh.unc.edu.ar\/biblioteca\/wp-json\/wp\/v2\/pages"}],"about":[{"href":"https:\/\/ffyh.unc.edu.ar\/biblioteca\/wp-json\/wp\/v2\/types\/page"}],"author":[{"embeddable":true,"href":"https:\/\/ffyh.unc.edu.ar\/biblioteca\/wp-json\/wp\/v2\/users\/7"}],"replies":[{"embeddable":true,"href":"https:\/\/ffyh.unc.edu.ar\/biblioteca\/wp-json\/wp\/v2\/comments?post=3605"}],"version-history":[{"count":2,"href":"https:\/\/ffyh.unc.edu.ar\/biblioteca\/wp-json\/wp\/v2\/pages\/3605\/revisions"}],"predecessor-version":[{"id":3607,"href":"https:\/\/ffyh.unc.edu.ar\/biblioteca\/wp-json\/wp\/v2\/pages\/3605\/revisions\/3607"}],"up":[{"embeddable":true,"href":"https:\/\/ffyh.unc.edu.ar\/biblioteca\/wp-json\/wp\/v2\/pages\/3221"}],"wp:attachment":[{"href":"https:\/\/ffyh.unc.edu.ar\/biblioteca\/wp-json\/wp\/v2\/media?parent=3605"}],"curies":[{"name":"wp","href":"https:\/\/api.w.org\/{rel}","templated":true}]}}