{"id":3608,"date":"2019-08-12T16:56:40","date_gmt":"2019-08-12T16:56:40","guid":{"rendered":"http:\/\/ffyh.unc.edu.ar\/biblioteca\/?page_id=3608"},"modified":"2019-11-04T17:02:31","modified_gmt":"2019-11-04T17:02:31","slug":"loza-cristina","status":"publish","type":"page","link":"https:\/\/ffyh.unc.edu.ar\/biblioteca\/escritores-de-cordoba\/loza-cristina\/","title":{"rendered":"Loza, Cristina"},"content":{"rendered":"<p><span style=\"color: #000000\">Naci\u00f3 en C\u00f3rdoba, de ascendencia eslovena por l\u00ednea materna. Narradora de \u00e9xito editorial. Curs\u00f3 la carrera de Fisioterapia en la UNCba. En su obra, se destaca la llamada Trilog\u00eda de los Montero, integrada por las novelas de 2002, 2008 y 2017. En la publicaci\u00f3n de 2011 recupera la historia de su familia materna. Dicta talleres de escritura narrativa. Obtuvo premios y reconocimientos por su obra. Algunas de sus novelas han sido traducidas al italiano.<\/span><\/p>\n<h3><span style=\"color: #000000\">Publicaciones<\/span><\/h3>\n<ul>\n<li><span style=\"color: #000000\"><em><a href=\"http:\/\/monserrat.biblio.unc.edu.ar\/\/cgi-bin\/koha\/opac-detail.pl?biblionumber=11795\">Malasangre<\/a>,<\/em> 2002<\/span><\/li>\n<li><span style=\"color: #000000\"><a href=\"https:\/\/catalogo.biblio.unc.edu.ar\/Search\/Results?lookfor=El+rev%C3%A9s+de+las+l%C3%A1grimas&amp;type=Title\"><em>El rev\u00e9s de las l\u00e1grimas<\/em><\/a>, 2005<\/span><\/li>\n<li><span style=\"color: #000000\"><em><a href=\"https:\/\/catalogo.biblio.unc.edu.ar\/Search\/Results?lookfor=Loza%2C+Cristina+la+hora+del+lobo&amp;type=AllFields&amp;limit=20&amp;sort=relevance\">La hora del lobo<\/a>,<\/em> 2008<\/span><\/li>\n<li><span style=\"color: #000000\"><em><a href=\"https:\/\/catalogo.biblio.unc.edu.ar\/Search\/Results?lookfor=Loza%2C+Cristina+el+oso+de+karantania&amp;type=AllFields&amp;limit=20&amp;sort=relevance\">El oso de Karantania<\/a>,<\/em> 2011<\/span><\/li>\n<li><span style=\"color: #000000\"><em>Mariposas griegas<\/em>, 2012<\/span><\/li>\n<li><span style=\"color: #000000\"><em>Adorado John,<\/em> 2014<\/span><\/li>\n<li><span style=\"color: #000000\"><em>El a\u00f1o de las glicinas<\/em>, 2017<\/span><\/li>\n<\/ul>\n<h3><span style=\"color: #000000\">Bibliograf\u00eda<\/span><\/h3>\n<ul>\n<li><span style=\"color: #000000\">Chas, Susana: <em><a href=\"https:\/\/catalogo.biblio.unc.edu.ar\/Search\/Results?lookfor=Los+que+pintan+la+Aldea+II+panorama+general+de+la+novela+en+C%C3%B3rdoba&amp;type=Title&amp;limit=20&amp;sort=relevance\">Los que pintan la aldea II.<\/a> <\/em><\/span><span style=\"color: #000000\">Villa Mar\u00eda, Eduvim, 2011<\/span><\/li>\n<li><span style=\"color: #000000\">Ocampo, Noem\u00ed: \u201c<a href=\"https:\/\/revistas.unc.edu.ar\/index.php\/sintesis\/article\/view\/13163\/0\">La reconfiguraci\u00f3n de la figura de la cautiva en <em>Indias Blancas I<\/em> de Florencia Bonelli y <em>El rev\u00e9s de las l\u00e1grimas<\/em> de Cristina Loza<\/a>\u201d en Revista \u201cS\u00edntesis\u201d Nro 5, 2014.<\/span><\/li>\n<\/ul>\n<p style=\"text-align: right\"><a href=\"http:\/\/ffyh.unc.edu.ar\/biblioteca\/escritores-de-cordoba\/\">volver<\/a><\/p>\n<p style=\"text-align: right\">\n","protected":false},"excerpt":{"rendered":"<div class=\"entry-summary\">\nNaci\u00f3 en C\u00f3rdoba, de ascendencia eslovena por l\u00ednea materna. Narradora de \u00e9xito editorial. Curs\u00f3 la carrera de Fisioterapia en la&hellip;\n<\/div>\n<div class=\"link-more\"><a href=\"https:\/\/ffyh.unc.edu.ar\/biblioteca\/escritores-de-cordoba\/loza-cristina\/\" class=\"more-link\">Continuar leyendo<span class=\"screen-reader-text\"> &ldquo;Loza, Cristina&rdquo;<\/span>&hellip;<\/a><\/div>\n","protected":false},"author":7,"featured_media":0,"parent":3221,"menu_order":0,"comment_status":"closed","ping_status":"closed","template":"","meta":{"_acf_changed":false,"jetpack_post_was_ever_published":false,"footnotes":""},"class_list":["post-3608","page","type-page","status-publish","hentry","entry"],"acf":[],"jetpack_shortlink":"https:\/\/wp.me\/P9UJM9-Wc","jetpack-related-posts":[],"jetpack_sharing_enabled":true,"_links":{"self":[{"href":"https:\/\/ffyh.unc.edu.ar\/biblioteca\/wp-json\/wp\/v2\/pages\/3608","targetHints":{"allow":["GET"]}}],"collection":[{"href":"https:\/\/ffyh.unc.edu.ar\/biblioteca\/wp-json\/wp\/v2\/pages"}],"about":[{"href":"https:\/\/ffyh.unc.edu.ar\/biblioteca\/wp-json\/wp\/v2\/types\/page"}],"author":[{"embeddable":true,"href":"https:\/\/ffyh.unc.edu.ar\/biblioteca\/wp-json\/wp\/v2\/users\/7"}],"replies":[{"embeddable":true,"href":"https:\/\/ffyh.unc.edu.ar\/biblioteca\/wp-json\/wp\/v2\/comments?post=3608"}],"version-history":[{"count":2,"href":"https:\/\/ffyh.unc.edu.ar\/biblioteca\/wp-json\/wp\/v2\/pages\/3608\/revisions"}],"predecessor-version":[{"id":3610,"href":"https:\/\/ffyh.unc.edu.ar\/biblioteca\/wp-json\/wp\/v2\/pages\/3608\/revisions\/3610"}],"up":[{"embeddable":true,"href":"https:\/\/ffyh.unc.edu.ar\/biblioteca\/wp-json\/wp\/v2\/pages\/3221"}],"wp:attachment":[{"href":"https:\/\/ffyh.unc.edu.ar\/biblioteca\/wp-json\/wp\/v2\/media?parent=3608"}],"curies":[{"name":"wp","href":"https:\/\/api.w.org\/{rel}","templated":true}]}}