{"id":3614,"date":"2019-08-12T18:03:58","date_gmt":"2019-08-12T18:03:58","guid":{"rendered":"http:\/\/ffyh.unc.edu.ar\/biblioteca\/?page_id=3614"},"modified":"2019-11-04T17:03:54","modified_gmt":"2019-11-04T17:03:54","slug":"lugones-leopoldo","status":"publish","type":"page","link":"https:\/\/ffyh.unc.edu.ar\/biblioteca\/escritores-de-cordoba\/lugones-leopoldo\/","title":{"rendered":"Lugones, Leopoldo"},"content":{"rendered":"<p><span style=\"color: #000000\">Nace en la Villa de Mar\u00eda de R\u00edo Seco (Dpto. R\u00edo Seco) el 13 de junio de 1874, hijo mayor del matrimonio de Santiago Lugones y Custoria Arg\u00fcello, que tuvieron cuatro hijos. Desde peque\u00f1o da muestra de sus inquietudes por el saber y, junto a ello, extraordinarios dotes intelectuales. Muy joven, comienza a colaborar en el periodismo local y se destaca como orador y como escritor de poes\u00eda. Llega a C\u00f3rdoba para cursar el Colegio Monserrat y reside en la casa de su abuela materna, Rosario Bulacio, hasta que la familia se traslada a la ciudad de C\u00f3rdoba en 1992. Se casa con Juana Agudelo. En 1896 se traslada a Buenos Aires, donde recibe la bienvenida de Rub\u00e9n Dar\u00edo. En 1897 nace su \u00fanico hijo. Se desempe\u00f1a como inspector de ense\u00f1anza secundaria. El ejercicio del periodismo le da renombre. Funda la Sociedad Argentina de Escritores en 1928 en Buenos Aires y es elegido su primer presidente. Realiza diversos viajes a Europa entre 1906 y 1911; y apoya la Revoluci\u00f3n de Setiembre de 1930 que derroca a Yrigoyen. En una isla del Tigre\u00a0 (Buenos Aires), pone fin a su vida el 18 de febrero de 1938. Personalidad destacada, pol\u00e9mica y controvertida, lector, gran erudito y escritor genial, por su enorme talento\u00a0 ling\u00fc\u00edstico, incursion\u00f3 en todos los g\u00e9neros literarios y en todos los estilos est\u00e9ticos de su \u00e9poca en un arco que se extiende desde el clasicismo al vanguardismo. Iguales virajes sufrieron sus posiciones ideol\u00f3gicas, que oscilaron entre un anarquismo difuso inicial y el compromiso pol\u00edtico conservador de su \u00faltimo per\u00edodo.<\/span><\/p>\n<h3><span style=\"color: #000000\">Publicaciones<\/span><\/h3>\n<h4><span style=\"color: #000000\">Poes\u00eda<\/span><\/h4>\n<ul>\n<li><span style=\"color: #000000\"><em><a href=\"https:\/\/catalogo.biblio.unc.edu.ar\/Search\/Results?lookfor=lugones+leopoldo%2C+las+monta%C3%B1as+del+oro&amp;type=AllFields&amp;limit=20&amp;sort=relevance\">Las monta\u00f1as del oro<\/a>,<\/em> 1897<\/span><\/li>\n<li><span style=\"color: #000000\"><a href=\"https:\/\/catalogo.biblio.unc.edu.ar\/Search\/Results?lookfor=lugones+leopoldo%2C+los+crep%C3%BAsculos+del+jardin&amp;type=AllFields&amp;limit=20&amp;sort=relevance\"><em>Los crep\u00fasculos del jard\u00edn<\/em><\/a>, 1905<\/span><\/li>\n<li><span style=\"color: #000000\"><a href=\"https:\/\/catalogo.biblio.unc.edu.ar\/Search\/Results?lookfor=lugones+leopoldo%2C+lunario+sentimental&amp;type=AllFields&amp;limit=20&amp;sort=relevance\"><em>Lunario sentimenta<\/em>l<\/a>, 1909<\/span><\/li>\n<li><span style=\"color: #000000\"><a href=\"https:\/\/catalogo.biblio.unc.edu.ar\/Search\/Results?lookfor=lugones+leopoldo%2C+odas+seculares&amp;type=AllFields&amp;limit=20&amp;sort=relevance\"><em>Odas seculares<\/em><\/a>, 1910<\/span><\/li>\n<li><span style=\"color: #000000\"><a href=\"https:\/\/catalogo.biblio.unc.edu.ar\/Search\/Results?lookfor=lugones+leopoldo%2C+el+libro+fiel&amp;type=AllFields&amp;limit=20&amp;sort=relevance\"><em>El libro fiel<\/em><\/a>, 1912<\/span><\/li>\n<li><span style=\"color: #000000\"><a href=\"https:\/\/catalogo.biblio.unc.edu.ar\/Search\/Results?lookfor=lugones+leopoldo%2C+el+libro+de+los+paisajes&amp;type=AllFields&amp;limit=20&amp;sort=relevance\"><em>El libro de los paisajes<\/em><\/a>, 1917<\/span><\/li>\n<li><span style=\"color: #000000\"><em>Las horas doradas<\/em>, 1922<\/span><\/li>\n<li><span style=\"color: #000000\"><em>Poemas solariegos<\/em>, 1927<\/span><\/li>\n<li><span style=\"color: #000000\"><a href=\"https:\/\/catalogo.biblio.unc.edu.ar\/Search\/Results?lookfor=lugones+leopoldo%2C+romances+del+r%C3%ADo+seco+1984&amp;type=AllFields&amp;limit=20&amp;sort=relevance\"><em>Romances de R\u00edo Seco<\/em><\/a>, 1938 (p\u00f3stumo)<\/span><\/li>\n<li><span style=\"color: #000000\"><em><a href=\"https:\/\/catalogo.biblio.unc.edu.ar\/Search\/Results?lookfor=lugones+leopoldo%2C+romancero&amp;type=AllFields&amp;limit=20&amp;sort=relevance\">Romancero<\/a>,<\/em> 1941\u00a0\u00a0\u00a0\u00a0\u00a0<\/span><\/li>\n<li><span style=\"color: #000000\">Antolog\u00eda po\u00e9tica, 1941\u00a0\u00a0\u00a0\u00a0\u00a0\u00a0\u00a0\u00a0\u00a0\u00a0\u00a0<\/span><\/li>\n<li><span style=\"color: #000000\"><em><a href=\"https:\/\/catalogo.biblio.unc.edu.ar\/Search\/Results?lookfor=lugones+leopoldo%2C+obras+po%C3%A9ticas+completas&amp;type=AllFields&amp;limit=20&amp;sort=relevance\">Obras po\u00e9ticas completas<\/a>,<\/em> 1974\u00a0\u00a0<\/span><\/li>\n<\/ul>\n<h4><span style=\"color: #000000\"><em>\u00a0<\/em><\/span><span style=\"color: #000000\">Narrativa<\/span><\/h4>\n<ul>\n<li><span style=\"color: #000000\"><a href=\"https:\/\/catalogo.biblio.unc.edu.ar\/Search\/Results?lookfor=lugones+leopoldo%2C+la+guerra+gaucha&amp;type=AllFields&amp;limit=20&amp;sort=relevance\"><em>La guerra gaucha<\/em><\/a>, 1905<\/span><\/li>\n<li><span style=\"color: #000000\"><a href=\"https:\/\/catalogo.biblio.unc.edu.ar\/Search\/Results?lookfor=lugones+leopoldo%2C+las+fuerzas+extra%C3%B1as&amp;type=AllFields&amp;limit=20&amp;sort=relevance\"><em>Las fuerzas extra\u00f1as<\/em><\/a>, 1906<\/span><\/li>\n<li><span style=\"color: #000000\"><a href=\"https:\/\/catalogo.biblio.unc.edu.ar\/Search\/Results?lookfor=lugones+leopoldo%2C+cuentos+fatales&amp;type=AllFields&amp;limit=20&amp;sort=relevance\"><em>Cuentos fatales<\/em><\/a>, 1924<\/span><\/li>\n<li><span style=\"color: #000000\"><a href=\"https:\/\/catalogo.biblio.unc.edu.ar\/Search\/Results?lookfor=lugones+leopoldo%2C+el+angel+de+la++sombra&amp;type=AllFields&amp;limit=20&amp;sort=relevance\"><em>El \u00e1ngel de la sombra<\/em><\/a>, 1926<\/span><\/li>\n<\/ul>\n<h4><span style=\"color: #000000\"><em>\u00a0<\/em><\/span><span style=\"color: #000000\">Ensayo<\/span><\/h4>\n<ul>\n<li><span style=\"color: #000000\"><em>La reforma educacional<\/em>, 1903<\/span><\/li>\n<li><span style=\"color: #000000\"><a href=\"https:\/\/catalogo.biblio.unc.edu.ar\/Search\/Results?lookfor=lugones+leopoldo%2C+el+imperio+jesuitico&amp;type=AllFields&amp;limit=20&amp;sort=relevance\"><em>El imperio jesu\u00edtico<\/em><\/a>, 1905<\/span><\/li>\n<li><span style=\"color: #000000\"><a href=\"https:\/\/catalogo.biblio.unc.edu.ar\/Search\/Results?lookfor=lugones+leopoldo%2C+piedras+liminares&amp;type=AllFields&amp;limit=20&amp;sort=relevance\"><em>Piedras liminares<\/em><\/a>, 1910<\/span><\/li>\n<li><span style=\"color: #000000\"><a href=\"http:\/\/bmayor.biblio.unc.edu.ar\/\/cgi-bin\/koha\/opac-detail.pl?biblionumber=31996\"><em>Did\u00e1ctica<\/em><\/a>, 1910<\/span><\/li>\n<li><span style=\"color: #000000\"><em><a href=\"https:\/\/catalogo.biblio.unc.edu.ar\/Search\/Results?lookfor=lugones+leopoldo%2C+prometeo&amp;type=AllFields&amp;limit=20&amp;sort=relevance\">Prometeo<\/a>, <\/em>1910<\/span><\/li>\n<li><span style=\"color: #000000\"><a href=\"https:\/\/catalogo.biblio.unc.edu.ar\/Search\/Results?lookfor=lugones+leopoldo%2C+historia+de+sarmiento&amp;type=AllFields&amp;limit=20&amp;sort=relevance\"><em>Historia de Sarmiento<\/em><\/a>, 1911<\/span><\/li>\n<li><span style=\"color: #000000\"><a href=\"https:\/\/catalogo.biblio.unc.edu.ar\/Search\/Results?lookfor=lugones+leopoldo%2C+el+ej%C3%A9rcito+de+la+iliada&amp;type=AllFields&amp;limit=20&amp;sort=relevance\"><em>El ej\u00e9rcito de la Il\u00edada<\/em><\/a>, 1915<\/span><\/li>\n<li><span style=\"color: #000000\"><em>Elogio de Ameghino<\/em>, 1915<\/span><\/li>\n<li><span style=\"color: #000000\"><em>Rub\u00e9n Dar\u00edo,<\/em> 1916<\/span><\/li>\n<li><span style=\"color: #000000\"><a href=\"https:\/\/catalogo.biblio.unc.edu.ar\/Search\/Results?lookfor=lugones+leopoldo%2C+el+payador&amp;type=AllFields&amp;limit=20&amp;sort=relevance\"><em>El payador<\/em><\/a>, 1916<\/span><\/li>\n<li><span style=\"color: #000000\"><em><a href=\"https:\/\/catalogo.biblio.unc.edu.ar\/Search\/Results?lookfor=lugones+leopoldo%2C+Mi+beligerancia&amp;type=AllFields&amp;limit=20&amp;sort=relevance\">Mi beligerancia<\/a>,<\/em> 1917<\/span><\/li>\n<li><span style=\"color: #000000\"><a href=\"https:\/\/catalogo.biblio.unc.edu.ar\/Search\/Results?lookfor=lugones+leopoldo%2C+La+torre+de+Casandra&amp;type=AllFields&amp;limit=20&amp;sort=relevance\"><em>La torre de Casandra<\/em><\/a>, 1919<\/span><\/li>\n<li><span style=\"color: #000000\"><a href=\"https:\/\/catalogo.biblio.unc.edu.ar\/Search\/Results?lookfor=lugones+leopoldo%2C+Las+industrias+de+atenas&amp;type=AllFields&amp;limit=20&amp;sort=relevance\"><em>Las industrias de Atenas<\/em><\/a>, 1919<\/span><\/li>\n<li><span style=\"color: #000000\"><a href=\"https:\/\/catalogo.biblio.unc.edu.ar\/Search\/Results?lookfor=lugones+leopoldo%2C+el+tama%C3%B1o+del+espacio&amp;type=AllFields&amp;limit=20&amp;sort=relevance\"><em>El tama\u00f1o del espacio<\/em><\/a>, 1920<\/span><\/li>\n<li><span style=\"color: #000000\"><em>Elogio de Leonardo<\/em>, 1920<\/span><\/li>\n<li><span style=\"color: #000000\"><em><a href=\"https:\/\/catalogo.biblio.unc.edu.ar\/Search\/Results?lookfor=lugones+leopoldo%2C+filosof%C3%ADcula&amp;type=AllFields&amp;limit=20&amp;sort=relevance\">Filosof\u00edcula<\/a>,<\/em> 1924<\/span><\/li>\n<li><span style=\"color: #000000\"><em>Acci\u00f3n,<\/em> 1924<\/span><\/li>\n<li><a href=\"https:\/\/catalogo.biblio.unc.edu.ar\/Search\/Results?lookfor=lugones+leopoldo%2C+la+dama+de+la+odisea&amp;type=AllFields&amp;limit=20&amp;sort=relevance\"><em><span style=\"color: #000000\">La Dama de la Odisea<\/span><\/em><\/a><span style=\"color: #000000\">, 1924<\/span><\/li>\n<li><span style=\"color: #000000\"><a href=\"https:\/\/catalogo.biblio.unc.edu.ar\/Search\/Results?lookfor=lugones+leopoldo%2C+hector+el+domador&amp;type=AllFields&amp;limit=20&amp;sort=relevance\"><em>H\u00e9ctor, el Domador,<\/em><\/a> 1924<\/span><\/li>\n<li><span style=\"color: #000000\"><a href=\"https:\/\/catalogo.biblio.unc.edu.ar\/Search\/Results?lookfor=lugones+leopoldo%2C+estudios+hel%C3%A9nicos&amp;type=AllFields&amp;limit=20&amp;sort=relevance\"><em>Estudios hel\u00e9nicos<\/em><\/a>, 1924<\/span><\/li>\n<li><span style=\"color: #000000\"><a href=\"https:\/\/catalogo.biblio.unc.edu.ar\/Search\/Results?lookfor=lugones+leopoldo%2C+la+organizaci%C3%B3n+de+la+paz&amp;type=AllFields&amp;limit=20&amp;sort=relevance\"><em>La organizaci\u00f3n de la paz<\/em><\/a>, 1925<\/span><\/li>\n<li><span style=\"color: #000000\"><a href=\"https:\/\/catalogo.biblio.unc.edu.ar\/Search\/Results?lookfor=lugones+leopoldo%2C+estudios+hel%C3%A9nicos&amp;type=AllFields&amp;limit=20&amp;sort=relevance\"><em>Nuevos estudios hel\u00e9nicos<\/em><\/a>, 1928<\/span><\/li>\n<li><span style=\"color: #000000\"><em>La patria fuerte<\/em>, 1930<\/span><\/li>\n<li><span style=\"color: #000000\"><a href=\"https:\/\/catalogo.biblio.unc.edu.ar\/Search\/Results?lookfor=lugones+leopoldo%2C+la+grande+argentina+1962&amp;type=AllFields&amp;limit=20&amp;sort=relevance\"><em>La grande Argentina<\/em><\/a>, 1931<\/span><\/li>\n<li><span style=\"color: #000000\"><em>Pol\u00edtica revolucionaria<\/em>, 1931<\/span><\/li>\n<li><span style=\"color: #000000\"><a href=\"https:\/\/catalogo.biblio.unc.edu.ar\/Search\/Results?lookfor=lugones+leopoldo%2C+el+estado+equitativo&amp;type=AllFields&amp;limit=20&amp;sort=relevance\"><em>El estado equitativo<\/em><\/a>, 1932<\/span><\/li>\n<li><span style=\"color: #000000\"><em><a href=\"https:\/\/catalogo.biblio.unc.edu.ar\/Search\/Results?lookfor=lugones+leopoldo%2C+historia+de+roca&amp;type=AllFields&amp;limit=20&amp;sort=relevance\">Historia de Roca<\/a>,<\/em> 1984<\/span><\/li>\n<li><a href=\"https:\/\/catalogo.biblio.unc.edu.ar\/Search\/Results?lookfor=lugones+leopoldo%2C+cancionero+de+aglaura&amp;type=AllFields&amp;limit=20&amp;sort=relevance\"><em>Cancionero de Aglaura: cartas y poemas in\u00e9ditos<\/em><\/a><span style=\"color: #000000\">, 1984<\/span><\/li>\n<li><span style=\"color: #000000\"><em><a href=\"http:\/\/ffyh.biblio.unc.edu.ar\/\/cgi-bin\/koha\/opac-detail.pl?biblionumber=58789\">La misi\u00f3n del escritor: el ideal caballeresco<\/a>,<\/em> 1999\u00a0\u00a0\u00a0\u00a0\u00a0<\/span><\/li>\n<\/ul>\n<h3><span style=\"color: #000000\">Bibliograf\u00eda<\/span><\/h3>\n<h4><span style=\"color: #000000\">I<\/span><\/h4>\n<p><span style=\"color: #000000\">La cr\u00edtica y las investigaciones sobre el autor y su obra son importantes y muchas, por ello, las menciones que destacamos son algunas de las realizadas en C\u00f3rdoba:<\/span><\/p>\n<ul>\n<li><span style=\"color: #000000\">Ar\u00e1n, Pampa y Barei, Silvia: <a href=\"https:\/\/catalogo.biblio.unc.edu.ar\/Search\/Results?lookfor=Leopoldo+Lugones%3A+cuento%2C+poes%C3%ADa%2C+ensayo%3A+Antolog%C3%ADa.+Buenos+Aires%2C+Colihue&amp;type=AllFields&amp;limit=20&amp;sort=relevance\"><em>Leopoldo Lugones: cuento, poes\u00eda, ensayo: Antolog\u00eda<\/em><\/a>. Buenos Aires, Colihue, 1989<\/span><\/li>\n<li><span style=\"color: #000000\">Del Corro, Gaspar P\u00edo: <em><a href=\"http:\/\/ffyh.biblio.unc.edu.ar\/\/cgi-bin\/koha\/opac-detail.pl?biblionumber=56373\">Lugones<\/a>.<\/em> C\u00f3rdoba, Ediciones del Copista, 2005.<\/span><\/li>\n<li><span style=\"color: #000000\">Moreau, Pierina Lidia: <a href=\"https:\/\/catalogo.biblio.unc.edu.ar\/Search\/Results?lookfor=Leopoldo+Lugones+y+el+simbolismo&amp;type=AllFields&amp;limit=20&amp;sort=relevance\"><em>Leopoldo Lugones y el simbolismo<\/em><\/a>. Buenos Aires, Ediciones La reja, 1973<\/span><\/li>\n<li><span style=\"color: #000000\"><a href=\"https:\/\/catalogo.biblio.unc.edu.ar\/Search\/Results?lookfor=aproximaci%C3%B3n+al+mensaje+po%C3%A9tico+de+Leopoldo+Lugones&amp;type=AllFields&amp;limit=20&amp;sort=relevance\"><em>Aproximaciones al mensaje po\u00e9tico de Leopoldo Lugones<\/em><\/a>. C\u00f3rdoba, Comunicarte, 1998.<\/span><\/li>\n<li><span style=\"color: #000000\">Teobaldi, Daniel: <a href=\"https:\/\/catalogo.biblio.unc.edu.ar\/Search\/Results?lookfor=Teobaldi%2C+Daniel%3A+La+plenitud+de+la+palabra&amp;type=AllFields&amp;limit=20&amp;sort=relevance\"><em>La plenitud de la palabra. El pensamiento po\u00e9tico de Leopoldo Lugones<\/em><\/a>, C\u00f3rdoba, Ediciones del Copista, 1998.<\/span><\/li>\n<li><span style=\"color: #000000\">Torres Roggero, Jorge: <a href=\"https:\/\/catalogo.biblio.unc.edu.ar\/Search\/Results?lookfor=Torres+Roggero%2C+Jorge%3A+El+combatiente+de+la+aurora.&amp;type=AllFields&amp;limit=20&amp;sort=relevance\"><em>El combatiente de la aurora. Lugones, C\u00f3rdoba y los comienzos de la modernidad literaria<\/em><\/a>. C\u00f3rdoba, Alci\u00f3n, 2000.<\/span><\/li>\n<\/ul>\n<h4><span style=\"color: #000000\">II<\/span><\/h4>\n<p><span style=\"color: #000000\">Consideramos importante se\u00f1alar el v\u00ednculo entre Lugones y Borges, y que queda manifiesto en:<\/span><\/p>\n<ul>\n<li><span style=\"color: #000000\">Borges, Jorge Luis: <a href=\"https:\/\/catalogo.biblio.unc.edu.ar\/Search\/Results?lookfor=borges+jorge+luis+el+hacedor&amp;type=AllFields&amp;limit=20&amp;sort=relevance\"><em>El hacedor<\/em><\/a>. Buenos Aires, Emec\u00e9, 1960.<\/span><\/li>\n<\/ul>\n<h4><span style=\"color: #000000\">Cine<\/span><\/h4>\n<ul>\n<li><span style=\"color: #000000\">\u201cLa guerra gaucha\u201d dirigida por Lucas Demare en 1942.<\/span><\/li>\n<\/ul>\n<h4><span style=\"color: #000000\">Video<\/span><\/h4>\n<ul>\n<li><span style=\"color: #000000\">Borges, Jorge Luis: <a href=\"https:\/\/www.youtube.com\/watch?v=eWJZcSr_aTU\">Conferencia sobre Leopoldo Lugones<\/a>. Diciembre, 1963. (audio). Duraci\u00f3n: 32 minutos.<\/span><\/li>\n<li><span style=\"color: #000000\">Mignona, Sebasti\u00e1n: <a href=\"https:\/\/www.youtube.com\/watch?v=FXXmGkx3LQ4\">Biograf\u00eda de Leopoldo Lugones<\/a>. Canal Encuentro. Duraci\u00f3n: 34 minutos.<\/span><\/li>\n<li><span style=\"color: #000000\">Randazzo, Federico (director):\u00a0<a href=\"https:\/\/www.youtube.com\/watch?v=xohWEeNiiA0\">Los Lugones<\/a>. En Canal Encuentro, 2017 Duraci\u00f3n: 29 minutos.<\/span><\/li>\n<\/ul>\n<p style=\"text-align: right\"><a href=\"http:\/\/ffyh.unc.edu.ar\/biblioteca\/escritores-de-cordoba\/\">volver<\/a><\/p>\n","protected":false},"excerpt":{"rendered":"<div class=\"entry-summary\">\nNace en la Villa de Mar\u00eda de R\u00edo Seco (Dpto. R\u00edo Seco) el 13 de junio de 1874, hijo mayor&hellip;\n<\/div>\n<div class=\"link-more\"><a href=\"https:\/\/ffyh.unc.edu.ar\/biblioteca\/escritores-de-cordoba\/lugones-leopoldo\/\" class=\"more-link\">Continuar leyendo<span class=\"screen-reader-text\"> &ldquo;Lugones, Leopoldo&rdquo;<\/span>&hellip;<\/a><\/div>\n","protected":false},"author":7,"featured_media":0,"parent":3221,"menu_order":0,"comment_status":"closed","ping_status":"closed","template":"","meta":{"_acf_changed":false,"saved_in_kubio":false,"jetpack_post_was_ever_published":false,"footnotes":""},"class_list":["post-3614","page","type-page","status-publish","hentry","entry"],"acf":[],"kubio_ai_page_context":{"short_desc":"","purpose":"general"},"jetpack_shortlink":"https:\/\/wp.me\/P9UJM9-Wi","jetpack-related-posts":[],"jetpack_sharing_enabled":true,"_links":{"self":[{"href":"https:\/\/ffyh.unc.edu.ar\/biblioteca\/wp-json\/wp\/v2\/pages\/3614","targetHints":{"allow":["GET"]}}],"collection":[{"href":"https:\/\/ffyh.unc.edu.ar\/biblioteca\/wp-json\/wp\/v2\/pages"}],"about":[{"href":"https:\/\/ffyh.unc.edu.ar\/biblioteca\/wp-json\/wp\/v2\/types\/page"}],"author":[{"embeddable":true,"href":"https:\/\/ffyh.unc.edu.ar\/biblioteca\/wp-json\/wp\/v2\/users\/7"}],"replies":[{"embeddable":true,"href":"https:\/\/ffyh.unc.edu.ar\/biblioteca\/wp-json\/wp\/v2\/comments?post=3614"}],"version-history":[{"count":1,"href":"https:\/\/ffyh.unc.edu.ar\/biblioteca\/wp-json\/wp\/v2\/pages\/3614\/revisions"}],"predecessor-version":[{"id":3615,"href":"https:\/\/ffyh.unc.edu.ar\/biblioteca\/wp-json\/wp\/v2\/pages\/3614\/revisions\/3615"}],"up":[{"embeddable":true,"href":"https:\/\/ffyh.unc.edu.ar\/biblioteca\/wp-json\/wp\/v2\/pages\/3221"}],"wp:attachment":[{"href":"https:\/\/ffyh.unc.edu.ar\/biblioteca\/wp-json\/wp\/v2\/media?parent=3614"}],"curies":[{"name":"wp","href":"https:\/\/api.w.org\/{rel}","templated":true}]}}