{"id":3642,"date":"2019-08-26T16:11:20","date_gmt":"2019-08-26T16:11:20","guid":{"rendered":"http:\/\/ffyh.unc.edu.ar\/biblioteca\/?page_id=3642"},"modified":"2019-11-04T17:08:02","modified_gmt":"2019-11-04T17:08:02","slug":"martinez-carlos-damaso","status":"publish","type":"page","link":"https:\/\/ffyh.unc.edu.ar\/biblioteca\/escritores-de-cordoba\/martinez-carlos-damaso\/","title":{"rendered":"Mart\u00ednez, Carlos D\u00e1maso"},"content":{"rendered":"<p><span style=\"color: #000000\">Naci\u00f3 en Chilecito (La Rioja), el 16 de octubre de 1945. Lleg\u00f3 a C\u00f3rdoba muy joven, donde curs\u00f3 la Licenciatura en Letras Modernas, y tiempo m\u00e1s tarde y sin residir en esa ciudad, el Doctorado en Letras (UNCba.). Est\u00e1 radicado en Buenos Aires desde 1973, y ha ejercido como profesor titular en la Universidad Nacional de las Artes (UNA) y como investigador en el Instituto de Literatura Hispanoamericana de la Facultad de Filosof\u00eda y Letras de la UBA, Sus investigaciones abordan el campo de la literatura latinoamericana actual, y sus intereses est\u00e1n en el estudio del fant\u00e1stico y el g\u00e9nero policial.<\/span><\/p>\n<p><span style=\"color: #000000\">Es director de colecciones, integrante de comisiones de publicaciones y revistas literarias, y de los Portales online sobre Adolfo Bioy Casares y Roberto Arlt de la Biblioteca Virtual Cervantes&#8230; Ha prologado las obras de muchos autores importantes. Tambi\u00e9n estuvo a cargo, en cine, de adaptaciones de textos de autores argentinos y latinoamericanos. Trabajos suyos de cr\u00edtica e investigaci\u00f3n han aparecido en diarios de Buenos Aires y revistas especializadas. Su labor ha merecido premios y reconocimientos, entre ellos, el Premio Fondo Nacional de las Artes 1997 y Eduardo Mallea de la Ciudad de Buenos Aires 1998 y el Primer Premio Ricardo Rojas Cuento-Novela 2003. Sus cuentos han integrado importantes antolog\u00edas. Algunos de sus textos han sido traducidos al italiano.<\/span><\/p>\n<h3><span style=\"color: #000000\">Publicaciones<\/span><\/h3>\n<h4><span style=\"color: #000000\">Narrativa<\/span><\/h4>\n<ul>\n<li><span style=\"color: #000000\"><a href=\"https:\/\/catalogo.biblio.unc.edu.ar\/Search\/Results?lookfor=MART%C3%8DNEZ%2C+carlos+d%C3%A1maso+hay+cenizas+en+el+viento&amp;type=AllFields&amp;limit=20&amp;sort=year+asc\"><em>Hay cenizas en el viento<\/em><\/a>, 1982<\/span><\/li>\n<li><span style=\"color: #000000\"><em>Hasta que todo arda<\/em>, 1989<\/span><\/li>\n<li><span style=\"color: #000000\"><em>La frontera m\u00e1s secreta<\/em>, 1993<\/span><\/li>\n<li><span style=\"color: #000000\"><em>La creciente<\/em>, 1997<\/span><\/li>\n<li><span style=\"color: #000000\"><em>El Informante<\/em>, 1998<\/span><\/li>\n<li><span style=\"color: #000000\"><em>El amor cambia, <\/em>2001<\/span><\/li>\n<li><span style=\"color: #000000\"><em>Serial,<\/em> 2006<\/span><\/li>\n<li><span style=\"color: #000000\"><em>Taxis (y otros cuentos)<\/em>, 2008<\/span><\/li>\n<li><span style=\"color: #000000\"><em>El otro tiempo, <\/em>2010<\/span><\/li>\n<li><span style=\"color: #000000\"><em>La piena<\/em>, 2011 \u2013traducci\u00f3n al italiano de <em>La creciente<\/em>&#8211;<\/span><\/li>\n<li><span style=\"color: #000000\"><em>El descubrimiento<\/em>, 2013<\/span><\/li>\n<li><span style=\"color: #000000\"><em>Crimini immaginari<\/em>, 2014 \u2013traducci\u00f3n al italiano de <em>El informante<\/em><\/span><\/li>\n<li><span style=\"color: #000000\"><em>Emoci\u00f3n violenta<\/em>, 2015<\/span><\/li>\n<\/ul>\n<h4><span style=\"color: #000000\">Ensayo<\/span><\/h4>\n<ul>\n<li><span style=\"color: #000000\"><a href=\"http:\/\/monserrat.biblio.unc.edu.ar\/\/cgi-bin\/koha\/opac-detail.pl?biblionumber=2872\"><em>Poes\u00eda latinoamericana Siglo XIX<\/em><\/a>, 1979<\/span><\/li>\n<li><span style=\"color: #000000\"><em><a href=\"http:\/\/bmayor.biblio.unc.edu.ar\/\/cgi-bin\/koha\/opac-detail.pl?biblionumber=53863ma\">El nacimiento de la novela: Jos\u00e9 M\u00e1rmol<\/a>,<\/em> 1979<\/span><\/li>\n<li><span style=\"color: #000000\"><a href=\"http:\/\/bmayor.biblio.unc.edu.ar\/\/cgi-bin\/koha\/opac-detail.pl?biblionumber=53966\"><em>La literatura fant\u00e1stica, desde sus comienzos hasta Adolfo Bioy Casares<\/em><\/a>, 1981<\/span><\/li>\n<li><span style=\"color: #000000\"><em>El n\u00e1ufrago de las sombras. De cuentos policiales argentinos,<\/em> 1996<\/span><\/li>\n<li><span style=\"color: #000000\"><a href=\"http:\/\/lenguas.biblio.unc.edu.ar\/\/cgi-bin\/koha\/opac-detail.pl?biblionumber=21180\"><em>La seducci\u00f3n del relato. Escritos sobre literatura<\/em><\/a>, 2002<\/span><\/li>\n<li><span style=\"color: #000000\"><em>El arte de la conversaci\u00f3n. Di\u00e1logo con escritores latinoamericanos,<\/em> 2007<\/span><\/li>\n<li><span style=\"color: #000000\"><em>Una po\u00e9tica de la invenci\u00f3n. Renovaci\u00f3n del fant\u00e1stico en Bioy Casares<\/em>, 2014<\/span><\/li>\n<\/ul>\n<h3><span style=\"color: #000000\">Bibliograf\u00eda<\/span><\/h3>\n<ul>\n<li><span style=\"color: #000000\">Ar\u00e1n, Pampa: \u201c<a href=\"https:\/\/catalogo.biblio.unc.edu.ar\/Search\/Results?lookfor=ar%C3%A1n%2C+pampa+interpelaciones+hacia+una+teor%C3%ADa+cr%C3%ADtica+de+las+escrituras&amp;type=AllFields&amp;limit=20&amp;sort=year+asc\">El relato de la dictadura en la novela argentina. Series y variaciones<\/a>\u201d en Ar\u00e1n, Pampa (direcci\u00f3n y coordinaci\u00f3n): <em>Interpelaciones. Hacia una teor\u00eda cr\u00edtica de las escrituras sobre la dictadura y la memoria.<\/em> C\u00f3rdoba, CEA, UNCba., 2010, p31-135.<\/span><\/li>\n<li><span style=\"color: #000000\">Teatro por la identidad: \u201c<a href=\"http:\/\/emttfv.biz\/downloadFile\/2docupdf_pdf\">La pisada del unicornio. Literatura y m\u00fasica en la C\u00f3rdoba de los 80<\/a>.\u201d\u00a0<\/span><\/li>\n<li><span style=\"color: #000000\">Barcellona, Mariana (cap\u00edtulo): \u201cAproximaci\u00f3n a la producci\u00f3n literaria de C\u00f3rdoba durante la transici\u00f3n democr\u00e1tica\u201d en En Barcellona, M; Curetti, Sandra: <em>Memoria, Literatura y Pol\u00edtica en C\u00f3rdoba durante la transici\u00f3n democr\u00e1tica<\/em>. C\u00f3rdoba, Eduvim, 2011, p.13-33<\/span><\/li>\n<li><span style=\"color: #000000\">Eguia, Bibiana (cap\u00edtulo): \u201cClaves de acceso a la Literatura de C\u00f3rdoba durante la transici\u00f3n democr\u00e1tica (1982-1989)\u201d En Barcellona, M; Curetti, Sandra (compiladoras): <em>Memoria, Literatura y Pol\u00edtica en C\u00f3rdoba durante la transici\u00f3n democr\u00e1tica<\/em>. C\u00f3rdoba, Eduvim, 2011, p\u00e1g. 33-62.<\/span><\/li>\n<\/ul>\n<p style=\"text-align: right\"><a href=\"http:\/\/ffyh.unc.edu.ar\/biblioteca\/escritores-de-cordoba\/\">volver<\/a><\/p>\n","protected":false},"excerpt":{"rendered":"<div class=\"entry-summary\">\nNaci\u00f3 en Chilecito (La Rioja), el 16 de octubre de 1945. Lleg\u00f3 a C\u00f3rdoba muy joven, donde curs\u00f3 la Licenciatura&hellip;\n<\/div>\n<div class=\"link-more\"><a href=\"https:\/\/ffyh.unc.edu.ar\/biblioteca\/escritores-de-cordoba\/martinez-carlos-damaso\/\" class=\"more-link\">Continuar leyendo<span class=\"screen-reader-text\"> &ldquo;Mart\u00ednez, Carlos D\u00e1maso&rdquo;<\/span>&hellip;<\/a><\/div>\n","protected":false},"author":7,"featured_media":0,"parent":3221,"menu_order":0,"comment_status":"closed","ping_status":"closed","template":"","meta":{"_acf_changed":false,"jetpack_post_was_ever_published":false,"footnotes":""},"class_list":["post-3642","page","type-page","status-publish","hentry","entry"],"acf":[],"jetpack_shortlink":"https:\/\/wp.me\/P9UJM9-WK","jetpack-related-posts":[],"jetpack_sharing_enabled":true,"_links":{"self":[{"href":"https:\/\/ffyh.unc.edu.ar\/biblioteca\/wp-json\/wp\/v2\/pages\/3642","targetHints":{"allow":["GET"]}}],"collection":[{"href":"https:\/\/ffyh.unc.edu.ar\/biblioteca\/wp-json\/wp\/v2\/pages"}],"about":[{"href":"https:\/\/ffyh.unc.edu.ar\/biblioteca\/wp-json\/wp\/v2\/types\/page"}],"author":[{"embeddable":true,"href":"https:\/\/ffyh.unc.edu.ar\/biblioteca\/wp-json\/wp\/v2\/users\/7"}],"replies":[{"embeddable":true,"href":"https:\/\/ffyh.unc.edu.ar\/biblioteca\/wp-json\/wp\/v2\/comments?post=3642"}],"version-history":[{"count":2,"href":"https:\/\/ffyh.unc.edu.ar\/biblioteca\/wp-json\/wp\/v2\/pages\/3642\/revisions"}],"predecessor-version":[{"id":3646,"href":"https:\/\/ffyh.unc.edu.ar\/biblioteca\/wp-json\/wp\/v2\/pages\/3642\/revisions\/3646"}],"up":[{"embeddable":true,"href":"https:\/\/ffyh.unc.edu.ar\/biblioteca\/wp-json\/wp\/v2\/pages\/3221"}],"wp:attachment":[{"href":"https:\/\/ffyh.unc.edu.ar\/biblioteca\/wp-json\/wp\/v2\/media?parent=3642"}],"curies":[{"name":"wp","href":"https:\/\/api.w.org\/{rel}","templated":true}]}}