{"id":3659,"date":"2019-08-26T17:23:14","date_gmt":"2019-08-26T17:23:14","guid":{"rendered":"http:\/\/ffyh.unc.edu.ar\/biblioteca\/?page_id=3659"},"modified":"2019-11-04T17:10:16","modified_gmt":"2019-11-04T17:10:16","slug":"mastrangelo-carlos","status":"publish","type":"page","link":"https:\/\/ffyh.unc.edu.ar\/biblioteca\/escritores-de-cordoba\/mastrangelo-carlos\/","title":{"rendered":"Mastr\u00e1ngelo, Carlos"},"content":{"rendered":"<p><span style=\"color: #000000\">Nace en R\u00edo Cuarto (Dpto. R\u00edo Cuarto), el 8 de enero de 1911. Su padre fue un inmigrante de origen italiano y su madre, argentina. Se cas\u00f3 en 1944, tuvo dos hijos. Su profesi\u00f3n fue la de viajante vendedor de libros. Aficionado en el arte de la pintura y el dibujo, ten\u00eda conocimientos musicales y lleg\u00f3 a integrar una orquesta en su ciudad de origen. Autodidacta en el estudio de la lengua, lleg\u00f3 a traducir del italiano y del franc\u00e9s.<\/span><\/p>\n<p><span style=\"color: #000000\">Fue gestor y promotor de actividades en distintas instituciones culturales: jurado en concursos literarios, conferencista, fundador del Club de Cuentistas. Promovi\u00f3 la apertura de la SADE filial R\u00edo Cuarto (1959), bibliotecario, dirigi\u00f3 revistas y publicaciones literarias importantes \u2013\u201cSoco Soco\u201d, \u201cRitmia\u201d-. En 1961 particip\u00f3 con Juan Filloy del \u201cPrimer Encuentro de Escritores Argentinos\u201d realizado en la Capital Federal. Hizo colaboraciones en importantes diarios de Buenos Aires y del pa\u00eds: \u201cLa Prensa\u201d, La Gaceta Literaria\u201d, \u201cNoticias Gr\u00e1ficas\u201d \u201cFicci\u00f3n\u201d y \u201cDavar\u201d, y la revista \u201cClaridad\u201d, algunos de estos textos, fueron reproducidos en el extranjero.<\/span><\/p>\n<p><span style=\"color: #000000\">Recibi\u00f3 muchos reconocimientos por su obra. Sus textos integran antolog\u00edas (<em>Diez cuentistas de Urumpta<\/em> -1973-, <em>Veinticinco cuentos argentinos magistrales<\/em> -1980- y <em>Treinta y nueve cuentos argentinos de vanguardia<\/em> -1983-.<\/span><\/p>\n<p><span style=\"color: #000000\">Fallece en su ciudad, el 20 de setiembre de 1983.<\/span><\/p>\n<h3><span style=\"color: #000000\">Publicaciones<\/span><\/h3>\n<h4><span style=\"color: #000000\">Ensayo<\/span><\/h4>\n<ul>\n<li><span style=\"color: #000000\"><em>La Escuela la Universidad y la Biblioteca Popular<\/em>, 1944 y 1975<\/span><\/li>\n<li><span style=\"color: #000000\"><a href=\"https:\/\/catalogo.biblio.unc.edu.ar\/Search\/Results?lookfor=MASTR%C3%81NGELO+CARLOS+EL+CUENTO+ARGENTINO+1963&amp;type=AllFields&amp;limit=20&amp;sort=year+asc\"><em>\u00abEl Cuento Argentino\u201d, contribuci\u00f3n al conocimiento de su historia, teor\u00eda y pr\u00e1ctica<\/em><\/a>, 1961, 1975.<\/span><\/li>\n<\/ul>\n<h4><span style=\"color: #000000\">Narrativa<\/span><\/h4>\n<ul>\n<li><span style=\"color: #000000\"><em>El hombre desconocido<\/em>, 1949<\/span><\/li>\n<li><span style=\"color: #000000\"><em><a href=\"http:\/\/ffyh.biblio.unc.edu.ar\/\/cgi-bin\/koha\/opac-detail.pl?biblionumber=74487\">En la Orilla de Mundo<\/a>,<\/em> 1961<\/span><\/li>\n<li><span style=\"color: #000000\"><a href=\"http:\/\/ffyh.biblio.unc.edu.ar\/\/cgi-bin\/koha\/opac-detail.pl?biblionumber=25575\"><em>Barro limpio<\/em><\/a>, 1958; 1971<\/span><\/li>\n<li><span style=\"color: #000000\"><em>El sabor de la muerte<\/em>, 1975<\/span><\/li>\n<li><span style=\"color: #000000\"><em>21872: Cuentos para leer y polemizar<\/em>, 1978<\/span><\/li>\n<li><span style=\"color: #000000\"><em>El g\u00fcadal crucificado<\/em>, 2017<\/span><\/li>\n<\/ul>\n<h3><span style=\"color: #000000\">Bibliograf\u00eda<\/span><\/h3>\n<ul>\n<li><a href=\"https:\/\/www.youtube.com\/watch?v=cyR8Cg80S88\"><span style=\"color: #000000\">Videoteca audiovisual de autores cordobeses: Carlos Mastr\u00e1ngelo.<\/span><\/a><\/li>\n<\/ul>\n<p style=\"text-align: right\"><a href=\"http:\/\/ffyh.unc.edu.ar\/biblioteca\/escritores-de-cordoba\/\">volver<\/a><\/p>\n","protected":false},"excerpt":{"rendered":"<div class=\"entry-summary\">\nNace en R\u00edo Cuarto (Dpto. R\u00edo Cuarto), el 8 de enero de 1911. Su padre fue un inmigrante de origen&hellip;\n<\/div>\n<div class=\"link-more\"><a href=\"https:\/\/ffyh.unc.edu.ar\/biblioteca\/escritores-de-cordoba\/mastrangelo-carlos\/\" class=\"more-link\">Continuar leyendo<span class=\"screen-reader-text\"> &ldquo;Mastr\u00e1ngelo, Carlos&rdquo;<\/span>&hellip;<\/a><\/div>\n","protected":false},"author":7,"featured_media":0,"parent":3221,"menu_order":0,"comment_status":"closed","ping_status":"closed","template":"","meta":{"_acf_changed":false,"jetpack_post_was_ever_published":false,"footnotes":""},"class_list":["post-3659","page","type-page","status-publish","hentry","entry"],"acf":[],"jetpack_shortlink":"https:\/\/wp.me\/P9UJM9-X1","jetpack-related-posts":[],"jetpack_sharing_enabled":true,"_links":{"self":[{"href":"https:\/\/ffyh.unc.edu.ar\/biblioteca\/wp-json\/wp\/v2\/pages\/3659","targetHints":{"allow":["GET"]}}],"collection":[{"href":"https:\/\/ffyh.unc.edu.ar\/biblioteca\/wp-json\/wp\/v2\/pages"}],"about":[{"href":"https:\/\/ffyh.unc.edu.ar\/biblioteca\/wp-json\/wp\/v2\/types\/page"}],"author":[{"embeddable":true,"href":"https:\/\/ffyh.unc.edu.ar\/biblioteca\/wp-json\/wp\/v2\/users\/7"}],"replies":[{"embeddable":true,"href":"https:\/\/ffyh.unc.edu.ar\/biblioteca\/wp-json\/wp\/v2\/comments?post=3659"}],"version-history":[{"count":2,"href":"https:\/\/ffyh.unc.edu.ar\/biblioteca\/wp-json\/wp\/v2\/pages\/3659\/revisions"}],"predecessor-version":[{"id":3661,"href":"https:\/\/ffyh.unc.edu.ar\/biblioteca\/wp-json\/wp\/v2\/pages\/3659\/revisions\/3661"}],"up":[{"embeddable":true,"href":"https:\/\/ffyh.unc.edu.ar\/biblioteca\/wp-json\/wp\/v2\/pages\/3221"}],"wp:attachment":[{"href":"https:\/\/ffyh.unc.edu.ar\/biblioteca\/wp-json\/wp\/v2\/media?parent=3659"}],"curies":[{"name":"wp","href":"https:\/\/api.w.org\/{rel}","templated":true}]}}