{"id":3733,"date":"2019-09-09T14:58:54","date_gmt":"2019-09-09T14:58:54","guid":{"rendered":"http:\/\/ffyh.unc.edu.ar\/biblioteca\/?page_id=3733"},"modified":"2019-11-04T17:15:16","modified_gmt":"2019-11-04T17:15:16","slug":"nanni-de-smania-estela","status":"publish","type":"page","link":"https:\/\/ffyh.unc.edu.ar\/biblioteca\/escritores-de-cordoba\/nanni-de-smania-estela\/","title":{"rendered":"Nanni de Smania, Estela"},"content":{"rendered":"<p><span style=\"color: #000000\">Naci\u00f3 en Paran\u00e1 (Entre R\u00edos) en 1942. En algunos casos, su nombre aparece como Estela Smania, que corresponde al apellido de casada.<\/span><\/p>\n<p><span style=\"color: #000000\">Lleg\u00f3 a C\u00f3rdoba para cursar la carrera de Derecho.\u00a0 Egresa como notaria, abogada y escribana, profesiones que ejerce, y que complementa con la escritura literaria. Fund\u00f3 e integr\u00f3 el CEDILIJ, instituci\u00f3n que la tuvo como participante activa durante muchos a\u00f1os. Particip\u00f3 tambi\u00e9n de las publicaciones peri\u00f3dicas del Colegio de Escribanos. Fue distinguida y reconocida con premios literarios, en especial, del \u00b4\u00e1rea de la Literatura Infantil. Ha sido convocada para integrar jurados de concursos literarios a nivel local, provincial y nacional. Algunos textos suyos han sido traducidos al italiano. Particip\u00f3 del proyecto \u201cDecamer\u00f3n cordob\u00e9s\u201d coordinado por Fernando L\u00f3pez. Su obra fue distinguida con premios y reconocimientos locales, nacionales e internacionales, entre ellos se destacan dos Premios en el Concurso Sebasti\u00e1n Tall\u00f3n, organizado por la Municipalidad de C\u00f3rdoba; el \u201cLeopoldo Lugones\u201d en narrativa, el \u201cLuis de Tejeda\u201d por su novela <em>Los malaventurados<\/em>, la distinci\u00f3n de ALIJA al mejor libro editado, el premio de la SADE (Filial C\u00f3rdoba). La escritora fue Finalista en el concurso Casa de las Am\u00e9ricas de Cuba.<\/span><\/p>\n<p><span style=\"color: #000000\">Sus textos han integrado antolog\u00edas y publicaciones otras, adem\u00e1s de la mencionada. La autora particip\u00f3 en programas radiales especializados en el campo literario.<\/span><\/p>\n<h3><span style=\"color: #000000\">Publicaciones<\/span><\/h3>\n<h4><span style=\"color: #000000\">Narrativa infantil<\/span><\/h4>\n<ul>\n<li><span style=\"color: #000000\"><em><a href=\"https:\/\/catalogo.biblio.unc.edu.ar\/Search\/Results?lookfor=nanni+de+smania+estela+historia+de+un+girasol+inquieto&amp;type=AllFields&amp;filter%5B%5D=format%3A%22Book%22&amp;limit=20&amp;sort=year+asc\">Historia de un girasol inquieto<\/a>,<\/em> 1983<\/span><\/li>\n<li><span style=\"color: #000000\"><em>D\u00eda de visita,<\/em> 1986<\/span><\/li>\n<li><span style=\"color: #000000\"><em>La palabra m\u00e1gica, <\/em>1987<\/span><\/li>\n<li><span style=\"color: #000000\"><em>Cambalache,<\/em> 1989<\/span><\/li>\n<li><span style=\"color: #000000\"><em>Pido gancho,<\/em> 1992<\/span><\/li>\n<li><span style=\"color: #000000\"><em>Pido gancho II<\/em>, 1993<\/span><\/li>\n<li><span style=\"color: #000000\"><em>La noche de los ruidos<\/em>, 2003<\/span><\/li>\n<li><span style=\"color: #000000\"><em>Girasol al sol,<\/em> 2004 2014<\/span><\/li>\n<li><span style=\"color: #000000\"><em>Ay, Renata!<\/em> 2004<\/span><\/li>\n<li><span style=\"color: #000000\"><em>El ni\u00f1o que perdi\u00f3 su nombre,<\/em> 2004<\/span><\/li>\n<li><span style=\"color: #000000\"><em>Cola de le\u00f3n, cola de rat\u00f3n,<\/em> 2010<\/span><\/li>\n<li><span style=\"color: #000000\"><em>Con los ojos del alma,<\/em> 2014<\/span><\/li>\n<\/ul>\n<h4><span style=\"color: #000000\">Cuentos<\/span><\/h4>\n<ul>\n<li><span style=\"color: #000000\"><a href=\"http:\/\/bmayor.biblio.unc.edu.ar\/\/cgi-bin\/koha\/opac-detail.pl?biblionumber=36859\"><em>Bien dem\u00e1s<\/em><\/a>, 1993; publicado como <a href=\"http:\/\/bmayor.biblio.unc.edu.ar\/\/cgi-bin\/koha\/opac-detail.pl?biblionumber=36859\"><em>Los malaventurados<\/em><\/a> en 2000.<\/span><\/li>\n<li><span style=\"color: #000000\"><em>Triste Eros y otros cuentos<\/em>, 2003<\/span><\/li>\n<li><span style=\"color: #000000\"><em>La \u00faltima puerta<\/em>, 2004, 2009<\/span><\/li>\n<li><span style=\"color: #000000\"><em>L\u2019 ultima porta<\/em>, 2009<\/span><\/li>\n<li><span style=\"color: #000000\"><em>La conjetura<\/em>, 2006<\/span><\/li>\n<li><span style=\"color: #000000\"><em>La Sacramento<\/em>, 2014<\/span><\/li>\n<li><span style=\"color: #000000\"><em>Cuentos para temblar<\/em>, 2014<\/span><\/li>\n<\/ul>\n<h4><span style=\"color: #000000\">Poes\u00eda<\/span><\/h4>\n<ul>\n<li><span style=\"color: #000000\"><em>Oto\u00f1o,<\/em> 1986<\/span><\/li>\n<li><span style=\"color: #000000\"><em>Intemperie,<\/em> 1999<\/span><\/li>\n<li><span style=\"color: #000000\"><em>Epistolario,<\/em> 2010<\/span><\/li>\n<\/ul>\n<h3><span style=\"color: #000000\">Bibliograf\u00eda<\/span><\/h3>\n<ul>\n<li><span style=\"color: #000000\">Eguia, Bibiana: \u201cClaves de acceso a la Literatura de C\u00f3rdoba durante la transici\u00f3n democr\u00e1tica (1982-1989)\u201d en\u00a0 En Barcellona, M; Curetti, Sandra: <em>Memoria, Literatura y Pol\u00edtica en C\u00f3rdoba durante la transici\u00f3n democr\u00e1tica<\/em>. C\u00f3rdoba, Eduvim, 2011, p\u00e1g. 33-62.<\/span><\/li>\n<li><span style=\"color: #000000\">Tozzi, Liliana: \u201c<a href=\"https:\/\/catalogo.biblio.unc.edu.ar\/Search\/Results?lookfor=confines+de+la+mirada.Un+espacio+para+la+literatura+de+C%C3%B3rdoba&amp;type=Title&amp;limit=20&amp;sort=year+asc\">Memoria y ficci\u00f3n. An\u00e1lisis de una nouvelle de Estela Smania<\/a>\u201d en \u201cConfines de la mirada. Un espacio para la literatura de C\u00f3rdoba\u201d Nro. 4, A\u00f1o 2007, p.81-87.<\/span><\/li>\n<li><span style=\"color: #000000\">Vulponi, Adriana: \u201c<a href=\"http:\/\/sedici.unlp.edu.ar\/bitstream\/handle\/10915\/49673\/Documento_completo.pdf?sequence=1&amp;isAllowed\">Hacia una lectura etnogr\u00e1fica: di\u00e1logos de &#8216;memorias&#8217; en <em>Stefano <\/em>de Mar\u00eda Teresa Andruetto<\/a>\u201d en Blake, Cristina y Sardi, Valeria: <em>Literatura argentina e infancia: un caleidoscopio de po\u00e9ticas<\/em>. La Plata (Buenos Aires), Editorial Vuelta a casa, 2010, p\u00b4. 261-275<\/span><\/li>\n<\/ul>\n<h4><span style=\"color: #000000\">Nota<\/span><\/h4>\n<p><span style=\"color: #000000\">P\u00e1gina de la autora: <a href=\"http:\/\/www.estelasmania.com.ar\">www.estelasmania.com.ar<\/a><\/span><\/p>\n<p style=\"text-align: right\"><a href=\"http:\/\/ffyh.unc.edu.ar\/biblioteca\/escritores-de-cordoba\/\">volver<\/a><\/p>\n","protected":false},"excerpt":{"rendered":"<div class=\"entry-summary\">\nNaci\u00f3 en Paran\u00e1 (Entre R\u00edos) en 1942. En algunos casos, su nombre aparece como Estela Smania, que corresponde al apellido&hellip;\n<\/div>\n<div class=\"link-more\"><a href=\"https:\/\/ffyh.unc.edu.ar\/biblioteca\/escritores-de-cordoba\/nanni-de-smania-estela\/\" class=\"more-link\">Continuar leyendo<span class=\"screen-reader-text\"> &ldquo;Nanni de Smania, Estela&rdquo;<\/span>&hellip;<\/a><\/div>\n","protected":false},"author":7,"featured_media":0,"parent":3221,"menu_order":0,"comment_status":"closed","ping_status":"closed","template":"","meta":{"_acf_changed":false,"jetpack_post_was_ever_published":false,"footnotes":""},"class_list":["post-3733","page","type-page","status-publish","hentry","entry"],"acf":[],"jetpack_shortlink":"https:\/\/wp.me\/P9UJM9-Yd","jetpack-related-posts":[],"jetpack_sharing_enabled":true,"_links":{"self":[{"href":"https:\/\/ffyh.unc.edu.ar\/biblioteca\/wp-json\/wp\/v2\/pages\/3733","targetHints":{"allow":["GET"]}}],"collection":[{"href":"https:\/\/ffyh.unc.edu.ar\/biblioteca\/wp-json\/wp\/v2\/pages"}],"about":[{"href":"https:\/\/ffyh.unc.edu.ar\/biblioteca\/wp-json\/wp\/v2\/types\/page"}],"author":[{"embeddable":true,"href":"https:\/\/ffyh.unc.edu.ar\/biblioteca\/wp-json\/wp\/v2\/users\/7"}],"replies":[{"embeddable":true,"href":"https:\/\/ffyh.unc.edu.ar\/biblioteca\/wp-json\/wp\/v2\/comments?post=3733"}],"version-history":[{"count":3,"href":"https:\/\/ffyh.unc.edu.ar\/biblioteca\/wp-json\/wp\/v2\/pages\/3733\/revisions"}],"predecessor-version":[{"id":3736,"href":"https:\/\/ffyh.unc.edu.ar\/biblioteca\/wp-json\/wp\/v2\/pages\/3733\/revisions\/3736"}],"up":[{"embeddable":true,"href":"https:\/\/ffyh.unc.edu.ar\/biblioteca\/wp-json\/wp\/v2\/pages\/3221"}],"wp:attachment":[{"href":"https:\/\/ffyh.unc.edu.ar\/biblioteca\/wp-json\/wp\/v2\/media?parent=3733"}],"curies":[{"name":"wp","href":"https:\/\/api.w.org\/{rel}","templated":true}]}}