{"id":3753,"date":"2019-09-09T16:41:01","date_gmt":"2019-09-09T16:41:01","guid":{"rendered":"http:\/\/ffyh.unc.edu.ar\/biblioteca\/?page_id=3753"},"modified":"2019-11-04T17:16:37","modified_gmt":"2019-11-04T17:16:37","slug":"otero-pizarro-gonzalo","status":"publish","type":"page","link":"https:\/\/ffyh.unc.edu.ar\/biblioteca\/escritores-de-cordoba\/otero-pizarro-gonzalo\/","title":{"rendered":"Otero Pizarro, Gonzalo"},"content":{"rendered":"<p><span style=\"color: #000000\">Naci\u00f3 en la ciudad de C\u00f3rdoba en el a\u00f1o 1948 y vive en R\u00edo Cuarto desde 1949.<\/span><\/p>\n<p><span style=\"color: #000000\">Regres\u00f3 a C\u00f3rdoba entre 1961 y 1962, residi\u00f3 en Buenos Aires entre 1966 y 1973 y luego, de 1975 a 1983 se radica en Barcelona por motivos pol\u00edticos. En 1991 puede regresar definitivamente al pa\u00eds (y a R\u00edo Cuarto) por motivos familiares. En Espa\u00f1a mantiene contacto con Antonio Tello, tambi\u00e9n de R\u00edo Cuarto.<\/span><\/p>\n<p><span style=\"color: #000000\">En su ciudad hace estudios universitarios de Periodismo (1973-1975) y en Buenos Aires, la carrera de Derecho en la Universidad Nacional (1966-1973) que contin\u00faa en Barcelona (Universidad Central, 1986-1988), donde logra el t\u00edtulo de abogado.<\/span><\/p>\n<p><span style=\"color: #000000\">Sus inicios en el periodismo son como cronista deportivo del diario \u00abLa Calle\u00bb de R\u00edo Cuarto, de 1963 a 1965, y con colaboraciones en diversas publicaciones menores de Buenos Aires entre 1966 y 1967. En 1973 y hasta 1975 dirige la revista \u201cPuente\u201d, junto a Antonio Tello, Roberto Fabiani y Elpidio Blas, fund\u00f3 en R\u00edo Cuarto la revista \u00abPuente\u00bb , que concluye por de la Triple \u00abA\u00bb.<\/span><\/p>\n<p><span style=\"color: #000000\">En Espa\u00f1a trabaj\u00f3 en editoriales, y colabor\u00f3 en distintas revistas. Fue director de la publicaci\u00f3n \u00abEl Rompecocos y Jaqueca\u00bb entre 1980 y 1986 en la Editorial Bruguera.<\/span><\/p>\n<h3><span style=\"color: #000000\">Publicaciones<\/span><\/h3>\n<ul>\n<li><span style=\"color: #000000\"><em>Indiosincrasia. Poemas<\/em>, 1967<\/span><\/li>\n<li><span style=\"color: #000000\"><em>Elvis, la rebeli\u00f3n domesticada<\/em> (en coautor\u00eda con Antonio Tello, 1977<\/span><\/li>\n<li><span style=\"color: #000000\"><em>Valentino la seducci\u00f3n manipulada<\/em>, (en coautor\u00eda con Antonio Tello, 1978<\/span><\/li>\n<li><span style=\"color: #000000\"><em>Las Prostitutas y yo<\/em>\u00bb (en coautor\u00eda con Osvaldo Natucci, 1979<\/span><\/li>\n<li><span style=\"color: #000000\"><em>Hombres y Mujeres de R\u00edo Cuarto<\/em>, 1995<\/span><\/li>\n<li><span style=\"color: #000000\"><em>La Cola del Pato. La ciudad de los vientos,<\/em> 2010<\/span><\/li>\n<\/ul>\n<p style=\"text-align: right\"><a href=\"http:\/\/ffyh.unc.edu.ar\/biblioteca\/escritores-de-cordoba\/\">volver<\/a><\/p>\n","protected":false},"excerpt":{"rendered":"<div class=\"entry-summary\">\nNaci\u00f3 en la ciudad de C\u00f3rdoba en el a\u00f1o 1948 y vive en R\u00edo Cuarto desde 1949. Regres\u00f3 a C\u00f3rdoba&hellip;\n<\/div>\n<div class=\"link-more\"><a href=\"https:\/\/ffyh.unc.edu.ar\/biblioteca\/escritores-de-cordoba\/otero-pizarro-gonzalo\/\" class=\"more-link\">Continuar leyendo<span class=\"screen-reader-text\"> &ldquo;Otero Pizarro, Gonzalo&rdquo;<\/span>&hellip;<\/a><\/div>\n","protected":false},"author":7,"featured_media":0,"parent":3221,"menu_order":0,"comment_status":"closed","ping_status":"closed","template":"","meta":{"_acf_changed":false,"jetpack_post_was_ever_published":false,"footnotes":""},"class_list":["post-3753","page","type-page","status-publish","hentry","entry"],"acf":[],"jetpack_shortlink":"https:\/\/wp.me\/P9UJM9-Yx","jetpack-related-posts":[],"jetpack_sharing_enabled":true,"_links":{"self":[{"href":"https:\/\/ffyh.unc.edu.ar\/biblioteca\/wp-json\/wp\/v2\/pages\/3753","targetHints":{"allow":["GET"]}}],"collection":[{"href":"https:\/\/ffyh.unc.edu.ar\/biblioteca\/wp-json\/wp\/v2\/pages"}],"about":[{"href":"https:\/\/ffyh.unc.edu.ar\/biblioteca\/wp-json\/wp\/v2\/types\/page"}],"author":[{"embeddable":true,"href":"https:\/\/ffyh.unc.edu.ar\/biblioteca\/wp-json\/wp\/v2\/users\/7"}],"replies":[{"embeddable":true,"href":"https:\/\/ffyh.unc.edu.ar\/biblioteca\/wp-json\/wp\/v2\/comments?post=3753"}],"version-history":[{"count":2,"href":"https:\/\/ffyh.unc.edu.ar\/biblioteca\/wp-json\/wp\/v2\/pages\/3753\/revisions"}],"predecessor-version":[{"id":3755,"href":"https:\/\/ffyh.unc.edu.ar\/biblioteca\/wp-json\/wp\/v2\/pages\/3753\/revisions\/3755"}],"up":[{"embeddable":true,"href":"https:\/\/ffyh.unc.edu.ar\/biblioteca\/wp-json\/wp\/v2\/pages\/3221"}],"wp:attachment":[{"href":"https:\/\/ffyh.unc.edu.ar\/biblioteca\/wp-json\/wp\/v2\/media?parent=3753"}],"curies":[{"name":"wp","href":"https:\/\/api.w.org\/{rel}","templated":true}]}}