{"id":3759,"date":"2019-09-09T17:52:49","date_gmt":"2019-09-09T17:52:49","guid":{"rendered":"http:\/\/ffyh.unc.edu.ar\/biblioteca\/?page_id=3759"},"modified":"2019-11-04T17:17:52","modified_gmt":"2019-11-04T17:17:52","slug":"parfeniuk-aldo","status":"publish","type":"page","link":"https:\/\/ffyh.unc.edu.ar\/biblioteca\/escritores-de-cordoba\/parfeniuk-aldo\/","title":{"rendered":"Parfeniuk, Aldo"},"content":{"rendered":"<p><span style=\"color: #000000\">Naci\u00f3 en Carlos Paz (Dpto. Punilla) en 1945, donde reside. Tiene los t\u00edtulos de Licenciado en Filosof\u00eda (FFyH., UNCba.) y Mag\u00edster en Comunicaci\u00f3n y Cultura Contempor\u00e1nea (UNCba.). Ha ejercido como profesor universitario (grado y posgrado) e investigador en la Facultad de Lenguas de la UNCba, Como tal, ha dirigido proyectos de investigaciones individuales y grupales. Tiene muchos trabajos en actas, publicaciones especializadas, revistas y diarios del pa\u00eds. Por su obra, fue reconocido con premios nacionales y provinciales en poes\u00eda y ensayo \u2013entre otros, el 1\u00ba Premio Regional y el 3\u00ba Nacional, de la Secretar\u00eda de Cultura de la Naci\u00f3n. Sus \u00faltimas investigaciones lo comprometen con la obra de Romilio Ribero.<\/span><\/p>\n<h3><span style=\"color: #000000\">Publicaciones<\/span><\/h3>\n<h4><span style=\"color: #000000\">Poes\u00eda<\/span><\/h4>\n<ul>\n<li><span style=\"color: #000000\"><em>La Quirca<\/em>, 1976<\/span><\/li>\n<li><span style=\"color: #000000\"><a href=\"https:\/\/catalogo.biblio.unc.edu.ar\/Search\/Results?lookfor=parfeniuk%2C+aldo+ca%C3%ADda+libre+libre&amp;type=AllFields&amp;limit=20&amp;sort=year+asc\"><em>Ca\u00edda Libre, libre<\/em><\/a>, 1981<\/span><\/li>\n<li><span style=\"color: #000000\"><a href=\"http:\/\/bmayor.biblio.unc.edu.ar\/\/cgi-bin\/koha\/opac-detail.pl?biblionumber=67365\"><em>Lo perdido<\/em><\/a>, 1985<\/span><\/li>\n<li><span style=\"color: #000000\"><a href=\"https:\/\/catalogo.biblio.unc.edu.ar\/Search\/Results?lookfor=parfeniuk%2C+aldo+provincia+verde+y+espinosa&amp;type=AllFields&amp;limit=20&amp;sort=year+asc\"><em>Provincia verde y espinosa<\/em><\/a>, 1991<\/span><\/li>\n<li><span style=\"color: #000000\"><a href=\"https:\/\/catalogo.biblio.unc.edu.ar\/Search\/Results?lookfor=parfeniuk%2C+aldo+amor+y+mas+amor+1992&amp;type=AllFields&amp;limit=20&amp;sort=year+asc\"><em>Amor y m\u00e1s Amor<\/em><\/a>, 1992 \u2013en colaboraci\u00f3n con H\u00e9ctor Pedicino-<\/span><\/li>\n<li><span style=\"color: #000000\"><a href=\"http:\/\/lenguas.biblio.unc.edu.ar\/\/cgi-bin\/koha\/opac-detail.pl?biblionumber=19318\"><em>Un cielo, unas monta\u00f1as<\/em><\/a>, 1996<\/span><\/li>\n<li><span style=\"color: #000000\"><a href=\"http:\/\/bmayor.biblio.unc.edu.ar\/\/cgi-bin\/koha\/opac-detail.pl?biblionumber=67365\"><em>Los d\u00edas verdaderos<\/em><\/a>, 1999<\/span><\/li>\n<li><span style=\"color: #000000\"><em><a href=\"http:\/\/lenguas.biblio.unc.edu.ar\/\/cgi-bin\/koha\/opac-detail.pl?biblionumber=19303\">Por donde sube el cerro al cielo<\/a>. Ecopoemas<\/em>, 2000<\/span><\/li>\n<li><span style=\"color: #000000\"><em><a href=\"http:\/\/lenguas.biblio.unc.edu.ar\/\/cgi-bin\/koha\/opac-detail.pl?biblionumber=21728\">Poeta en Carlos Paz. En d\u00edas del centenario<\/a>, <\/em>2013<\/span><\/li>\n<li><span style=\"color: #000000\"><em>Un poema no debe hablar<\/em>, 2014<\/span><\/li>\n<\/ul>\n<h4><span style=\"color: #000000\">Ensayos:<\/span><\/h4>\n<ul>\n<li><span style=\"color: #000000\"><em><a href=\"https:\/\/catalogo.biblio.unc.edu.ar\/Search\/Results?lookfor=Filosof%C3%ADa+del+poema&amp;type=AllFields&amp;limit=20&amp;sort=relevance\">Filosof\u00eda del poema. An\u00e1lisis e interpretaci\u00f3n de la obra de Osvaldo Pol, Osvaldo Guevara, Alejandro Nicotra, Julio Requena y Romilio Ribero.<\/a>,<\/em> 1982<\/span><\/li>\n<li><span style=\"color: #000000\"><a href=\"https:\/\/catalogo.biblio.unc.edu.ar\/Search\/Results?lookfor=parfeniuk+aldo+manuel+castilla+desde+la+aldea+americana&amp;type=AllFields&amp;limit=20&amp;sort=year+asc\"><em>Manuel J. Castilla, desde la Aldea Americana<\/em><\/a>, 1990, 2016<\/span><\/li>\n<li><span style=\"color: #000000\"><a href=\"https:\/\/catalogo.biblio.unc.edu.ar\/Search\/Results?lookfor=Conversaciones+notas+sobre+po%C3%A9ticas+y+poetas+argentinos&amp;type=Title&amp;limit=20&amp;sort=relevance\"><em>Conversaciones. Notas sobre po\u00e9ticas y poetas argentinos<\/em><\/a>, 1994<\/span><\/li>\n<li><span style=\"color: #000000\"><a href=\"https:\/\/catalogo.biblio.unc.edu.ar\/Search\/Results?lookfor=mujeres+poetas+de+C%C3%B3rdoba&amp;type=AllFields&amp;limit=20&amp;sort=relevance\"><em>Mujeres poetas de C\u00f3rdoba. Estudio y antolog\u00eda<\/em><\/a>, 1994. En coautor\u00eda con Cristina Dalmagro y Cecilia Muse.<\/span><\/li>\n<li><span style=\"color: #000000\"><a href=\"http:\/\/lenguas.biblio.unc.edu.ar\/\/cgi-bin\/koha\/opac-detail.pl?biblionumber=18307\"><em>Mundo Romilio<\/em><\/a>, 2005<\/span><\/li>\n<li><span style=\"color: #000000\"><a href=\"http:\/\/bmayor.biblio.unc.edu.ar\/\/cgi-bin\/koha\/opac-detail.pl?biblionumber=58654\"><em>Alberto Burnichon, Libro de Homenaje<\/em><\/a>, 2006<\/span><\/li>\n<li><span style=\"color: #000000\"><a href=\"http:\/\/lenguas.biblio.unc.edu.ar\/\/cgi-bin\/koha\/opac-detail.pl?biblionumber=20808\"><em>Bicentenario: Cultura popular y naci\u00f3n<\/em><\/a>, 2012\u00a0\u00a0\u00a0\u00a0\u00a0\u00a0\u00a0\u00a0\u00a0\u00a0\u00a0\u00a0\u00a0\u00a0\u00a0\u00a0\u00a0\u00a0\u00a0\u00a0\u00a0\u00a0\u00a0\u00a0\u00a0\u00a0<\/span><\/li>\n<li><span style=\"color: #000000\"><em>Encuentros, tr\u00e1nsitos y desplazamientos: culturas y literaturas en tensi\u00f3n y en di\u00e1logo<\/em>, 2012<\/span><\/li>\n<li><span style=\"color: #000000\"><em>Tensiones tr\u00e1nsitos y desplazamientos: reflexiones desde una perspectiva comparat\u00edstica<\/em>, 2014<\/span><\/li>\n<\/ul>\n<h4><span style=\"color: #000000\">Nota<\/span><\/h4>\n<p><a href=\"http:\/\/aldoparfeniuk.blogspot.com\"><span style=\"color: #000000\">Blog del autor: http:\/\/aldoparfeniuk.blogspot.com<\/span><\/a><\/p>\n<p style=\"text-align: right\"><a href=\"http:\/\/ffyh.unc.edu.ar\/biblioteca\/escritores-de-cordoba\/\">volver<\/a><\/p>\n","protected":false},"excerpt":{"rendered":"<div class=\"entry-summary\">\nNaci\u00f3 en Carlos Paz (Dpto. Punilla) en 1945, donde reside. Tiene los t\u00edtulos de Licenciado en Filosof\u00eda (FFyH., UNCba.) y&hellip;\n<\/div>\n<div class=\"link-more\"><a href=\"https:\/\/ffyh.unc.edu.ar\/biblioteca\/escritores-de-cordoba\/parfeniuk-aldo\/\" class=\"more-link\">Continuar leyendo<span class=\"screen-reader-text\"> &ldquo;Parfeniuk, Aldo&rdquo;<\/span>&hellip;<\/a><\/div>\n","protected":false},"author":7,"featured_media":0,"parent":3221,"menu_order":0,"comment_status":"closed","ping_status":"closed","template":"","meta":{"_acf_changed":false,"jetpack_post_was_ever_published":false,"footnotes":""},"class_list":["post-3759","page","type-page","status-publish","hentry","entry"],"acf":[],"jetpack_shortlink":"https:\/\/wp.me\/P9UJM9-YD","jetpack-related-posts":[],"jetpack_sharing_enabled":true,"_links":{"self":[{"href":"https:\/\/ffyh.unc.edu.ar\/biblioteca\/wp-json\/wp\/v2\/pages\/3759","targetHints":{"allow":["GET"]}}],"collection":[{"href":"https:\/\/ffyh.unc.edu.ar\/biblioteca\/wp-json\/wp\/v2\/pages"}],"about":[{"href":"https:\/\/ffyh.unc.edu.ar\/biblioteca\/wp-json\/wp\/v2\/types\/page"}],"author":[{"embeddable":true,"href":"https:\/\/ffyh.unc.edu.ar\/biblioteca\/wp-json\/wp\/v2\/users\/7"}],"replies":[{"embeddable":true,"href":"https:\/\/ffyh.unc.edu.ar\/biblioteca\/wp-json\/wp\/v2\/comments?post=3759"}],"version-history":[{"count":2,"href":"https:\/\/ffyh.unc.edu.ar\/biblioteca\/wp-json\/wp\/v2\/pages\/3759\/revisions"}],"predecessor-version":[{"id":3761,"href":"https:\/\/ffyh.unc.edu.ar\/biblioteca\/wp-json\/wp\/v2\/pages\/3759\/revisions\/3761"}],"up":[{"embeddable":true,"href":"https:\/\/ffyh.unc.edu.ar\/biblioteca\/wp-json\/wp\/v2\/pages\/3221"}],"wp:attachment":[{"href":"https:\/\/ffyh.unc.edu.ar\/biblioteca\/wp-json\/wp\/v2\/media?parent=3759"}],"curies":[{"name":"wp","href":"https:\/\/api.w.org\/{rel}","templated":true}]}}