{"id":3927,"date":"2019-11-04T17:54:39","date_gmt":"2019-11-04T17:54:39","guid":{"rendered":"http:\/\/ffyh.unc.edu.ar\/biblioteca\/?page_id=3927"},"modified":"2019-11-04T17:54:39","modified_gmt":"2019-11-04T17:54:39","slug":"romano-susana-romano-sued-susana","status":"publish","type":"page","link":"https:\/\/ffyh.unc.edu.ar\/biblioteca\/escritores-de-cordoba\/romano-susana-romano-sued-susana\/","title":{"rendered":"Romano, Susana \/ Romano Sued, Susana"},"content":{"rendered":"<p><span style=\"color: #000000\">Naci\u00f3 en C\u00f3rdoba en 1947. Es Licenciada en Letras Modernas (1971) y en Psicolog\u00eda (1988) egresada de la UNCba. y <em>Doktor der Philosophie<\/em> (1986) por la Universidad de Mannheim, Alemania. Ejerci\u00f3 como docente e investigadora en la Fac. de Filosof\u00eda y Humanidades, UNCba. Investigadora del CONICET. Pensadora y poeta de gran reconocimiento, ha dictado conferencias, cursos y seminarios en universidades de Sudam\u00e9rica, Estados Unidos, Canad\u00e1, pa\u00edses europeos y Jap\u00f3n. Ha participado en eventos acad\u00e9micos.<\/span><\/p>\n<p><span style=\"color: #000000\">Fund\u00f3 y dirigi\u00f3 entre 1989 y 1999 la revista \u00abE. T. C.\u00bb, de ensayo, teor\u00eda, cr\u00edtica, de la Facultad de Filosof\u00eda y Humanidades de la UNC, donde recibi\u00f3 en 1992 y 1994 la Distinci\u00f3n M\u00e1xima de Docencia e Investigaci\u00f3n.<\/span><\/p>\n<p><span style=\"color: #000000\">Ha traducido al espa\u00f1ol, numerosas obras, te\u00f3ricas y de literatura y a su vez, ha traducido a diferentes lenguas obras de autores argentinos. Tradujo obras, te\u00f3ricas y de literatura, de l\u00edricos alemanes, de lengua inglesa, francesa, italiana y portuguesa, como: H\u00f6derlin, Trakl, Benn, Bachmann, Brecht, Celan, Lasker Sch\u00fcler, Kolmar, Sachs, Rilke, Benjamin, Bense, Bollack, Turk, Waldenfels, Oliver, Blake, Yeats, Frost, Pound, Elliot, Roethke, Ginsberg, Dickinson, Greenberg, De Campos, Lispector, Pessoa, Santiago, De Melo Neto, Pavese, Montale, entre otros.<\/span><\/p>\n<p><span style=\"color: #000000\">Su obra literaria ha recibido, numerosos premios y reconocimientos, entre los cuales se destacan: Primer premio en el Concurso de Poes\u00eda Luis Jos\u00e9 de Tejeda (1981), la menci\u00f3n especial en el Concurso \u201cPoes\u00eda y derechos humanos\u201d, de la Secretar\u00eda Nacional de Derechos Humanos (1985), otra menci\u00f3n especial de la Secretar\u00eda de Derechos Humanos en el Certamen \u201cPoes\u00eda y Derechos Humanos\u201d 1986. Su obra <em>Escriturienta<\/em> fue distinguida por Fondo Est\u00edmulo Editorial Municipal para su publicaci\u00f3n en 1994. Tambi\u00e9n obtuvo el reconocimiento de las \u201cPlaquetas del Herrero\u201d, de Villa Mar\u00eda en 1997 y menciones en el certamen internacional de Narrativa de Mujeres de la Fundaci\u00f3n Avon 2000 y en el certamen Honorarte de Letras de Oro, de Buenos Aires en 2003.<\/span><\/p>\n<p><span style=\"color: #000000\">Sus poemas han sido traducidos y publicados en antolog\u00edas de varias lenguas<\/span><\/p>\n<h3><span style=\"color: #000000\">Publicaciones<\/span><\/h3>\n<h4><span style=\"color: #000000\">Poes\u00eda<\/span><\/h4>\n<ul>\n<li><span style=\"color: #000000\"><em>Verdades como criptas<\/em>, 1981<\/span><\/li>\n<li><span style=\"color: #000000\"><em><a href=\"http:\/\/ffyh.biblio.unc.edu.ar\/\/cgi-bin\/koha\/opac-detail.pl?biblionumber=48867\">El coraz\u00f3n constante<\/a>,<\/em> 1989<\/span><\/li>\n<li><span style=\"color: #000000\"><em><a href=\"http:\/\/bmayor.biblio.unc.edu.ar\/\/cgi-bin\/koha\/opac-detail.pl?biblionumber=29741\">Escriturienta<\/a>,<\/em> 1994<\/span><\/li>\n<li><span style=\"color: #000000\"><em>Frida Kahlo y otros poemas,<\/em> 1997<\/span><\/li>\n<li><span style=\"color: #000000\"><em>Nomenclatura muros<\/em>, 1997<\/span><\/li>\n<li><span style=\"color: #000000\"><em>Algesia,<\/em> 2000<\/span><\/li>\n<li><span style=\"color: #000000\"><em>Mal del Siglo<\/em>, 2000<\/span><\/li>\n<li><span style=\"color: #000000\"><em>Los amantes<\/em>, 2000<\/span><\/li>\n<li><span style=\"color: #000000\"><em>El meridiano<\/em>, 2004<\/span><\/li>\n<li><span style=\"color: #000000\"><em>Journal, C\u00f3rdoba<\/em>, 2009<\/span><\/li>\n<li><span style=\"color: #000000\"><em>Parque tem\u00e1tico y otros poemas<\/em>, 2011<\/span><\/li>\n<li><span style=\"color: #000000\"><em>Algo inaudito pasa.<\/em> 2014<\/span><\/li>\n<\/ul>\n<h4><span style=\"color: #000000\">Narrativa<\/span><\/h4>\n<ul>\n<li><span style=\"color: #000000\"><a href=\"https:\/\/catalogo.biblio.unc.edu.ar\/Search\/Results?lookfor=romano+susana+Procedimiento.+Memoria+de+la+Perla+y+la+Ribera&amp;type=AllFields&amp;filter%5B%5D=format%3A%22Book%22&amp;limit=20&amp;sort=relevance\"><em>Procedimiento. Memoria de la Perla y la Ribera<\/em> (novela)<\/a>, 2007<\/span><\/li>\n<li><span style=\"color: #000000\"><a href=\"http:\/\/bmayor.biblio.unc.edu.ar\/\/cgi-bin\/koha\/opac-detail.pl?biblionumber=56077\"><em>Rouge: cuentos<\/em><\/a>, 2012<\/span><\/li>\n<\/ul>\n<h4><span style=\"color: #000000\">Ensayos y trabajos de investigaci\u00f3n<\/span><\/h4>\n<ul>\n<li><span style=\"color: #000000\"><a href=\"https:\/\/catalogo.biblio.unc.edu.ar\/Search\/Results?lookfor=romano+susana+La+di%C3%A1spora+de+la+escritura.+Una+po%C3%A9tica+de+la+traducci%C3%B3n+po%C3%A9tica&amp;type=AllFields&amp;filter%5B%5D=format%3A%22Book%22&amp;limit=20&amp;sort=relevance\"><em>La di\u00e1spora de la escritura. Una po\u00e9tica de la traducci\u00f3n po\u00e9tica<\/em><\/a>, 1995.<\/span><\/li>\n<li><span style=\"color: #000000\"><a href=\"https:\/\/catalogo.biblio.unc.edu.ar\/Search\/Results?lookfor=romano+susana+La+escritura+en+la+di%C3%A1spora&amp;type=AllFields&amp;filter%5B%5D=format%3A%22Book%22&amp;limit=20&amp;sort=relevance\"><em>La escritura en la di\u00e1spora: Po\u00e9ticas de Traducci\u00f3n<\/em><\/a>, 1998<\/span><\/li>\n<li><span style=\"color: #000000\"><a href=\"https:\/\/catalogo.biblio.unc.edu.ar\/Search\/Results?lookfor=romano+susana+Borgesiada%2C&amp;type=AllFields&amp;filter%5B%5D=format%3A%22Book%22&amp;limit=20&amp;sort=relevance\"><em>Borgesiada<\/em><\/a>, (Compiladora), 1999<\/span><\/li>\n<li><span style=\"color: #000000\"><a href=\"http:\/\/ffyh.biblio.unc.edu.ar\/\/cgi-bin\/koha\/opac-detail.pl?biblionumber=56374\"><em>La traducci\u00f3n po\u00e9tica<\/em><\/a>, 2000<\/span><\/li>\n<li><span style=\"color: #000000\"><em><a href=\"https:\/\/catalogo.biblio.unc.edu.ar\/Search\/Results?lookfor=romano+susana+Jan+Mukarovsky+y+la+fundaci%C3%B3n+de+una+nueva+est%C3%A9tica&amp;type=AllFields&amp;filter%5B%5D=format%3A%22Book%22&amp;limit=20&amp;sort=relevance\">Jan Mukarovsky y la fundaci\u00f3n de una nueva est\u00e9tica<\/a>,<\/em> 2001<\/span><\/li>\n<li><span style=\"color: #000000\"><em>Traves\u00edas. Est\u00e9tica, po\u00e9tica, traducci\u00f3n<\/em>, 2003<\/span><\/li>\n<li><span style=\"color: #000000\"><a href=\"http:\/\/ffyh.biblio.unc.edu.ar\/\/cgi-bin\/koha\/opac-detail.pl?biblionumber=56372\"><em>Consuelo de lenguaje: problem\u00e1ticas de Traducci\u00f3n<\/em><\/a>, 2005<\/span><\/li>\n<li><span style=\"color: #000000\"><em>Consuelo de lenguaje. II<\/em>, 2007<\/span><\/li>\n<li><span style=\"color: #000000\"><em>Los &#8217;90. Otras indagaciones,<\/em> En colaboraci\u00f3n con Pampa Ar\u00e1n de Meriles, 2005<\/span><\/li>\n<\/ul>\n<h3><span style=\"color: #000000\">Bibliograf\u00eda<\/span><\/h3>\n<ul>\n<li><span style=\"color: #000000\">Flores, F\u00e9lix Gabriel: <a href=\"https:\/\/catalogo.biblio.unc.edu.ar\/Search\/Results?lookfor=Poetas+de+C%C3%B3rdoba+Siglo+XX.&amp;type=Title&amp;filter%5B%5D=author_facet%3A%22Flores%2C+F%C3%A9lix+Gabriel%22\"><em>Poetas de C\u00f3rdoba Siglo XX<\/em><\/a>. C\u00f3rdoba, Direcci\u00f3n Gral, de Publicaciones, UNCba, 1986<\/span><\/li>\n<li><span style=\"color: #000000\">Parfeniuk, Aldo: <a href=\"https:\/\/catalogo.biblio.unc.edu.ar\/Search\/Results?lookfor=Conversaciones+notas+sobre+po%C3%A9ticas+y+poetas+argentinos&amp;type=Title&amp;limit=20&amp;sort=relevance\"><em>Conversaciones: notas sobre po\u00e9ticas y poetas argentinos<\/em>.<\/a> C\u00f3rdoba, Argos, 1994.<\/span><\/li>\n<li><span style=\"color: #000000\">Vera, Daniel: \u201c<a href=\"http:\/\/ffyh.biblio.unc.edu.ar\/\/cgi-bin\/koha\/opac-detail.pl?biblionumber=31638\">Voces de poeta<\/a>\u201d en <em>Investigaciones est\u00e9ticas<\/em>. C\u00f3rdoba, Alci\u00f3n, 1991, pag.97-113.<\/span><\/li>\n<\/ul>\n<h4><span style=\"color: #000000\">Nota<\/span><\/h4>\n<p><span style=\"color: #000000\"><a style=\"color: #000000\" href=\"http:\/\/susanaromanosued.com\/\">http:\/\/susanaromanosued.com\/<\/a><\/span><\/p>\n<p style=\"text-align: right\"><a href=\"http:\/\/ffyh.unc.edu.ar\/biblioteca\/escritores-de-cordoba\/\">volver<\/a><\/p>\n","protected":false},"excerpt":{"rendered":"<div class=\"entry-summary\">\nNaci\u00f3 en C\u00f3rdoba en 1947. Es Licenciada en Letras Modernas (1971) y en Psicolog\u00eda (1988) egresada de la UNCba. y&hellip;\n<\/div>\n<div class=\"link-more\"><a href=\"https:\/\/ffyh.unc.edu.ar\/biblioteca\/escritores-de-cordoba\/romano-susana-romano-sued-susana\/\" class=\"more-link\">Continuar leyendo<span class=\"screen-reader-text\"> &ldquo;Romano, Susana \/ Romano Sued, Susana&rdquo;<\/span>&hellip;<\/a><\/div>\n","protected":false},"author":7,"featured_media":0,"parent":3221,"menu_order":0,"comment_status":"closed","ping_status":"closed","template":"","meta":{"_acf_changed":false,"jetpack_post_was_ever_published":false,"footnotes":""},"class_list":["post-3927","page","type-page","status-publish","hentry","entry"],"acf":[],"jetpack_shortlink":"https:\/\/wp.me\/P9UJM9-11l","jetpack-related-posts":[],"jetpack_sharing_enabled":true,"_links":{"self":[{"href":"https:\/\/ffyh.unc.edu.ar\/biblioteca\/wp-json\/wp\/v2\/pages\/3927","targetHints":{"allow":["GET"]}}],"collection":[{"href":"https:\/\/ffyh.unc.edu.ar\/biblioteca\/wp-json\/wp\/v2\/pages"}],"about":[{"href":"https:\/\/ffyh.unc.edu.ar\/biblioteca\/wp-json\/wp\/v2\/types\/page"}],"author":[{"embeddable":true,"href":"https:\/\/ffyh.unc.edu.ar\/biblioteca\/wp-json\/wp\/v2\/users\/7"}],"replies":[{"embeddable":true,"href":"https:\/\/ffyh.unc.edu.ar\/biblioteca\/wp-json\/wp\/v2\/comments?post=3927"}],"version-history":[{"count":2,"href":"https:\/\/ffyh.unc.edu.ar\/biblioteca\/wp-json\/wp\/v2\/pages\/3927\/revisions"}],"predecessor-version":[{"id":3929,"href":"https:\/\/ffyh.unc.edu.ar\/biblioteca\/wp-json\/wp\/v2\/pages\/3927\/revisions\/3929"}],"up":[{"embeddable":true,"href":"https:\/\/ffyh.unc.edu.ar\/biblioteca\/wp-json\/wp\/v2\/pages\/3221"}],"wp:attachment":[{"href":"https:\/\/ffyh.unc.edu.ar\/biblioteca\/wp-json\/wp\/v2\/media?parent=3927"}],"curies":[{"name":"wp","href":"https:\/\/api.w.org\/{rel}","templated":true}]}}