{"id":4066,"date":"2020-03-30T17:29:14","date_gmt":"2020-03-30T17:29:14","guid":{"rendered":"http:\/\/ffyh.unc.edu.ar\/biblioteca\/?page_id=4066"},"modified":"2020-03-30T17:29:14","modified_gmt":"2020-03-30T17:29:14","slug":"squire-carlos-americo","status":"publish","type":"page","link":"https:\/\/ffyh.unc.edu.ar\/biblioteca\/escritores-de-cordoba\/squire-carlos-americo\/","title":{"rendered":"Squire, Carlos Am\u00e9rico"},"content":{"rendered":"<p><span style=\"color: #000000\">Naci\u00f3 en Buenos Aires. Traductor de ingl\u00e9s. Docente. Integrante del grupo \u201cLa Ca\u00f1ada\u201d, en cuyas antolog\u00edas est\u00e1n incluidos algunos de sus relatos.<\/span><\/p>\n<p><span style=\"color: #000000\">Hizo colaboraciones en el suplemento cultural del diario \u201cLa Voz del Interior\u201d, y; entre otras publicaciones, en la revista cultural \u201cAcento\u201d y la revista de la SADE C\u00f3rdoba, de cuya instituci\u00f3n participaba como miembro activo. Fue jurado en concursos literarios de la provincia y del pa\u00eds. Residi\u00f3 en el extranjero durante un per\u00edodo importante. Su trayectoria profesional lo llev\u00f3 a conocer espacios de la marginalidad, que \u00e9l convocaba para sus ficciones: c\u00e1rceles, psiqui\u00e1tricos, barrios perif\u00e9ricos.<\/span><\/p>\n<h3><span style=\"color: #000000\">Publicaciones<\/span><\/h3>\n<ul>\n<li><span style=\"color: #000000\"><em>Un recuerdo para Jean<\/em>, 1974<\/span><\/li>\n<li><em><span style=\"color: #000000\"><a href=\"http:\/\/ffyh.biblio.unc.edu.ar\/\/cgi-bin\/koha\/opac-detail.pl?biblionumber=51914\">Un tiempo, un olvido<\/a>,\u00a0<\/span><\/em><span style=\"color: #000000\">1981<\/span><\/li>\n<li><span style=\"color: #000000\"><em>Im\u00e1genes y fantas\u00edas. Cuentos y relatos<\/em>, 1986<\/span><\/li>\n<li><span style=\"color: #000000\"><em>El viaje<\/em>, 1987<\/span><\/li>\n<\/ul>\n<h3><span style=\"color: #000000\">Bibliograf\u00eda<\/span><\/h3>\n<ul>\n<li><span style=\"color: #000000\">Eguia, Bibiana: \u201cClaves de acceso a la Literatura de C\u00f3rdoba durante la transici\u00f3n democr\u00e1tica (1982-1989)\u201d en\u00a0 En Barcellona, M; Curetti, Sandra: <em>Memoria, Literatura y Pol\u00edtica en C\u00f3rdoba durante la transici\u00f3n democr\u00e1tica<\/em>. C\u00f3rdoba, Eduvim, 2011, p\u00e1g. 33-62.<\/span><\/li>\n<li><span style=\"color: #000000\">Gili, Carlos: <em>Breve historia del grupo \u201cLa Ca\u00f1ada\u201d.<\/em> C\u00f3rdoba, Edici\u00f3n del autor, 2012.<\/span><\/li>\n<\/ul>\n<p style=\"text-align: right\"><a href=\"http:\/\/ffyh.unc.edu.ar\/biblioteca\/escritores-de-cordoba\/\">volver<\/a><\/p>\n","protected":false},"excerpt":{"rendered":"<div class=\"entry-summary\">\nNaci\u00f3 en Buenos Aires. Traductor de ingl\u00e9s. Docente. Integrante del grupo \u201cLa Ca\u00f1ada\u201d, en cuyas antolog\u00edas est\u00e1n incluidos algunos de&hellip;\n<\/div>\n<div class=\"link-more\"><a href=\"https:\/\/ffyh.unc.edu.ar\/biblioteca\/escritores-de-cordoba\/squire-carlos-americo\/\" class=\"more-link\">Continuar leyendo<span class=\"screen-reader-text\"> &ldquo;Squire, Carlos Am\u00e9rico&rdquo;<\/span>&hellip;<\/a><\/div>\n","protected":false},"author":7,"featured_media":0,"parent":3221,"menu_order":0,"comment_status":"closed","ping_status":"closed","template":"","meta":{"_acf_changed":false,"saved_in_kubio":false,"jetpack_post_was_ever_published":false,"footnotes":""},"class_list":["post-4066","page","type-page","status-publish","hentry","entry"],"acf":[],"kubio_ai_page_context":{"short_desc":"","purpose":"general"},"jetpack_shortlink":"https:\/\/wp.me\/P9UJM9-13A","jetpack-related-posts":[],"jetpack_sharing_enabled":true,"_links":{"self":[{"href":"https:\/\/ffyh.unc.edu.ar\/biblioteca\/wp-json\/wp\/v2\/pages\/4066","targetHints":{"allow":["GET"]}}],"collection":[{"href":"https:\/\/ffyh.unc.edu.ar\/biblioteca\/wp-json\/wp\/v2\/pages"}],"about":[{"href":"https:\/\/ffyh.unc.edu.ar\/biblioteca\/wp-json\/wp\/v2\/types\/page"}],"author":[{"embeddable":true,"href":"https:\/\/ffyh.unc.edu.ar\/biblioteca\/wp-json\/wp\/v2\/users\/7"}],"replies":[{"embeddable":true,"href":"https:\/\/ffyh.unc.edu.ar\/biblioteca\/wp-json\/wp\/v2\/comments?post=4066"}],"version-history":[{"count":2,"href":"https:\/\/ffyh.unc.edu.ar\/biblioteca\/wp-json\/wp\/v2\/pages\/4066\/revisions"}],"predecessor-version":[{"id":4069,"href":"https:\/\/ffyh.unc.edu.ar\/biblioteca\/wp-json\/wp\/v2\/pages\/4066\/revisions\/4069"}],"up":[{"embeddable":true,"href":"https:\/\/ffyh.unc.edu.ar\/biblioteca\/wp-json\/wp\/v2\/pages\/3221"}],"wp:attachment":[{"href":"https:\/\/ffyh.unc.edu.ar\/biblioteca\/wp-json\/wp\/v2\/media?parent=4066"}],"curies":[{"name":"wp","href":"https:\/\/api.w.org\/{rel}","templated":true}]}}