{"id":4128,"date":"2020-04-03T15:44:02","date_gmt":"2020-04-03T15:44:02","guid":{"rendered":"http:\/\/ffyh.unc.edu.ar\/biblioteca\/?page_id=4128"},"modified":"2020-04-03T15:44:02","modified_gmt":"2020-04-03T15:44:02","slug":"vera-daniel","status":"publish","type":"page","link":"https:\/\/ffyh.unc.edu.ar\/biblioteca\/escritores-de-cordoba\/vera-daniel\/","title":{"rendered":"Vera, Daniel"},"content":{"rendered":"<p><span style=\"color: #000000\">Naci\u00f3 en C\u00f3rdoba en 1947. Estudio Filosof\u00eda en la Facultad de Filosof\u00eda y Humanidades donde obtuvo el t\u00edtulo de Licenciado. Particip\u00f3 del grupo el \u00abTaller del Escritor\u00bb en la d\u00e9cada del 60. El poeta, ensayista, investigador y pensador, se desempe\u00f1\u00f3 como docente en la C\u00e1tedra del Filosof\u00eda del Lenguaje I de la carrera de Filosof\u00eda, de la UNCba.<\/span><\/p>\n<p><span style=\"color: #000000\">Escribi\u00f3 para los diarios \u201cC\u00f3rdoba\u201d y \u201cTiempo de C\u00f3rdoba\u201d y particip\u00f3 con redacciones en la revista \u201cJer\u00f3nimo\u201d<\/span><\/p>\n<p><span style=\"color: #000000\">Actualmente se dedica al atletismo.<\/span><\/p>\n<h3><span style=\"color: #000000\">Publicaciones<\/span><\/h3>\n<ul>\n<li><span style=\"color: #000000\"><em>Per\u00edfrasis griegas<\/em>.<em> En memoria de Nimio de Anqu\u00edn, <\/em>1981<\/span><\/li>\n<li><span style=\"color: #000000\"><em>Cinco sonetos a\u00e9reos<\/em>, 1982<\/span><\/li>\n<li><span style=\"color: #000000\"><em>Eleg\u00eda de Junio<\/em>, 1983<\/span><\/li>\n<li><span style=\"color: #000000\"><a href=\"http:\/\/ffyh.biblio.unc.edu.ar\/\/cgi-bin\/koha\/opac-detail.pl?biblionumber=96805\"><em>Fundamento Hsin<\/em><\/a>, 1987<\/span><\/li>\n<li><span style=\"color: #000000\"><em>Formas de la oraci\u00f3n<\/em>, 1989<\/span><\/li>\n<li><span style=\"color: #000000\"><a href=\"http:\/\/bmayor.biblio.unc.edu.ar\/\/cgi-bin\/koha\/opac-detail.pl?biblionumber=58703\"><em>Corona para los mares y Mar\u00eda<\/em><\/a>, 1991<\/span><\/li>\n<li><span style=\"color: #000000\"><em>Las leyes libertad<\/em>, 1993<\/span><\/li>\n<li><span style=\"color: #000000\"><em><a href=\"https:\/\/catalogo.biblio.unc.edu.ar\/Search\/Results?lookfor=VERA%2C+Machiavelli%2C&amp;type=AllFields&amp;filter%5B%5D=format%3A%22Book%22&amp;limit=20&amp;sort=relevance\">Machiavelli<\/a>, <\/em>1998<\/span><\/li>\n<li><span style=\"color: #000000\"><a href=\"http:\/\/ffyh.biblio.unc.edu.ar\/\/cgi-bin\/koha\/opac-detail.pl?biblionumber=31638\"><em>Investigaciones est\u00e9ticas<\/em><\/a>, 1991<\/span><\/li>\n<li><span style=\"color: #000000\"><em>Angel en llamas,<\/em> 2014<\/span><\/li>\n<li><span style=\"color: #000000\"><em>Meditation mortis<\/em>, 2014<\/span><\/li>\n<\/ul>\n<h4><span style=\"color: #000000\">Investigaci\u00f3n<\/span><\/h4>\n<ul>\n<li><span style=\"color: #000000\">Ag\u00fcero, Gustavo A, Urtubey, Luis A y| Vera Mur\u00faa, Daniel (editores): <a href=\"http:\/\/ffyh.biblio.unc.edu.ar\/\/cgi-bin\/koha\/opac-detail.pl?biblionumber=86257\"><em>Conceptos, creencias y racionalidad<\/em><\/a>. en <em>Jornadas de Filosof\u00eda Te\u00f3rica<\/em>, C\u00f3rdoba, Editorial Brujas, 2007.<\/span><\/li>\n<\/ul>\n<h4><span style=\"color: #000000\">Bibliograf\u00eda<\/span><\/h4>\n<ul>\n<li><span style=\"color: #000000\">Vera, Daniel: \u201c<a href=\"http:\/\/portal.eco.unc.edu.ar\/files\/Biblioteca\/Cuadernos%20de%20la%20Biblioteca%20C%C3%83%C2%B3rdoba%20N%C3%82%C2%BA%207%20Parte1.pdf\">Admisi\u00f3n, compresi\u00f3n, explosi\u00f3n, escape<\/a>\u201d (autobiograf\u00eda) en \u201cCuadernos de la Biblioteca C\u00f3rdoba\u201d A\u00f1o III Nro 7, C\u00f3rdoba, junio de 2012.<\/span><\/li>\n<li><span style=\"color: #000000\">Eguia, Bibiana: \u201cClaves de acceso a la Literatura de C\u00f3rdoba durante la transici\u00f3n democr\u00e1tica (1982-1989)\u201d en\u00a0 En Barcellona, M; Curetti, Sandra: <em>Memoria, Literatura y Pol\u00edtica en C\u00f3rdoba durante la transici\u00f3n democr\u00e1trica<\/em>. C\u00f3rdoba, Eduvim, 2011, pag 33-62.<\/span><\/li>\n<li><span style=\"color: #000000\">Schilling, Carlos: \u201c<a href=\"http:\/\/hablardepoesia-numeros.com.ar\/numero-16\/vera-ficcion\/\">Vera ficci\u00f3n<\/a>\u201d. En \u201cHablar de poes\u00eda\u201d Nro 16. Julio, 2012.<\/span><\/li>\n<\/ul>\n<h4><span style=\"color: #000000\">Nota<\/span><\/h4>\n<p><span style=\"color: #000000\">Blogs del autor: <\/span><\/p>\n<ul>\n<li><span style=\"color: #000000\"><a style=\"color: #000000\" href=\"http:\/\/tortugasylentejas.blogspot.com.ar\/\">http:\/\/tortugasylentejas.blogspot.com.ar\/<\/a><\/span><\/li>\n<li><a href=\"http:\/\/chuzasylechuzas.blogspot.com.ar\/\"><span style=\"color: #000000\">http:\/\/chuzasylechuzas.blogspot.com.ar\/<\/span><\/a><\/li>\n<\/ul>\n<p style=\"text-align: right\"><a href=\"http:\/\/ffyh.unc.edu.ar\/biblioteca\/escritores-de-cordoba\/\">volver<\/a><\/p>\n","protected":false},"excerpt":{"rendered":"<div class=\"entry-summary\">\nNaci\u00f3 en C\u00f3rdoba en 1947. Estudio Filosof\u00eda en la Facultad de Filosof\u00eda y Humanidades donde obtuvo el t\u00edtulo de Licenciado.&hellip;\n<\/div>\n<div class=\"link-more\"><a href=\"https:\/\/ffyh.unc.edu.ar\/biblioteca\/escritores-de-cordoba\/vera-daniel\/\" class=\"more-link\">Continuar leyendo<span class=\"screen-reader-text\"> &ldquo;Vera, Daniel&rdquo;<\/span>&hellip;<\/a><\/div>\n","protected":false},"author":7,"featured_media":0,"parent":3221,"menu_order":0,"comment_status":"closed","ping_status":"closed","template":"","meta":{"_acf_changed":false,"jetpack_post_was_ever_published":false,"footnotes":""},"class_list":["post-4128","page","type-page","status-publish","hentry","entry"],"acf":[],"jetpack_shortlink":"https:\/\/wp.me\/P9UJM9-14A","jetpack-related-posts":[],"jetpack_sharing_enabled":true,"_links":{"self":[{"href":"https:\/\/ffyh.unc.edu.ar\/biblioteca\/wp-json\/wp\/v2\/pages\/4128","targetHints":{"allow":["GET"]}}],"collection":[{"href":"https:\/\/ffyh.unc.edu.ar\/biblioteca\/wp-json\/wp\/v2\/pages"}],"about":[{"href":"https:\/\/ffyh.unc.edu.ar\/biblioteca\/wp-json\/wp\/v2\/types\/page"}],"author":[{"embeddable":true,"href":"https:\/\/ffyh.unc.edu.ar\/biblioteca\/wp-json\/wp\/v2\/users\/7"}],"replies":[{"embeddable":true,"href":"https:\/\/ffyh.unc.edu.ar\/biblioteca\/wp-json\/wp\/v2\/comments?post=4128"}],"version-history":[{"count":2,"href":"https:\/\/ffyh.unc.edu.ar\/biblioteca\/wp-json\/wp\/v2\/pages\/4128\/revisions"}],"predecessor-version":[{"id":4131,"href":"https:\/\/ffyh.unc.edu.ar\/biblioteca\/wp-json\/wp\/v2\/pages\/4128\/revisions\/4131"}],"up":[{"embeddable":true,"href":"https:\/\/ffyh.unc.edu.ar\/biblioteca\/wp-json\/wp\/v2\/pages\/3221"}],"wp:attachment":[{"href":"https:\/\/ffyh.unc.edu.ar\/biblioteca\/wp-json\/wp\/v2\/media?parent=4128"}],"curies":[{"name":"wp","href":"https:\/\/api.w.org\/{rel}","templated":true}]}}