{"id":4136,"date":"2020-04-03T16:19:08","date_gmt":"2020-04-03T16:19:08","guid":{"rendered":"http:\/\/ffyh.unc.edu.ar\/biblioteca\/?page_id=4136"},"modified":"2020-04-03T16:19:08","modified_gmt":"2020-04-03T16:19:08","slug":"videla-roberto","status":"publish","type":"page","link":"https:\/\/ffyh.unc.edu.ar\/biblioteca\/escritores-de-cordoba\/videla-roberto\/","title":{"rendered":"Videla, Roberto"},"content":{"rendered":"<p><span style=\"color: #000000\">Naci\u00f3 en General Alvear (Mendoza) en 1948. Vive en C\u00f3rdoba donde est\u00e1 radicado desde la d\u00e9cada del 70. Es licenciado en cine, director y actor de teatro, dramaturgo, escritor, traductor y docente en la Facultad de Artes de la UNCba. Fue uno de los fundadores del grupo \u201cEl Cuenco\u201d, integr\u00f3 los colectivos \u201cLibre Teatro Libre\u201d, \u201cPsico-Cine\u201d; y en Italia \u201cLa Ciotola\u201d \u00a0y \u201cProyecto Stanislavsky\u201d. Dirigi\u00f3 el Taller Teatral del Instituto de Educaci\u00f3n Cooperativa, el Grupo de Teatro \u201cFra Noi\u201d de Colonia Caroya. y el Taller del Hospital Neuropsiqui\u00e1trico. Escribe la columna mensual \u201cFalso encaje\u201d, en la publicaci\u00f3n Ciudad X, de C\u00f3rdoba.<\/span><\/p>\n<h3><span style=\"color: #000000\">Publicaciones<\/span><\/h3>\n<ul>\n<li><span style=\"color: #000000\"><em><a href=\"http:\/\/ffyh.biblio.unc.edu.ar\/\/cgi-bin\/koha\/opac-detail.pl?biblionumber=65653\">Animales<\/a>,<\/em> 2008<\/span><\/li>\n<li><span style=\"color: #000000\"><a href=\"https:\/\/catalogo.biblio.unc.edu.ar\/Search\/Results?lookfor=VIDELA%2C+roberto+Todos+los+Caminos&amp;type=AllFields&amp;filter%5B%5D=format%3A%22Book%22&amp;limit=20&amp;sort=relevance,\"><em>Todos los Caminos<\/em><\/a>, 2009<\/span><\/li>\n<li><span style=\"color: #000000\"><em><a href=\"https:\/\/catalogo.biblio.unc.edu.ar\/Search\/Results?lookfor=VIDELA%2C+roberto+Luisa+%E2%80%93Fruto+Extra%C3%B1o&amp;type=AllFields&amp;filter%5B%5D=format%3A%22Book%22&amp;limit=20&amp;sort=relevance\">Luisa \u2013Fruto Extra\u00f1o\u2013<\/a>,<\/em> 2009<\/span><\/li>\n<li><span style=\"color: #000000\"><em><a href=\"http:\/\/artes.biblio.unc.edu.ar\/\/cgi-bin\/koha\/opac-detail.pl?biblionumber=29774\">Chispas<\/a>,<\/em> 2010<\/span><\/li>\n<li><span style=\"color: #000000\"><a href=\"http:\/\/artes.biblio.unc.edu.ar\/\/cgi-bin\/koha\/opac-detail.pl?biblionumber=20044\"><em>Copacabana<\/em><\/a>, 2011<\/span><\/li>\n<li><span style=\"color: #000000\"><a href=\"http:\/\/artes.biblio.unc.edu.ar\/\/cgi-bin\/koha\/opac-detail.pl?biblionumber=29775\"><em>Toro Muerto<\/em><\/a>, 2012<\/span><\/li>\n<li><span style=\"color: #000000\"><em><a href=\"https:\/\/catalogo.biblio.unc.edu.ar\/Search\/Results?lookfor=VIDELA%2C+roberto+La+piedra&amp;type=AllFields&amp;filter%5B%5D=format%3A%22Book%22&amp;limit=20&amp;sort=relevance\">La piedra<\/a>,<\/em> 2013<\/span><\/li>\n<li><span style=\"color: #000000\"><em><a href=\"https:\/\/catalogo.biblio.unc.edu.ar\/Search\/Results?lookfor=VIDELA%2C+roberto+Perla%2C&amp;type=AllFields&amp;filter%5B%5D=format%3A%22Book%22&amp;limit=20&amp;sort=relevance\">Perla<\/a>,<\/em> 2014<\/span><\/li>\n<li><span style=\"color: #000000\"><a href=\"https:\/\/catalogo.biblio.unc.edu.ar\/Search\/Results?lookfor=VIDELA%2C+roberto+La+intimidad&amp;type=AllFields&amp;filter%5B%5D=format%3A%22Book%22&amp;limit=20&amp;sort=relevance\"><em>La intimidad<\/em><\/a>, 2015<\/span><\/li>\n<li><span style=\"color: #000000\"><em><a href=\"http:\/\/artes.biblio.unc.edu.ar\/\/cgi-bin\/koha\/opac-detail.pl?biblionumber=29778\">Dichas y quebrantos<\/a>, <\/em>2016<\/span><\/li>\n<li><span style=\"color: #000000\"><a href=\"http:\/\/artes.biblio.unc.edu.ar\/\/cgi-bin\/koha\/opac-detail.pl?biblionumber=29777\"><em>El chico<\/em><\/a>, 2016<\/span><\/li>\n<li><span style=\"color: #000000\"><em><a href=\"http:\/\/artes.biblio.unc.edu.ar\/\/cgi-bin\/koha\/opac-detail.pl?biblionumber=29781\">Maestros, traiciones<\/a><\/em>, 2016<\/span><\/li>\n<li><span style=\"color: #000000\"><em>Tren<\/em>, 2018<\/span><\/li>\n<\/ul>\n<h3><span style=\"color: #000000\">Bibliograf\u00eda<\/span><\/h3>\n<ul>\n<li><span style=\"color: #000000\">Arce, Jos\u00e9 Luis: <a href=\"http:\/\/territorioteatral.org.ar\/html.2\/articulos\/pdf\/03.pdf\">El teatro en C\u00f3rdoba antes del golpe militar de 1976<\/a>. Algunas consideraciones sobre los 60, los 70 y los 80\u201d en \u201cTerritorio Teatral\u201d Nro.1, 2007.<\/span><\/li>\n<li><span style=\"color: #000000\">Musitano, Adriana, Zaga, Nora; Bressan, L.; Casta\u00f1ares, E: y otros \u201c<a href=\"http:\/\/hdl.handle.net\/11086\/6100\">El nuevo teatro cordob\u00e9s: Teatro Estable de la Universidad Nacional de C\u00f3rdoba (TEUC) Libre Teatro Libre (LTL) La Chispa. 1969-1975<\/a>\u201d en Repositorio digital de la Facultad de Artes (UNCba.), 2017.<\/span><\/li>\n<li><span style=\"color: #000000\">Zaga, Nora: \u201c<a href=\"http:\/\/blogs.ffyh.unc.edu.ar\/teatropoliticounc\/roberto-videla-y-el-libre-teatro-libre\/\">Teatro, pol\u00edtica y Universidad. C\u00f3rdoba 1965-1975. Fondo documental virtual.<\/a>\u201d<\/span><\/li>\n<\/ul>\n<p style=\"text-align: right\"><a href=\"http:\/\/ffyh.unc.edu.ar\/biblioteca\/escritores-de-cordoba\/\">volver<\/a><\/p>\n","protected":false},"excerpt":{"rendered":"<div class=\"entry-summary\">\nNaci\u00f3 en General Alvear (Mendoza) en 1948. Vive en C\u00f3rdoba donde est\u00e1 radicado desde la d\u00e9cada del 70. Es licenciado&hellip;\n<\/div>\n<div class=\"link-more\"><a href=\"https:\/\/ffyh.unc.edu.ar\/biblioteca\/escritores-de-cordoba\/videla-roberto\/\" class=\"more-link\">Continuar leyendo<span class=\"screen-reader-text\"> &ldquo;Videla, Roberto&rdquo;<\/span>&hellip;<\/a><\/div>\n","protected":false},"author":7,"featured_media":0,"parent":3221,"menu_order":0,"comment_status":"closed","ping_status":"closed","template":"","meta":{"_acf_changed":false,"saved_in_kubio":false,"jetpack_post_was_ever_published":false,"footnotes":""},"class_list":["post-4136","page","type-page","status-publish","hentry","entry"],"acf":[],"kubio_ai_page_context":{"short_desc":"","purpose":"general"},"jetpack_shortlink":"https:\/\/wp.me\/P9UJM9-14I","jetpack-related-posts":[],"jetpack_sharing_enabled":true,"_links":{"self":[{"href":"https:\/\/ffyh.unc.edu.ar\/biblioteca\/wp-json\/wp\/v2\/pages\/4136","targetHints":{"allow":["GET"]}}],"collection":[{"href":"https:\/\/ffyh.unc.edu.ar\/biblioteca\/wp-json\/wp\/v2\/pages"}],"about":[{"href":"https:\/\/ffyh.unc.edu.ar\/biblioteca\/wp-json\/wp\/v2\/types\/page"}],"author":[{"embeddable":true,"href":"https:\/\/ffyh.unc.edu.ar\/biblioteca\/wp-json\/wp\/v2\/users\/7"}],"replies":[{"embeddable":true,"href":"https:\/\/ffyh.unc.edu.ar\/biblioteca\/wp-json\/wp\/v2\/comments?post=4136"}],"version-history":[{"count":2,"href":"https:\/\/ffyh.unc.edu.ar\/biblioteca\/wp-json\/wp\/v2\/pages\/4136\/revisions"}],"predecessor-version":[{"id":4139,"href":"https:\/\/ffyh.unc.edu.ar\/biblioteca\/wp-json\/wp\/v2\/pages\/4136\/revisions\/4139"}],"up":[{"embeddable":true,"href":"https:\/\/ffyh.unc.edu.ar\/biblioteca\/wp-json\/wp\/v2\/pages\/3221"}],"wp:attachment":[{"href":"https:\/\/ffyh.unc.edu.ar\/biblioteca\/wp-json\/wp\/v2\/media?parent=4136"}],"curies":[{"name":"wp","href":"https:\/\/api.w.org\/{rel}","templated":true}]}}