{"id":4390,"date":"2021-02-02T18:03:50","date_gmt":"2021-02-02T18:03:50","guid":{"rendered":"http:\/\/ffyh.unc.edu.ar\/biblioteca\/?page_id=4390"},"modified":"2022-05-16T17:40:48","modified_gmt":"2022-05-16T17:40:48","slug":"curuchet-juan-carlos","status":"publish","type":"page","link":"https:\/\/ffyh.unc.edu.ar\/biblioteca\/curuchet-juan-carlos\/","title":{"rendered":"Curuchet, Juan Carlos"},"content":{"rendered":"<p><span style=\"color: #000000\">Naci\u00f3 en Fraile Muerto (1942, C\u00f3rdoba, Argentina). Egres\u00f3 de la Facultad de<\/span><br \/>\n<span style=\"color: #000000\">Filosof\u00eda y Humanidades como Licenciado en Letras Modernas. A fines de los 60<\/span><br \/>\n<span style=\"color: #000000\">se marcha de C\u00f3rdoba para radicarse en Espa\u00f1a. Sus textos dan cuenta de una<\/span><br \/>\n<span style=\"color: #000000\">enorme cultura y erudici\u00f3n, como tambi\u00e9n de una gran enciclopedia lectora.<\/span><br \/>\n<span style=\"color: #000000\">Escribi\u00f3 gacetillas, art\u00edculos, ensayos y pr\u00f3logos y realiz\u00f3 traducciones en<\/span><br \/>\n<span style=\"color: #000000\">importantes revistas literarias internacionales.<\/span><br \/>\n<span style=\"color: #000000\">Muri\u00f3 en C\u00f3rdoba, ciudad a la que hab\u00eda retornado (ignoramos la fecha) en 2001.<\/span><\/p>\n<p>&nbsp;<\/p>\n<h3>Publicaciones<\/h3>\n<ul>\n<li><em>La hora de la matraca<\/em> (Carta abierta al director de \u201cEl Pa\u00eds\u201d), 1981;<\/li>\n<li><em>Esperpento decimal<\/em> (Versi\u00f3n libre y anal\u00f3gica, rimada y actualizada de Luces de Bohemia), 1994<\/li>\n<li><em>Peripecias er\u00f3ticas en la Am\u00e9rica austral<\/em>, 2004.<\/li>\n<li><em>Introducci\u00f3n a la novela espa\u00f1ola de postguerra<\/em>, I966;<\/li>\n<li><em>Julio Cort\u00e1zar o la cr\u00edtica de la raz\u00f3n pragm\u00e1tica<\/em>, 1972<\/li>\n<li><em>A partir de Mart\u00edn Santos<\/em>. Cuatro ensayos sobre la nueva novela espa\u00f1ola, 1973<\/li>\n<li><em>Los surrealistas espa\u00f1oles<\/em>, 1972. En coautor\u00eda con Paul Illie.<\/li>\n<\/ul>\n<p><a href=\"https:\/\/ffyh.unc.edu.ar\/biblioteca\/escritores-de-cordoba\/\">Volver<\/a><\/p>\n","protected":false},"excerpt":{"rendered":"<div class=\"entry-summary\">\nNaci\u00f3 en Fraile Muerto (1942, C\u00f3rdoba, Argentina). Egres\u00f3 de la Facultad de Filosof\u00eda y Humanidades como Licenciado en Letras Modernas.&hellip;\n<\/div>\n<div class=\"link-more\"><a href=\"https:\/\/ffyh.unc.edu.ar\/biblioteca\/curuchet-juan-carlos\/\" class=\"more-link\">Continuar leyendo<span class=\"screen-reader-text\"> &ldquo;Curuchet, Juan Carlos&rdquo;<\/span>&hellip;<\/a><\/div>\n","protected":false},"author":7,"featured_media":0,"parent":0,"menu_order":0,"comment_status":"closed","ping_status":"closed","template":"","meta":{"_acf_changed":false,"jetpack_post_was_ever_published":false,"footnotes":""},"class_list":["post-4390","page","type-page","status-publish","hentry","entry"],"acf":[],"jetpack_shortlink":"https:\/\/wp.me\/P9UJM9-18O","jetpack-related-posts":[],"jetpack_sharing_enabled":true,"_links":{"self":[{"href":"https:\/\/ffyh.unc.edu.ar\/biblioteca\/wp-json\/wp\/v2\/pages\/4390","targetHints":{"allow":["GET"]}}],"collection":[{"href":"https:\/\/ffyh.unc.edu.ar\/biblioteca\/wp-json\/wp\/v2\/pages"}],"about":[{"href":"https:\/\/ffyh.unc.edu.ar\/biblioteca\/wp-json\/wp\/v2\/types\/page"}],"author":[{"embeddable":true,"href":"https:\/\/ffyh.unc.edu.ar\/biblioteca\/wp-json\/wp\/v2\/users\/7"}],"replies":[{"embeddable":true,"href":"https:\/\/ffyh.unc.edu.ar\/biblioteca\/wp-json\/wp\/v2\/comments?post=4390"}],"version-history":[{"count":7,"href":"https:\/\/ffyh.unc.edu.ar\/biblioteca\/wp-json\/wp\/v2\/pages\/4390\/revisions"}],"predecessor-version":[{"id":4959,"href":"https:\/\/ffyh.unc.edu.ar\/biblioteca\/wp-json\/wp\/v2\/pages\/4390\/revisions\/4959"}],"wp:attachment":[{"href":"https:\/\/ffyh.unc.edu.ar\/biblioteca\/wp-json\/wp\/v2\/media?parent=4390"}],"curies":[{"name":"wp","href":"https:\/\/api.w.org\/{rel}","templated":true}]}}