{"id":5892,"date":"2024-07-29T17:55:42","date_gmt":"2024-07-29T17:55:42","guid":{"rendered":"https:\/\/ffyh.unc.edu.ar\/biblioteca\/?page_id=5892"},"modified":"2024-07-29T18:03:06","modified_gmt":"2024-07-29T18:03:06","slug":"biografia-jaime-cullere","status":"publish","type":"page","link":"https:\/\/ffyh.unc.edu.ar\/biblioteca\/biografia-jaime-cullere\/","title":{"rendered":"Biograf\u00eda &#8211; Jaime Culler\u00e9"},"content":{"rendered":"<p>C\u00f3rdoba-Argentina 1909-1989. Decano de la Facultad de Filosof\u00eda y Humanidades de la Universidad Nacional de C\u00f3rdoba durante el per\u00edodo 1957-1958. Profesor de Historia de la Cultura en la misma Instituci\u00f3n. Tambi\u00e9n fue Profesor de Sociolog\u00eda en la Facultad de Derecho, en la Escuela de Ciencias de la Informaci\u00f3n y en la Escuela de Bibliotecolog\u00eda de esta universidad. Asimismo ejerci\u00f3 la titularidad de la c\u00e1tedra de Historia en el Colegio Nacional de Monserrat y en el Instituto Jos\u00e9 Mar\u00eda Paz donde figura entre los miembros fundadores. Dict\u00f3 numerosas conferencias, cursos y seminarios en diversos establecimientos culturales del pa\u00eds y del exterior. Es autor de numerosos art\u00edculos y ensayos aparecidos en distintas publicaciones peri\u00f3dicas, y de importantes libros : Las tres vertientes de la historia de la cultura, Sociolog\u00eda, Historia de la cultura, Semblanza de las tres Europas, El joven y la nueva sociedad, Los pensadores pol\u00edticos de la ilustraci\u00f3n, Temas de historia de la cultura (obra fundamental en ocho vol\u00famenes parcialmente publicada). Fuera del \u00e1mbito de su especialidad, ha escrito dos libros sobre ajedrez.<\/p>\n<p><a href=\"https:\/\/ffyh.unc.edu.ar\/biblioteca\/colecciones\/\">volver a colecciones<\/a><\/p>\n","protected":false},"excerpt":{"rendered":"<div class=\"entry-summary\">\nC\u00f3rdoba-Argentina 1909-1989. Decano de la Facultad de Filosof\u00eda y Humanidades de la Universidad Nacional de C\u00f3rdoba durante el per\u00edodo 1957-1958.&hellip;\n<\/div>\n<div class=\"link-more\"><a href=\"https:\/\/ffyh.unc.edu.ar\/biblioteca\/biografia-jaime-cullere\/\" class=\"more-link\">Continuar leyendo<span class=\"screen-reader-text\"> &ldquo;Biograf\u00eda &#8211; Jaime Culler\u00e9&rdquo;<\/span>&hellip;<\/a><\/div>\n","protected":false},"author":7,"featured_media":0,"parent":0,"menu_order":0,"comment_status":"closed","ping_status":"closed","template":"","meta":{"_acf_changed":false,"jetpack_post_was_ever_published":false,"footnotes":""},"class_list":["post-5892","page","type-page","status-publish","hentry","entry"],"acf":[],"jetpack_shortlink":"https:\/\/wp.me\/P9UJM9-1x2","jetpack-related-posts":[],"jetpack_sharing_enabled":true,"_links":{"self":[{"href":"https:\/\/ffyh.unc.edu.ar\/biblioteca\/wp-json\/wp\/v2\/pages\/5892","targetHints":{"allow":["GET"]}}],"collection":[{"href":"https:\/\/ffyh.unc.edu.ar\/biblioteca\/wp-json\/wp\/v2\/pages"}],"about":[{"href":"https:\/\/ffyh.unc.edu.ar\/biblioteca\/wp-json\/wp\/v2\/types\/page"}],"author":[{"embeddable":true,"href":"https:\/\/ffyh.unc.edu.ar\/biblioteca\/wp-json\/wp\/v2\/users\/7"}],"replies":[{"embeddable":true,"href":"https:\/\/ffyh.unc.edu.ar\/biblioteca\/wp-json\/wp\/v2\/comments?post=5892"}],"version-history":[{"count":2,"href":"https:\/\/ffyh.unc.edu.ar\/biblioteca\/wp-json\/wp\/v2\/pages\/5892\/revisions"}],"predecessor-version":[{"id":5898,"href":"https:\/\/ffyh.unc.edu.ar\/biblioteca\/wp-json\/wp\/v2\/pages\/5892\/revisions\/5898"}],"wp:attachment":[{"href":"https:\/\/ffyh.unc.edu.ar\/biblioteca\/wp-json\/wp\/v2\/media?parent=5892"}],"curies":[{"name":"wp","href":"https:\/\/api.w.org\/{rel}","templated":true}]}}