{"id":5899,"date":"2024-07-29T18:06:14","date_gmt":"2024-07-29T18:06:14","guid":{"rendered":"https:\/\/ffyh.unc.edu.ar\/biblioteca\/?page_id=5899"},"modified":"2024-07-29T18:08:10","modified_gmt":"2024-07-29T18:08:10","slug":"biografia-renata-donghi-de-halperin","status":"publish","type":"page","link":"https:\/\/ffyh.unc.edu.ar\/biblioteca\/biografia-renata-donghi-de-halperin\/","title":{"rendered":"Biograf\u00eda &#8211; Renata Donghi\u00a0de Halper\u00edn"},"content":{"rendered":"<p>Pavia \u2013Italia- 1900\u2015Bs.As. \u2013Argentina- 1986. Integr\u00f3 el grupo de italianos que desde la Argentina se preocup\u00f3 por la difusi\u00f3n de la literatura italiana desarrollando una importante labor de difusi\u00f3n a trav\u00e9s de un constante trabajo de docencia y cr\u00edtica. A partir de 1924, colabor\u00f3 como ensayista en la revista Nosotros, en la secci\u00f3n Letras italianas. Asimismo se interes\u00f3 por autores de la literatura argentina lo que le permiti\u00f3 plantear algunos de sus trabajos de cr\u00edtica literaria desde la perspectiva comparatista, entre ellos El gringo en la literatura gauchesca (1943). Como narradora public\u00f3 cuentos y novelas : El sol entre las manos (1941), La casa de la ochava, El libro de Virginia (1960), Los sobrevivientes (1974). Su aporte cultural se ampli\u00f3 con la creaci\u00f3n y direcci\u00f3n de la revista literaria <em>\u00cdnsula<\/em>\u00a0cuyo primer n\u00famero apareci\u00f3 en 1943 y se public\u00f3 hasta 1946. Como complemento de su tarea docente en la Universidad Nacional de C\u00f3rdoba, entre 1961 y 1964, public\u00f3 ensayos como De Boccaccio a Pirandello, editado por dicha Universidad, y La influencia italiana en la literatura argentina, que integra el volumen Los italianos en la Argentina, compilado por Francis Korn en 1961 y editado en Buenos Aires por la Fundaci\u00f3n Agnelli, y el volumen dedicado a Argentina en la Colecci\u00f3n Euroamericani de la misma Fundaci\u00f3n, Torino, 1987. Falleci\u00f3 en Buenos Aires en 1986.<\/p>\n<p><a href=\"https:\/\/ffyh.unc.edu.ar\/biblioteca\/colecciones\/\">volver a colecciones<\/a><\/p>\n","protected":false},"excerpt":{"rendered":"<div class=\"entry-summary\">\nPavia \u2013Italia- 1900\u2015Bs.As. \u2013Argentina- 1986. Integr\u00f3 el grupo de italianos que desde la Argentina se preocup\u00f3 por la difusi\u00f3n de&hellip;\n<\/div>\n<div class=\"link-more\"><a href=\"https:\/\/ffyh.unc.edu.ar\/biblioteca\/biografia-renata-donghi-de-halperin\/\" class=\"more-link\">Continuar leyendo<span class=\"screen-reader-text\"> &ldquo;Biograf\u00eda &#8211; Renata Donghi\u00a0de Halper\u00edn&rdquo;<\/span>&hellip;<\/a><\/div>\n","protected":false},"author":7,"featured_media":0,"parent":0,"menu_order":0,"comment_status":"closed","ping_status":"closed","template":"","meta":{"_acf_changed":false,"jetpack_post_was_ever_published":false,"footnotes":""},"class_list":["post-5899","page","type-page","status-publish","hentry","entry"],"acf":[],"jetpack_shortlink":"https:\/\/wp.me\/P9UJM9-1x9","jetpack-related-posts":[],"jetpack_sharing_enabled":true,"_links":{"self":[{"href":"https:\/\/ffyh.unc.edu.ar\/biblioteca\/wp-json\/wp\/v2\/pages\/5899","targetHints":{"allow":["GET"]}}],"collection":[{"href":"https:\/\/ffyh.unc.edu.ar\/biblioteca\/wp-json\/wp\/v2\/pages"}],"about":[{"href":"https:\/\/ffyh.unc.edu.ar\/biblioteca\/wp-json\/wp\/v2\/types\/page"}],"author":[{"embeddable":true,"href":"https:\/\/ffyh.unc.edu.ar\/biblioteca\/wp-json\/wp\/v2\/users\/7"}],"replies":[{"embeddable":true,"href":"https:\/\/ffyh.unc.edu.ar\/biblioteca\/wp-json\/wp\/v2\/comments?post=5899"}],"version-history":[{"count":2,"href":"https:\/\/ffyh.unc.edu.ar\/biblioteca\/wp-json\/wp\/v2\/pages\/5899\/revisions"}],"predecessor-version":[{"id":5902,"href":"https:\/\/ffyh.unc.edu.ar\/biblioteca\/wp-json\/wp\/v2\/pages\/5899\/revisions\/5902"}],"wp:attachment":[{"href":"https:\/\/ffyh.unc.edu.ar\/biblioteca\/wp-json\/wp\/v2\/media?parent=5899"}],"curies":[{"name":"wp","href":"https:\/\/api.w.org\/{rel}","templated":true}]}}