{"id":5903,"date":"2024-07-29T18:10:30","date_gmt":"2024-07-29T18:10:30","guid":{"rendered":"https:\/\/ffyh.unc.edu.ar\/biblioteca\/?page_id=5903"},"modified":"2024-07-29T18:13:45","modified_gmt":"2024-07-29T18:13:45","slug":"biografia-elma-kohlmeyer-de-estrabou","status":"publish","type":"page","link":"https:\/\/ffyh.unc.edu.ar\/biblioteca\/biografia-elma-kohlmeyer-de-estrabou\/","title":{"rendered":"Biograf\u00eda &#8211; Elma Kohlmeyer de Estrabou"},"content":{"rendered":"<p>Argentina 1928-1997. Naci\u00f3 el 23 de diciembre de 1928 en Punta Alta, Buenos Aires. Su intensa actividad en la Facultad de Filosof\u00eda y Humanidades de la Universidad Nacional de C\u00f3rdoba abarc\u00f3 las \u00e1reas de la docencia, la investigaci\u00f3n y la gesti\u00f3n. En 1957 se inici\u00f3 como ayudante alumna en la C\u00e1tedra de Historia de la Filosof\u00eda Moderna y luego en la de Metaf\u00edsica y Gnoseolog\u00eda. Desde 1961 y hasta su retiro fue Profesora Adjunta de la C\u00e1tedra de Introducci\u00f3n a la Filosof\u00eda, Coordinadora de diversos seminarios como los de Investigaciones L\u00f3gicas, El Pensamiento de M. Foucault y La Crisis del Sujeto, y en 1992 Coordinadora y Profesora de la C\u00e1tedra Seminario Filos\u00f3fico. En investigaci\u00f3n, comenz\u00f3 su carrera como T\u00e9cnico de Investigaci\u00f3n en el Instituto de Filosof\u00eda de la UNC y luego fue miembro del Centro de Investigaciones de la Facultad de Filosof\u00eda (CIFFYH) y Presidente de la Asociaci\u00f3n de Docentes e Investigadores. En el \u00e1rea de gesti\u00f3n, se desempe\u00f1\u00f3 en cargos administrativos como Directora de la Biblioteca (que lleva actualmente su nombre), Directora Suplente del Departamento de Filosof\u00eda, Miembro del Honorable Consejo Acad\u00e9mico Normalizador, Directora de la Escuela de Filosof\u00eda en diversas oportunidades y, entre 1988 y 1990, Vicedecana de esta Facultad.En 1994 el Honorable Consejo Superior de la Universidad Nacional de C\u00f3rdoba le concedi\u00f3 el t\u00edtulo de Profesora Consulta. Falleci\u00f3 el 7 de julio de 1997 en Viedma, R\u00edo Negro.<\/p>\n<p><a href=\"https:\/\/ffyh.unc.edu.ar\/biblioteca\/colecciones\/\">volver a colecciones<\/a><\/p>\n","protected":false},"excerpt":{"rendered":"<div class=\"entry-summary\">\nArgentina 1928-1997. Naci\u00f3 el 23 de diciembre de 1928 en Punta Alta, Buenos Aires. Su intensa actividad en la Facultad&hellip;\n<\/div>\n<div class=\"link-more\"><a href=\"https:\/\/ffyh.unc.edu.ar\/biblioteca\/biografia-elma-kohlmeyer-de-estrabou\/\" class=\"more-link\">Continuar leyendo<span class=\"screen-reader-text\"> &ldquo;Biograf\u00eda &#8211; Elma Kohlmeyer de Estrabou&rdquo;<\/span>&hellip;<\/a><\/div>\n","protected":false},"author":7,"featured_media":0,"parent":0,"menu_order":0,"comment_status":"closed","ping_status":"closed","template":"","meta":{"_acf_changed":false,"jetpack_post_was_ever_published":false,"footnotes":""},"class_list":["post-5903","page","type-page","status-publish","hentry","entry"],"acf":[],"jetpack_shortlink":"https:\/\/wp.me\/P9UJM9-1xd","jetpack-related-posts":[],"jetpack_sharing_enabled":true,"_links":{"self":[{"href":"https:\/\/ffyh.unc.edu.ar\/biblioteca\/wp-json\/wp\/v2\/pages\/5903","targetHints":{"allow":["GET"]}}],"collection":[{"href":"https:\/\/ffyh.unc.edu.ar\/biblioteca\/wp-json\/wp\/v2\/pages"}],"about":[{"href":"https:\/\/ffyh.unc.edu.ar\/biblioteca\/wp-json\/wp\/v2\/types\/page"}],"author":[{"embeddable":true,"href":"https:\/\/ffyh.unc.edu.ar\/biblioteca\/wp-json\/wp\/v2\/users\/7"}],"replies":[{"embeddable":true,"href":"https:\/\/ffyh.unc.edu.ar\/biblioteca\/wp-json\/wp\/v2\/comments?post=5903"}],"version-history":[{"count":2,"href":"https:\/\/ffyh.unc.edu.ar\/biblioteca\/wp-json\/wp\/v2\/pages\/5903\/revisions"}],"predecessor-version":[{"id":5907,"href":"https:\/\/ffyh.unc.edu.ar\/biblioteca\/wp-json\/wp\/v2\/pages\/5903\/revisions\/5907"}],"wp:attachment":[{"href":"https:\/\/ffyh.unc.edu.ar\/biblioteca\/wp-json\/wp\/v2\/media?parent=5903"}],"curies":[{"name":"wp","href":"https:\/\/api.w.org\/{rel}","templated":true}]}}