{"id":5908,"date":"2024-07-29T18:16:05","date_gmt":"2024-07-29T18:16:05","guid":{"rendered":"https:\/\/ffyh.unc.edu.ar\/biblioteca\/?page_id=5908"},"modified":"2024-07-29T18:19:16","modified_gmt":"2024-07-29T18:19:16","slug":"biografia-tomas-fulgueira","status":"publish","type":"page","link":"https:\/\/ffyh.unc.edu.ar\/biblioteca\/biografia-tomas-fulgueira\/","title":{"rendered":"Biograf\u00eda &#8211; Tom\u00e1s Fulgueira"},"content":{"rendered":"<p><strong>C\u00f3rdoba \u2013 Argentina 1911-1982. Realiz\u00f3 estudios primarios en la Escuela Nacional Alejandro Carb\u00f3, los secundarios en el Colegio Nacional de Montserrat y los universitarios en la Facultad de Derecho de la Universidad Nacional de C\u00f3rdoba. Se cas\u00f3 con do\u00f1a B\u00e1rbara Garcias Blanch en enero de 1936 y tuvieron tres hijos. Durante la Guerra Civil Espa\u00f1ola fue miembro de un Grupo de Ayuda a los exiliados colaborando con kermesses a beneficio de los refugiados republicanos y v\u00edctimas de la guerra. En 1955 se desempe\u00f1\u00f3 como Decano de la Facultad de Filosof\u00eda y Humanidades implantando el r\u00e9gimen cuatrimestral de materias. Adem\u00e1s fue profesor de Psicolog\u00eda de la Infancia. Figura entre los fundadores de la Escuela Nocturna Jos\u00e9 M. Paz donde fue profesor y director de la misma. Fue Fiscal del Tribunal Superior de Justicia durante un per\u00edodo breve. Ejerci\u00f3 la profesi\u00f3n de Abogado (Civil y Comercial) hasta su fallecimiento ocurrido el 8 de mayo de 1982.<\/strong><\/p>\n<p><a href=\"https:\/\/ffyh.unc.edu.ar\/biblioteca\/colecciones\/\">volver a colecciones<\/a><\/p>\n","protected":false},"excerpt":{"rendered":"<div class=\"entry-summary\">\nC\u00f3rdoba \u2013 Argentina 1911-1982. Realiz\u00f3 estudios primarios en la Escuela Nacional Alejandro Carb\u00f3, los secundarios en el Colegio Nacional de&hellip;\n<\/div>\n<div class=\"link-more\"><a href=\"https:\/\/ffyh.unc.edu.ar\/biblioteca\/biografia-tomas-fulgueira\/\" class=\"more-link\">Continuar leyendo<span class=\"screen-reader-text\"> &ldquo;Biograf\u00eda &#8211; Tom\u00e1s Fulgueira&rdquo;<\/span>&hellip;<\/a><\/div>\n","protected":false},"author":7,"featured_media":0,"parent":0,"menu_order":0,"comment_status":"closed","ping_status":"closed","template":"","meta":{"_acf_changed":false,"jetpack_post_was_ever_published":false,"footnotes":""},"class_list":["post-5908","page","type-page","status-publish","hentry","entry"],"acf":[],"jetpack_shortlink":"https:\/\/wp.me\/P9UJM9-1xi","jetpack-related-posts":[],"jetpack_sharing_enabled":true,"_links":{"self":[{"href":"https:\/\/ffyh.unc.edu.ar\/biblioteca\/wp-json\/wp\/v2\/pages\/5908","targetHints":{"allow":["GET"]}}],"collection":[{"href":"https:\/\/ffyh.unc.edu.ar\/biblioteca\/wp-json\/wp\/v2\/pages"}],"about":[{"href":"https:\/\/ffyh.unc.edu.ar\/biblioteca\/wp-json\/wp\/v2\/types\/page"}],"author":[{"embeddable":true,"href":"https:\/\/ffyh.unc.edu.ar\/biblioteca\/wp-json\/wp\/v2\/users\/7"}],"replies":[{"embeddable":true,"href":"https:\/\/ffyh.unc.edu.ar\/biblioteca\/wp-json\/wp\/v2\/comments?post=5908"}],"version-history":[{"count":3,"href":"https:\/\/ffyh.unc.edu.ar\/biblioteca\/wp-json\/wp\/v2\/pages\/5908\/revisions"}],"predecessor-version":[{"id":5912,"href":"https:\/\/ffyh.unc.edu.ar\/biblioteca\/wp-json\/wp\/v2\/pages\/5908\/revisions\/5912"}],"wp:attachment":[{"href":"https:\/\/ffyh.unc.edu.ar\/biblioteca\/wp-json\/wp\/v2\/media?parent=5908"}],"curies":[{"name":"wp","href":"https:\/\/api.w.org\/{rel}","templated":true}]}}