{"id":5913,"date":"2024-07-29T18:20:45","date_gmt":"2024-07-29T18:20:45","guid":{"rendered":"https:\/\/ffyh.unc.edu.ar\/biblioteca\/?page_id=5913"},"modified":"2024-09-05T16:02:59","modified_gmt":"2024-09-05T16:02:59","slug":"biografia-deodoro-roca","status":"publish","type":"page","link":"https:\/\/ffyh.unc.edu.ar\/biblioteca\/biografia-deodoro-roca\/","title":{"rendered":"Biograf\u00eda &#8211; Deodoro Roca"},"content":{"rendered":"<p>Deodoro Roca naci\u00f3 en C\u00f3rdoba el 2 de julio de 1890, jurista, abogado de profesi\u00f3n, intelectual y escritor, impulsor y referente de la Reforma Universitaria de 1918, periodista y militante por los derechos humanos. Estudi\u00f3 en el Colegio Nacional de Montserrat, y en la Facultad de Derecho de la Universidad Nacional de C\u00f3rdoba. Lo conocemos especialmente como uno de los redactores del Manifiesto Liminar de la Reforma, que se encuentra entre los documentos pol\u00edticos m\u00e1s importantes para nuestro pa\u00eds y para nuestro continente del s. XX. En \u00e9l se proyecta una universidad democr\u00e1tica, aut\u00f3noma y cogobernada, cultora de la ciencia libre, involucrada con las causas sociales.<\/p>\n<p>La figura de Deodoro sigue mostrando la potencia de su rebeld\u00eda ante una universidad y una sociedad impregnadas de hipocres\u00eda, oscurantismo y mezquindad. Como abogado, activista e intelectual comprometido, defendi\u00f3 a exiliados en su reclamo del derecho de asilo, as\u00ed como a presos pol\u00edticos durante la D\u00e9cada Infame argentina. Co-fundador y promotor de organizaciones de defensa de los derechos humanos, tambi\u00e9n edit\u00f3 y escribi\u00f3 en revistas de pensamiento pol\u00edtico, activismo ciudadano y vanguardias culturales (como \u00abFlecha\u00bb y \u00abLas Comunas\u00bb). Su visi\u00f3n social y pol\u00edtica, su lucidez intelectual, sus invectivas ante el conformismo y el conservadurismo de su \u00e9poca siguen desafiando nuestra capacidad de cuestionamiento y transformaci\u00f3n de la universidad y de nuestra vida colectiva.<\/p>\n<p>Deodoro Roca, falleci\u00f3 en C\u00f3rdoba, el 7 de junio de 1942, nos sigue invitando \u201ca llamar a todas las cosas por el nombre que tienen\u201d. Su voz resuena en los libros de su Biblioteca, que ha hallado en la Facultad de Filosof\u00eda y Humanidades de la UNC una casa modesta, tambi\u00e9n un aula, una trinchera, una tribuna p\u00fablica, el lugar para disputar un legado: <em>\u201c<\/em><em>Creemos no equivocarnos, las resonancias del coraz\u00f3n nos lo advierten: estamos pisando sobre una revoluci\u00f3n, estamos viviendo una hora americana.\u201d Manifiesto Liminar de la Reforma Universitaria<\/em><em>, 1918.<\/em><\/p>\n<p><a href=\"https:\/\/ffyh.unc.edu.ar\/biblioteca\/colecciones\/\">volver a colecciones<\/a><\/p>\n","protected":false},"excerpt":{"rendered":"<div class=\"entry-summary\">\nDeodoro Roca naci\u00f3 en C\u00f3rdoba el 2 de julio de 1890, jurista, abogado de profesi\u00f3n, intelectual y escritor, impulsor y&hellip;\n<\/div>\n<div class=\"link-more\"><a href=\"https:\/\/ffyh.unc.edu.ar\/biblioteca\/biografia-deodoro-roca\/\" class=\"more-link\">Continuar leyendo<span class=\"screen-reader-text\"> &ldquo;Biograf\u00eda &#8211; Deodoro Roca&rdquo;<\/span>&hellip;<\/a><\/div>\n","protected":false},"author":7,"featured_media":0,"parent":0,"menu_order":0,"comment_status":"closed","ping_status":"closed","template":"","meta":{"_acf_changed":false,"jetpack_post_was_ever_published":false,"footnotes":""},"class_list":["post-5913","page","type-page","status-publish","hentry","entry"],"acf":[],"jetpack_shortlink":"https:\/\/wp.me\/P9UJM9-1xn","jetpack-related-posts":[],"jetpack_sharing_enabled":true,"_links":{"self":[{"href":"https:\/\/ffyh.unc.edu.ar\/biblioteca\/wp-json\/wp\/v2\/pages\/5913","targetHints":{"allow":["GET"]}}],"collection":[{"href":"https:\/\/ffyh.unc.edu.ar\/biblioteca\/wp-json\/wp\/v2\/pages"}],"about":[{"href":"https:\/\/ffyh.unc.edu.ar\/biblioteca\/wp-json\/wp\/v2\/types\/page"}],"author":[{"embeddable":true,"href":"https:\/\/ffyh.unc.edu.ar\/biblioteca\/wp-json\/wp\/v2\/users\/7"}],"replies":[{"embeddable":true,"href":"https:\/\/ffyh.unc.edu.ar\/biblioteca\/wp-json\/wp\/v2\/comments?post=5913"}],"version-history":[{"count":3,"href":"https:\/\/ffyh.unc.edu.ar\/biblioteca\/wp-json\/wp\/v2\/pages\/5913\/revisions"}],"predecessor-version":[{"id":18732,"href":"https:\/\/ffyh.unc.edu.ar\/biblioteca\/wp-json\/wp\/v2\/pages\/5913\/revisions\/18732"}],"wp:attachment":[{"href":"https:\/\/ffyh.unc.edu.ar\/biblioteca\/wp-json\/wp\/v2\/media?parent=5913"}],"curies":[{"name":"wp","href":"https:\/\/api.w.org\/{rel}","templated":true}]}}