{"id":5921,"date":"2024-07-29T18:28:53","date_gmt":"2024-07-29T18:28:53","guid":{"rendered":"https:\/\/ffyh.unc.edu.ar\/biblioteca\/?page_id=5921"},"modified":"2024-07-29T18:31:22","modified_gmt":"2024-07-29T18:31:22","slug":"biografia-domingo-jose-teobaldo","status":"publish","type":"page","link":"https:\/\/ffyh.unc.edu.ar\/biblioteca\/biografia-domingo-jose-teobaldo\/","title":{"rendered":"Biograf\u00eda &#8211; Domingo Jos\u00e9 Teobaldo"},"content":{"rendered":"<p>Naci\u00f3 en la ciudad de San Francisco, Prov. de C\u00f3rdoba en 1904. Trabaj\u00f3 como empleado de correo; con posterioridad se desempe\u00f1\u00f3 como maestro y comenz\u00f3 estudios de abogac\u00eda para lo que deb\u00eda trasladarse permanentemente a la ciudad de Santa Fe. Curs\u00f3 en condici\u00f3n de alumno libre, \u00a0viajando mientras ejerc\u00eda la docencia. Sin embargo, no lleg\u00f3 a obtener el t\u00edtulo de abogado. Se recibi\u00f3 como Procurador Nacional, profesi\u00f3n que ejerci\u00f3 asociado con abogados y escribanos de San Francisco, C\u00f3rdoba y Santa Fe, pero manteniendo un estudio jur\u00eddico en su domicilio. Su formaci\u00f3n acad\u00e9mica estuvo estrechamente vinculada con el Dr Sa\u00fal Taborda, con quien estableci\u00f3 un intenso v\u00ednculo y una profunda relaci\u00f3n intelectual y afectiva.\u00a0 Las visitas a la casa del Dr. Taborda, en Unquillo, eran muy frecuentes, esa casa a la que Taborda llamaba \u201cmi barco anclado\u201d debido a \u00a0su forma de quilla de barco \u00a0y por estar situada al lado costado del r\u00edo. A trav\u00e9s de Taborda, Jos\u00e9 Teobaldo se relacion\u00f3 con otros intelectuales que tambi\u00e9n se formaron con \u00e9l, como \u00a0Gonzalo Casas, Montenegro, Culler\u00e9, Fulgueira, Monserrat y otros profesionales de su tiempo, con quienes sostuvo una s\u00f3lida amistad durante los a\u00f1os de su vida. \u00a0En ese contexto, tuvo a su cargo numerosas conferencias en distintas instituciones culturales y educativas y en el Circulo de la Prensa de C\u00f3rdoba. Jos\u00e9 Teobaldo sostuvo, tambi\u00e9n, \u00a0contactos permanentes con Eduardo Mallea, por entonces a cargo de la Secci\u00f3n Cultural\u00a0 del Diario La Naci\u00f3n del d\u00eda domingo, adonde public\u00f3 ensayos de car\u00e1cter hist\u00f3rico \u2013 filos\u00f3ficos. Sus relaciones se extendieron a numerosos pensadores e intelectuales de su \u00e9poca, como con la que sostuvo con Juan Fillol, en C\u00f3rdoba. Desarroll\u00f3 una intensa, y muy reconocida labor en el desarrollo cultural de San Francisco: fund\u00f3 la Biblioteca Jorge Coll, \u00a0en la que organiz\u00f3 Ciclos de Conferencias y de Formaci\u00f3n Musical, invitando a participar en esas actividades a importantes pensadores argentinos, m\u00fasicos destacados, escritores y poetas entre los que se cont\u00f3 Jorge Luis Borges,\u00a0 \u00a0personalidades que eran agasajadas en nuestra casa. Falleci\u00f3 a la edad de 52 a\u00f1os, despu\u00e9s de dos a\u00f1os de tratamiento de un c\u00e1ncer que no se pudo dominar.<\/p>\n<p><a href=\"https:\/\/ffyh.unc.edu.ar\/biblioteca\/colecciones\/\">volver a colecciones<\/a><\/p>\n","protected":false},"excerpt":{"rendered":"<div class=\"entry-summary\">\nNaci\u00f3 en la ciudad de San Francisco, Prov. de C\u00f3rdoba en 1904. Trabaj\u00f3 como empleado de correo; con posterioridad se&hellip;\n<\/div>\n<div class=\"link-more\"><a href=\"https:\/\/ffyh.unc.edu.ar\/biblioteca\/biografia-domingo-jose-teobaldo\/\" class=\"more-link\">Continuar leyendo<span class=\"screen-reader-text\"> &ldquo;Biograf\u00eda &#8211; Domingo Jos\u00e9 Teobaldo&rdquo;<\/span>&hellip;<\/a><\/div>\n","protected":false},"author":7,"featured_media":0,"parent":0,"menu_order":0,"comment_status":"closed","ping_status":"closed","template":"","meta":{"_acf_changed":false,"jetpack_post_was_ever_published":false,"footnotes":""},"class_list":["post-5921","page","type-page","status-publish","hentry","entry"],"acf":[],"jetpack_shortlink":"https:\/\/wp.me\/P9UJM9-1xv","jetpack-related-posts":[],"jetpack_sharing_enabled":true,"_links":{"self":[{"href":"https:\/\/ffyh.unc.edu.ar\/biblioteca\/wp-json\/wp\/v2\/pages\/5921","targetHints":{"allow":["GET"]}}],"collection":[{"href":"https:\/\/ffyh.unc.edu.ar\/biblioteca\/wp-json\/wp\/v2\/pages"}],"about":[{"href":"https:\/\/ffyh.unc.edu.ar\/biblioteca\/wp-json\/wp\/v2\/types\/page"}],"author":[{"embeddable":true,"href":"https:\/\/ffyh.unc.edu.ar\/biblioteca\/wp-json\/wp\/v2\/users\/7"}],"replies":[{"embeddable":true,"href":"https:\/\/ffyh.unc.edu.ar\/biblioteca\/wp-json\/wp\/v2\/comments?post=5921"}],"version-history":[{"count":2,"href":"https:\/\/ffyh.unc.edu.ar\/biblioteca\/wp-json\/wp\/v2\/pages\/5921\/revisions"}],"predecessor-version":[{"id":5924,"href":"https:\/\/ffyh.unc.edu.ar\/biblioteca\/wp-json\/wp\/v2\/pages\/5921\/revisions\/5924"}],"wp:attachment":[{"href":"https:\/\/ffyh.unc.edu.ar\/biblioteca\/wp-json\/wp\/v2\/media?parent=5921"}],"curies":[{"name":"wp","href":"https:\/\/api.w.org\/{rel}","templated":true}]}}