{"id":12,"date":"2011-06-30T15:32:03","date_gmt":"2011-06-30T15:32:03","guid":{"rendered":"http:\/\/www.ffyh.unc.edu.ar\/cda\/?page_id=12"},"modified":"2019-07-02T14:57:58","modified_gmt":"2019-07-02T14:57:58","slug":"servicios","status":"publish","type":"page","link":"https:\/\/ffyh.unc.edu.ar\/cda\/servicios\/","title":{"rendered":"Servicios"},"content":{"rendered":"<p><span style=\"color: #ffffff\"><del>&#8211;<\/del><\/span><\/p>\n<h1>Servicios que brinda el CDA<\/h1>\n<p>&nbsp;<\/p>\n<p><strong>* Consulta y asesoramiento en b\u00fasquedas de informaci\u00f3n en bases de datos, v\u00eda correo electr\u00f3nico.<\/strong><\/p>\n<p><strong>* Copiado de material f\u00edlmico y fotogr\u00e1fico.<\/strong><\/p>\n<p><strong>* Digitalizaci\u00f3n S-VHS, Betacam, DVCam, HDV y U-Matic.<\/strong><\/p>\n<p><strong>* Transfer f\u00edlmico de 8 mm, S8 mm, 16 mm.<\/strong><\/p>\n<p><strong>*Digitalizaci\u00f3n de cintas abiertas y casetes de audio.<\/strong><\/p>\n<p><strong>* Evaluaci\u00f3n del estado de conservaci\u00f3n de pel\u00edculas y fotograf\u00edas.<\/strong><\/p>\n<p><strong>*Asesoramiento en conservaci\u00f3n, preservaci\u00f3n y gesti\u00f3n de acervos audiovisuales.<\/strong><\/p>\n<p><span style=\"color: #ffffff\">&#8211;<\/span><\/p>\n<h1>M\u00e1s informaci\u00f3n&#8230;<\/h1>\n<p>&nbsp;<\/p>\n<h6><a title=\"Base de Datos\" href=\"http:\/\/www.ffyh.unc.edu.ar\/cda\/servicios\/base-de-datos\/\">Base de Datos<\/a><\/h6>\n<p><span style=\"color: #ffffff\">&#8211;<\/span><\/p>\n<h6><a title=\"Consultas\" href=\"http:\/\/www.ffyh.unc.edu.ar\/cda\/servicios\/consultas\/\">Consultas<\/a><\/h6>\n<p><span style=\"color: #ffffff\">&#8211;<\/span><\/p>\n<p>&nbsp;<\/p>\n","protected":false},"excerpt":{"rendered":"<p>&#8211; Servicios que brinda el CDA &nbsp; * Consulta y asesoramiento en b\u00fasquedas de informaci\u00f3n en bases de datos, v\u00eda correo electr\u00f3nico. * Copiado de material f\u00edlmico y fotogr\u00e1fico. * &hellip; <\/p>\n","protected":false},"author":10,"featured_media":0,"parent":0,"menu_order":4,"comment_status":"closed","ping_status":"closed","template":"","meta":{"_acf_changed":false,"saved_in_kubio":false,"footnotes":""},"class_list":["post-12","page","type-page","status-publish","hentry"],"acf":[],"kubio_ai_page_context":{"short_desc":"","purpose":"general"},"_links":{"self":[{"href":"https:\/\/ffyh.unc.edu.ar\/cda\/wp-json\/wp\/v2\/pages\/12","targetHints":{"allow":["GET"]}}],"collection":[{"href":"https:\/\/ffyh.unc.edu.ar\/cda\/wp-json\/wp\/v2\/pages"}],"about":[{"href":"https:\/\/ffyh.unc.edu.ar\/cda\/wp-json\/wp\/v2\/types\/page"}],"author":[{"embeddable":true,"href":"https:\/\/ffyh.unc.edu.ar\/cda\/wp-json\/wp\/v2\/users\/10"}],"replies":[{"embeddable":true,"href":"https:\/\/ffyh.unc.edu.ar\/cda\/wp-json\/wp\/v2\/comments?post=12"}],"version-history":[{"count":2,"href":"https:\/\/ffyh.unc.edu.ar\/cda\/wp-json\/wp\/v2\/pages\/12\/revisions"}],"predecessor-version":[{"id":3909,"href":"https:\/\/ffyh.unc.edu.ar\/cda\/wp-json\/wp\/v2\/pages\/12\/revisions\/3909"}],"wp:attachment":[{"href":"https:\/\/ffyh.unc.edu.ar\/cda\/wp-json\/wp\/v2\/media?parent=12"}],"curies":[{"name":"wp","href":"https:\/\/api.w.org\/{rel}","templated":true}]}}