{"id":1259,"date":"2011-09-01T16:06:00","date_gmt":"2011-09-01T16:06:00","guid":{"rendered":"http:\/\/www.ffyh.unc.edu.ar\/cda\/?page_id=1259"},"modified":"2019-06-13T16:10:25","modified_gmt":"2019-06-13T16:10:25","slug":"publicaciones","status":"publish","type":"page","link":"https:\/\/ffyh.unc.edu.ar\/cda\/programas\/publicaciones\/","title":{"rendered":"Publicaciones"},"content":{"rendered":"<ul>\n<li style=\"text-align: justify\"><strong><a href=\"http:\/\/issuu.com\/prensa-ffyh\/docs\/los_de_filo\" target=\"_blank\" rel=\"noopener noreferrer\">Los de FILO<\/a>\u00a0&#8211; Estudiantes y egresados de la Facultad de Filosof\u00eda y Humanidades de la UNC desaparecidos y asesinados en los &#8217;70. <\/strong><em>Marzo, 2011\u00a0<\/em>\u00a0<em>(Art\u00edculo en la publicaci\u00f3n especial por la conmemoraci\u00f3n de los 35 a\u00f1os del Golpe Militar) &#8211; Autoras: Silvia Romano, Norma San Nicol\u00e1s, Marta \u00abPaty\u00bb Palacios, Malvina Gonz\u00e1lez Lanfir.<\/em><\/li>\n<\/ul>\n<ul>\n<li style=\"text-align: justify\"><strong>Documentos para una historia. Estudiantes y egresados de la Facultad de Filosof\u00eda y Humanidades, desaparecidos y\/o asesinados en los &#8217;70. <\/strong><em>Marzo, 2011 (Video documental para la conmemoraci\u00f3n de los 35 a\u00f1os del Golpe Militar, a partir de im\u00e1genes de los legajos acad\u00e9micos de estudiantes de la FFyH desaparecidos y\/o asesinados) &#8211; Autores: <strong>Coordinaci\u00f3n General<\/strong>: Silvia Romano, <strong>Realizaci\u00f3n General<\/strong>: Mat\u00edas Zanotto.<\/em><\/li>\n<\/ul>\n<ul>\n<li style=\"text-align: justify\"><strong>\u201c<a title=\"\u201cIm\u00e1genes documentales del siglo XX. Colecciones del Centro de Conservaci\u00f3n y Documentaci\u00f3n Audiovisual \u2013 Archivo F\u00edlmico (CDA) de la Universidad Nacional de C\u00f3rdoba\u201d. \" href=\"http:\/\/polhis.com.ar\/datos\/polhis7_romano.pdf\" target=\"_blank\" rel=\"noopener noreferrer\">Im\u00e1genes documentales del siglo XX. Colecciones del Centro de Conservaci\u00f3n y Documentaci\u00f3n Audiovisual \u2013 \u00a0Archivo F\u00edlmico (CDA) de la Universidad Nacional de C\u00f3rdoba<\/a>\u201d<\/strong>. Autora: Silvia Romano. Art\u00edculo en PolHis: Revista del Programa Interuniversitario de Historia Pol\u00edtica. 1\u00ba semestre de 2011. (Secci\u00f3n Publicaciones de archivo) Bolet\u00edn Bibliogr\u00e1fico Electr\u00f3nico del Programa Buenos Aires de Historia Pol\u00edtica. IV, 7:165-174.<\/li>\n<\/ul>\n<ul>\n<li style=\"text-align: justify\"><strong>Vidas y Ausencias. Destinatarios de la represi\u00f3n. C\u00f3rdoba, 1969-1983. <\/strong><em>Noviembre, 2010 (Resultados preliminares de las investigaiones desarrolladas en la UNC en el marco de los proyectos \u00abPatrimonio documental, derechos humanos y acceso a la informaci\u00f3n. Una propuesta del Centro de Conservaci\u00f3n y Documentaci\u00f3n Audiovisual -Arhivo F\u00edlmico (CDA) de la FFyH\u00bb) &#8211; Autoras: Silvia Romano, Norma San Nicol\u00e1s, Marta \u00abPaty\u00bb Palacios, Malvina Gonz\u00e1lez Lanfir.<\/em><\/li>\n<\/ul>\n<ul>\n<li style=\"text-align: justify\"><strong><a href=\"http:\/\/www.ffyh.unc.edu.ar\/cda\/?page_id=67\" target=\"_blank\" rel=\"noopener noreferrer\">Memorias de C\u00f3rdoba.\u00a0\u00a0Im\u00e1genes de Archivo.<\/a>\u00a0 <\/strong>(<em>Micros audiovisuales, creados a partir de las im\u00e1genes de archivo de Canal 10 disponibles en el Centro de Documentaci\u00f3n Audiovisual &#8211; CDA) &#8211; Autores:\u00a0<strong>Adscriptos<\/strong>: Lic. Pamela Krupnik, Tec. Mat\u00edas Zanotto, Lic. Malena Mu\u00f1iz, Lic. Sebasti\u00e1n Pautasso \/\u00a0<strong>Ayudantes<\/strong><strong>\u00a0<\/strong><strong>alumnos<\/strong>: Leandro Ruiz, Roc\u00edo Montamat, Vanina Cometto, Andr\u00e9s Mazzeo \/\u00a0<strong>Coordinaci<\/strong><strong>\u00f3<\/strong><strong>n<\/strong><strong>\u00a0<\/strong><strong>general<\/strong>: Silvia Romano<\/em><\/li>\n<\/ul>\n<ul>\n<li style=\"text-align: justify\"><strong><a title=\"Gu\u00eda y Red de Archivos para la Historia Reciente\" href=\"http:\/\/www.ffyh.unc.edu.ar\/cda\/custom_uploads\/Guia_y_red_de_archivos.pdf\" target=\"_blank\" rel=\"noopener noreferrer\">Gu\u00eda y Red de Archivos de C\u00f3rdoba para la Historia Reciente<\/a>. <\/strong><em>Agosto, 2009 (Gu\u00eda de fondos documentales de la ciudad y la provincia de C\u00f3rdoba que poseen documentos relacionados con la historia pol\u00edtica \u00a0y cultural de la segunda mitad el siglo XX y principios del XXI).<\/em><\/li>\n<\/ul>\n<ul>\n<li>\n<p style=\"text-align: justify\"><strong>\u201c<a title=\"Documentos audiovisuales y derechos humanos. Un aporte para la reconstrucci\u00f3n de la historia reciente y la construcci\u00f3n de memorias de C\u00f3rdoba\" href=\"http:\/\/historiapolitica.com\/datos\/biblioteca\/romano.pdf\" target=\"_blank\" rel=\"noopener noreferrer\">Documentos audiovisuales y derechos humanos. Un aporte para la reconstrucci\u00f3n de la historia reciente y la construcci\u00f3n de memorias de C\u00f3rdoba, Argentina<\/a>\u201d<\/strong> Autora: Silvia Romano. Ponencia presentada en <em>III Jornadas Archivo y Memoria. \u201cLas im\u00e1genes de la memoria\u201d<\/em>. Org. Por el Archivo Hist\u00f3rico Ferroviario de la Fundaci\u00f3n Ferrocarriles de Espa\u00f1a y el Grupo de Investigaciones Antropol\u00f3gicas sobre Patrimonio del CSIC, Madrid, 21 y 22 de febrero de 2008. Publicada en PolHis: Revista del Programa Interuniversitario de Historia Pol\u00edtica. 1\u00ba semestre de 2008. (Secci\u00f3n Publicaciones de archivo)<\/p>\n<\/li>\n<\/ul>\n<ul>\n<li style=\"text-align: justify\"><strong><a title=\"Im\u00e1genes y Trayectorias P\u00fablicas\" href=\"http:\/\/www.ffyh.unc.edu.ar\/cda\/custom_uploads\/DDHH.exe\">Im\u00e1genes y trayectorias p\u00fablicas<\/a>. Recuperando identidades y contextos de personas desaparecidas y ejecutadas en los &#8217;70 por la represi\u00f3n ilegal y el terrorismo de Estado.\u00a0<\/strong><em>Octubre, 2008 (Entorno interactivo informativo) Autoras:\u00a0<strong>Coordinaci\u00f3n<\/strong>: Silvia Romano &#8211;\u00a0<strong>Dise\u00f1o y edici\u00f3n<\/strong>: Ayelen Ferrini<\/em><\/li>\n<\/ul>\n<p>&nbsp;<\/p>\n<ul>\n<li style=\"text-align: justify\"><a title=\"Identidades en contexto. Documentos audiovisuales de archivo, C\u00f3rdoba 1966 \u2013 1980\" href=\"http:\/\/www.ffyh.unc.edu.ar\/alfilo\/anteriores\/26\/cda.html\" target=\"_blank\" rel=\"noopener noreferrer\"><strong><em><strong>Identidades en contexto. Documentos audiovisuales de archivo. C\u00f3rdoba, 1966-1980.<\/strong><\/em><\/strong>\u00a0<\/a>Video documental 55&#8242;. <em><strong>Idea y direcci\u00f3n<\/strong><\/em>: <em>Silvia Romano<\/em>, <em><strong>Codirecci\u00f3n:<\/strong><\/em> <em>Ayelen Ferrini<\/em>. C\u00f3rdoba CDA-UNC, 2008.<\/li>\n<\/ul>\n<p>&nbsp;<\/p>\n<p style=\"text-align: left\"><strong><span style=\"text-decoration: underline\">Entrevista a la Directora del proyecto, Dra. Silvia Romano, en programa Micro Cultural UNC<\/span><\/strong><\/p>\n<p><iframe loading=\"lazy\" title=\"Documental CDA\" width=\"735\" height=\"551\" src=\"https:\/\/www.youtube.com\/embed\/jErRr49gf58?start=8&#038;feature=oembed\" frameborder=\"0\" allow=\"accelerometer; autoplay; encrypted-media; gyroscope; picture-in-picture\" allowfullscreen><\/iframe><\/p>\n<p>&nbsp;<\/p>\n<p>&nbsp;<\/p>\n<p style=\"text-align: left\"><strong><span style=\"text-decoration: underline\">Documental<\/span><em><span style=\"text-decoration: underline\"> \u00abIdentidades en Contexto. Documentos audiovisuales de archivo, C\u00f3rdoba 1966-1980<\/span>\u00ab<\/em><\/strong><\/p>\n<p>&nbsp;<\/p>\n<p>https:\/\/youtu.be\/DWpV_Ahusl0<\/p>\n<p>&nbsp;<\/p>\n<p align=\"left\"><img loading=\"lazy\" decoding=\"async\" class=\"aligncenter size-full wp-image-1483\" title=\"pie 1\" src=\"http:\/\/ffyh.unc.edu.ar\/cda\/wp-content\/uploads\/sites\/6\/2011\/09\/pie-1.jpg\" alt=\"\" width=\"960\" height=\"46\" srcset=\"https:\/\/ffyh.unc.edu.ar\/cda\/wp-content\/uploads\/sites\/6\/2011\/09\/pie-1.jpg 960w, https:\/\/ffyh.unc.edu.ar\/cda\/wp-content\/uploads\/sites\/6\/2011\/09\/pie-1-300x14.jpg 300w, https:\/\/ffyh.unc.edu.ar\/cda\/wp-content\/uploads\/sites\/6\/2011\/09\/pie-1-768x37.jpg 768w, https:\/\/ffyh.unc.edu.ar\/cda\/wp-content\/uploads\/sites\/6\/2011\/09\/pie-1-430x21.jpg 430w, https:\/\/ffyh.unc.edu.ar\/cda\/wp-content\/uploads\/sites\/6\/2011\/09\/pie-1-950x46.jpg 950w\" sizes=\"auto, (max-width: 960px) 100vw, 960px\" \/><\/p>\n","protected":false},"excerpt":{"rendered":"<p>Los de FILO\u00a0&#8211; Estudiantes y egresados de la Facultad de Filosof\u00eda y Humanidades de la UNC desaparecidos y asesinados en los &#8217;70. Marzo, 2011\u00a0\u00a0(Art\u00edculo en la publicaci\u00f3n especial por la &hellip; <\/p>\n","protected":false},"author":10,"featured_media":0,"parent":14,"menu_order":0,"comment_status":"closed","ping_status":"closed","template":"page_full.php","meta":{"_acf_changed":false,"footnotes":""},"class_list":["post-1259","page","type-page","status-publish","hentry"],"acf":[],"_links":{"self":[{"href":"https:\/\/ffyh.unc.edu.ar\/cda\/wp-json\/wp\/v2\/pages\/1259","targetHints":{"allow":["GET"]}}],"collection":[{"href":"https:\/\/ffyh.unc.edu.ar\/cda\/wp-json\/wp\/v2\/pages"}],"about":[{"href":"https:\/\/ffyh.unc.edu.ar\/cda\/wp-json\/wp\/v2\/types\/page"}],"author":[{"embeddable":true,"href":"https:\/\/ffyh.unc.edu.ar\/cda\/wp-json\/wp\/v2\/users\/10"}],"replies":[{"embeddable":true,"href":"https:\/\/ffyh.unc.edu.ar\/cda\/wp-json\/wp\/v2\/comments?post=1259"}],"version-history":[{"count":1,"href":"https:\/\/ffyh.unc.edu.ar\/cda\/wp-json\/wp\/v2\/pages\/1259\/revisions"}],"predecessor-version":[{"id":3892,"href":"https:\/\/ffyh.unc.edu.ar\/cda\/wp-json\/wp\/v2\/pages\/1259\/revisions\/3892"}],"up":[{"embeddable":true,"href":"https:\/\/ffyh.unc.edu.ar\/cda\/wp-json\/wp\/v2\/pages\/14"}],"wp:attachment":[{"href":"https:\/\/ffyh.unc.edu.ar\/cda\/wp-json\/wp\/v2\/media?parent=1259"}],"curies":[{"name":"wp","href":"https:\/\/api.w.org\/{rel}","templated":true}]}}