{"id":14,"date":"2011-06-30T15:32:14","date_gmt":"2011-06-30T15:32:14","guid":{"rendered":"http:\/\/www.ffyh.unc.edu.ar\/cda\/?page_id=14"},"modified":"2019-06-13T16:09:35","modified_gmt":"2019-06-13T16:09:35","slug":"programas","status":"publish","type":"page","link":"https:\/\/ffyh.unc.edu.ar\/cda\/programas\/","title":{"rendered":"Proyectos"},"content":{"rendered":"<p style=\"text-align: justify\"><span style=\"color: #ffffff\">l<\/span><\/p>\n<p style=\"text-align: justify\">El Programa <strong>\u201cRECUPERACI\u00d3N Y AN\u00c1LISIS DEL ARCHIVO F\u00cdLMICO DOCUMENTAL CANAL 10 Y DE PATRIMONIO VISUAL Y AUDIOVISUAL DE C\u00d3RDOBA\u201d<\/strong> (investigaci\u00f3n y desarrollo), radicado en el \u00c1rea de Historia del CIFFYH y en el Centro de Conservaci\u00f3n y Documentaci\u00f3n Audiovisual (CDA) desarrolla desde 1994 actividades de preservaci\u00f3n, an\u00e1lisis, tratamiento documental y condiciones de acceso a registros audiovisuales (f\u00edlmicos, videogr\u00e1ficos, fotogr\u00e1ficos) y articula investigaciones que consultan, emplean o tienen como objeto de estudio la documentaci\u00f3n sistematizada y otros registros o aspectos de nuestro patrimonio visual y audiovisual promoviendo tanto su recuperaci\u00f3n y puesta en valor como la creaci\u00f3n y difusi\u00f3n de conocimiento sobre los mismos.<\/p>\n<p style=\"text-align: justify\">El CDA se institucionaliz\u00f3 y se reconoci\u00f3 como dependencia dela Facultad de Filosof\u00eda y Humanidades en 2002, no obstante el Programa y los proyectos que lleva a cabo siguen siendo su base de sustentaci\u00f3n.<\/p>\n<p style=\"text-align: justify\"><span style=\"color: #ffffff\">&#8211;<\/span><\/p>\n<h6 style=\"text-align: justify\">Objetivos Generales<\/h6>\n<p><strong>A<\/strong>) Identificar,\u00a0recuperar, preservar, estudiar y difundir el patrimonio visual y audiovisual de C\u00f3rdoba, llevando a cabo procesos t\u00e9cnicos, investigaciones y actividades espec\u00edficas vinculadas.<\/p>\n<p style=\"text-align: justify\"><strong>B<\/strong>) Contribuir al avance del conocimiento en campos de la historia argentina contempor\u00e1nea y la comunicaci\u00f3n con medios audiovisuales; y al desarrollo conceptual, metodol\u00f3gico y tecnol\u00f3gico en procesos de tratamiento, an\u00e1lisis, conservaci\u00f3n y documentaci\u00f3n visual y audiovisual.<\/p>\n<p style=\"text-align: justify\"><strong>D<\/strong>) Fortalecer el CDA ampliando la informaci\u00f3n disponible mediante la incorporaci\u00f3n de resultados de proyectos vinculados o subl\u00edneas de investigaci\u00f3n.<\/p>\n<p style=\"text-align: justify\"><strong>C<\/strong>) Promover y desarrollar investigaciones y producciones en distintos campos y soportes a partir de la consulta, empleo e interpretaci\u00f3n de im\u00e1genes disponibles en el Centro de Conservaci\u00f3n y Documentaci\u00f3n Audiovisual (CDA), a partir de problemas vinculados a \u00e9stas y\/o al patrimonio visual y audiovisual de C\u00f3rdoba fortaleciendo el trabajo interdisciplinario y la formaci\u00f3n de recursos humanos.<\/p>\n<p style=\"text-align: justify\"><span style=\"color: #ffffff\">&#8211;<\/span><span class=\"Apple-style-span\" style=\"font-size: 26px;font-weight: bold\">\u00a0<\/span><\/p>\n<h1 style=\"text-align: justify\">Proyectos desarrollados en el CDA<\/h1>\n<p><span style=\"color: #ffffff\">&#8211;<\/span><\/p>\n<p style=\"text-align: justify\">Los Proyectos marco derivados del Programa (plurianuales) tienen lugar de trabajo tanto en el CIFFYH como en el CDA.\u00a0En tanto el archivo objeto de preservaci\u00f3n y estudio se encuentra en el CDA, al igual que algunas subl\u00edneas de investigaci\u00f3n que tienen a sus componentes como objeto de estudio, como fuente o como base para realizaciones audiovisuales.<\/p>\n<ul style=\"text-align: justify\">\n<li>Patrimonio audiovisual, acceso a la informaci\u00f3n e historia reciente.<\/li>\n<\/ul>\n<ul style=\"text-align: justify\">\n<li>Patrimonio audiovisual, derechos humanos e historia reciente. C\u00f3rdoba, 1962-1980<\/li>\n<\/ul>\n<ul style=\"text-align: justify\">\n<li>Usos sociales de documentos audiovisuales de los 60 y 70 y la construcci\u00f3n de conocimiento sobre la historia reciente<\/li>\n<\/ul>\n<ul style=\"text-align: justify\">\n<li>Im\u00e1genes fijas digitalizadas del archivo f\u00edlmico de Canal 10<\/li>\n<\/ul>\n<ul style=\"text-align: justify\">\n<li>Preservaci\u00f3n de la filmograf\u00eda argentina: historia, pol\u00edticas, acciones, e instituciones p\u00fablicas y privadas.<\/li>\n<\/ul>\n<ul style=\"text-align: justify\">\n<li>Documentos sonoros y transformaciones tecnol\u00f3gicas en Radio Universidad, C\u00f3rdoba 1960-1980<\/li>\n<\/ul>\n<ul style=\"text-align: justify\">\n<li>Cuestiones de forma y estilo en el cine argentino entre 1995-2001.<\/li>\n<\/ul>\n<ul>\n<li>Relevamiento de acervos visuales y audiovisuales de C\u00f3rdoba<\/li>\n<\/ul>\n<ul>\n<li>\u00a0La representaci\u00f3n de la mujer en los medios (1966 -1976)<\/li>\n<\/ul>\n<div>\n<ul>\n<li>El patrimonio art\u00edstico dela Universidad Nacional de C\u00f3rdoba: los artistas y sus obras en el espacio universitario<\/li>\n<\/ul>\n<ul>\n<li style=\"text-align: justify\">Rescate, conservaci\u00f3n, digitalizaci\u00f3n, an\u00e1lisis y documentaci\u00f3n de archivo f\u00edlmico del noticiero de Canal Doce de C\u00f3rdoba, 1966-1982<\/li>\n<\/ul>\n<\/div>\n<ul>\n<li style=\"text-align: justify\">El caso Pujadas. Investigaci\u00f3n para la realizaci\u00f3n de un largometraje documental (2011)<\/li>\n<\/ul>\n<ul>\n<li style=\"text-align: justify\">Memorias de C\u00f3rdoba. Im\u00e1genes de Archivo (2010)<\/li>\n<\/ul>\n<ul>\n<li style=\"text-align: justify\">Movimiento estudiantil universitario de C\u00f3rdoba (1966\/1976)\u00a0 (2005-2008)<\/li>\n<\/ul>\n<ul>\n<li style=\"text-align: justify\">Video institucional-educativo sobre preservaci\u00f3n y conservaci\u00f3n de materiales f\u00edlmicos y fotogr\u00e1ficos (2006-2007)<\/li>\n<\/ul>\n<ul>\n<li style=\"text-align: justify\">Fotograf\u00eda, Historia y Memoria de C\u00f3rdoba, 1920\/1955 (2000\/07)<\/li>\n<\/ul>\n<ul>\n<li style=\"text-align: justify\">Relevamiento de acervos fotogr\u00e1ficos, audiovisuales y sonoros de C\u00f3rdoba (2004-2006)<\/li>\n<\/ul>\n<ul>\n<li style=\"text-align: justify\">\u00a0Condiciones de producci\u00f3n de pel\u00edculas en C\u00f3rdoba, 1960-2000 (2003-2005)<\/li>\n<\/ul>\n<ul>\n<li style=\"text-align: justify\">La industria audiovisual en C\u00f3rdoba: aspectos econ\u00f3micos y culturales de la producci\u00f3n televisiva (2002-2004)<\/li>\n<\/ul>\n<ul>\n<li style=\"text-align: justify\">Sociedad civil, guerrilla y terrorismo de estado. C\u00f3rdoba, 1974-1978. (2001\/03)<\/li>\n<\/ul>\n<ul>\n<li style=\"text-align: justify\">Relevamiento de la producci\u00f3n cinematogr\u00e1fica en la provincia de C\u00f3rdoba. 1900-2000 (2001\/03)<\/li>\n<\/ul>\n<ul>\n<li style=\"text-align: justify\">Diagn\u00f3stico de las condiciones de acceso y conservaci\u00f3n de materiales audiovisuales documentales en archivos p\u00fablicos y privados de Argentina (2000-2003 y actualizaciones)<\/li>\n<\/ul>\n<ul>\n<li style=\"text-align: justify\">\u00a0Planteamiento de reconversi\u00f3n de los SRT dela UNCen el nuevo escenario tecnol\u00f3gico. Una alternativa para el desarrollo de la industria audiovisual de C\u00f3rdoba. (2001\/02)<\/li>\n<\/ul>\n<ul>\n<li style=\"text-align: justify\">Desarrollo gremial y conflictos sindicales en C\u00f3rdoba. 1965\/76 (1999\/01)<\/li>\n<\/ul>\n<ul>\n<li style=\"text-align: justify\">Reconstrucci\u00f3n hist\u00f3rica de las condiciones de producci\u00f3n de noticias de Canal 10 dela UNC, 1962\/80 (1999\/01)<\/li>\n<\/ul>\n<ul>\n<li style=\"text-align: justify\">El retorno de Per\u00f3n y los sucesos de Ezeiza (2000\/01)<\/li>\n<\/ul>\n<ul>\n<li style=\"text-align: justify\">C\u00f3rdoba a trav\u00e9s de las noticias de Canal 10 (2000)<\/li>\n<\/ul>\n<ul>\n<li style=\"text-align: justify\">Criterios de evaluaci\u00f3n, tratamiento y explotaci\u00f3n de documentos audiovisuales en la investigaci\u00f3n hist\u00f3rica (1996\/98)<\/li>\n<\/ul>\n<ul>\n<li style=\"text-align: justify\">Movimiento obrero cordob\u00e9s de las d\u00e9cadas del 60 y 70, sus principales corrientes y protagonistas a trav\u00e9s de las noticias del Archivo f\u00edlmico Canal 10 \u00a0(1996\/98)<\/li>\n<\/ul>\n<ul>\n<li style=\"text-align: justify\">Derechos Humanos entre 1973 y la actualidad (1996\/98)<\/li>\n<\/ul>\n<p style=\"text-align: justify\">\n<p><strong><span style=\"color: #ffffff\">&#8211;<\/span><\/strong><\/p>\n<h6><strong><a title=\"Publicaciones\" href=\"http:\/\/www.ffyh.unc.edu.ar\/cda\/programas\/publicaciones\/\">Publicaciones<\/a><\/strong><\/h6>\n<p><strong><span style=\"color: #ffffff\">&#8211;<\/span><\/strong><\/p>\n<p>&nbsp;<\/p>\n","protected":false},"excerpt":{"rendered":"<p>l El Programa \u201cRECUPERACI\u00d3N Y AN\u00c1LISIS DEL ARCHIVO F\u00cdLMICO DOCUMENTAL CANAL 10 Y DE PATRIMONIO VISUAL Y AUDIOVISUAL DE C\u00d3RDOBA\u201d (investigaci\u00f3n y desarrollo), radicado en el \u00c1rea de Historia del &hellip; <\/p>\n","protected":false},"author":10,"featured_media":0,"parent":0,"menu_order":5,"comment_status":"closed","ping_status":"closed","template":"page_full.php","meta":{"_acf_changed":false,"saved_in_kubio":false,"footnotes":""},"class_list":["post-14","page","type-page","status-publish","hentry"],"acf":[],"kubio_ai_page_context":{"short_desc":"","purpose":"general"},"_links":{"self":[{"href":"https:\/\/ffyh.unc.edu.ar\/cda\/wp-json\/wp\/v2\/pages\/14","targetHints":{"allow":["GET"]}}],"collection":[{"href":"https:\/\/ffyh.unc.edu.ar\/cda\/wp-json\/wp\/v2\/pages"}],"about":[{"href":"https:\/\/ffyh.unc.edu.ar\/cda\/wp-json\/wp\/v2\/types\/page"}],"author":[{"embeddable":true,"href":"https:\/\/ffyh.unc.edu.ar\/cda\/wp-json\/wp\/v2\/users\/10"}],"replies":[{"embeddable":true,"href":"https:\/\/ffyh.unc.edu.ar\/cda\/wp-json\/wp\/v2\/comments?post=14"}],"version-history":[{"count":2,"href":"https:\/\/ffyh.unc.edu.ar\/cda\/wp-json\/wp\/v2\/pages\/14\/revisions"}],"predecessor-version":[{"id":3891,"href":"https:\/\/ffyh.unc.edu.ar\/cda\/wp-json\/wp\/v2\/pages\/14\/revisions\/3891"}],"wp:attachment":[{"href":"https:\/\/ffyh.unc.edu.ar\/cda\/wp-json\/wp\/v2\/media?parent=14"}],"curies":[{"name":"wp","href":"https:\/\/api.w.org\/{rel}","templated":true}]}}