{"id":21,"date":"2011-06-30T15:50:41","date_gmt":"2011-06-30T15:50:41","guid":{"rendered":"http:\/\/www.ffyh.unc.edu.ar\/cda\/?page_id=21"},"modified":"2011-06-30T15:50:41","modified_gmt":"2011-06-30T15:50:41","slug":"canal-10","status":"publish","type":"page","link":"https:\/\/ffyh.unc.edu.ar\/cda\/archivos\/canal-10\/","title":{"rendered":"Archivo F\u00edlmico Canal 10"},"content":{"rendered":"<h1>Archivo f\u00edlmico Canal 10<\/h1>\n<p style=\"text-align: center\"><span style=\"color: #ffffff\">o<\/span><\/p>\n<p style=\"text-align: center\"><img loading=\"lazy\" decoding=\"async\" class=\"aligncenter size-full wp-image-1332\" title=\"archivo de canal 10c\" alt=\"\" src=\"http:\/\/ffyh.unc.edu.ar\/cda\/wp-content\/uploads\/sites\/6\/2011\/06\/archivo-de-canal-10c.jpg\" width=\"352\" height=\"112\" srcset=\"https:\/\/ffyh.unc.edu.ar\/cda\/wp-content\/uploads\/sites\/6\/2011\/06\/archivo-de-canal-10c.jpg 440w, https:\/\/ffyh.unc.edu.ar\/cda\/wp-content\/uploads\/sites\/6\/2011\/06\/archivo-de-canal-10c-300x95.jpg 300w, https:\/\/ffyh.unc.edu.ar\/cda\/wp-content\/uploads\/sites\/6\/2011\/06\/archivo-de-canal-10c-430x137.jpg 430w\" sizes=\"(max-width: 352px) 100vw, 352px\" \/><\/p>\n<p style=\"text-align: justify\">El acervo del Archivo F\u00edlmico Canal 10 se conform\u00f3 a partir de 1962 con la creaci\u00f3n de LV80 Canal 10 constituyendo, junto con LW1-Radio Universidad, los Servicios de Radio y Televisi\u00f3n dela Universidad Nacionalde C\u00f3rdoba (SRT).<\/p>\n<p style=\"text-align: justify\">El material f\u00edlmico del archivo del noticiero del per\u00edodo 1962-1980 contiene registros noticiosos producidos en el \u00e1mbito provincial por el Servicio Informativo (SI) de Canal 10 y otros del \u00e1mbito nacional (Canal 7 y Canal 9) e internacional (UPI, DPA, ETES) recibidos por el Canal\u00a0 mediante contratos o convenios para la realizaci\u00f3n de sus programas de noticias. En el a\u00f1o 1968 se instaur\u00f3 a \u201cCr\u00f3nica 10\u201dcomo el nombre del programa de noticias que perdurar\u00eda en el tiempo. Adem\u00e1s, a partir de 1972 el SI de Canal 10 mantuvo una Corresponsal\u00eda en Buenos Aires, generando con ello un importante volumen de registros informativos.<\/p>\n<p style=\"text-align: justify\">Conjuntamente al material noticioso, el acervo se conform\u00f3 con notas realizadas para otros programas locales, como \u00abC\u00e1tedra Universitaria\u00bb, \u00abPanorama Universitario\u00bb, \u00abLa pol\u00edtica \u2013 Los hombres\u00bb, \u00abMenci\u00f3n cultural\u00bb, \u00abRevista Cultural\u00bb, \u00abTeorema\u00bb, \u00abFabulario\u00bb, \u00abCaminos y caminantes\u00bb, \u00abGrandes temas nacionales\u00bb; y con otro grupo de materiales f\u00edlmicos incorporados, provenientes de documentales y programas proporcionados por el consulado de Francia, como \u201cCr\u00f3nicas de Francia\u201d, \u201cFrancia en el Mundo\u201d, \u201cPanorama de Francia\u201d, \u201cIm\u00e1genes de Francia\u201d, \u201cConocimiento de Francia\u201d y \u201cPara usted Se\u00f1ora\u201d.<\/p>\n<p style=\"text-align: justify\">A partir del primer convenio establecido en 1994 entre los SRT y la Facultad de Filosof\u00eda y Humanidades (FFyH), la Escuelade Artes, el Dpto de Cine y TV y c\u00e1tedras de ese Departamento se dispuso el traslado del Archivo f\u00edlmico al \u00e1mbito de la Facultad, conjuntamente con el equipo de Telecine y el mobiliario de archivo a los fines de la custodia, preservaci\u00f3n y recuperaci\u00f3n del acervo. A partir de entonces se fueron generando medios de acceso a la documentaci\u00f3n a trav\u00e9s de otros soportes y bases de datos. En 1999 la FFyH asign\u00f3 un espacio espec\u00edfico para la custodia, conservaci\u00f3n y preservaci\u00f3n del acervo, as\u00ed como para la difusi\u00f3n y el acceso p\u00fablico a los registros audiovisuales.<\/p>\n<p style=\"text-align: justify\">Luego del traslado del archivo al \u00e1mbito del CDA (1994), el inventario y la catalogaci\u00f3n realizada estableci\u00f3 la existencia de 70.000 rollos de pel\u00edcula, as\u00ed como los registros faltantes.<\/p>\n<p style=\"text-align: justify\"><a href=\"http:\/\/ffyh.unc.edu.ar\/cda\/wp-content\/uploads\/sites\/6\/2011\/06\/Pie-Pel\u00edcula.jpg\"><img loading=\"lazy\" decoding=\"async\" class=\"alignright size-full wp-image-1297\" title=\"Pie Pel\u00edcula\" alt=\"\" src=\"http:\/\/ffyh.unc.edu.ar\/cda\/wp-content\/uploads\/sites\/6\/2011\/06\/Pie-Pel\u00edcula.jpg\" width=\"960\" height=\"46\" srcset=\"https:\/\/ffyh.unc.edu.ar\/cda\/wp-content\/uploads\/sites\/6\/2011\/06\/Pie-Pel\u00edcula.jpg 960w, https:\/\/ffyh.unc.edu.ar\/cda\/wp-content\/uploads\/sites\/6\/2011\/06\/Pie-Pel\u00edcula-300x14.jpg 300w, https:\/\/ffyh.unc.edu.ar\/cda\/wp-content\/uploads\/sites\/6\/2011\/06\/Pie-Pel\u00edcula-768x37.jpg 768w, https:\/\/ffyh.unc.edu.ar\/cda\/wp-content\/uploads\/sites\/6\/2011\/06\/Pie-Pel\u00edcula-430x21.jpg 430w, https:\/\/ffyh.unc.edu.ar\/cda\/wp-content\/uploads\/sites\/6\/2011\/06\/Pie-Pel\u00edcula-950x46.jpg 950w\" sizes=\"(max-width: 960px) 100vw, 960px\" \/><\/a><\/p>\n","protected":false},"excerpt":{"rendered":"<p>Archivo f\u00edlmico Canal 10 o El acervo del Archivo F\u00edlmico Canal 10 se conform\u00f3 a partir de 1962 con la creaci\u00f3n de LV80 Canal 10 constituyendo, junto con LW1-Radio Universidad, &hellip; <\/p>\n","protected":false},"author":10,"featured_media":1332,"parent":18,"menu_order":0,"comment_status":"closed","ping_status":"closed","template":"page_full.php","meta":{"_acf_changed":false,"saved_in_kubio":false,"footnotes":""},"class_list":["post-21","page","type-page","status-publish","has-post-thumbnail","hentry"],"acf":[],"kubio_ai_page_context":{"short_desc":"","purpose":"general"},"_links":{"self":[{"href":"https:\/\/ffyh.unc.edu.ar\/cda\/wp-json\/wp\/v2\/pages\/21","targetHints":{"allow":["GET"]}}],"collection":[{"href":"https:\/\/ffyh.unc.edu.ar\/cda\/wp-json\/wp\/v2\/pages"}],"about":[{"href":"https:\/\/ffyh.unc.edu.ar\/cda\/wp-json\/wp\/v2\/types\/page"}],"author":[{"embeddable":true,"href":"https:\/\/ffyh.unc.edu.ar\/cda\/wp-json\/wp\/v2\/users\/10"}],"replies":[{"embeddable":true,"href":"https:\/\/ffyh.unc.edu.ar\/cda\/wp-json\/wp\/v2\/comments?post=21"}],"version-history":[{"count":0,"href":"https:\/\/ffyh.unc.edu.ar\/cda\/wp-json\/wp\/v2\/pages\/21\/revisions"}],"up":[{"embeddable":true,"href":"https:\/\/ffyh.unc.edu.ar\/cda\/wp-json\/wp\/v2\/pages\/18"}],"wp:featuredmedia":[{"embeddable":true,"href":"https:\/\/ffyh.unc.edu.ar\/cda\/wp-json\/wp\/v2\/media\/1332"}],"wp:attachment":[{"href":"https:\/\/ffyh.unc.edu.ar\/cda\/wp-json\/wp\/v2\/media?parent=21"}],"curies":[{"name":"wp","href":"https:\/\/api.w.org\/{rel}","templated":true}]}}