{"id":2800,"date":"2014-06-02T14:32:05","date_gmt":"2014-06-02T14:32:05","guid":{"rendered":"http:\/\/www.ffyh.unc.edu.ar\/cda\/?page_id=2800"},"modified":"2014-06-02T14:32:05","modified_gmt":"2014-06-02T14:32:05","slug":"premios","status":"publish","type":"page","link":"https:\/\/ffyh.unc.edu.ar\/cda\/institucional\/premios\/","title":{"rendered":"Premios"},"content":{"rendered":"<p>&nbsp;<\/p>\n<p><span style=\"text-decoration: underline;color: #000000\"><b>Premio Concurso Nacional de Cortometrajes Documentales<\/b><\/span><\/p>\n<p style=\"text-align: justify\">Ganador del 2\u00b0 premio por el documental\u00a0<i>\u201cIdentidades de contexto. Documentos audiovisuales de archivo, C\u00f3rdoba 1966-1980\u201d<\/i>. Seleccionado entre 80 documentales presentados en el concurso; organizado por la Secretar\u00eda de Pol\u00edticas Universitarias dependiente del Ministerio de Educaci\u00f3n de la Naci\u00f3n. 05\/08\/2010.<\/p>\n<p><a href=\"http:\/\/ffyh.unc.edu.ar\/cda\/wp-content\/uploads\/sites\/6\/2014\/06\/concurso-nacional-documenta-e1401740958467.jpg\"><img loading=\"lazy\" decoding=\"async\" class=\"aligncenter\" alt=\"Concurso nacional documentales\" src=\"http:\/\/ffyh.unc.edu.ar\/cda\/wp-content\/uploads\/sites\/6\/2014\/06\/concurso-nacional-documenta-e1401740958467.jpg\" width=\"400\" height=\"276\" \/><\/a><\/p>\n<p><span style=\"text-decoration: underline\"><strong>M\u00e1s informaci\u00f3n<\/strong><\/span><\/p>\n<p>&#8211; \u00a0\u00a0<a title=\"Concurso Nacional de Cortometrajes Documentales\" href=\"http:\/\/portales.educacion.gov.ar\/spu\/promocion-de-la-universidad-argentina\/convocatorias-cerradas\/concurso-nacional-de-cortometrajes-documentales\/\" target=\"_blank\">Concurso Nacional de Cortometrajes Documentales &#8211;\u00a0Secretar\u00eda de Pol\u00edticas Universitarias\u00a0<\/a><\/p>\n<p>&#8211; \u00a0\u00a0<a title=\"Premian cortometraje del Centro de Documentaci\u00f3n Audiovisual\" href=\"http:\/\/www.unc.edu.ar\/seccion\/novedades\/2010\/agosto\/premian-cortometraje-del-centro-de-documentacion-audiovisual\" target=\"_blank\">Premian cortometraje del Centro de Documentaci\u00f3n Audiovisual<\/a><\/p>\n<p>&#8211; \u00a0\u00a0<a title=\"Entregan premio al Centro de Documentaci\u00f3n Audiovisual\" href=\"http:\/\/www.unc.edu.ar\/seccion\/novedades\/2010\/diciembre\/entregan-premio-al-centro-de-documentacion-audiovisual\" target=\"_blank\">Entregan premio al Centro de Documentaci\u00f3n Audiovisual<\/a><\/p>\n<p>&nbsp;<\/p>\n<p>&nbsp;<\/p>\n<p><span style=\"text-decoration: underline;color: #000000\"><strong>Premio a la Preservaci\u00f3n \u00abOctavio Fabiano\u00bb<\/strong><\/span><\/p>\n<p style=\"text-align: justify\">Por su constante labor en favor de la preservaci\u00f3n del patrimonio cinematogr\u00e1fico argentino. O<span style=\"line-height: 1.5em\">torgado por el Museo del Cine \u00abPablo C. Ducr\u00f3s Hicken\u00bb,\u00a0<\/span>dependiente de la\u00a0<span style=\"line-height: 1.5em\">Direcci\u00f3n General de Museos,\u00a0<\/span><span style=\"line-height: 1.5em\">Subsecretar\u00eda de Patrimonio Cultural,<\/span><span style=\"line-height: 1.5em\">\u00a0<\/span><span style=\"line-height: 1.5em\">Ministerio de Cultura\u00a0<\/span>del \u00a0del Gobierno de la Ciudad Aut\u00f3noma de Buenos Aires.<span style=\"line-height: 1.5em\">\u00a0<\/span><span style=\"line-height: 1.5em\">10 de agosto de 2009.\u00a0<\/span><\/p>\n<p>&nbsp;<\/p>\n<p>http:\/\/youtu.be\/mIVrk0kWtgw<\/p>\n<p>&nbsp;<\/p>\n<p>&nbsp;<\/p>\n<p>&nbsp;<\/p>\n<p>&nbsp;<\/p>\n<p>&nbsp;<\/p>\n<p>&nbsp;<\/p>\n","protected":false},"excerpt":{"rendered":"<p>&nbsp; Premio Concurso Nacional de Cortometrajes Documentales Ganador del 2\u00b0 premio por el documental\u00a0\u201cIdentidades de contexto. Documentos audiovisuales de archivo, C\u00f3rdoba 1966-1980\u201d. Seleccionado entre 80 documentales presentados en el concurso; &hellip; <\/p>\n","protected":false},"author":10,"featured_media":0,"parent":10,"menu_order":0,"comment_status":"open","ping_status":"open","template":"page_full.php","meta":{"_acf_changed":false,"saved_in_kubio":false,"footnotes":""},"class_list":["post-2800","page","type-page","status-publish","hentry"],"acf":[],"kubio_ai_page_context":{"short_desc":"","purpose":"general"},"_links":{"self":[{"href":"https:\/\/ffyh.unc.edu.ar\/cda\/wp-json\/wp\/v2\/pages\/2800","targetHints":{"allow":["GET"]}}],"collection":[{"href":"https:\/\/ffyh.unc.edu.ar\/cda\/wp-json\/wp\/v2\/pages"}],"about":[{"href":"https:\/\/ffyh.unc.edu.ar\/cda\/wp-json\/wp\/v2\/types\/page"}],"author":[{"embeddable":true,"href":"https:\/\/ffyh.unc.edu.ar\/cda\/wp-json\/wp\/v2\/users\/10"}],"replies":[{"embeddable":true,"href":"https:\/\/ffyh.unc.edu.ar\/cda\/wp-json\/wp\/v2\/comments?post=2800"}],"version-history":[{"count":0,"href":"https:\/\/ffyh.unc.edu.ar\/cda\/wp-json\/wp\/v2\/pages\/2800\/revisions"}],"up":[{"embeddable":true,"href":"https:\/\/ffyh.unc.edu.ar\/cda\/wp-json\/wp\/v2\/pages\/10"}],"wp:attachment":[{"href":"https:\/\/ffyh.unc.edu.ar\/cda\/wp-json\/wp\/v2\/media?parent=2800"}],"curies":[{"name":"wp","href":"https:\/\/api.w.org\/{rel}","templated":true}]}}