{"id":32,"date":"2011-06-30T15:57:32","date_gmt":"2011-06-30T15:57:32","guid":{"rendered":"http:\/\/www.ffyh.unc.edu.ar\/cda\/?page_id=32"},"modified":"2019-06-13T15:50:51","modified_gmt":"2019-06-13T15:50:51","slug":"elcda","status":"publish","type":"page","link":"https:\/\/ffyh.unc.edu.ar\/cda\/institucional\/elcda\/","title":{"rendered":"El CDA"},"content":{"rendered":"<h1 style=\"text-align: left\">Centro de Conservaci\u00f3n y Documentaci\u00f3n Audiovisual<span style=\"color: #ffffff\">o<\/span><\/h1>\n<p style=\"text-align: center\"><span style=\"color: #ffffff\">n<img loading=\"lazy\" decoding=\"async\" class=\"aligncenter size-full wp-image-1450\" title=\"el CDA 3\" src=\"http:\/\/ffyh.unc.edu.ar\/cda\/wp-content\/uploads\/sites\/6\/2011\/09\/el-CDA-3.jpg\" alt=\"\" width=\"576\" height=\"84\" srcset=\"https:\/\/ffyh.unc.edu.ar\/cda\/wp-content\/uploads\/sites\/6\/2011\/09\/el-CDA-3.jpg 960w, https:\/\/ffyh.unc.edu.ar\/cda\/wp-content\/uploads\/sites\/6\/2011\/09\/el-CDA-3-300x44.jpg 300w, https:\/\/ffyh.unc.edu.ar\/cda\/wp-content\/uploads\/sites\/6\/2011\/09\/el-CDA-3-768x112.jpg 768w, https:\/\/ffyh.unc.edu.ar\/cda\/wp-content\/uploads\/sites\/6\/2011\/09\/el-CDA-3-430x63.jpg 430w, https:\/\/ffyh.unc.edu.ar\/cda\/wp-content\/uploads\/sites\/6\/2011\/09\/el-CDA-3-950x140.jpg 950w\" sizes=\"(max-width: 576px) 100vw, 576px\" \/><\/span><\/p>\n<p style=\"text-align: justify\">El Centro de Conservaci\u00f3n y Documentaci\u00f3n Audiovisual (CDA) rescata, preserva, investiga, custodia y difunde material documental, f\u00edllmico y fotogr\u00e1fico, producidos durante el siglo XX. Dispone de distintos acervos fotogr\u00e1ficos y miles de noticias sobre la realidad de C\u00f3rdoba, el pa\u00eds y el mundo que se encuentran sistematizados y accesibles a la consulta p\u00fablica.<\/p>\n<p style=\"text-align: justify\">El Centro adem\u00e1s recibe donaciones de materiales vinculados con sus actividades y presta servicios a terceros para la recuperaci\u00f3n de pel\u00edculas y fotos. Toda la documentaci\u00f3n procesada est\u00e1 disponible a la consulta p\u00fablica y a su eventual copia regulada por reglamento.<\/p>\n<p style=\"text-align: justify\">El CDA funciona en la Universidad Nacional de C\u00f3rdoba (UNC) desde 1994, y en la actualidad depende de la Facultad de Filosof\u00eda y Humanidades y de la Facultad de Artes.<\/p>\n<p style=\"text-align: justify\">Tambi\u00e9n brinda lugar de trabajo para la realizaci\u00f3n de otros proyectos y espacio de formaci\u00f3n para alumnos, egresados y otros miembros de la comunidad universitaria. Igualmente organiza seminarios, talleres y visitas informativas.<\/p>\n<p style=\"text-align: justify\">Video Institucional \u00ab20 a\u00f1os\u00bb<\/p>\n<p style=\"text-align: justify\"><a href=\"https:\/\/youtu.be\/J3Y5EbMSr9M\">https:\/\/youtu.be\/J3Y5EbMSr9M<\/a><\/p>\n<p style=\"text-align: justify\"><span style=\"color: #ffffff\">o<\/span><\/p>\n<p style=\"text-align: justify\"><a href=\"http:\/\/ffyh.unc.edu.ar\/cda\/wp-content\/uploads\/sites\/6\/2011\/09\/Pie-Pel\u00edcula2.jpg\"><img loading=\"lazy\" decoding=\"async\" class=\"aligncenter size-full wp-image-1455\" title=\"Pie Pel\u00edcula\" src=\"http:\/\/ffyh.unc.edu.ar\/cda\/wp-content\/uploads\/sites\/6\/2011\/09\/Pie-Pel\u00edcula2.jpg\" alt=\"\" width=\"960\" height=\"46\" srcset=\"https:\/\/ffyh.unc.edu.ar\/cda\/wp-content\/uploads\/sites\/6\/2011\/09\/Pie-Pel\u00edcula2.jpg 960w, https:\/\/ffyh.unc.edu.ar\/cda\/wp-content\/uploads\/sites\/6\/2011\/09\/Pie-Pel\u00edcula2-300x14.jpg 300w, https:\/\/ffyh.unc.edu.ar\/cda\/wp-content\/uploads\/sites\/6\/2011\/09\/Pie-Pel\u00edcula2-768x37.jpg 768w, https:\/\/ffyh.unc.edu.ar\/cda\/wp-content\/uploads\/sites\/6\/2011\/09\/Pie-Pel\u00edcula2-430x21.jpg 430w, https:\/\/ffyh.unc.edu.ar\/cda\/wp-content\/uploads\/sites\/6\/2011\/09\/Pie-Pel\u00edcula2-950x46.jpg 950w\" sizes=\"(max-width: 960px) 100vw, 960px\" \/><\/a><\/p>\n","protected":false},"excerpt":{"rendered":"<p>Centro de Conservaci\u00f3n y Documentaci\u00f3n Audiovisualo n El Centro de Conservaci\u00f3n y Documentaci\u00f3n Audiovisual (CDA) rescata, preserva, investiga, custodia y difunde material documental, f\u00edllmico y fotogr\u00e1fico, producidos durante el siglo &hellip; <\/p>\n","protected":false},"author":10,"featured_media":0,"parent":10,"menu_order":0,"comment_status":"closed","ping_status":"closed","template":"page_full.php","meta":{"_acf_changed":false,"saved_in_kubio":false,"footnotes":""},"class_list":["post-32","page","type-page","status-publish","hentry"],"acf":[],"kubio_ai_page_context":{"short_desc":"","purpose":"general"},"_links":{"self":[{"href":"https:\/\/ffyh.unc.edu.ar\/cda\/wp-json\/wp\/v2\/pages\/32","targetHints":{"allow":["GET"]}}],"collection":[{"href":"https:\/\/ffyh.unc.edu.ar\/cda\/wp-json\/wp\/v2\/pages"}],"about":[{"href":"https:\/\/ffyh.unc.edu.ar\/cda\/wp-json\/wp\/v2\/types\/page"}],"author":[{"embeddable":true,"href":"https:\/\/ffyh.unc.edu.ar\/cda\/wp-json\/wp\/v2\/users\/10"}],"replies":[{"embeddable":true,"href":"https:\/\/ffyh.unc.edu.ar\/cda\/wp-json\/wp\/v2\/comments?post=32"}],"version-history":[{"count":2,"href":"https:\/\/ffyh.unc.edu.ar\/cda\/wp-json\/wp\/v2\/pages\/32\/revisions"}],"predecessor-version":[{"id":3881,"href":"https:\/\/ffyh.unc.edu.ar\/cda\/wp-json\/wp\/v2\/pages\/32\/revisions\/3881"}],"up":[{"embeddable":true,"href":"https:\/\/ffyh.unc.edu.ar\/cda\/wp-json\/wp\/v2\/pages\/10"}],"wp:attachment":[{"href":"https:\/\/ffyh.unc.edu.ar\/cda\/wp-json\/wp\/v2\/media?parent=32"}],"curies":[{"name":"wp","href":"https:\/\/api.w.org\/{rel}","templated":true}]}}